
{"id":58883,"date":"2023-10-29T14:15:26","date_gmt":"2023-10-29T14:15:26","guid":{"rendered":"https:\/\/azurefilm.com\/product\/preciz-csipesz\/"},"modified":"2023-10-29T14:15:26","modified_gmt":"2023-10-29T14:15:26","slug":"preciz-csipesz","status":"publish","type":"product","link":"https:\/\/azurefilm.com\/hu\/termek\/preciz-csipesz\/","title":{"rendered":"Prec\u00edz csipesz"},"content":{"rendered":"<p>Prec\u00edz csipesz er\u0151s, tart\u00f3s \u00e9s sokoldal\u00faan felhaszn\u00e1lhat\u00f3, n\u00e9lk\u00fcl\u00f6zhetetlen minden 3D nyomtat\u00e1si tiszt\u00edt\u00f3 tartoz\u00e9kk\u00e9szletben. T\u00f6k\u00e9letes kezd\u0151k, szak\u00e9rt\u0151k sz\u00e1m\u00e1ra vagy praktikus aj\u00e1nd\u00e9kk\u00e9nt b\u00e1rkinek, akinek 3D nyomtat\u00f3ja van. <\/p>\n<ul>\n<li><strong>Takar\u00edt\u00e1si eszk\u00f6z:<\/strong> A sokoldal\u00fa csipesz hozz\u00e1ad\u00e1sa a 3D nyomtat\u00e1si tartoz\u00e9kk\u00e9szlethez a hordoz\u00f3anyag hat\u00e9kony elt\u00e1vol\u00edt\u00e1s\u00e1hoz, tiszt\u00e1bb nyomatok k\u00e9sz\u00edt\u00e9s\u00e9hez.<\/li>\n<li><strong>F\u00fav\u00f3ka tiszt\u00edt\u00e1sa:<\/strong> A nyomtat\u00f3 f\u00fav\u00f3k\u00e1j\u00e1nak tiszt\u00edt\u00e1sa \u00e9s a forr\u00f3, sziv\u00e1rg\u00f3 sz\u00e1l elt\u00e1vol\u00edt\u00e1sa sor\u00e1n megakad\u00e1lyozza az ujjak meg\u00e9g\u00e9s\u00e9t.<\/li>\n<li><strong>Rozsdamentes ac\u00e9l:<\/strong> A k\u00e9nyelmes fog\u00e1s \u00e9rdek\u00e9ben er\u0151s, kiv\u00e1l\u00f3 min\u0151s\u00e9g\u0171, bevonatos rozsdamentes ac\u00e9lb\u00f3l k\u00e9sz\u00fclnek.<\/li>\n<li><strong>Precizit\u00e1s \u00e9s pontoss\u00e1g:<\/strong> A nyomtat\u00f3szersz\u00e1m finom ac\u00e9l hegy\u0171 hegyei seg\u00edtenek a nehezen hozz\u00e1f\u00e9rhet\u0151 helyeken a hordoz\u00f3anyag al\u00e1 jutni, felemelni \u00e9s elt\u00e1vol\u00edtani.<\/li>\n<\/ul>\n","protected":false},"excerpt":{"rendered":"<p>Prec\u00edz csipesz er\u0151s, tart\u00f3s \u00e9s sokoldal\u00faan felhaszn\u00e1lhat\u00f3, n\u00e9lk\u00fcl\u00f6zhetetlen minden 3D nyomtat\u00e1si tiszt\u00edt\u00f3 tartoz\u00e9kk\u00e9szletben. T\u00f6k\u00e9letes kezd\u0151k, szak\u00e9rt\u0151k sz\u00e1m\u00e1ra vagy praktikus aj\u00e1nd\u00e9kk\u00e9nt b\u00e1rkinek, akinek 3D nyomtat\u00f3ja van. <\/p>\n","protected":false},"featured_media":58889,"comment_status":"closed","ping_status":"closed","template":"","meta":{"_acf_changed":false},"product_brand":[],"product_cat":[1679,2224,2221,2237],"product_tag":[],"brand":[],"class_list":{"0":"post-58883","1":"product","2":"type-product","3":"status-publish","4":"has-post-thumbnail","6":"product_cat-elado","7":"product_cat-minden-potalkatresz","8":"product_cat-potalkatreszek","9":"product_cat-szerszerek","11":"first","12":"instock","13":"sale","14":"taxable","15":"shipping-taxable","16":"purchasable","17":"product-type-simple"},"acf":[],"_links":{"self":[{"href":"https:\/\/azurefilm.com\/hu\/wp-json\/wp\/v2\/product\/58883","targetHints":{"allow":["GET"]}}],"collection":[{"href":"https:\/\/azurefilm.com\/hu\/wp-json\/wp\/v2\/product"}],"about":[{"href":"https:\/\/azurefilm.com\/hu\/wp-json\/wp\/v2\/types\/product"}],"replies":[{"embeddable":true,"href":"https:\/\/azurefilm.com\/hu\/wp-json\/wp\/v2\/comments?post=58883"}],"wp:featuredmedia":[{"embeddable":true,"href":"https:\/\/azurefilm.com\/hu\/wp-json\/wp\/v2\/media\/58889"}],"wp:attachment":[{"href":"https:\/\/azurefilm.com\/hu\/wp-json\/wp\/v2\/media?parent=58883"}],"wp:term":[{"taxonomy":"product_brand","embeddable":true,"href":"https:\/\/azurefilm.com\/hu\/wp-json\/wp\/v2\/product_brand?post=58883"},{"taxonomy":"product_cat","embeddable":true,"href":"https:\/\/azurefilm.com\/hu\/wp-json\/wp\/v2\/product_cat?post=58883"},{"taxonomy":"product_tag","embeddable":true,"href":"https:\/\/azurefilm.com\/hu\/wp-json\/wp\/v2\/product_tag?post=58883"},{"taxonomy":"brand","embeddable":true,"href":"https:\/\/azurefilm.com\/hu\/wp-json\/wp\/v2\/brand?post=58883"}],"curies":[{"name":"wp","href":"https:\/\/api.w.org\/{rel}","templated":true}]}}