
{"id":58890,"date":"2023-10-29T14:15:26","date_gmt":"2023-10-29T14:15:26","guid":{"rendered":"https:\/\/azurefilm.com\/product\/aluminium-deli-hasznalati-kes-30-os-szogben\/"},"modified":"2023-10-29T14:15:26","modified_gmt":"2023-10-29T14:15:26","slug":"aluminium-deli-hasznalati-kes-30-os-szogben","status":"publish","type":"product","link":"https:\/\/azurefilm.com\/hu\/termek\/aluminium-deli-hasznalati-kes-30-os-szogben\/","title":{"rendered":"Alum\u00ednium Deli haszn\u00e1lati k\u00e9s (30\u00b0-os sz\u00f6gben)"},"content":{"rendered":"<h2>Az alum\u00ednium haszn\u00e1lati k\u00e9s jellemz\u0151i (30\u00b0-os sz\u00f6g)<\/h2>\n<ul>\n<li style=\"list-style-type: none;\">\n<ul>\n<li>Az alum\u00ednium test nagy teherb\u00edr\u00e1s\u00fa \u00e9s rozsdamentes.<\/li>\n<li>K\u00f6nny\u0171, szersz\u00e1m n\u00e9lk\u00fcli pengecsere a kiv\u00e1l\u00f3 min\u0151s\u00e9g\u0171 pattinthat\u00f3 peng\u00e9kkel.<\/li>\n<li>Keskeny test a man\u0151verezhet\u0151s\u00e9g \u00e9s a t\u00e1rol\u00e1s \u00e9rdek\u00e9ben.<\/li>\n<li>Be\u00e9p\u00edtett pengepattint\u00f3 a penge egyszer\u0171 bepattint\u00e1s\u00e1hoz.<\/li>\n<li>Automatikus pengez\u00e1rral, be\u00e9p\u00edtett zsebcsipesszel\/pengekapoccsal \u00e9s rozsdamentes ac\u00e9l peng\u00e9vel rendelkezik.<\/li>\n<li>Maxim\u00e1lis v\u00e1g\u00e1si teljes\u00edtm\u00e9nyre tervezt\u00e9k, \u00e9s ide\u00e1lis olyan alkalmaz\u00e1sokhoz, ahol kiv\u00e1l\u00f3 \u00e9less\u00e9gre van sz\u00fcks\u00e9g.<\/li>\n<\/ul>\n<\/li>\n<\/ul>\n","protected":false},"excerpt":{"rendered":"<p>Maxim\u00e1lis v\u00e1g\u00e1si teljes\u00edtm\u00e9nyre tervezt\u00e9k, \u00e9s ide\u00e1lis olyan alkalmaz\u00e1sokhoz, ahol kiv\u00e1l\u00f3 \u00e9less\u00e9gre van sz\u00fcks\u00e9g.<\/p>\n","protected":false},"featured_media":58891,"comment_status":"closed","ping_status":"closed","template":"","meta":{"_acf_changed":false},"product_brand":[],"product_cat":[1679,2224,2221,2237,2395],"product_tag":[],"brand":[],"class_list":{"0":"post-58890","1":"product","2":"type-product","3":"status-publish","4":"has-post-thumbnail","6":"product_cat-elado","7":"product_cat-minden-potalkatresz","8":"product_cat-potalkatreszek","9":"product_cat-szerszerek","10":"product_cat-utofeldolgozas","12":"first","13":"instock","14":"sale","15":"taxable","16":"shipping-taxable","17":"purchasable","18":"product-type-simple"},"acf":[],"_links":{"self":[{"href":"https:\/\/azurefilm.com\/hu\/wp-json\/wp\/v2\/product\/58890","targetHints":{"allow":["GET"]}}],"collection":[{"href":"https:\/\/azurefilm.com\/hu\/wp-json\/wp\/v2\/product"}],"about":[{"href":"https:\/\/azurefilm.com\/hu\/wp-json\/wp\/v2\/types\/product"}],"replies":[{"embeddable":true,"href":"https:\/\/azurefilm.com\/hu\/wp-json\/wp\/v2\/comments?post=58890"}],"wp:featuredmedia":[{"embeddable":true,"href":"https:\/\/azurefilm.com\/hu\/wp-json\/wp\/v2\/media\/58891"}],"wp:attachment":[{"href":"https:\/\/azurefilm.com\/hu\/wp-json\/wp\/v2\/media?parent=58890"}],"wp:term":[{"taxonomy":"product_brand","embeddable":true,"href":"https:\/\/azurefilm.com\/hu\/wp-json\/wp\/v2\/product_brand?post=58890"},{"taxonomy":"product_cat","embeddable":true,"href":"https:\/\/azurefilm.com\/hu\/wp-json\/wp\/v2\/product_cat?post=58890"},{"taxonomy":"product_tag","embeddable":true,"href":"https:\/\/azurefilm.com\/hu\/wp-json\/wp\/v2\/product_tag?post=58890"},{"taxonomy":"brand","embeddable":true,"href":"https:\/\/azurefilm.com\/hu\/wp-json\/wp\/v2\/brand?post=58890"}],"curies":[{"name":"wp","href":"https:\/\/api.w.org\/{rel}","templated":true}]}}