
{"id":58895,"date":"2023-10-29T14:15:26","date_gmt":"2023-10-29T14:15:26","guid":{"rendered":"https:\/\/azurefilm.com\/product\/30-os-penge-aluminiumhoz\/"},"modified":"2023-10-29T14:15:26","modified_gmt":"2023-10-29T14:15:26","slug":"30-os-penge-aluminiumhoz","status":"publish","type":"product","link":"https:\/\/azurefilm.com\/hu\/termek\/30-os-penge-aluminiumhoz\/","title":{"rendered":"30\u00b0-os penge alum\u00edniumhoz"},"content":{"rendered":"<h2>Jellemz\u0151k:<\/h2>\n<ul>\n<li>A 30\u00b0-os penge alum\u00edniumhoz ide\u00e1lis v\u00e1laszt\u00e1s, ha kiv\u00e1l\u00f3 \u00e9less\u00e9get szeretne el\u00e9rni a prec\u00edz v\u00e1g\u00e1shoz. A peng\u00e9nk\u00e9nt 7 v\u00e1g\u00f3\u00e9llel minden egyes csattan\u00e1sn\u00e1l \u00faj \u00e9les \u00e9lhez jut. <\/li>\n<li>Maxim\u00e1lis v\u00e1g\u00e1si teljes\u00edtm\u00e9nyre tervezt\u00e9k, \u00e9s ide\u00e1lis olyan alkalmaz\u00e1sokhoz, ahol kiv\u00e1l\u00f3 \u00e9less\u00e9gre van sz\u00fcks\u00e9g.<\/li>\n<li>10 csomagban, a p\u00e9nzed\u00e9rt cser\u00e9be kapsz egy kis p\u00e9nzt. Ez a 10-es csomag nagyszer\u0171 azok sz\u00e1m\u00e1ra, akik nem szeretnek gyakran peng\u00e9ket v\u00e1s\u00e1rolni. <\/li>\n<li>Peng\u00e9nk\u00e9nt h\u00e9t szegmens.<\/li>\n<li>70 x 9 x 0.4mm<\/li>\n<\/ul>\n<p>&nbsp;<\/p>\n","protected":false},"excerpt":{"rendered":"<p>A 30\u00b0-os penge alum\u00edniumhoz maxim\u00e1lis v\u00e1g\u00e1si teljes\u00edtm\u00e9nyt biztos\u00edt, \u00e9s ide\u00e1lis olyan alkalmaz\u00e1sokhoz, ahol kiv\u00e1l\u00f3 \u00e9less\u00e9gre van sz\u00fcks\u00e9g.<\/p>\n","protected":false},"featured_media":58899,"comment_status":"closed","ping_status":"closed","template":"","meta":{"_acf_changed":false},"product_brand":[],"product_cat":[1679,2224,2221,2237],"product_tag":[],"brand":[],"class_list":{"0":"post-58895","1":"product","2":"type-product","3":"status-publish","4":"has-post-thumbnail","6":"product_cat-elado","7":"product_cat-minden-potalkatresz","8":"product_cat-potalkatreszek","9":"product_cat-szerszerek","11":"first","12":"instock","13":"sale","14":"taxable","15":"shipping-taxable","16":"purchasable","17":"product-type-simple"},"acf":[],"_links":{"self":[{"href":"https:\/\/azurefilm.com\/hu\/wp-json\/wp\/v2\/product\/58895","targetHints":{"allow":["GET"]}}],"collection":[{"href":"https:\/\/azurefilm.com\/hu\/wp-json\/wp\/v2\/product"}],"about":[{"href":"https:\/\/azurefilm.com\/hu\/wp-json\/wp\/v2\/types\/product"}],"replies":[{"embeddable":true,"href":"https:\/\/azurefilm.com\/hu\/wp-json\/wp\/v2\/comments?post=58895"}],"wp:featuredmedia":[{"embeddable":true,"href":"https:\/\/azurefilm.com\/hu\/wp-json\/wp\/v2\/media\/58899"}],"wp:attachment":[{"href":"https:\/\/azurefilm.com\/hu\/wp-json\/wp\/v2\/media?parent=58895"}],"wp:term":[{"taxonomy":"product_brand","embeddable":true,"href":"https:\/\/azurefilm.com\/hu\/wp-json\/wp\/v2\/product_brand?post=58895"},{"taxonomy":"product_cat","embeddable":true,"href":"https:\/\/azurefilm.com\/hu\/wp-json\/wp\/v2\/product_cat?post=58895"},{"taxonomy":"product_tag","embeddable":true,"href":"https:\/\/azurefilm.com\/hu\/wp-json\/wp\/v2\/product_tag?post=58895"},{"taxonomy":"brand","embeddable":true,"href":"https:\/\/azurefilm.com\/hu\/wp-json\/wp\/v2\/brand?post=58895"}],"curies":[{"name":"wp","href":"https:\/\/api.w.org\/{rel}","templated":true}]}}