
{"id":58904,"date":"2023-10-29T14:15:26","date_gmt":"2023-10-29T14:15:26","guid":{"rendered":"https:\/\/azurefilm.com\/product\/diamond-file-kit\/"},"modified":"2023-10-29T14:15:26","modified_gmt":"2023-10-29T14:15:26","slug":"diamond-file-kit","status":"publish","type":"product","link":"https:\/\/azurefilm.com\/hu\/termek\/diamond-file-kit\/","title":{"rendered":"Diamond File KIT"},"content":{"rendered":"<h2><strong>Specifik\u00e1ci\u00f3k:<\/strong><\/h2>\n<ul>\n<li>Sz\u00edn: piros \u00e9s ez\u00fcst<\/li>\n<li>Test anyaga: smirgli<\/li>\n<li>Markolat anyaga: PVC<\/li>\n<li>Fel\u00fcletkezel\u00e9s: nikkelez\u00e9s<\/li>\n<li>M\u00e9ret: 4x160mm<\/li>\n<li>Munkahossz: 50mm<\/li>\n<\/ul>\n<h2><strong>Kulcsfontoss\u00e1g\u00fa jellemz\u0151k:<\/strong><\/h2>\n<ul>\n<li>Alkalmas 3D nyomtat\u00e1sok, j\u00e1de csiszol\u00e1s, fafarag\u00e1s, ker\u00e1mia csiszol\u00e1s, f\u00e9m csiszol\u00e1s stb. csiszol\u00e1s\u00e1hoz.<\/li>\n<li>Nikkelezett fel\u00fclet, kop\u00e1s\u00e1ll\u00f3, nagy v\u00e1g\u00e1si hat\u00e9konys\u00e1g \u00e9s j\u00f3 kivitel.<\/li>\n<li>A foganty\u00fa kiv\u00e1l\u00f3 min\u0151s\u00e9g\u0171 puha gumib\u00f3l k\u00e9sz\u00fclt, ergonomikus kialak\u00edt\u00e1s\u00fa a k\u00e9nyelmes fog\u00e1s \u00e9rdek\u00e9ben.<\/li>\n<\/ul>\n<h2><strong>A csomag tartalmazza:<\/strong><\/h2>\n<ul>\n<li>10 db x t\u0171s f\u00e1jl<\/li>\n<\/ul>\n","protected":false},"excerpt":{"rendered":"<p><strong>Diamond File KIT<\/strong> alkalmas 3D nyomtat\u00e1sok, j\u00e1de csiszol\u00e1s, fafarag\u00e1s, ker\u00e1mia csiszol\u00e1s, f\u00e9m csiszol\u00e1s stb. csiszol\u00e1s\u00e1hoz.<\/p>\n","protected":false},"featured_media":58909,"comment_status":"closed","ping_status":"closed","template":"","meta":{"_acf_changed":false},"product_brand":[],"product_cat":[1679,2224,2221,2237],"product_tag":[],"brand":[],"class_list":{"0":"post-58904","1":"product","2":"type-product","3":"status-publish","4":"has-post-thumbnail","6":"product_cat-elado","7":"product_cat-minden-potalkatresz","8":"product_cat-potalkatreszek","9":"product_cat-szerszerek","11":"first","12":"instock","13":"sale","14":"taxable","15":"shipping-taxable","16":"purchasable","17":"product-type-simple"},"acf":[],"_links":{"self":[{"href":"https:\/\/azurefilm.com\/hu\/wp-json\/wp\/v2\/product\/58904","targetHints":{"allow":["GET"]}}],"collection":[{"href":"https:\/\/azurefilm.com\/hu\/wp-json\/wp\/v2\/product"}],"about":[{"href":"https:\/\/azurefilm.com\/hu\/wp-json\/wp\/v2\/types\/product"}],"replies":[{"embeddable":true,"href":"https:\/\/azurefilm.com\/hu\/wp-json\/wp\/v2\/comments?post=58904"}],"wp:featuredmedia":[{"embeddable":true,"href":"https:\/\/azurefilm.com\/hu\/wp-json\/wp\/v2\/media\/58909"}],"wp:attachment":[{"href":"https:\/\/azurefilm.com\/hu\/wp-json\/wp\/v2\/media?parent=58904"}],"wp:term":[{"taxonomy":"product_brand","embeddable":true,"href":"https:\/\/azurefilm.com\/hu\/wp-json\/wp\/v2\/product_brand?post=58904"},{"taxonomy":"product_cat","embeddable":true,"href":"https:\/\/azurefilm.com\/hu\/wp-json\/wp\/v2\/product_cat?post=58904"},{"taxonomy":"product_tag","embeddable":true,"href":"https:\/\/azurefilm.com\/hu\/wp-json\/wp\/v2\/product_tag?post=58904"},{"taxonomy":"brand","embeddable":true,"href":"https:\/\/azurefilm.com\/hu\/wp-json\/wp\/v2\/brand?post=58904"}],"curies":[{"name":"wp","href":"https:\/\/api.w.org\/{rel}","templated":true}]}}