
{"id":58915,"date":"2023-10-29T14:15:26","date_gmt":"2023-10-29T14:15:26","guid":{"rendered":"https:\/\/azurefilm.com\/product\/bowden-bak-cso-fi2-4mm\/"},"modified":"2025-07-25T23:50:20","modified_gmt":"2025-07-25T23:50:20","slug":"bowden-bak-cso-fi2-4mm","status":"publish","type":"product","link":"https:\/\/azurefilm.com\/hu\/termek\/bowden-bak-cso-fi2-4mm\/","title":{"rendered":"Bowden Bak cs\u0151 fi2\/4mm"},"content":{"rendered":"<h4>Bowden Bak cs\u0151 fi2\/4mm<\/h4>\n<h3><strong>F\u0151bb jellemz\u0151k:<\/strong><\/h3>\n<ul>\n<li>(PTFE hotend tefloncs\u0151) 3D nyomtat\u00f3khoz Ender 3, Ender 3 Pro, CR10-V2, ,CR-10 S4, CR-10 S5, CR-X, CR10S PRO, CR10 Max<\/li>\n<li>T\u00f6k\u00e9letes a rugalmas sz\u00e1lakkal val\u00f3 k\u00f6nnyebb nyomtat\u00e1shoz<\/li>\n<li>A magas ken\u0151k\u00e9pess\u00e9g\u0171 adal\u00e9kanyagok r\u00e9v\u00e9n ez a term\u00e9k a piacon kaphat\u00f3 legalacsonyabb s\u00farl\u00f3d\u00e1s\u00fa bowdencs\u0151. A kisebb s\u00farl\u00f3d\u00e1s nagyobb reakci\u00f3k\u00e9szs\u00e9get, kevesebb visszah\u00faz\u00f3d\u00e1st, pontosabb nyomtat\u00e1st, kevesebb cs\u00fasz\u00e1st, kop\u00e1st \u00e9s elhaszn\u00e1l\u00f3d\u00e1st jelent az extruderben, \u00e9s kevesebb elt\u00f6m\u0151d\u00e9st a vaskos sz\u00e1lak nyomtat\u00e1sakor.<\/li>\n<li>Az alacsonyabb visszah\u00faz\u00e1s minden egyes extruder visszah\u00faz\u00e1sn\u00e1l id\u0151megtakar\u00edt\u00e1st jelent. Egy nyomtat\u00e1s sor\u00e1n n\u00e9h\u00e1ny ezredm\u00e1sodperc itt \u00e9s n\u00e9h\u00e1ny m\u00e1sodperc ott sok id\u0151t takar\u00edt meg.<\/li>\n<li>1,9 mm \u00b1 0,05 mm bels\u0151 \u00e1tm\u00e9r\u0151 Cs\u00f6kkenti a &#8220;mozg\u00e1st\u00e9r&#8221; vagy a cs\u0151 belsej\u00e9ben l\u00e9v\u0151 csavarod\u00e1st, lehet\u0151v\u00e9 t\u00e9ve rugalmas sz\u00e1lak nyomtat\u00e1s\u00e1t m\u00e9g a leghosszabb Bowden-rendszereken is.<\/li>\n<li>Magas h\u0151m\u00e9rs\u00e9kleti ellen\u00e1ll\u00e1s<\/li>\n<li>Csomag lez\u00e1rva: x 1m hossz\u00fa bowdencs\u0151 fi4x2mm<\/li>\n<li>Az \u00e1r 1m-re vonatkozik (ha 3 darabot v\u00e1laszt, akkor 3 x 1m-t kap).<\/li>\n<\/ul>\n<p>A cs\u00f6vet \u00f3vatosan v\u00e1gja le a k\u00edv\u00e1nt hossz\u00fas\u00e1g\u00fara a haszn\u00e1lati k\u00e9ssel.<\/p>\n<ul>\n<li>Az Ender 3 cs\u0151hossza 370 mm.<\/li>\n<li>A CR10S PRO cs\u0151hossza 470 mm.<\/li>\n<\/ul>\n<p>&nbsp;<\/p>\n","protected":false},"excerpt":{"rendered":"<p>Bowden Capricorn Tube fi2\/4mm t\u00f6k\u00e9letes a rugalmas filamentekkel val\u00f3 k\u00f6nnyebb nyomtat\u00e1shoz.<\/p>\n","protected":false},"featured_media":58919,"comment_status":"closed","ping_status":"closed","template":"","meta":{"_acf_changed":false},"product_brand":[],"product_cat":[2429,1679,2224,2221],"product_tag":[],"brand":[],"class_list":{"0":"post-58915","1":"product","2":"type-product","3":"status-publish","4":"has-post-thumbnail","6":"product_cat-bowden-csovek","7":"product_cat-elado","8":"product_cat-minden-potalkatresz","9":"product_cat-potalkatreszek","11":"first","12":"instock","13":"sale","14":"taxable","15":"shipping-taxable","16":"purchasable","17":"product-type-simple"},"acf":[],"_links":{"self":[{"href":"https:\/\/azurefilm.com\/hu\/wp-json\/wp\/v2\/product\/58915","targetHints":{"allow":["GET"]}}],"collection":[{"href":"https:\/\/azurefilm.com\/hu\/wp-json\/wp\/v2\/product"}],"about":[{"href":"https:\/\/azurefilm.com\/hu\/wp-json\/wp\/v2\/types\/product"}],"replies":[{"embeddable":true,"href":"https:\/\/azurefilm.com\/hu\/wp-json\/wp\/v2\/comments?post=58915"}],"wp:featuredmedia":[{"embeddable":true,"href":"https:\/\/azurefilm.com\/hu\/wp-json\/wp\/v2\/media\/58919"}],"wp:attachment":[{"href":"https:\/\/azurefilm.com\/hu\/wp-json\/wp\/v2\/media?parent=58915"}],"wp:term":[{"taxonomy":"product_brand","embeddable":true,"href":"https:\/\/azurefilm.com\/hu\/wp-json\/wp\/v2\/product_brand?post=58915"},{"taxonomy":"product_cat","embeddable":true,"href":"https:\/\/azurefilm.com\/hu\/wp-json\/wp\/v2\/product_cat?post=58915"},{"taxonomy":"product_tag","embeddable":true,"href":"https:\/\/azurefilm.com\/hu\/wp-json\/wp\/v2\/product_tag?post=58915"},{"taxonomy":"brand","embeddable":true,"href":"https:\/\/azurefilm.com\/hu\/wp-json\/wp\/v2\/brand?post=58915"}],"curies":[{"name":"wp","href":"https:\/\/api.w.org\/{rel}","templated":true}]}}