
{"id":58920,"date":"2023-10-29T14:15:57","date_gmt":"2023-10-29T14:15:57","guid":{"rendered":"https:\/\/azurefilm.com\/product\/gyantatartaly-az-ld002r-hez\/"},"modified":"2023-10-29T14:15:57","modified_gmt":"2023-10-29T14:15:57","slug":"gyantatartaly-az-ld002r-hez","status":"publish","type":"product","link":"https:\/\/azurefilm.com\/hu\/termek\/gyantatartaly-az-ld002r-hez\/","title":{"rendered":"Gyantatart\u00e1ly az LD002R-hez"},"content":{"rendered":"<h2><strong>F\u0150 JELLEMZ\u0150K:<\/strong><\/h2>\n<ul>\n<li>Elox\u00e1lt alum\u00edniumgyanta cs\u0151.<\/li>\n<li>FEP-f\u00f3lia \u00e9s ac\u00e9lgy\u0171r\u0171 telep\u00edtve.<\/li>\n<li>K\u00f6nnyen leereszthet\u0151 gyantamarad\u00e9k.<\/li>\n<li>Teljesen f\u00e9mkeret \u00e9s tart\u00f3s.<\/li>\n<li>R\u00f6gz\u00edt\u0151 csavarfuratok, csavarfuratok a cs\u00faszda mindk\u00e9t v\u00e9g\u00e9n, ami k\u00e9nyelmes a be- \u00e9s kirakod\u00e1shoz egyszerre.<\/li>\n<\/ul>\n","protected":false},"excerpt":{"rendered":"<p><strong>Gyantatart\u00e1ly az LD002R-hez<\/strong>, teljesen f\u00e9m kerettel, tart\u00f3s, k\u00f6nnyen leereszthet\u0151 gyantamarad\u00e9kkal.<\/p>\n","protected":false},"featured_media":58921,"comment_status":"closed","ping_status":"closed","template":"","meta":{"_acf_changed":false},"product_brand":[],"product_cat":[1679,2224,2221],"product_tag":[],"brand":[],"class_list":{"0":"post-58920","1":"product","2":"type-product","3":"status-publish","4":"has-post-thumbnail","6":"product_cat-elado","7":"product_cat-minden-potalkatresz","8":"product_cat-potalkatreszek","10":"first","11":"instock","12":"sale","13":"taxable","14":"shipping-taxable","15":"purchasable","16":"product-type-simple"},"acf":[],"_links":{"self":[{"href":"https:\/\/azurefilm.com\/hu\/wp-json\/wp\/v2\/product\/58920","targetHints":{"allow":["GET"]}}],"collection":[{"href":"https:\/\/azurefilm.com\/hu\/wp-json\/wp\/v2\/product"}],"about":[{"href":"https:\/\/azurefilm.com\/hu\/wp-json\/wp\/v2\/types\/product"}],"replies":[{"embeddable":true,"href":"https:\/\/azurefilm.com\/hu\/wp-json\/wp\/v2\/comments?post=58920"}],"wp:featuredmedia":[{"embeddable":true,"href":"https:\/\/azurefilm.com\/hu\/wp-json\/wp\/v2\/media\/58921"}],"wp:attachment":[{"href":"https:\/\/azurefilm.com\/hu\/wp-json\/wp\/v2\/media?parent=58920"}],"wp:term":[{"taxonomy":"product_brand","embeddable":true,"href":"https:\/\/azurefilm.com\/hu\/wp-json\/wp\/v2\/product_brand?post=58920"},{"taxonomy":"product_cat","embeddable":true,"href":"https:\/\/azurefilm.com\/hu\/wp-json\/wp\/v2\/product_cat?post=58920"},{"taxonomy":"product_tag","embeddable":true,"href":"https:\/\/azurefilm.com\/hu\/wp-json\/wp\/v2\/product_tag?post=58920"},{"taxonomy":"brand","embeddable":true,"href":"https:\/\/azurefilm.com\/hu\/wp-json\/wp\/v2\/brand?post=58920"}],"curies":[{"name":"wp","href":"https:\/\/api.w.org\/{rel}","templated":true}]}}