
{"id":59006,"date":"2023-10-29T14:17:44","date_gmt":"2023-10-29T14:17:44","guid":{"rendered":"https:\/\/azurefilm.com\/product\/creality-cr-3040-pro\/"},"modified":"2023-10-29T14:17:44","modified_gmt":"2023-10-29T14:17:44","slug":"creality-cr-3040-pro","status":"publish","type":"product","link":"https:\/\/azurefilm.com\/hu\/termek\/creality-cr-3040-pro\/","title":{"rendered":"Creality CR-3040 Pro"},"content":{"rendered":"<p><span style=\"font-weight: 400;\">Az eleg\u00e1ns \u00e9s kompakt kialak\u00edt\u00e1s\u00fa Creality CR-3040 Pro teljesen z\u00e1rt szerkezettel \u00e9s leny\u0171g\u00f6z\u0151 teherb\u00edr\u00e1ssal rendelkezik, amely stabil \u00e9s pontos nyomtat\u00e1si k\u00f6rnyezetet garant\u00e1l. K\u00e9tajt\u00f3s kialak\u00edt\u00e1s\u00e1nak k\u00f6sz\u00f6nhet\u0151en a nyomtat\u00e1si folyamat minden sz\u00f6gb\u0151l nyomon k\u00f6vethet\u0151. <\/span><\/p>\n<h2><strong>Kiterjedt ipari nyomtat\u00e1si volumen<\/strong><\/h2>\n<p><span style=\"font-weight: 400;\">Ez az integr\u00e1lt 3D nyomtat\u00f3 300x300x400 mm-es nyomtat\u00e1si t\u00e9rfogatot k\u00edn\u00e1l, hogy a hat\u00e1rtalan kreat\u00edv t\u00f6rekv\u00e9seknek is helyet adjon.<\/span><\/p>\n<h2><strong>Dupla XY-tengely \u00e9s dupla Z-tengely csavarok<\/strong><\/h2>\n<p><span style=\"font-weight: 400;\">A CR-3040 Pro kett\u0151s kereszttengelyt tartalmaz, pontos csavarokkal \u00e9s poz\u00edcion\u00e1l\u00f3 \u00e1tvitellel, amely biztos\u00edtja a gyors nyomtat\u00e1si sebess\u00e9get \u00e9s a rend\u00edthetetlen nyomtat\u00e1si stabilit\u00e1st.<\/span><\/p>\n<h2><strong>Fejlett nyomtat\u00e1si platform<\/strong><\/h2>\n<p><span style=\"font-weight: 400;\">A meleg\u00e1gy h\u0151m\u00e9rs\u00e9klete el\u00e9rheti a 110 \u2103-ot, ami egyenletes felmeleged\u00e9st \u00e9s kiv\u00e9teles modelltapad\u00e1st biztos\u00edt. A tov\u00e1bbfejlesztett Carborundum \u00fcvegplatform leegyszer\u0171s\u00edti a modell elt\u00e1vol\u00edt\u00e1s\u00e1t a vetemed\u00e9s vesz\u00e9lye n\u00e9lk\u00fcl. <\/span><\/p>\n<h2><strong>Hat\u00e9kony f\u00fav\u00f3kak\u00e9szlet<\/strong><\/h2>\n<p><span style=\"font-weight: 400;\">A legkorszer\u0171bb h\u0171t\u0151bord\u00e1val felszerelt f\u00fav\u00f3ka gyorsan leh\u0171l, \u00edgy minim\u00e1lisra cs\u00f6kkentve az elt\u00f6m\u0151d\u00e9s kock\u00e1zat\u00e1t. A nagy teljes\u00edtm\u00e9ny\u0171 f\u0171t\u0151berendez\u00e9s gyors \u00e9s hat\u00e9kony felmeleged\u00e9st biztos\u00edt. A tov\u00e1bbfejlesztett platina ellen\u00e1ll\u00e1s\u00fa termisztor fokozza a h\u0151m\u00e9rs\u00e9klet\u00e9rz\u00e9kenys\u00e9get \u00e9s meghosszabb\u00edtja az \u00e9lettartam\u00e1t.  <\/span><\/p>\n<h2><strong>L\u00e9gtiszt\u00edt\u00f3 rendszer<\/strong><\/h2>\n<p><span style=\"font-weight: 400;\">A CR-3040 Pro k\u00e9t 6,25-\u00f6s ventil\u00e1torral rendelkezik a hat\u00e9kony l\u00e9gsz\u0171r\u00e9s \u00e9rdek\u00e9ben, amely megakad\u00e1lyozza a szekr\u00e9ny t\u00falzott h\u0151m\u00e9rs\u00e9klet\u00e9t \u00e9s optim\u00e1lis nyomtat\u00e1si eredm\u00e9nyeket biztos\u00edt.<\/span><\/p>\n<h2><strong>Val\u00f3s idej\u0171 nyomtat\u00e1si megfigyel\u00e9s LED f\u00e9nnyel<\/strong><\/h2>\n<p><span style=\"font-weight: 400;\">A be\u00e9p\u00edtett LED-es l\u00e1mpa l\u00e1gy megvil\u00e1g\u00edt\u00e1st biztos\u00edt, megk\u00f6nny\u00edtve a nyomtat\u00e1si folyamat val\u00f3s idej\u0171 nyomon k\u00f6vet\u00e9s\u00e9t \u00e9s cs\u00f6kkentve a nyomtat\u00e1si hib\u00e1k val\u00f3sz\u00edn\u0171s\u00e9g\u00e9t.<\/span><\/p>\n<h2><strong>M\u0171szaki r\u00e9szletek:<\/strong><\/h2>\n<ul>\n<li style=\"font-weight: 400;\" aria-level=\"1\"><span style=\"font-weight: 400;\">Form\u00e1z\u00e1si technol\u00f3gia: FDM<\/span><\/li>\n<li style=\"font-weight: 400;\" aria-level=\"1\"><span style=\"font-weight: 400;\">Nyomtat\u00e1si m\u00e9ret: 300x300x400mm<\/span><\/li>\n<li style=\"font-weight: 400;\" aria-level=\"1\"><span style=\"font-weight: 400;\">Meleg\u00e1gy h\u0151m\u00e9rs\u00e9klete: \u2264110\u00b0C<\/span><\/li>\n<li style=\"font-weight: 400;\" aria-level=\"1\"><span style=\"font-weight: 400;\">K\u00e9perny\u0151: sz\u00ednes \u00e9rint\u0151k\u00e9perny\u0151: 4,3 h\u00fcvelykes sz\u00ednes \u00e9rint\u0151k\u00e9perny\u0151<\/span><\/li>\n<li style=\"font-weight: 400;\" aria-level=\"1\"><span style=\"font-weight: 400;\">G\u00e9p m\u00e9rete: 580x470x885mm<\/span><\/li>\n<li style=\"font-weight: 400;\" aria-level=\"1\"><span style=\"font-weight: 400;\">Csomag m\u00e9rete: 700x640x1115mm<\/span><\/li>\n<li style=\"font-weight: 400;\" aria-level=\"1\"><span style=\"font-weight: 400;\">A g\u00e9p s\u00falya: 58kg<\/span><\/li>\n<li style=\"font-weight: 400;\" aria-level=\"1\"><span style=\"font-weight: 400;\">XY tengely pontoss\u00e1ga: 0.0125mm<\/span><\/li>\n<li style=\"font-weight: 400;\" aria-level=\"1\"><span style=\"font-weight: 400;\">N\u00e9vleges teljes\u00edtm\u00e9ny: 50W<\/span><\/li>\n<li style=\"font-weight: 400;\" aria-level=\"1\"><span style=\"font-weight: 400;\">N\u00e9vleges fesz\u00fclts\u00e9g: 115-230V AC<\/span><\/li>\n<li style=\"font-weight: 400;\" aria-level=\"1\"><span style=\"font-weight: 400;\">Kimeneti fesz\u00fclts\u00e9g: 24V DC<\/span><\/li>\n<\/ul>\n","protected":false},"excerpt":{"rendered":"<p><strong>A Creality CR-3040 Pro<\/strong> a CR-3040 \u00faj friss\u00edt\u00e9se, amely innovat\u00edvabb \u00e9s nagyobb teljes\u00edtm\u00e9ny\u0171. A nyomtat\u00e1si m\u00e9ret 300x300x400mm, \u00faj f\u00fav\u00f3kak\u00e9szlettel a nagy nyomtat\u00e1si pontoss\u00e1g \u00e9rdek\u00e9ben. <\/p>\n","protected":false},"featured_media":59008,"comment_status":"closed","ping_status":"closed","template":"","meta":{"_acf_changed":false},"product_brand":[],"product_cat":[1677,2251,1679,1678,1680,2245],"product_tag":[],"brand":[],"class_list":{"0":"post-59006","1":"product","2":"type-product","3":"status-publish","4":"has-post-thumbnail","6":"product_cat-3d-nyomtato","7":"product_cat-creality-hu","8":"product_cat-elado","9":"product_cat-fdm-nyomtato","10":"product_cat-minden-3d-nyomtato","11":"product_cat-professzionalis-3d-nyomtatok","13":"first","14":"instock","15":"sale","16":"taxable","17":"shipping-taxable","18":"purchasable","19":"product-type-simple"},"acf":[],"_links":{"self":[{"href":"https:\/\/azurefilm.com\/hu\/wp-json\/wp\/v2\/product\/59006","targetHints":{"allow":["GET"]}}],"collection":[{"href":"https:\/\/azurefilm.com\/hu\/wp-json\/wp\/v2\/product"}],"about":[{"href":"https:\/\/azurefilm.com\/hu\/wp-json\/wp\/v2\/types\/product"}],"replies":[{"embeddable":true,"href":"https:\/\/azurefilm.com\/hu\/wp-json\/wp\/v2\/comments?post=59006"}],"wp:featuredmedia":[{"embeddable":true,"href":"https:\/\/azurefilm.com\/hu\/wp-json\/wp\/v2\/media\/59008"}],"wp:attachment":[{"href":"https:\/\/azurefilm.com\/hu\/wp-json\/wp\/v2\/media?parent=59006"}],"wp:term":[{"taxonomy":"product_brand","embeddable":true,"href":"https:\/\/azurefilm.com\/hu\/wp-json\/wp\/v2\/product_brand?post=59006"},{"taxonomy":"product_cat","embeddable":true,"href":"https:\/\/azurefilm.com\/hu\/wp-json\/wp\/v2\/product_cat?post=59006"},{"taxonomy":"product_tag","embeddable":true,"href":"https:\/\/azurefilm.com\/hu\/wp-json\/wp\/v2\/product_tag?post=59006"},{"taxonomy":"brand","embeddable":true,"href":"https:\/\/azurefilm.com\/hu\/wp-json\/wp\/v2\/brand?post=59006"}],"curies":[{"name":"wp","href":"https:\/\/api.w.org\/{rel}","templated":true}]}}