
{"id":59007,"date":"2023-10-29T14:17:05","date_gmt":"2023-10-29T14:17:05","guid":{"rendered":"https:\/\/azurefilm.com\/product\/creality-uw-02-moso-es-szarito-gep\/"},"modified":"2023-10-29T14:17:05","modified_gmt":"2023-10-29T14:17:05","slug":"creality-uw-02-moso-es-szarito-gep","status":"publish","type":"product","link":"https:\/\/azurefilm.com\/hu\/termek\/creality-uw-02-moso-es-szarito-gep\/","title":{"rendered":"Creality UW-02 mos\u00f3 \u00e9s sz\u00e1r\u00edt\u00f3 g\u00e9p"},"content":{"rendered":"<p><span style=\"font-weight: 400;\">Az UW-02 egy minden egyben mos\u00f3- \u00e9s sz\u00e1r\u00edt\u00f3g\u00e9p, amelyet a hat\u00e9konys\u00e1g \u00e9s a k\u00e9nyelem \u00e9rdek\u00e9ben terveztek. A nagyvonal\u00fa, 10,1 h\u00fcvelykes megszil\u00e1rdult t\u00e9rrel nagyobb m\u00e9ret\u0171 modellek befogad\u00e1s\u00e1ra k\u00e9sz\u00fclt, \u00edgy megfelel a nagyobb m\u00e9ret\u0171 3D nyomtat\u00e1si projektek ig\u00e9nyeinek. <\/span><\/p>\n<h2><strong>K\u00e9t az egyben tiszt\u00edt\u00e1s \u00e9s kikem\u00e9ny\u00edt\u00e9s<\/strong><\/h2>\n<p><span style=\"font-weight: 400;\">Ez a g\u00e9p kett\u0151 az egyben megold\u00e1st k\u00edn\u00e1l a 3D nyomatok tiszt\u00edt\u00e1s\u00e1ra \u00e9s kikem\u00e9ny\u00edt\u00e9s\u00e9re. A mos\u00e1si \u00fczemm\u00f3dban automatikus tiszt\u00edt\u00e1si funkci\u00f3t integr\u00e1l, amely er\u0151teljes \u00e9s alapos tiszt\u00edt\u00e1si folyamatot biztos\u00edt. Kem\u00e9ny\u00edt\u0151 \u00fczemm\u00f3dban a f\u00e9ny, a sebess\u00e9g \u00e9s az id\u0151 pontos szab\u00e1lyoz\u00e1sa biztos\u00edtja a 3D nyomtatott alkatr\u00e9szek pontos \u00e9s \u00e1tfog\u00f3 kem\u00e9ny\u00edt\u00e9s\u00e9t.  <\/span><\/p>\n<h2><strong>360 fokos k\u00f6rk\u00f6r\u00f6s gy\u00f3gy\u00edt\u00e1s<\/strong><\/h2>\n<p><span style=\"font-weight: 400;\">Az UW-02 egy 360 fokban forg\u00f3 platformmal van felszerelve, amely 24 k\u00e9ts\u00e1vos UV-l\u00e1mpagy\u00f6ngy\u00f6t tartalmaz. Ez a kialak\u00edt\u00e1s biztos\u00edtja a k\u00f6rk\u00f6r\u00f6s, holt s\u00e1vok n\u00e9lk\u00fcli gy\u00f3gy\u00edt\u00e1st, maximaliz\u00e1lva a gy\u00f3gy\u00edt\u00e1si folyamat hat\u00e9konys\u00e1g\u00e1t. A reflektoros f\u00e9nykialak\u00edt\u00e1s tov\u00e1bb fokozza a f\u00e9nyforr\u00e1s reflektivit\u00e1s\u00e1t, felgyors\u00edtva a modell gy\u00f3gy\u00edt\u00e1s\u00e1t.  <\/span><\/p>\n<h2><strong>K\u00e9t rugalmas tiszt\u00edt\u00e1si m\u00f3dszer<\/strong><\/h2>\n<p><span style=\"font-weight: 400;\">Az UW-02 k\u00e9t rugalmas tiszt\u00edt\u00e1si m\u00f3dot k\u00edn\u00e1l: mos\u00e1s az \u00e9p\u00edt\u0151lemez n\u00e9lk\u00fcl vagy mos\u00e1s az \u00e9p\u00edt\u0151lemezzel egy\u00fctt. Er\u0151teljes tiszt\u00edt\u00e1si k\u00e9pess\u00e9geit az egyedi m\u00e1gneses nagym\u00e9ret\u0171 ventil\u00e1torlap\u00e1tnak k\u00f6sz\u00f6nheti, amely biztos\u00edtja a felesleges gyanta hat\u00e9kony elt\u00e1vol\u00edt\u00e1s\u00e1t a modellfel\u00fcletekr\u0151l. <\/span><\/p>\n<h2><strong>Nagyobb mos\u00f3kos\u00e1r<\/strong><\/h2>\n<p><span style=\"font-weight: 400;\">Az UW-02 nagyobb mos\u00f3v\u00f6d\u00f6rrel rendelkezik, \u00edgy nagyobb modellek tiszt\u00edt\u00e1s\u00e1ra is alkalmas. Kompatibilis a piacon kaphat\u00f3 \u00f6sszes 10,1 h\u00fcvelykes \u00e9s ann\u00e1l kisebb SLA 3D nyomtat\u00f3val, \u00edgy sokoldal\u00faan kieg\u00e9sz\u00edti a 3D nyomtat\u00e1si munkafolyamatot. A mos\u00f3m\u00e9ret m\u00e9retei 240mm x 160mm x 200mm, ami elegend\u0151 helyet biztos\u00edt a k\u00fcl\u00f6nb\u00f6z\u0151 m\u00e9ret\u0171 nyomatok sz\u00e1m\u00e1ra.  <\/span><\/p>\n<h2><strong>M\u0171szaki r\u00e9szletek:<\/strong><\/h2>\n<ul>\n<li style=\"font-weight: 400;\" aria-level=\"1\"><span style=\"font-weight: 400;\">Teljesen z\u00e1rt g\u00e9p M\u00e9ret: 325x295x485mm<\/span><\/li>\n<li style=\"font-weight: 400;\" aria-level=\"1\"><span style=\"font-weight: 400;\">Teljesen z\u00e1rt s\u00faly: 7,1 kg<\/span><\/li>\n<li style=\"font-weight: 400;\" aria-level=\"1\"><span style=\"font-weight: 400;\">Mos\u00e1si m\u00e9ret: 240x160x200mm<\/span><\/li>\n<li style=\"font-weight: 400;\" aria-level=\"1\"><span style=\"font-weight: 400;\">Kem\u00e9nyed\u00e9si m\u00e9ret: 200x300mrn \u00e1tm\u00e9r\u0151je<\/span><\/li>\n<li style=\"font-weight: 400;\" aria-level=\"1\"><span style=\"font-weight: 400;\">A modell maxim\u00e1lis s\u00falya: 2,5 kg<\/span><\/li>\n<li style=\"font-weight: 400;\" aria-level=\"1\"><span style=\"font-weight: 400;\">Csomagol\u00e1si specifik\u00e1ci\u00f3: 381x349x525mm<\/span><\/li>\n<li style=\"font-weight: 400;\" aria-level=\"1\"><span style=\"font-weight: 400;\">M\u00f3d: Tiszt\u00edt\u00e1s \/ Kem\u00e9ny\u00edt\u00e9s<\/span><\/li>\n<li style=\"font-weight: 400;\" aria-level=\"1\"><span style=\"font-weight: 400;\">Sebess\u00e9g: Gyors\/\u00e1lland\u00f3 sebess\u00e9g<\/span><\/li>\n<li style=\"font-weight: 400;\" aria-level=\"1\"><span style=\"font-weight: 400;\">Id\u0151: 2min-30min<\/span><\/li>\n<li style=\"font-weight: 400;\" aria-level=\"1\"><span style=\"font-weight: 400;\">SLA hull\u00e1mhossz: 385nm \u00e9s 405nm<\/span><\/li>\n<li style=\"font-weight: 400;\" aria-level=\"1\"><span style=\"font-weight: 400;\">Bemeneti fesz\u00fclts\u00e9g: 100-240V<\/span><\/li>\n<li style=\"font-weight: 400;\" aria-level=\"1\"><span style=\"font-weight: 400;\">Kimeneti \u00e1lland\u00f3 fesz\u00fclts\u00e9g: DC 24V<\/span><\/li>\n<li style=\"font-weight: 400;\" aria-level=\"1\"><span style=\"font-weight: 400;\">T\u00e1pegys\u00e9g teljes\u00edtm\u00e9nye: 60W<\/span><\/li>\n<li style=\"font-weight: 400;\" aria-level=\"1\"><span style=\"font-weight: 400;\">Doboz t\u00edpusa: Teljesen z\u00e1rt<\/span><\/li>\n<li style=\"font-weight: 400;\" aria-level=\"1\"><span style=\"font-weight: 400;\">A gy\u00f3gy\u00edt\u00f3 platform anyaga: rozsdamentes ac\u00e9l<\/span><\/li>\n<li style=\"font-weight: 400;\" aria-level=\"1\"><span style=\"font-weight: 400;\">A mos\u00f3v\u00f6d\u00f6r anyaga: PP<\/span><\/li>\n<li style=\"font-weight: 400;\" aria-level=\"1\"><span style=\"font-weight: 400;\">T\u00e1mogat\u00e1si nyelv: K\u00ednai\/angol<\/span><\/li>\n<li style=\"font-weight: 400;\" aria-level=\"1\"><span style=\"font-weight: 400;\">Vez\u00e9rl\u0151 szoftverrendszer: Windows 7 vagy magasabb<\/span><\/li>\n<\/ul>\n","protected":false},"excerpt":{"rendered":"<p>A <strong>Creality UW-02 mos\u00f3- \u00e9s kem\u00e9ny\u00edt\u0151g\u00e9p<\/strong> k\u00e9sz\u00fcl\u00e9k a DLP 3D nyomtat\u00f3kkal nyomtatott 3D modellek tiszt\u00edt\u00e1s\u00e1ra \u00e9s kem\u00e9ny\u00edt\u00e9s\u00e9re szolg\u00e1l.<\/p>\n","protected":false},"featured_media":59010,"comment_status":"closed","ping_status":"closed","template":"","meta":{"_acf_changed":false},"product_brand":[],"product_cat":[1679,2173],"product_tag":[],"brand":[],"class_list":{"0":"post-59007","1":"product","2":"type-product","3":"status-publish","4":"has-post-thumbnail","6":"product_cat-elado","7":"product_cat-nincs-kategorizalva","9":"first","10":"outofstock","11":"sale","12":"taxable","13":"shipping-taxable","14":"purchasable","15":"product-type-simple"},"acf":[],"_links":{"self":[{"href":"https:\/\/azurefilm.com\/hu\/wp-json\/wp\/v2\/product\/59007","targetHints":{"allow":["GET"]}}],"collection":[{"href":"https:\/\/azurefilm.com\/hu\/wp-json\/wp\/v2\/product"}],"about":[{"href":"https:\/\/azurefilm.com\/hu\/wp-json\/wp\/v2\/types\/product"}],"replies":[{"embeddable":true,"href":"https:\/\/azurefilm.com\/hu\/wp-json\/wp\/v2\/comments?post=59007"}],"wp:featuredmedia":[{"embeddable":true,"href":"https:\/\/azurefilm.com\/hu\/wp-json\/wp\/v2\/media\/59010"}],"wp:attachment":[{"href":"https:\/\/azurefilm.com\/hu\/wp-json\/wp\/v2\/media?parent=59007"}],"wp:term":[{"taxonomy":"product_brand","embeddable":true,"href":"https:\/\/azurefilm.com\/hu\/wp-json\/wp\/v2\/product_brand?post=59007"},{"taxonomy":"product_cat","embeddable":true,"href":"https:\/\/azurefilm.com\/hu\/wp-json\/wp\/v2\/product_cat?post=59007"},{"taxonomy":"product_tag","embeddable":true,"href":"https:\/\/azurefilm.com\/hu\/wp-json\/wp\/v2\/product_tag?post=59007"},{"taxonomy":"brand","embeddable":true,"href":"https:\/\/azurefilm.com\/hu\/wp-json\/wp\/v2\/brand?post=59007"}],"curies":[{"name":"wp","href":"https:\/\/api.w.org\/{rel}","templated":true}]}}