
{"id":59034,"date":"2023-10-29T14:17:44","date_gmt":"2023-10-29T14:17:44","guid":{"rendered":"https:\/\/azurefilm.com\/product\/fagyasztott-sonic-mighty-4k\/"},"modified":"2023-10-29T14:17:44","modified_gmt":"2023-10-29T14:17:44","slug":"fagyasztott-sonic-mighty-4k","status":"publish","type":"product","link":"https:\/\/azurefilm.com\/hu\/termek\/fagyasztott-sonic-mighty-4k\/","title":{"rendered":"Fagyasztott Sonic Mighty 4K"},"content":{"rendered":"<p><span style=\"font-weight: 400;\">A Phrozen Sonic Mighty 4K a 9,3\u2033-es kiterjesztett nyomtat\u00e1si ter\u00fclettel \u00e9s a 22 cm-es Z-tengellyel lehet\u0151v\u00e9 teszi a k\u00e9sz\u00edt\u0151k sz\u00e1m\u00e1ra, hogy nagym\u00e9ret\u0171 modelleket \u00e9s ambici\u00f3zusabb \u00e9p\u00edtm\u00e9nyeket nyomtassanak, amelyek megfelelnek a pontos 3D nyomtat\u00e1si terveknek.<\/span><\/p>\n<h2><strong>Nagy felbont\u00e1s\u00fa nyomtat\u00e1s<\/strong><\/h2>\n<p><span style=\"font-weight: 400;\">A Phrozen Sonic Mighty 4K 4K min\u0151s\u00e9gben nyomtat 3D modelleket, nagy felbont\u00e1s\u00fa, 52 \u00b5m-es nyomtat\u00e1st k\u00edn\u00e1l, \u00e9s \u0151r\u00fclt r\u00e9szletess\u00e9ggel kelti \u00e9letre legambici\u00f3zusabb 3D nyomtat\u00e1si \u00f6tleteit. A kett\u0151s line\u00e1ris vezet\u0151s\u00ednek ultra-stabil Z-tengelyt biztos\u00edtanak, \u00edgy a nagym\u00e9ret\u0171 3D-nyomtatott alkatr\u00e9szeket is ki lehet nyomtatni, mindenf\u00e9le imbolyg\u00e1s n\u00e9lk\u00fcl. <\/span><\/p>\n<h2><strong>Nagyobb \u00e9s jobb<\/strong><\/h2>\n<p><span style=\"font-weight: 400;\">A Sonic Mighty 4K 9,3\u2033-es nyomtat\u00e1si fel\u00fclettel \u00e9s 22 cm-es Z-tengellyel kelti \u00e9letre legambici\u00f3zusabb alkot\u00e1sait.<\/span><\/p>\n<p><b>4K felbont\u00e1s<\/b><\/p>\n<p><span style=\"font-weight: 400;\">A Sonic Mighty 4K 52 \u00b5m-es nyomtat\u00e1si felbont\u00e1s\u00e1val a nagyobb \u00e9p\u00edtm\u00e9nyeket is rendk\u00edv\u00fcl nagy felbont\u00e1ssal nyomtatja ki.<\/span><\/p>\n<p><b>Monokr\u00f3m LCD k\u00e9perny\u0151<\/b><\/p>\n<p><span style=\"font-weight: 400;\">Ak\u00e1r n\u00e9gyszer gyorsabban nyomtat, mint a hagyom\u00e1nyos 3D nyomtat\u00f3k, egy r\u00e9teg nyomtat\u00e1sa mind\u00f6ssze k\u00e9t m\u00e1sodpercig tart. 2000 munka\u00f3ra garancia minden LCD k\u00e9perny\u0151re. <\/span><\/p>\n<p><b>Multi-Resin kompatibilit\u00e1s<\/b><\/p>\n<p><span style=\"font-weight: 400;\">A legjobban a Phrozen Aqua-Gray 4K-val m\u0171k\u00f6dik, de kompatibilis a harmadik f\u00e9lt\u0151l sz\u00e1rmaz\u00f3 gyant\u00e1kkal is.<\/span><\/p>\n<h2><strong>M\u0171szaki r\u00e9szletek:<\/strong><\/h2>\n<ul>\n<li style=\"font-weight: 400;\" aria-level=\"1\"><span style=\"font-weight: 400;\">Rendszer: OS<\/span><\/li>\n<li style=\"font-weight: 400;\" aria-level=\"1\"><span style=\"font-weight: 400;\">M\u0171k\u00f6d\u00e9s: 2,8 h\u00fcvelykes \u00e9rint\u0151k\u00e9perny\u0151<\/span><\/li>\n<li style=\"font-weight: 400;\" aria-level=\"1\"><span style=\"font-weight: 400;\">Slicer szoftver: CHITUBOX<\/span><\/li>\n<li style=\"font-weight: 400;\" aria-level=\"1\"><span style=\"font-weight: 400;\">Csatlakoztathat\u00f3s\u00e1g: USB<\/span><\/li>\n<li style=\"font-weight: 400;\" aria-level=\"1\"><span style=\"font-weight: 400;\">Technol\u00f3gia: LCD t\u00edpus\u00fa 3D nyomtat\u00f3<\/span><\/li>\n<li style=\"font-weight: 400;\" aria-level=\"1\"><span style=\"font-weight: 400;\">LCD specifik\u00e1ci\u00f3: 9,3\u2033 4K Mono LCD kijelz\u0151<\/span><\/li>\n<li style=\"font-weight: 400;\" aria-level=\"1\"><span style=\"font-weight: 400;\">F\u00e9nyforr\u00e1s: 405nm ParaLED Matrix 2.0<\/span><\/li>\n<li style=\"font-weight: 400;\" aria-level=\"1\"><span style=\"font-weight: 400;\">XY felbont\u00e1s: 52\u00b5m<\/span><\/li>\n<li style=\"font-weight: 400;\" aria-level=\"1\"><span style=\"font-weight: 400;\">R\u00e9tegvastags\u00e1g: 0.01-0.30mm<\/span><\/li>\n<li style=\"font-weight: 400;\" aria-level=\"1\"><span style=\"font-weight: 400;\">Maxim\u00e1lis nyomtat\u00e1si sebess\u00e9g: 80mm\/h<\/span><\/li>\n<li style=\"font-weight: 400;\" aria-level=\"1\"><span style=\"font-weight: 400;\">Teljes\u00edtm\u00e9nyig\u00e9ny: 50\/60Hz<\/span><\/li>\n<li style=\"font-weight: 400;\" aria-level=\"1\"><span style=\"font-weight: 400;\">Nyomtat\u00f3 m\u00e9rete: 28x28x44cm<\/span><\/li>\n<li style=\"font-weight: 400;\" aria-level=\"1\"><span style=\"font-weight: 400;\">Nyomtat\u00e1si t\u00e9rfogat: 20&#215;12.5x22cm<\/span><\/li>\n<li style=\"font-weight: 400;\" aria-level=\"1\"><span style=\"font-weight: 400;\">Nyomtat\u00f3 s\u00falya: 8kg<\/span><\/li>\n<\/ul>\n","protected":false},"excerpt":{"rendered":"<p><strong>A Phrozen Sonic Mighty 4K<\/strong> lehet\u0151v\u00e9 teszi a d\u00f6nt\u00e9shoz\u00f3k sz\u00e1m\u00e1ra, hogy nagym\u00e9ret\u0171 modelleket \u00e9s ambici\u00f3zusabb \u00e9p\u00edtm\u00e9nyeket nyomtassanak, amelyek megfelelnek a pontos 3D nyomtat\u00e1si terveknek.<\/p>\n","protected":false},"featured_media":59037,"comment_status":"closed","ping_status":"closed","template":"","meta":{"_acf_changed":false},"product_brand":[],"product_cat":[1677,1679,2355,1680,2354],"product_tag":[],"brand":[],"class_list":{"0":"post-59034","1":"product","2":"type-product","3":"status-publish","4":"has-post-thumbnail","6":"product_cat-3d-nyomtato","7":"product_cat-elado","8":"product_cat-fagyasztott-gyanta-nyomtatok","9":"product_cat-minden-3d-nyomtato","10":"product_cat-resin-nyomtato","12":"first","13":"outofstock","14":"sale","15":"taxable","16":"shipping-taxable","17":"purchasable","18":"product-type-simple"},"acf":[],"_links":{"self":[{"href":"https:\/\/azurefilm.com\/hu\/wp-json\/wp\/v2\/product\/59034","targetHints":{"allow":["GET"]}}],"collection":[{"href":"https:\/\/azurefilm.com\/hu\/wp-json\/wp\/v2\/product"}],"about":[{"href":"https:\/\/azurefilm.com\/hu\/wp-json\/wp\/v2\/types\/product"}],"replies":[{"embeddable":true,"href":"https:\/\/azurefilm.com\/hu\/wp-json\/wp\/v2\/comments?post=59034"}],"wp:featuredmedia":[{"embeddable":true,"href":"https:\/\/azurefilm.com\/hu\/wp-json\/wp\/v2\/media\/59037"}],"wp:attachment":[{"href":"https:\/\/azurefilm.com\/hu\/wp-json\/wp\/v2\/media?parent=59034"}],"wp:term":[{"taxonomy":"product_brand","embeddable":true,"href":"https:\/\/azurefilm.com\/hu\/wp-json\/wp\/v2\/product_brand?post=59034"},{"taxonomy":"product_cat","embeddable":true,"href":"https:\/\/azurefilm.com\/hu\/wp-json\/wp\/v2\/product_cat?post=59034"},{"taxonomy":"product_tag","embeddable":true,"href":"https:\/\/azurefilm.com\/hu\/wp-json\/wp\/v2\/product_tag?post=59034"},{"taxonomy":"brand","embeddable":true,"href":"https:\/\/azurefilm.com\/hu\/wp-json\/wp\/v2\/brand?post=59034"}],"curies":[{"name":"wp","href":"https:\/\/api.w.org\/{rel}","templated":true}]}}