
{"id":59043,"date":"2023-10-29T14:20:10","date_gmt":"2023-10-29T14:20:10","guid":{"rendered":"https:\/\/azurefilm.com\/product\/unset-pla-selyem\/"},"modified":"2025-08-22T11:21:00","modified_gmt":"2025-08-22T11:21:00","slug":"unset-pla-selyem","status":"publish","type":"product","link":"https:\/\/azurefilm.com\/hu\/termek\/unset-pla-selyem\/","title":{"rendered":"Unset PLA selyem"},"content":{"rendered":"<h2><b>PLA selyem<\/b><\/h2>\n<p><span style=\"font-weight: 400;\">Ismerje meg a PLA Silk sz\u00e1lakat, a PLA Original term\u00e9kcsal\u00e1d k\u00fcl\u00f6nleges kiad\u00e1s\u00e1t. A PLA Silk sz\u00e1lak a klasszikus PLA sz\u00e1lakhoz k\u00e9pest k\u00fcl\u00f6nleges kieg\u00e9sz\u00edt\u00e9seket tartalmaznak, amelyek a megjelen\u00e9s\u00fcket <\/span><b>f\u00e9nyes, enyh\u00e9n \u00e1ttetsz\u0151 \u00e9s selymes fel\u00fclet\u0171<\/b><span style=\"font-weight: 400;\">. Moreover, this material <\/span><b>seg\u00edt elrejteni a r\u00e9tegek k\u00f6z\u00f6tti \u00e1tmeneteket<\/b><span style=\"font-weight: 400;\"> nyomtat\u00e1skor. A PLA Silk sz\u00e1lak minden hagyom\u00e1nyos PLA tulajdons\u00e1ggal rendelkeznek, \u00e9s a k\u00f6vetkez\u0151kkel rendelkeznek <\/span><b>k\u00f6vetkezetes eredm\u00e9nyek<\/b><span style=\"font-weight: 400;\">. They are the best choice for 3D printing of decorative elements like vases, figurines, accessories, home gadgets and much more. <\/span><\/p>\n<h2><b>Unset PLA selyem<\/b><\/h2>\n<p><span style=\"font-weight: 400;\">Az Unset sz\u00e1lak az \u00d6n <\/span><b>\u00f6ko-v\u00e1laszt\u00e1s<\/b><span style=\"font-weight: 400;\"> a k\u00f6vetkez\u0151 projektekhez. Ezek a sz\u00e1lak a gy\u00e1rt\u00e1si folyamataink sor\u00e1n keletkez\u0151 felesleges anyagokb\u00f3l k\u00e9sz\u00fclnek. Ez azt jelenti, hogy az Unset sz\u00e1lak a k\u00f6vetkez\u0151kb\u0151l k\u00e9sz\u00fclnek <\/span> <b> 100%-ban \u00fajrahasznos\u00edtott anyagok<\/b><span style=\"font-weight: 400;\"> \u00e9s <\/span><b>seg\u00edt cs\u00f6kkenteni a hullad\u00e9k mennyis\u00e9g\u00e9t<\/b><span style=\"font-weight: 400;\">. The colour of these filaments changes with every order because of the different combinations of recycled material colours. <\/span><\/p>\n<p><span style=\"font-weight: 400;\">Hozz\u00e1f\u00e9rhet a <\/span><b>M\u0171szaki adatlap<\/b><span style=\"font-weight: 400;\"><a href=\"https:\/\/azurefilm.com\/hu\/technical-data-sheets\/\"> itt<\/a>.<\/span><\/p>\n<p><span style=\"font-weight: 400;\">Nyomtat\u00e1si aj\u00e1nl\u00e1sok:<\/span><\/p>\n<ul>\n<li style=\"font-weight: 400;\" aria-level=\"1\"><span style=\"font-weight: 400;\">A legjobb eredm\u00e9ny \u00e9rdek\u00e9ben 220-240\u00b0C-on nyomtasson. <\/span><\/li>\n<li style=\"font-weight: 400;\" aria-level=\"1\"><span style=\"font-weight: 400;\">A nyomtat\u00f3asztal aj\u00e1nlott h\u0151m\u00e9rs\u00e9klete 80\u00b0C.<\/span><\/li>\n<li style=\"font-weight: 400;\" aria-level=\"1\"><span style=\"font-weight: 400;\">Haszn\u00e1ljon \u00fcveg\u00e1gyat, PEI lapot, Kapton vagy k\u00e9k szalagot az \u00e9p\u00edt\u00e9si platformhoz 3Dlac spray-vel.<\/span><\/li>\n<\/ul>\n<p><i><span style=\"font-weight: 400;\">*A k\u00fcl\u00f6nb\u00f6z\u0151 nyomtat\u00f3k haszn\u00e1lata eset\u00e9n az ide\u00e1lis h\u0151m\u00e9rs\u00e9klet elt\u00e9r\u0151 lehet.<\/span><\/i><\/p>\n","protected":false},"excerpt":{"rendered":"<p>T\u00e1mogassa a fenntarthat\u00f3 \u00e9letm\u00f3d \u00fcgy\u00e9t, \u00e9s haszn\u00e1lja az \u00fajrahasznos\u00edtott Unset PLA selymet.<\/p>\n","protected":false},"featured_media":114537,"comment_status":"closed","ping_status":"closed","template":"","meta":{"_acf_changed":false},"product_brand":[],"product_cat":[2196,1686,2285,1679,1688,1687,2548,2259],"product_tag":[2212,2286],"brand":[],"class_list":{"0":"post-59043","1":"product","2":"type-product","3":"status-publish","4":"has-post-thumbnail","6":"product_cat-pla-selyem","7":"product_cat-3d-filmek","8":"product_cat-eco-filamentek","9":"product_cat-elado","10":"product_cat-minden-film","11":"product_cat-pla-szalak","12":"product_cat-unset-pla-selyem","13":"product_cat-unset-szalak","14":"product_tag-oko-hu","15":"product_tag-veletlenszeru","16":"pa_colour-random","17":"pa_filament-diameter-1-75mm","18":"pa_filament-weight-1000g","20":"first","21":"instock","22":"sale","23":"taxable","24":"shipping-taxable","25":"purchasable","26":"product-type-variable","27":"has-default-attributes"},"acf":[],"_links":{"self":[{"href":"https:\/\/azurefilm.com\/hu\/wp-json\/wp\/v2\/product\/59043","targetHints":{"allow":["GET"]}}],"collection":[{"href":"https:\/\/azurefilm.com\/hu\/wp-json\/wp\/v2\/product"}],"about":[{"href":"https:\/\/azurefilm.com\/hu\/wp-json\/wp\/v2\/types\/product"}],"replies":[{"embeddable":true,"href":"https:\/\/azurefilm.com\/hu\/wp-json\/wp\/v2\/comments?post=59043"}],"wp:featuredmedia":[{"embeddable":true,"href":"https:\/\/azurefilm.com\/hu\/wp-json\/wp\/v2\/media\/114537"}],"wp:attachment":[{"href":"https:\/\/azurefilm.com\/hu\/wp-json\/wp\/v2\/media?parent=59043"}],"wp:term":[{"taxonomy":"product_brand","embeddable":true,"href":"https:\/\/azurefilm.com\/hu\/wp-json\/wp\/v2\/product_brand?post=59043"},{"taxonomy":"product_cat","embeddable":true,"href":"https:\/\/azurefilm.com\/hu\/wp-json\/wp\/v2\/product_cat?post=59043"},{"taxonomy":"product_tag","embeddable":true,"href":"https:\/\/azurefilm.com\/hu\/wp-json\/wp\/v2\/product_tag?post=59043"},{"taxonomy":"brand","embeddable":true,"href":"https:\/\/azurefilm.com\/hu\/wp-json\/wp\/v2\/brand?post=59043"}],"curies":[{"name":"wp","href":"https:\/\/api.w.org\/{rel}","templated":true}]}}