
{"id":59061,"date":"2023-10-29T14:18:08","date_gmt":"2023-10-29T14:18:08","guid":{"rendered":"https:\/\/azurefilm.com\/product\/fagyasztott-sonic-mighty-8k\/"},"modified":"2023-10-29T14:18:08","modified_gmt":"2023-10-29T14:18:08","slug":"fagyasztott-sonic-mighty-8k","status":"publish","type":"product","link":"https:\/\/azurefilm.com\/hu\/termek\/fagyasztott-sonic-mighty-8k\/","title":{"rendered":"Fagyasztott Sonic Mighty 8K"},"content":{"rendered":"<p><span style=\"font-weight: 400;\">B\u0151v\u00edtse 3D nyomtat\u00e1si lehet\u0151s\u00e9geit a Phrozen Sonic Mighty 8K nagy nyomtat\u00e1si ter\u00fclet\u00e9vel \u00e9s nagy felbont\u00e1s\u00fa pontoss\u00e1g\u00e1val.<\/span><\/p>\n<h2><strong>Nyissa ki a 3D nyomtat\u00e1sban rejl\u0151 lehet\u0151s\u00e9geket<\/strong><\/h2>\n<p><span style=\"font-weight: 400;\">A Phrozen Sonic Mighty 8K nagyobb, 10 h\u00fcvelykes nyomtat\u00e1si ter\u00fclettel \u00e9s 23 cm-es Z-tengellyel b\u0151v\u00edti az alkot\u00f3kat. Ez azt jelenti, hogy mostant\u00f3l \u00e9letre keltheti nagyszab\u00e1s\u00fa 3D nyomtat\u00e1si elk\u00e9pzel\u00e9seit, \u00e9s olyan nagym\u00e9ret\u0171 modelleket \u00e9s ambici\u00f3zus terveket k\u00e9sz\u00edthet, amelyek t\u00f6k\u00e9letesen megfelelnek kreat\u00edv sz\u00e1nd\u00e9kainak. <\/span><\/p>\n<h2><strong>Kiv\u00e9teles 8K min\u0151s\u00e9g \u00e9s pontoss\u00e1g<\/strong><\/h2>\n<p><span style=\"font-weight: 400;\">A Phrozen Sonic Mighty 8K a 3D nyomtat\u00e1s \u00e9lm\u00e9ny\u00e9t a 3D modellek leny\u0171g\u00f6z\u0151 8K min\u0151s\u00e9gben t\u00f6rt\u00e9n\u0151 megjelen\u00edt\u00e9s\u00e9vel emeli. Nagy felbont\u00e1s\u00fa nyomtat\u00e1st \u00e9r el 28 \u00b5m-es felbont\u00e1ssal, \u00edgy biztos\u00edtva, hogy a legambici\u00f3zusabb projektjei elk\u00e9peszt\u0151en bonyolult r\u00e9szletekkel keljenek \u00e9letre. A kett\u0151s line\u00e1ris vezet\u0151s\u00ednnek k\u00f6sz\u00f6nhet\u0151en nagym\u00e9ret\u0171 3D alkatr\u00e9szeket nyomtathat ingadoz\u00e1s n\u00e9lk\u00fcl, \u00edgy minden alkalommal kifog\u00e1stalan eredm\u00e9nyt biztos\u00edt.  <\/span><\/p>\n<h2><strong>M\u0171szaki r\u00e9szletek:<\/strong><\/h2>\n<ul>\n<li style=\"font-weight: 400;\" aria-level=\"1\"><span style=\"font-weight: 400;\">Nyomtat\u00e1si ter\u00fclet: 337x337x516mm<\/span><\/li>\n<li style=\"font-weight: 400;\" aria-level=\"1\"><span style=\"font-weight: 400;\">8K felbont\u00e1s<\/span><\/li>\n<li style=\"font-weight: 400;\" aria-level=\"1\"><span style=\"font-weight: 400;\">A Sonic Mighty 8K 28 \u00b5m-es m\u00e9ret\u00e9vel a nagyobb \u00e9p\u00edtm\u00e9nyeket is rendk\u00edv\u00fcl nagy felbont\u00e1ssal nyomtatja ki.<\/span><\/li>\n<li style=\"font-weight: 400;\" aria-level=\"1\"><span style=\"font-weight: 400;\">Monokr\u00f3m LCD k\u00e9perny\u0151<\/span><\/li>\n<li style=\"font-weight: 400;\" aria-level=\"1\"><span style=\"font-weight: 400;\">Multi-Resin kompatibilit\u00e1s: Aqua-Gray 8K-val m\u0171k\u00f6dik a legjobban, de kompatibilis a harmadik f\u00e9lt\u0151l sz\u00e1rmaz\u00f3 gyant\u00e1kkal is.<\/span><\/li>\n<li style=\"font-weight: 400;\" aria-level=\"1\"><span style=\"font-weight: 400;\">8K felbont\u00e1s &#8211; 28\u03bcm<\/span><\/li>\n<li style=\"font-weight: 400;\" aria-level=\"1\"><span style=\"font-weight: 400;\">10\u2033 mono LCD k\u00e9perny\u0151 ak\u00e1r 2000 \u00fczem\u00f3r\u00e1val<\/span><\/li>\n<li style=\"font-weight: 400;\" aria-level=\"1\"><span style=\"font-weight: 400;\">L\u00e9zerv\u00e1gott \u00e9p\u00edt\u00e9si lemez<\/span><\/li>\n<li style=\"font-weight: 400;\" aria-level=\"1\"><span style=\"font-weight: 400;\">Line\u00e1ris vet\u00edt\u00e9si LED modul<\/span><\/li>\n<li style=\"font-weight: 400;\" aria-level=\"1\"><span style=\"font-weight: 400;\">Kett\u0151s line\u00e1ris s\u00ednek<\/span><\/li>\n<li style=\"font-weight: 400;\" aria-level=\"1\"><span style=\"font-weight: 400;\">Be\u00e9p\u00edtett kamera time-lapse funkci\u00f3val<\/span><\/li>\n<li style=\"font-weight: 400;\" aria-level=\"1\"><span style=\"font-weight: 400;\">Val\u00f3s idej\u0171 fel\u00fcgyelet okostelefonon kereszt\u00fcl<\/span><\/li>\n<li style=\"font-weight: 400;\" aria-level=\"1\"><span style=\"font-weight: 400;\">5\u2033-os \u00e9rint\u0151k\u00e9perny\u0151<\/span><\/li>\n<li style=\"font-weight: 400;\" aria-level=\"1\"><span style=\"font-weight: 400;\">Szeletel\u0151 szoftver &#8211; CHITUBOX V1 9.1 vagy \u00fajabb verzi\u00f3<\/span><\/li>\n<li style=\"font-weight: 400;\" aria-level=\"1\"><span style=\"font-weight: 400;\">USB interf\u00e9sz \u00e9s WLAN-on kereszt\u00fcl is m\u0171k\u00f6dtethet\u0151<\/span><\/li>\n<li style=\"font-weight: 400;\" aria-level=\"1\"><span style=\"font-weight: 400;\">Nyomtat\u00f3 m\u00e9rete: 337 x 337 x 516 mm<\/span><\/li>\n<li style=\"font-weight: 400;\" aria-level=\"1\"><span style=\"font-weight: 400;\">A nyomtat\u00f3 s\u00falya: 14,3 kg<\/span><\/li>\n<\/ul>\n","protected":false},"excerpt":{"rendered":"<p><strong>A Phrozen Sonic Mighty 8K<\/strong> lehet\u0151v\u00e9 teszi a d\u00f6nt\u00e9shoz\u00f3k sz\u00e1m\u00e1ra, hogy nagym\u00e9ret\u0171 modelleket \u00e9s ambici\u00f3zusabb \u00e9p\u00edtm\u00e9nyeket nyomtassanak, amelyek megfelelnek a pontos 3D nyomtat\u00e1si terveknek.<\/p>\n","protected":false},"featured_media":59062,"comment_status":"closed","ping_status":"closed","template":"","meta":{"_acf_changed":false},"product_brand":[],"product_cat":[1677,1679,2355,1680,2354],"product_tag":[],"brand":[],"class_list":{"0":"post-59061","1":"product","2":"type-product","3":"status-publish","4":"has-post-thumbnail","6":"product_cat-3d-nyomtato","7":"product_cat-elado","8":"product_cat-fagyasztott-gyanta-nyomtatok","9":"product_cat-minden-3d-nyomtato","10":"product_cat-resin-nyomtato","12":"first","13":"outofstock","14":"sale","15":"taxable","16":"shipping-taxable","17":"purchasable","18":"product-type-simple"},"acf":[],"_links":{"self":[{"href":"https:\/\/azurefilm.com\/hu\/wp-json\/wp\/v2\/product\/59061","targetHints":{"allow":["GET"]}}],"collection":[{"href":"https:\/\/azurefilm.com\/hu\/wp-json\/wp\/v2\/product"}],"about":[{"href":"https:\/\/azurefilm.com\/hu\/wp-json\/wp\/v2\/types\/product"}],"replies":[{"embeddable":true,"href":"https:\/\/azurefilm.com\/hu\/wp-json\/wp\/v2\/comments?post=59061"}],"wp:featuredmedia":[{"embeddable":true,"href":"https:\/\/azurefilm.com\/hu\/wp-json\/wp\/v2\/media\/59062"}],"wp:attachment":[{"href":"https:\/\/azurefilm.com\/hu\/wp-json\/wp\/v2\/media?parent=59061"}],"wp:term":[{"taxonomy":"product_brand","embeddable":true,"href":"https:\/\/azurefilm.com\/hu\/wp-json\/wp\/v2\/product_brand?post=59061"},{"taxonomy":"product_cat","embeddable":true,"href":"https:\/\/azurefilm.com\/hu\/wp-json\/wp\/v2\/product_cat?post=59061"},{"taxonomy":"product_tag","embeddable":true,"href":"https:\/\/azurefilm.com\/hu\/wp-json\/wp\/v2\/product_tag?post=59061"},{"taxonomy":"brand","embeddable":true,"href":"https:\/\/azurefilm.com\/hu\/wp-json\/wp\/v2\/brand?post=59061"}],"curies":[{"name":"wp","href":"https:\/\/api.w.org\/{rel}","templated":true}]}}