
{"id":59073,"date":"2023-10-29T14:20:10","date_gmt":"2023-10-29T14:20:10","guid":{"rendered":"https:\/\/azurefilm.com\/product\/nem-szettelt-petg-eredeti\/"},"modified":"2025-08-22T11:21:00","modified_gmt":"2025-08-22T11:21:00","slug":"nem-szettelt-petg-eredeti","status":"publish","type":"product","link":"https:\/\/azurefilm.com\/hu\/termek\/nem-szettelt-petg-eredeti\/","title":{"rendered":"Unset PETG Hyper Speed"},"content":{"rendered":"<h2><b>PETG Eredeti<\/b><\/h2>\n<p><span style=\"font-weight: 400;\">A PETG Original kiv\u00e1l\u00f3 tulajdons\u00e1gokkal rendelkezik, \u00e9s a PLA mellett az egyik legn\u00e9pszer\u0171bb sz\u00e1l. Szerkezet\u00e9nek k\u00f6sz\u00f6nhet\u0151en a PETG anyag <\/span><b>szil\u00e1rd<\/b><span style=\"font-weight: 400;\">, <\/span><b>h\u0151m\u00e9rs\u00e9klet\u00e1ll\u00f3<\/b><span style=\"font-weight: 400;\"> (80\u00b0C-ig) \u00e9s <\/span><b>tart\u00f3s tulajdons\u00e1gok<\/b><span style=\"font-weight: 400;\">. Our PETG filaments are very easy to print which makes them <\/span><b>nagyszer\u0171 kezd\u0151knek<\/b><span style=\"font-weight: 400;\">. Because of its properties, PETG can be used for <\/span><b>sokf\u00e9le alkalmaz\u00e1s<\/b><span style=\"font-weight: 400;\"> a dekor\u00e1ci\u00f3kt\u00f3l, szersz\u00e1mokt\u00f3l \u00e9s prot\u00e9zisekt\u0151l kezdve a mechanikai term\u00e9kekig \u00e9s a robotik\u00e1ig. <\/span><\/p>\n<h2><b>Nem szettelt PETG Eredeti<\/b><\/h2>\n<p><span style=\"font-weight: 400;\">Az AzureFilm Unset sz\u00e1lak lehet\u0151v\u00e9 teszik, hogy \u00e1t\u00f6lelje a <\/span><b>k\u00f6rnyezetbar\u00e1t<\/b><span style=\"font-weight: 400;\"> lehet\u0151s\u00e9gek a k\u00f6zelg\u0151 projektekhez. Ezek a <\/span><b>k\u00f6rnyezettudatos<\/b><span style=\"font-weight: 400;\"> sz\u00e1lak a gy\u00e1rt\u00e1si folyamataink sor\u00e1n keletkez\u0151 felesleges anyagokb\u00f3l k\u00e9sz\u00fclnek, \u00edgy fenntarthat\u00f3 v\u00e1laszt\u00e1snak sz\u00e1m\u00edtanak. Az\u00e1ltal, hogy felhaszn\u00e1ljuk <\/span><b>100%-ban \u00fajrahasznos\u00edtott anyagok<\/b><span style=\"font-weight: 400;\">, Az unset sz\u00e1lak hozz\u00e1j\u00e1rulnak a hullad\u00e9k cs\u00f6kkent\u00e9s\u00e9hez. Minden rendel\u00e9s egyedi sz\u00ednt hoz. <\/span><\/p>\n<p><span style=\"font-weight: 400;\">Hozz\u00e1f\u00e9rhet a <\/span><b>M\u0171szaki adatlap<\/b><span style=\"font-weight: 400;\"><a href=\"https:\/\/azurefilm.com\/hu\/technical-data-sheets\/\"> itt<\/a>.<\/span><\/p>\n<p><span style=\"font-weight: 400;\">Nyomtat\u00e1si aj\u00e1nl\u00e1sok:<\/span><\/p>\n<ul>\n<li style=\"font-weight: 400;\" aria-level=\"1\"><span style=\"font-weight: 400;\">A legjobb eredm\u00e9ny \u00e9rdek\u00e9ben 220-240\u00b0C-on nyomtasson. <\/span><\/li>\n<li style=\"font-weight: 400;\" aria-level=\"1\"><span style=\"font-weight: 400;\">A nyomtat\u00f3asztal aj\u00e1nlott h\u0151m\u00e9rs\u00e9klete 80\u00b0C.<\/span><\/li>\n<li style=\"font-weight: 400;\" aria-level=\"1\"><span style=\"font-weight: 400;\">Haszn\u00e1ljon \u00fcveg\u00e1gyat, PEI lapot, Kapton vagy k\u00e9k szalagot az \u00e9p\u00edt\u00e9si platformhoz 3Dlac spray-vel.<\/span><\/li>\n<\/ul>\n<p><i><span style=\"font-weight: 400;\">*A k\u00fcl\u00f6nb\u00f6z\u0151 nyomtat\u00f3k haszn\u00e1lata eset\u00e9n az ide\u00e1lis h\u0151m\u00e9rs\u00e9klet elt\u00e9r\u0151 lehet.<\/span><\/i><\/p>\n","protected":false},"excerpt":{"rendered":"<p>Vigy\u00e1zzon vel\u00fcnk bolyg\u00f3nkra, \u00e9s haszn\u00e1lja az \u00fajrahasznos\u00edtott Unset PETG Hyper Speed.<\/p>\n<p><b>Figyelem: <\/b><span style=\"font-weight: 400;\">Ez ugyanaz a megb\u00edzhat\u00f3 PETG Original formul\u00e1ci\u00f3, most <\/span><b>PETG Hyper Speed<\/b><span style=\"font-weight: 400;\"> n\u00e9vre \u00e1tnevezve, hogy jobban t\u00fckr\u00f6zze magas sebess\u00e9g\u0171 nyomtat\u00e1si teljes\u00edtm\u00e9ny\u00e9t. V\u00e1s\u00e1roljon \u00e9s tapasztalja meg a PETG k\u00f6vetkez\u0151 szintj\u00e9t!<\/span><\/p>\n","protected":false},"featured_media":114525,"comment_status":"closed","ping_status":"closed","template":"","meta":{"_acf_changed":false},"product_brand":[],"product_cat":[1686,2285,1688,2319,2182,2177,2259],"product_tag":[1691,2212,2286],"brand":[],"class_list":{"0":"post-59073","1":"product","2":"type-product","3":"status-publish","4":"has-post-thumbnail","6":"product_cat-3d-filmek","7":"product_cat-eco-filamentek","8":"product_cat-minden-film","9":"product_cat-nem-rogzitett-petg","10":"product_cat-petg-eredeti","11":"product_cat-petg-szalak","12":"product_cat-unset-szalak","13":"product_tag-high-speed","14":"product_tag-oko-hu","15":"product_tag-veletlenszeru","16":"pa_colour-random","17":"pa_filament-diameter-1-75mm","18":"pa_filament-weight-1000g","20":"first","21":"outofstock","22":"taxable","23":"shipping-taxable","24":"purchasable","25":"product-type-variable","26":"has-default-attributes"},"acf":[],"_links":{"self":[{"href":"https:\/\/azurefilm.com\/hu\/wp-json\/wp\/v2\/product\/59073","targetHints":{"allow":["GET"]}}],"collection":[{"href":"https:\/\/azurefilm.com\/hu\/wp-json\/wp\/v2\/product"}],"about":[{"href":"https:\/\/azurefilm.com\/hu\/wp-json\/wp\/v2\/types\/product"}],"replies":[{"embeddable":true,"href":"https:\/\/azurefilm.com\/hu\/wp-json\/wp\/v2\/comments?post=59073"}],"wp:featuredmedia":[{"embeddable":true,"href":"https:\/\/azurefilm.com\/hu\/wp-json\/wp\/v2\/media\/114525"}],"wp:attachment":[{"href":"https:\/\/azurefilm.com\/hu\/wp-json\/wp\/v2\/media?parent=59073"}],"wp:term":[{"taxonomy":"product_brand","embeddable":true,"href":"https:\/\/azurefilm.com\/hu\/wp-json\/wp\/v2\/product_brand?post=59073"},{"taxonomy":"product_cat","embeddable":true,"href":"https:\/\/azurefilm.com\/hu\/wp-json\/wp\/v2\/product_cat?post=59073"},{"taxonomy":"product_tag","embeddable":true,"href":"https:\/\/azurefilm.com\/hu\/wp-json\/wp\/v2\/product_tag?post=59073"},{"taxonomy":"brand","embeddable":true,"href":"https:\/\/azurefilm.com\/hu\/wp-json\/wp\/v2\/brand?post=59073"}],"curies":[{"name":"wp","href":"https:\/\/api.w.org\/{rel}","templated":true}]}}