
{"id":59096,"date":"2023-10-29T14:13:35","date_gmt":"2023-10-29T14:13:35","guid":{"rendered":"https:\/\/azurefilm.com\/?post_type=product&#038;p=59096"},"modified":"2025-08-22T11:21:01","modified_gmt":"2025-08-22T11:21:01","slug":"petg-gyongyszal-kek","status":"publish","type":"product","link":"https:\/\/azurefilm.com\/hu\/termek\/petg-gyongyszal-kek\/","title":{"rendered":"PETG Gy\u00f6ngysz\u00e1l k\u00e9k"},"content":{"rendered":"<h2><b>PETG gy\u00f6ngy<\/b><\/h2>\n<p><span style=\"font-weight: 400;\">A PETG Pearl sz\u00e1lak jellemz\u0151je <\/span><b>a finom \u00e9s kifinomult csillog\u00e1s egyed\u00fcl\u00e1ll\u00f3 kever\u00e9ke.<\/b><span style=\"font-weight: 400;\"> r\u00e9szecsk\u00e9k. Ezekkel a sz\u00e1lakkal a nyomatok gy\u00f6ny\u00f6r\u0171ek lesznek. <\/span><b>gy\u00f6ngyh\u00e1zf\u00e9ny\u0171 <\/b><span style=\"font-weight: 400;\">\u00e9s <\/span><b>f\u00e9nyes fel\u00fclet<\/b><span style=\"font-weight: 400;\">. PETG Pearl is just like our PETG Original which makes it easy to work with and <\/span><b>t\u00f6k\u00e9letes kezd\u0151knek<\/b><span style=\"font-weight: 400;\">. Moreover, this material is <\/span><b>szil\u00e1rd<\/b><span style=\"font-weight: 400;\">, <\/span><b>tart\u00f3s <\/b><span style=\"font-weight: 400;\">\u00e9s ad <\/span><b>konzisztens eredm\u00e9nyeket<\/b><span style=\"font-weight: 400;\">. You can try PETG Pearl for decorations, gadgets, toys and much more. <\/span><\/p>\n<h2><strong>PETG Gy\u00f6ngysz\u00e1l k\u00e9k<\/strong><\/h2>\n<p>Engedje, hogy a k\u00e9pzelete szikr\u00e1zzon, \u00e9s kezdjen el alkotni a PETG Pearl Filament Blue fonalunkkal.<\/p>\n<p><span style=\"font-weight: 400;\">Ha t\u00f6bbet szeretne megtudni a PETG sz\u00e1lakr\u00f3l, olvassa el <a href=\"https:\/\/azurefilm.com\/hu\/2023\/07\/10\/petg-szalak-minden-amit-tudnia-kell\/\" target=\"_blank\" rel=\"noopener\">blogunkat<\/a>. <\/span><\/p>\n<p><span style=\"font-weight: 400;\">Hozz\u00e1f\u00e9rhet a <\/span><b>M\u0171szaki adatlap<\/b><span style=\"font-weight: 400;\"><a href=\"https:\/\/azurefilm.com\/hu\/technical-data-sheets\/\" target=\"_blank\" rel=\"noopener\"> itt<\/a>.<\/span><\/p>\n<h3><strong>Nyomtat\u00e1si aj\u00e1nl\u00e1sok:<\/strong><\/h3>\n<ul>\n<li style=\"font-weight: 400;\" aria-level=\"1\"><span style=\"font-weight: 400;\">A legjobb eredm\u00e9ny \u00e9rdek\u00e9ben 220-240\u00b0C-on nyomtasson. <\/span><\/li>\n<li style=\"font-weight: 400;\" aria-level=\"1\"><span style=\"font-weight: 400;\">A nyomtat\u00f3asztal aj\u00e1nlott h\u0151m\u00e9rs\u00e9klete 80\u00b0C.<\/span><\/li>\n<li style=\"font-weight: 400;\" aria-level=\"1\"><span style=\"font-weight: 400;\">Haszn\u00e1ljon \u00fcveg\u00e1gyat, PEI lapot, Kapton vagy k\u00e9k szalagot az \u00e9p\u00edt\u00e9si platformhoz 3Dlac spray-vel.<\/span><\/li>\n<\/ul>\n<p><i><span style=\"font-weight: 400;\">*A k\u00fcl\u00f6nb\u00f6z\u0151 nyomtat\u00f3k haszn\u00e1lata eset\u00e9n az ide\u00e1lis h\u0151m\u00e9rs\u00e9klet elt\u00e9r\u0151 lehet.<\/span><\/i><\/p>\n","protected":false},"excerpt":{"rendered":"<p>Engedje, hogy a k\u00e9pzelete szikr\u00e1zzon, \u00e9s kezdjen el alkotni a PETG Pearl Filament Blue fonalunkkal.<\/p>\n","protected":false},"featured_media":59097,"comment_status":"closed","ping_status":"closed","template":"","meta":{"_acf_changed":false},"product_brand":[],"product_cat":[2549,1686,1688,2177],"product_tag":[],"brand":[1682],"class_list":{"0":"post-59096","1":"product","2":"type-product","3":"status-publish","4":"has-post-thumbnail","6":"product_cat-petg-gyongy","7":"product_cat-3d-filmek","8":"product_cat-minden-film","9":"product_cat-petg-szalak","10":"pa_colour-kek","11":"pa_filament-diameter-1-75mm-hu","12":"pa_filament-weight-1000g-hu","13":"brand-azurefilm-hu","15":"first","16":"outofstock","17":"taxable","18":"shipping-taxable","19":"purchasable","20":"product-type-variable","21":"has-default-attributes"},"acf":[],"_links":{"self":[{"href":"https:\/\/azurefilm.com\/hu\/wp-json\/wp\/v2\/product\/59096","targetHints":{"allow":["GET"]}}],"collection":[{"href":"https:\/\/azurefilm.com\/hu\/wp-json\/wp\/v2\/product"}],"about":[{"href":"https:\/\/azurefilm.com\/hu\/wp-json\/wp\/v2\/types\/product"}],"replies":[{"embeddable":true,"href":"https:\/\/azurefilm.com\/hu\/wp-json\/wp\/v2\/comments?post=59096"}],"wp:featuredmedia":[{"embeddable":true,"href":"https:\/\/azurefilm.com\/hu\/wp-json\/wp\/v2\/media\/59097"}],"wp:attachment":[{"href":"https:\/\/azurefilm.com\/hu\/wp-json\/wp\/v2\/media?parent=59096"}],"wp:term":[{"taxonomy":"product_brand","embeddable":true,"href":"https:\/\/azurefilm.com\/hu\/wp-json\/wp\/v2\/product_brand?post=59096"},{"taxonomy":"product_cat","embeddable":true,"href":"https:\/\/azurefilm.com\/hu\/wp-json\/wp\/v2\/product_cat?post=59096"},{"taxonomy":"product_tag","embeddable":true,"href":"https:\/\/azurefilm.com\/hu\/wp-json\/wp\/v2\/product_tag?post=59096"},{"taxonomy":"brand","embeddable":true,"href":"https:\/\/azurefilm.com\/hu\/wp-json\/wp\/v2\/brand?post=59096"}],"curies":[{"name":"wp","href":"https:\/\/api.w.org\/{rel}","templated":true}]}}