
{"id":59122,"date":"2023-10-29T14:14:03","date_gmt":"2023-10-29T14:14:03","guid":{"rendered":"https:\/\/azurefilm.com\/product\/pctg-izzoszal-fekete\/"},"modified":"2025-08-22T11:21:26","modified_gmt":"2025-08-22T11:21:26","slug":"pctg-izzoszal-fekete","status":"publish","type":"product","link":"https:\/\/azurefilm.com\/hu\/termek\/pctg-izzoszal-fekete\/","title":{"rendered":"PCTG izz\u00f3sz\u00e1l Fekete"},"content":{"rendered":"<h2><b>PCTG <\/b><\/h2>\n<p><span style=\"font-weight: 400;\">A PCTG sz\u00e1l a tov\u00e1bbfejlesztett PETG Original sz\u00e1lunk. <\/span><b>magasabb h\u0151m\u00e9rs\u00e9kletnek val\u00f3 ellen\u00e1ll\u00e1sra tervezt\u00e9k<\/b><span style=\"font-weight: 400;\">. Consequently, this material withstands <\/span><b>5-10\u00b0C-kal magasabb<\/b><span style=\"font-weight: 400;\"> h\u0151m\u00e9rs\u00e9klet \u00e9s <\/span><b>megn\u00f6velt tart\u00f3ss\u00e1g<\/b><span style=\"font-weight: 400;\"> a PETG Orginalhoz k\u00e9pest. A PCTG m\u00e9g mindig egy nagyon k\u00f6nnyen megmunk\u00e1lhat\u00f3 anyag, \u00e9s <\/span><b>alkalmas kezd\u0151k sz\u00e1m\u00e1ra<\/b><span style=\"font-weight: 400;\">. Try this filament for different applications like tools, mechanical parts, robotics, and prosthetics or just make simple gadgets and decorations. <\/span><\/p>\n<h2><strong>PCTG izz\u00f3sz\u00e1l Fekete<\/strong><\/h2>\n<p>Nyomtasson kiv\u00e9telesen strapab\u00edr\u00f3 \u00e9s k\u00e9miailag ellen\u00e1ll\u00f3 formaterveket a PCTG Fekete filamentummal.<\/p>\n<p><span style=\"font-weight: 400;\">Ha t\u00f6bbet szeretne megtudni a PCTG sz\u00e1lakr\u00f3l, olvassa el <a href=\"https:\/\/azurefilm.com\/hu\/2023\/10\/12\/pctg-szalak-minden-amit-tudnia-kell\/\" target=\"_blank\" rel=\"noopener\">blogunkat<\/a>. <\/span><\/p>\n<p><span style=\"font-weight: 400;\">Hozz\u00e1f\u00e9rhet a <\/span><b>M\u0171szaki adatlap<\/b><span style=\"font-weight: 400;\"><a href=\"https:\/\/azurefilm.com\/hu\/technical-data-sheets\/\" target=\"_blank\" rel=\"noopener\"> itt<\/a>.<\/span><\/p>\n<h3><strong>Nyomtat\u00e1si aj\u00e1nl\u00e1sok:<\/strong><\/h3>\n<ul>\n<li style=\"font-weight: 400;\" aria-level=\"1\"><span style=\"font-weight: 400;\">A legjobb eredm\u00e9nyt 240-260\u00b0C-on nyomtatva \u00e9rheti el. <\/span><\/li>\n<li style=\"font-weight: 400;\" aria-level=\"1\"><span style=\"font-weight: 400;\">A nyomtat\u00f3asztal aj\u00e1nlott h\u0151m\u00e9rs\u00e9klete 80\u00b0C.<\/span><\/li>\n<li style=\"font-weight: 400;\" aria-level=\"1\"><span style=\"font-weight: 400;\">Haszn\u00e1ljon \u00fcveg\u00e1gyat, PEI lapot, Kapton vagy k\u00e9k szalagot az \u00e9p\u00edt\u00e9si platformhoz 3Dlac spray-vel.<\/span><\/li>\n<\/ul>\n<p><i><span style=\"font-weight: 400;\">*A k\u00fcl\u00f6nb\u00f6z\u0151 nyomtat\u00f3k haszn\u00e1lata eset\u00e9n az ide\u00e1lis h\u0151m\u00e9rs\u00e9klet elt\u00e9r\u0151 lehet.<\/span><\/i><\/p>\n","protected":false},"excerpt":{"rendered":"<p>Nyomtasson kiv\u00e9telesen strapab\u00edr\u00f3 \u00e9s k\u00e9miailag ellen\u00e1ll\u00f3 formaterveket a PCTG Fekete filamentummal.<\/p>\n","protected":false},"featured_media":113043,"comment_status":"closed","ping_status":"closed","template":"","meta":{"_acf_changed":false},"product_brand":[],"product_cat":[2358,1686,1688],"product_tag":[],"brand":[],"class_list":{"0":"post-59122","1":"product","2":"type-product","3":"status-publish","4":"has-post-thumbnail","6":"product_cat-pctg-szalak","7":"product_cat-3d-filmek","8":"product_cat-minden-film","9":"pa_colour-black","10":"pa_filament-diameter-1-75mm","11":"pa_filament-weight-1000g","12":"pa_filament-weight-2100g","14":"first","15":"instock","16":"taxable","17":"shipping-taxable","18":"purchasable","19":"product-type-variable","20":"has-default-attributes"},"acf":[],"_links":{"self":[{"href":"https:\/\/azurefilm.com\/hu\/wp-json\/wp\/v2\/product\/59122","targetHints":{"allow":["GET"]}}],"collection":[{"href":"https:\/\/azurefilm.com\/hu\/wp-json\/wp\/v2\/product"}],"about":[{"href":"https:\/\/azurefilm.com\/hu\/wp-json\/wp\/v2\/types\/product"}],"replies":[{"embeddable":true,"href":"https:\/\/azurefilm.com\/hu\/wp-json\/wp\/v2\/comments?post=59122"}],"wp:featuredmedia":[{"embeddable":true,"href":"https:\/\/azurefilm.com\/hu\/wp-json\/wp\/v2\/media\/113043"}],"wp:attachment":[{"href":"https:\/\/azurefilm.com\/hu\/wp-json\/wp\/v2\/media?parent=59122"}],"wp:term":[{"taxonomy":"product_brand","embeddable":true,"href":"https:\/\/azurefilm.com\/hu\/wp-json\/wp\/v2\/product_brand?post=59122"},{"taxonomy":"product_cat","embeddable":true,"href":"https:\/\/azurefilm.com\/hu\/wp-json\/wp\/v2\/product_cat?post=59122"},{"taxonomy":"product_tag","embeddable":true,"href":"https:\/\/azurefilm.com\/hu\/wp-json\/wp\/v2\/product_tag?post=59122"},{"taxonomy":"brand","embeddable":true,"href":"https:\/\/azurefilm.com\/hu\/wp-json\/wp\/v2\/brand?post=59122"}],"curies":[{"name":"wp","href":"https:\/\/api.w.org\/{rel}","templated":true}]}}