
{"id":59134,"date":"2023-10-29T14:13:35","date_gmt":"2023-10-29T14:13:35","guid":{"rendered":"https:\/\/azurefilm.com\/?post_type=product&#038;p=59134"},"modified":"2025-04-10T06:59:30","modified_gmt":"2025-04-10T06:59:30","slug":"creality-ender-3-neo-500g-petg-gratis-500g-petg-gratis","status":"publish","type":"product","link":"https:\/\/azurefilm.com\/hu\/termek\/creality-ender-3-neo-500g-petg-gratis-500g-petg-gratis\/","title":{"rendered":"Creality Ender 3 NEO+ 500g PETG GRATIS 500g PETG GRATIS"},"content":{"rendered":"<p><span style=\"font-weight: 400;\">Az Ender 3 Neo a prec\u00edz CR Touch automatikus szintez\u0151rendszerrel rendelkezik, amely automatikus nyomtat\u00e1si magass\u00e1gm\u00e9r\u00e9st \u00e9s be\u00e1ll\u00edt\u00e1st biztos\u00edt, \u00edgy k\u00f6nnyen kezelhet\u0151. Ez a 3D nyomtat\u00f3 a csendes alaplapnak k\u00f6sz\u00f6nhet\u0151en halkan m\u0171k\u00f6dik, \u00edgy zavartalanul dolgozhat vagy tanulhat. <\/span><\/p>\n<h2><strong>Hat\u00e9kony h\u0151elvezet\u00e9s \u00e9s egyenletes t\u00e1pl\u00e1l\u00e1s<\/strong><\/h2>\n<p><span style=\"font-weight: 400;\">A sug\u00e1rz\u00f3 fel\u00fcletet megn\u00f6vel\u0151, hull\u00e1mos h\u0171t\u0151bord\u00e1val az Ender 3 Neo hat\u00e9konyan h\u0171ti a k\u00e9sz\u00fcl\u00e9ket. Nagyobb er\u0151vel rendelkez\u0151, teljes f\u00e9m extruderrel b\u00fcszk\u00e9lkedhet, amely biztos\u00edtja a z\u00f6kken\u0151mentes filament adagol\u00e1st. Ezenk\u00edv\u00fcl a nyomtat\u00f3t \u00f6n\u00e1ll\u00f3an \u00f6sszeszerelheti vagy m\u00f3dos\u00edthatja, \u00edgy gyakorlatias bark\u00e1csol\u00e1si \u00e9lm\u00e9nyt ny\u00fajt. <\/span><\/p>\n<h2><strong>Robusztus \u00e9p\u00edt\u00e9si fel\u00fclet \u00e9s megb\u00edzhat\u00f3 nyomtat\u00e1s<\/strong><\/h2>\n<p><span style=\"font-weight: 400;\">A nyomtat\u00f3 tart\u00f3s karborundum \u00e9p\u00edt\u0151fel\u00fclettel rendelkezik, amely az egyenletes felmeleged\u00e9s biztos\u00edt\u00e1s\u00e1val hat\u00e9konyan cs\u00f6kkenti a vetemed\u00e9si probl\u00e9m\u00e1kat. Az \u00f6tv\u00f6z\u00f6tt ac\u00e9l formarug\u00f3k kiv\u00e1l\u00f3 platformt\u00e1maszt\u00e1st biztos\u00edtanak, ami stabil nyomtat\u00e1st biztos\u00edt. Ezenk\u00edv\u00fcl a nyomtat\u00e1s folytat\u00e1sa funkci\u00f3 n\u00f6veli a bizalmat, mivel lehet\u0151v\u00e9 teszi az adatr\u00f6gz\u00edt\u00e9st \u00e9s a nyomtat\u00e1s helyre\u00e1ll\u00edt\u00e1s\u00e1t \u00fczemzavar eset\u00e9n. <\/span><\/p>\n<p><iframe loading=\"lazy\" title=\"Ender 3 Neo 3D nyomtat\u00f3 teljes f\u00e9m extruder a sima adagol\u00e1shoz\" src=\"https:\/\/www.youtube.com\/embed\/UCL74WuLFnY\" width=\"1200\" height=\"675\" frameborder=\"0\" allowfullscreen=\"allowfullscreen\"><span data-mce-type=\"bookmark\" style=\"display: inline-block; width: 0px; overflow: hidden; line-height: 0;\" class=\"mce_SELRES_start\"><\/span><\/iframe><\/p>\n<h2><strong>Telep\u00edt\u00e9s<\/strong><\/h2>\n<p><span style=\"font-weight: 400;\">N\u00e9zze meg az al\u00e1bbi vide\u00f3n, hogyan kell telep\u00edteni a 3D nyomtat\u00f3t.<\/span><\/p>\n<h2><\/h2>\n<p><iframe loading=\"lazy\" title=\"Ender 3 Neo Unboxing\" src=\"https:\/\/www.youtube.com\/embed\/CqOPs0QTO6A\" width=\"900\" height=\"500\" frameborder=\"0\" allowfullscreen=\"allowfullscreen\"><\/iframe><\/p>\n","protected":false},"excerpt":{"rendered":"<p><b>Az Ender 3 Neo<\/b><span style=\"font-weight: 400;\"> a n\u00e9pszer\u0171 Ender 3 Pro friss\u00edtett v\u00e1ltozata. Megtartotta ugyanazt a v\u00e1zst\u00edlust \u00e9s Bowden extruder, de automatikus \u00e1gykiegyenl\u00edt\u00e9ssel, f\u00e9m extruderrel \u00e9s karborundum \u00fcveg\u00e1gyaz\u00e1ssal rendelkezik, nagyon kedvez\u0151 \u00e1ron. <\/span><\/p>\n","protected":false},"featured_media":59142,"comment_status":"closed","ping_status":"closed","template":"","meta":{"_acf_changed":false},"product_brand":[],"product_cat":[1677,2251,1678,1680,2250],"product_tag":[],"brand":[],"class_list":{"0":"post-59134","1":"product","2":"type-product","3":"status-publish","4":"has-post-thumbnail","6":"product_cat-3d-nyomtato","7":"product_cat-creality-hu","8":"product_cat-fdm-nyomtato","9":"product_cat-minden-3d-nyomtato","10":"product_cat-special-packs-hu","12":"first","13":"instock","14":"taxable","15":"shipping-taxable","16":"purchasable","17":"product-type-simple"},"acf":[],"_links":{"self":[{"href":"https:\/\/azurefilm.com\/hu\/wp-json\/wp\/v2\/product\/59134","targetHints":{"allow":["GET"]}}],"collection":[{"href":"https:\/\/azurefilm.com\/hu\/wp-json\/wp\/v2\/product"}],"about":[{"href":"https:\/\/azurefilm.com\/hu\/wp-json\/wp\/v2\/types\/product"}],"replies":[{"embeddable":true,"href":"https:\/\/azurefilm.com\/hu\/wp-json\/wp\/v2\/comments?post=59134"}],"wp:featuredmedia":[{"embeddable":true,"href":"https:\/\/azurefilm.com\/hu\/wp-json\/wp\/v2\/media\/59142"}],"wp:attachment":[{"href":"https:\/\/azurefilm.com\/hu\/wp-json\/wp\/v2\/media?parent=59134"}],"wp:term":[{"taxonomy":"product_brand","embeddable":true,"href":"https:\/\/azurefilm.com\/hu\/wp-json\/wp\/v2\/product_brand?post=59134"},{"taxonomy":"product_cat","embeddable":true,"href":"https:\/\/azurefilm.com\/hu\/wp-json\/wp\/v2\/product_cat?post=59134"},{"taxonomy":"product_tag","embeddable":true,"href":"https:\/\/azurefilm.com\/hu\/wp-json\/wp\/v2\/product_tag?post=59134"},{"taxonomy":"brand","embeddable":true,"href":"https:\/\/azurefilm.com\/hu\/wp-json\/wp\/v2\/brand?post=59134"}],"curies":[{"name":"wp","href":"https:\/\/api.w.org\/{rel}","templated":true}]}}