
{"id":59170,"date":"2023-10-29T14:13:35","date_gmt":"2023-10-29T14:13:35","guid":{"rendered":"https:\/\/azurefilm.com\/product\/petg-lumos-izzoszalas-holdfeny\/"},"modified":"2025-11-16T11:07:52","modified_gmt":"2025-11-16T11:07:52","slug":"petg-lumos-izzoszalas-holdfeny","status":"publish","type":"product","link":"https:\/\/azurefilm.com\/hu\/termek\/petg-lumos-izzoszalas-holdfeny\/","title":{"rendered":"PETG Lumos izz\u00f3sz\u00e1las holdf\u00e9ny"},"content":{"rendered":"<h2><b>PETG Lumos<\/b><\/h2>\n<p><span style=\"font-weight: 400;\">Bemutatjuk a PETG Lumos filamenteket, amelyek a nyomatok sz\u00e1m\u00e1ra egy <\/span><b>k\u00fcl\u00f6nleges f\u00e9ny\u00e1tereszt\u0151 hat\u00e1st<\/b><span style=\"font-weight: 400;\">. It lets you play with light in different ways by creating objects that glow when in contact with light. This means it&#8217;s perfect for creating lights, lamps, light decorations and more. PETG Lumos is solid, durable and <\/span><b>80\u00b0C-ig ellen\u00e1ll a h\u0151m\u00e9rs\u00e9kletnek<\/b><span style=\"font-weight: 400;\">. Try this <\/span><b>kezd\u0151bar\u00e1t<\/b><span style=\"font-weight: 400;\"> anyag a k\u00f6vetkez\u0151 vil\u00e1g\u00edt\u00f3 projektj\u00e9hez. <\/span><\/p>\n<h2><strong>PETG Lumos izz\u00f3sz\u00e1las holdf\u00e9ny<\/strong><\/h2>\n<p>K\u00e9sz\u00edtsen leny\u0171g\u00f6z\u0151 \u00e9s \u00e1tl\u00e1tsz\u00f3 3D nyomatokat a Hold ihlette PETG Lumos filament Moon Light seg\u00edts\u00e9g\u00e9vel.<\/p>\n<p><span style=\"font-weight: 400;\">Ha t\u00f6bbet szeretne megtudni a PETG sz\u00e1lakr\u00f3l, olvassa el <a href=\"https:\/\/azurefilm.com\/hu\/2023\/07\/10\/petg-szalak-minden-amit-tudnia-kell\/\" target=\"_blank\" rel=\"noopener\">blogunkat<\/a>. <\/span><\/p>\n<p><span style=\"font-weight: 400;\">Hozz\u00e1f\u00e9rhet a <\/span><b>M\u0171szaki adatlap<\/b><span style=\"font-weight: 400;\"><a href=\"https:\/\/azurefilm.com\/hu\/technical-data-sheets\/\" target=\"_blank\" rel=\"noopener\"> itt<\/a>.<\/span><\/p>\n<h3><strong>Nyomtat\u00e1si aj\u00e1nl\u00e1sok:<\/strong><\/h3>\n<ul>\n<li style=\"font-weight: 400;\" aria-level=\"1\"><span style=\"font-weight: 400;\">A legjobb eredm\u00e9ny \u00e9rdek\u00e9ben 220-240\u00b0C-on nyomtasson. <\/span><\/li>\n<li style=\"font-weight: 400;\" aria-level=\"1\"><span style=\"font-weight: 400;\">A nyomtat\u00f3asztal aj\u00e1nlott h\u0151m\u00e9rs\u00e9klete 80\u00b0C.<\/span><\/li>\n<li style=\"font-weight: 400;\" aria-level=\"1\"><span style=\"font-weight: 400;\">Haszn\u00e1ljon \u00fcveg\u00e1gyat, PEI lapot, Kapton vagy k\u00e9k szalagot az \u00e9p\u00edt\u00e9si platformhoz 3Dlac spray-vel.<\/span><\/li>\n<\/ul>\n<p><i><span style=\"font-weight: 400;\">*A k\u00fcl\u00f6nb\u00f6z\u0151 nyomtat\u00f3k haszn\u00e1lata eset\u00e9n az ide\u00e1lis h\u0151m\u00e9rs\u00e9klet elt\u00e9r\u0151 lehet.<\/span><\/i><\/p>\n","protected":false},"excerpt":{"rendered":"<p>K\u00e9sz\u00edtsen leny\u0171g\u00f6z\u0151 \u00e9s \u00e1tl\u00e1tsz\u00f3 3D nyomatokat a Hold ihlette PETG Lumos filament Moon Light seg\u00edts\u00e9g\u00e9vel.<\/p>\n","protected":false},"featured_media":109627,"comment_status":"closed","ping_status":"closed","template":"","meta":{"_acf_changed":false},"product_brand":[],"product_cat":[1686,1688,2550,2177],"product_tag":[],"brand":[267],"class_list":{"0":"post-59170","1":"product","2":"type-product","3":"status-publish","4":"has-post-thumbnail","6":"product_cat-3d-filmek","7":"product_cat-minden-film","8":"product_cat-petg-lumos-hu","9":"product_cat-petg-szalak","10":"pa_colour-white","11":"pa_filament-diameter-1-75mm","12":"pa_filament-weight-1000g","13":"brand-azurefilm","15":"first","16":"instock","17":"taxable","18":"shipping-taxable","19":"purchasable","20":"product-type-variable","21":"has-default-attributes"},"acf":[],"_links":{"self":[{"href":"https:\/\/azurefilm.com\/hu\/wp-json\/wp\/v2\/product\/59170","targetHints":{"allow":["GET"]}}],"collection":[{"href":"https:\/\/azurefilm.com\/hu\/wp-json\/wp\/v2\/product"}],"about":[{"href":"https:\/\/azurefilm.com\/hu\/wp-json\/wp\/v2\/types\/product"}],"replies":[{"embeddable":true,"href":"https:\/\/azurefilm.com\/hu\/wp-json\/wp\/v2\/comments?post=59170"}],"wp:featuredmedia":[{"embeddable":true,"href":"https:\/\/azurefilm.com\/hu\/wp-json\/wp\/v2\/media\/109627"}],"wp:attachment":[{"href":"https:\/\/azurefilm.com\/hu\/wp-json\/wp\/v2\/media?parent=59170"}],"wp:term":[{"taxonomy":"product_brand","embeddable":true,"href":"https:\/\/azurefilm.com\/hu\/wp-json\/wp\/v2\/product_brand?post=59170"},{"taxonomy":"product_cat","embeddable":true,"href":"https:\/\/azurefilm.com\/hu\/wp-json\/wp\/v2\/product_cat?post=59170"},{"taxonomy":"product_tag","embeddable":true,"href":"https:\/\/azurefilm.com\/hu\/wp-json\/wp\/v2\/product_tag?post=59170"},{"taxonomy":"brand","embeddable":true,"href":"https:\/\/azurefilm.com\/hu\/wp-json\/wp\/v2\/brand?post=59170"}],"curies":[{"name":"wp","href":"https:\/\/api.w.org\/{rel}","templated":true}]}}