
{"id":59185,"date":"2023-10-29T14:14:27","date_gmt":"2023-10-29T14:14:27","guid":{"rendered":"https:\/\/azurefilm.com\/product\/abs-plus-izzoszal-fekete\/"},"modified":"2025-08-22T11:21:51","modified_gmt":"2025-08-22T11:21:51","slug":"abs-plus-izzoszal-fekete","status":"publish","type":"product","link":"https:\/\/azurefilm.com\/hu\/termek\/abs-plus-izzoszal-fekete\/","title":{"rendered":"ABS PLUS izz\u00f3sz\u00e1l Fekete"},"content":{"rendered":"<h2><b>ABS PLUS sz\u00e1lak<\/b><\/h2>\n<p><span style=\"font-weight: 400;\">Az ABS PLUS sz\u00e1lak olyan technikai sz\u00e1lak, amelyek t\u00f6k\u00e9letesek olyan alkalmaz\u00e1sokhoz, amelyek megk\u00f6vetelik <\/span><b>ultra-nagy \u00fct\u00e9s\u00e1ll\u00f3s\u00e1g<\/b><span style=\"font-weight: 400;\"> \u00e9s <\/span><b>j\u00f3 h\u0151\u00e1ll\u00f3s\u00e1got<\/b><span style=\"font-weight: 400;\">. One of its benefits also includes <\/span><b>j\u00f3 rugalmass\u00e1g. <\/b><\/p>\n<p><span style=\"font-weight: 400;\">A PLUS a speci\u00e1lis adal\u00e9kanyagainkat jel\u00f6li, amelyek ezt az anyagot<\/span><b> m\u00e9g er\u0151sebb\u00e9 teszi, mint a hagyom\u00e1nyos ABS<\/b><span style=\"font-weight: 400;\">. The material withstands temperatures up to 85\u00b0C which makes it great for outdoor and technical applications. <\/span><\/p>\n<p><span style=\"font-weight: 400;\">Ez az anyag nyomtathat\u00f3 mell\u00e9kelt nyomtat\u00f3 n\u00e9lk\u00fcl is, de mi <\/span><b>er\u0151sen javasoljuk, hogy haszn\u00e1ljunk burkolatot vagy z\u00e1rt 3D nyomtat\u00f3t.<\/b><span style=\"font-weight: 400;\">.<\/span><\/p>\n<h2><strong>ABS PLUS izz\u00f3sz\u00e1l Fekete<\/strong><\/h2>\n<p>Legyen kreat\u00edv az er\u0151s, tart\u00f3s \u00e9s megb\u00edzhat\u00f3 ABS PLUS Fekete sz\u00e1lakkal.<\/p>\n<p><span style=\"font-weight: 400;\">Ha t\u00f6bbet szeretne megtudni az ABS-sz\u00e1lakr\u00f3l, olvassa el <a href=\"https:\/\/azurefilm.com\/hu\/2023\/07\/11\/abs-szalak-minden-amit-tudnia-kell\/\" target=\"_blank\" rel=\"noopener\">blogunkat<\/a>.<\/span> <span style=\"font-weight: 400;\"><br \/>\n<\/span><\/p>\n<p><span style=\"font-weight: 400;\">Hozz\u00e1f\u00e9rhet a <\/span><b>M\u0171szaki adatlap<\/b><span style=\"font-weight: 400;\"><a href=\"https:\/\/azurefilm.com\/hu\/technical-data-sheets\/\" target=\"_blank\" rel=\"noopener\"> itt<\/a>.<\/span><\/p>\n<h3><strong>Nyomtat\u00e1si aj\u00e1nl\u00e1sok:<\/strong><\/h3>\n<ul>\n<li style=\"font-weight: 400;\" aria-level=\"1\"><span style=\"font-weight: 400;\">A legjobb eredm\u00e9nyt 240-260\u00b0C-on nyomtatva \u00e9rheti el. <\/span><\/li>\n<li style=\"font-weight: 400;\" aria-level=\"1\"><span style=\"font-weight: 400;\">A nyomtat\u00f3asztal aj\u00e1nlott h\u0151m\u00e9rs\u00e9klete 90-120\u00b0C. Javasoljuk, hogy haszn\u00e1ljon z\u00e1rt vagy z\u00e1rt 3D nyomtat\u00f3t. <\/span><\/li>\n<li style=\"font-weight: 400;\" aria-level=\"1\"><span style=\"font-weight: 400;\">Haszn\u00e1ljon \u00fcveg\u00e1gyat, PEI lapot, Kapton vagy k\u00e9k szalagot az \u00e9p\u00edt\u00e9si platformhoz 3Dlac spray-vel.<\/span><\/li>\n<\/ul>\n<p><i><span style=\"font-weight: 400;\">*A k\u00fcl\u00f6nb\u00f6z\u0151 nyomtat\u00f3k haszn\u00e1lata eset\u00e9n az ide\u00e1lis h\u0151m\u00e9rs\u00e9klet elt\u00e9r\u0151 lehet.<\/span><\/i><\/p>\n","protected":false},"excerpt":{"rendered":"<p>Legyen kreat\u00edv az er\u0151s, tart\u00f3s \u00e9s megb\u00edzhat\u00f3 ABS PLUS Fekete sz\u00e1lakkal.<\/p>\n","protected":false},"featured_media":59187,"comment_status":"closed","ping_status":"closed","template":"","meta":{"_acf_changed":false},"product_brand":[],"product_cat":[2386,1686,2307,1688],"product_tag":[1691],"brand":[267],"class_list":{"0":"post-59185","1":"product","2":"type-product","3":"status-publish","4":"has-post-thumbnail","6":"product_cat-abs-plus-szalak","7":"product_cat-3d-filmek","8":"product_cat-abs-filaments-hu","9":"product_cat-minden-film","10":"product_tag-high-speed","11":"pa_colour-black","12":"pa_filament-diameter-1-75mm","13":"pa_filament-weight-10000g","14":"pa_filament-weight-1000g","15":"pa_filament-weight-5000g","16":"brand-azurefilm","18":"first","19":"instock","20":"taxable","21":"shipping-taxable","22":"purchasable","23":"product-type-variable","24":"has-default-attributes"},"acf":[],"_links":{"self":[{"href":"https:\/\/azurefilm.com\/hu\/wp-json\/wp\/v2\/product\/59185","targetHints":{"allow":["GET"]}}],"collection":[{"href":"https:\/\/azurefilm.com\/hu\/wp-json\/wp\/v2\/product"}],"about":[{"href":"https:\/\/azurefilm.com\/hu\/wp-json\/wp\/v2\/types\/product"}],"replies":[{"embeddable":true,"href":"https:\/\/azurefilm.com\/hu\/wp-json\/wp\/v2\/comments?post=59185"}],"wp:featuredmedia":[{"embeddable":true,"href":"https:\/\/azurefilm.com\/hu\/wp-json\/wp\/v2\/media\/59187"}],"wp:attachment":[{"href":"https:\/\/azurefilm.com\/hu\/wp-json\/wp\/v2\/media?parent=59185"}],"wp:term":[{"taxonomy":"product_brand","embeddable":true,"href":"https:\/\/azurefilm.com\/hu\/wp-json\/wp\/v2\/product_brand?post=59185"},{"taxonomy":"product_cat","embeddable":true,"href":"https:\/\/azurefilm.com\/hu\/wp-json\/wp\/v2\/product_cat?post=59185"},{"taxonomy":"product_tag","embeddable":true,"href":"https:\/\/azurefilm.com\/hu\/wp-json\/wp\/v2\/product_tag?post=59185"},{"taxonomy":"brand","embeddable":true,"href":"https:\/\/azurefilm.com\/hu\/wp-json\/wp\/v2\/brand?post=59185"}],"curies":[{"name":"wp","href":"https:\/\/api.w.org\/{rel}","templated":true}]}}