
{"id":59225,"date":"2023-10-29T14:14:48","date_gmt":"2023-10-29T14:14:48","guid":{"rendered":"https:\/\/azurefilm.com\/product\/cr-touch-automatikus-szintezo-keszlet\/"},"modified":"2023-10-29T14:14:48","modified_gmt":"2023-10-29T14:14:48","slug":"cr-touch-automatikus-szintezo-keszlet","status":"publish","type":"product","link":"https:\/\/azurefilm.com\/hu\/termek\/cr-touch-automatikus-szintezo-keszlet\/","title":{"rendered":"CR-Touch automatikus szintez\u0151 k\u00e9szlet"},"content":{"rendered":"<p>A CR-Touch a Creality \u00e1ltal kifejlesztett, a fejleszt\u0151k \u00e1ltal haszn\u00e1lt t\u00f6bb sz\u00e1zmilli\u00f3 felhaszn\u00e1l\u00f3i adaton alapul\u00f3 3D nyomtat\u00f3 platform kiegyenl\u00edt\u0151 megold\u00e1s. A hagyom\u00e1nyos automatikus kiegyenl\u00edt\u00e9shez k\u00e9pest t\u00f6bb 3D nyomtat\u00f3 platformmal kompatibilis, stabilabb \u00e9s megfizethet\u0151bb. <\/p>\n<h2><span style=\"text-decoration: underline;\"><strong>F\u0151bb jellemz\u0151k:<\/strong><\/span><\/h2>\n<h3><strong>T\u00f6bbpontos \u00e9rz\u00e9kel\u00e9s \u00e9s intelligens kiegyens\u00falyoz\u00e1s<\/strong><\/h3>\n<p>A CR-Touch szint\u00e9rz\u00e9kel\u0151 t\u00f6bbpontos \u00e9rz\u00e9kel\u00e9st v\u00e9gez a nyomtat\u00e1si platformon, \u00e9s r\u00f6gz\u00edti az egyes \u00e9rz\u00e9kel\u00e9si pontok magass\u00e1g\u00e1t. A rendszer az egyes pontok magass\u00e1ga alapj\u00e1n l\u00e9trehoz egy virtu\u00e1lis s\u00edkot, \u00e9s kisz\u00e1m\u00edtja a f\u00fav\u00f3ka \u00e9s a lemez k\u00f6z\u00f6tti d\u0151l\u00e9ssz\u00f6get, hogy automatikusan kompenz\u00e1lja a k\u00fcl\u00f6nb\u00f6z\u0151 pontokat. <\/p>\n<h3><strong>Hossz\u00fa \u00e9lettartam\u00fa min\u0151s\u00e9g<\/strong><\/h3>\n<p>A kiv\u00e1l\u00f3 min\u0151s\u00e9g biztos\u00edtja a hossz\u00fa, t\u00f6bb mint 100 000 alkalmaz\u00e1st meghalad\u00f3 \u00e9lettartamot.<\/p>\n<h3><strong>Tart\u00f3sabb f\u00e9mszond\u00e1k<\/strong><\/h3>\n<p>A CR-Touch f\u00e9mszond\u00e1val rendelkezik, amely cs\u00f6kkenti a kop\u00e1st \u00e9s jelent\u0151sen meghosszabb\u00edtja az \u00e9lettartamot.<\/p>\n<h3><strong>Kompatibilis modellek<\/strong><\/h3>\n<p>Ender-3\/Ender-3 pro\/Ender-3 V2\/Ender-3 MAX\/Ender-5\/Ender-5 pro\/CR-10 4.2.2\/4.2.7 alaplapokkal<\/p>\n<h3><strong>Nagy pontoss\u00e1g\u00fa elektrom\u00e1gneses alkatr\u00e9szek \u00e9s fotoelektromos \u00e9rz\u00e9kel\u0151<\/strong><\/h3>\n<p>Az elektrom\u00e1gneses komponens bekapcsol\u00e1sa ut\u00e1n a szonda sz\u00edv. Amikor a szonda meg\u00e9rinti a nyomtat\u00e1si platformot, az \u00e1ramk\u00f6r\u00f6n l\u00e9v\u0151 fotoelektromos \u00e9rz\u00e9kel\u0151 \u00e9rz\u00e9keli az \u00e9rintkez\u00e9si jelet, \u00e9s a rendszer r\u00f6gz\u00edti az aktu\u00e1lis platformmagass\u00e1got. Csak a 4.2.2.2 vagy 4.2.7 alaplap\u00fa, 32 bites alaplappal rendelkez\u0151 3D nyomtat\u00f3kra vonatkozik. A szint\u00e9rz\u00e9kel\u0151 a k\u00f6vetkez\u0151 munkaplatform-fel\u00fcleteken haszn\u00e1lhat\u00f3: <\/p>\n<ul>\n<li>PEI<\/li>\n<li>\u00dcveg<\/li>\n<li>F\u00e9m<\/li>\n<li>M\u00e1gneses munkalapok<\/li>\n<li>Karborundum \u00fcveg<\/li>\n<\/ul>\n<h3><strong>K\u00f6nnyen telep\u00edthet\u0151 \u00e9s haszn\u00e1lhat\u00f3<\/strong><\/h3>\n<p>T\u00f6ltse le a CR-Touch programot a Creality hivatalos weboldal\u00e1r\u00f3l, \u00e9s m\u00e1solja a TF \/ SD k\u00e1rty\u00e1ra. Helyezze a k\u00e1rty\u00e1t k\u00f6zvetlen\u00fcl a 3D nyomtat\u00f3 k\u00e1rtyahely\u00e9be. A programot a bekapcsol\u00e1s ut\u00e1n friss\u00edtheti.  <\/p>\n<p><iframe loading=\"lazy\" class=\"allowed-iframe\" src=\"https:\/\/www.youtube.com\/embed\/HqzQ-OH9bQk\" width=\"900\" height=\"500\"><\/iframe><\/p>\n","protected":false},"excerpt":{"rendered":"<p><strong>CR-Touch automatikus szintez\u0151k\u00e9szlet<\/strong> t\u00f6bbpontos \u00e9rz\u00e9kel\u00e9ssel, intelligens kiegyens\u00falyoz\u00e1ssal, tart\u00f3s min\u0151s\u00e9ggel \u00e9s nagyfok\u00fa kompatibilit\u00e1ssal az eszk\u00f6z\u00f6kkel.<\/p>\n","protected":false},"featured_media":59227,"comment_status":"closed","ping_status":"closed","template":"","meta":{"_acf_changed":false},"product_brand":[],"product_cat":[2224,2221],"product_tag":[],"brand":[],"class_list":{"0":"post-59225","1":"product","2":"type-product","3":"status-publish","4":"has-post-thumbnail","6":"product_cat-minden-potalkatresz","7":"product_cat-potalkatreszek","9":"first","10":"outofstock","11":"taxable","12":"shipping-taxable","13":"purchasable","14":"product-type-simple"},"acf":[],"_links":{"self":[{"href":"https:\/\/azurefilm.com\/hu\/wp-json\/wp\/v2\/product\/59225","targetHints":{"allow":["GET"]}}],"collection":[{"href":"https:\/\/azurefilm.com\/hu\/wp-json\/wp\/v2\/product"}],"about":[{"href":"https:\/\/azurefilm.com\/hu\/wp-json\/wp\/v2\/types\/product"}],"replies":[{"embeddable":true,"href":"https:\/\/azurefilm.com\/hu\/wp-json\/wp\/v2\/comments?post=59225"}],"wp:featuredmedia":[{"embeddable":true,"href":"https:\/\/azurefilm.com\/hu\/wp-json\/wp\/v2\/media\/59227"}],"wp:attachment":[{"href":"https:\/\/azurefilm.com\/hu\/wp-json\/wp\/v2\/media?parent=59225"}],"wp:term":[{"taxonomy":"product_brand","embeddable":true,"href":"https:\/\/azurefilm.com\/hu\/wp-json\/wp\/v2\/product_brand?post=59225"},{"taxonomy":"product_cat","embeddable":true,"href":"https:\/\/azurefilm.com\/hu\/wp-json\/wp\/v2\/product_cat?post=59225"},{"taxonomy":"product_tag","embeddable":true,"href":"https:\/\/azurefilm.com\/hu\/wp-json\/wp\/v2\/product_tag?post=59225"},{"taxonomy":"brand","embeddable":true,"href":"https:\/\/azurefilm.com\/hu\/wp-json\/wp\/v2\/brand?post=59225"}],"curies":[{"name":"wp","href":"https:\/\/api.w.org\/{rel}","templated":true}]}}