
{"id":59234,"date":"2023-10-29T14:17:44","date_gmt":"2023-10-29T14:17:44","guid":{"rendered":"https:\/\/azurefilm.com\/product\/creality-cr-5060-pro\/"},"modified":"2023-10-29T14:17:44","modified_gmt":"2023-10-29T14:17:44","slug":"creality-cr-5060-pro","status":"publish","type":"product","link":"https:\/\/azurefilm.com\/hu\/termek\/creality-cr-5060-pro\/","title":{"rendered":"Creality CR-5060 Pro"},"content":{"rendered":"<p><span style=\"font-weight: 400;\">A Creality CR-5060 Pro 3D nyomtat\u00f3t \u00fagy tervezt\u00e9k, hogy megk\u00f6nny\u00edtse a nagym\u00e9ret\u0171 3D modellek l\u00e9trehoz\u00e1s\u00e1t. Az 500x500x600 mm-es t\u00e1gas munkater\u00fclettel rendelkez\u0151 nyomtat\u00f3 z\u00e1rt munkakamr\u00e1t k\u00edn\u00e1l, amely egyenletes h\u0151m\u00e9rs\u00e9kletet tart fenn a prec\u00edz nyomtat\u00e1shoz. A CR-5060 Pro egy robusztus keretben kapott helyet, amelynek m\u00e9retei 905x800x1150mm. K\u00f6nny\u0171 hozz\u00e1f\u00e9r\u00e9st biztos\u00edt a f\u0171t\u0151asztalhoz egy el\u00fcls\u0151 ajt\u00f3n \u00e9s egy fels\u0151 sz\u00e1rnyon kereszt\u00fcl, valamint egy biztons\u00e1gos filamenttekercs-r\u00f6gz\u00edt\u0151n kereszt\u00fcl. A sz\u00e1ll\u00edt\u00e1sra alkalmas kerekekkel felszerelt term\u00e9k a CR-5060 modell tov\u00e1bbfejlesztett v\u00e1ltozata.    <\/span><\/p>\n<h2><strong>Robusztus XY tengelyszerkezet<\/strong><\/h2>\n<p><span style=\"font-weight: 400;\">A CR-5060 Pro a H-profilon alapul\u00f3 XY-tengelyes konstrukci\u00f3t alkalmaz, ami n\u00f6veli a stabilit\u00e1st \u00e9s a nyomtat\u00e1si hat\u00e9konys\u00e1got, ami k\u00fcl\u00f6n\u00f6sen a nagy nyomtat\u00e1si m\u00e9retekn\u00e9l kritikus. A HIWIN cs\u00fasz\u00f3s\u00ednek tov\u00e1bb hozz\u00e1j\u00e1rulnak a kiv\u00e1l\u00f3 nyomtat\u00e1si min\u0151s\u00e9ghez. <\/span><\/p>\n<h2><strong>Innovat\u00edv extruder kialak\u00edt\u00e1s<\/strong><\/h2>\n<p><span style=\"font-weight: 400;\">Az innovat\u00edv sz\u00e1ladagol\u00f3 rendszer \u00f6tv\u00f6zi a Bowden- \u00e9s a Titan-rendszerek el\u0151nyeit, biztos\u00edtva a sima \u00e9s pontos anyagmozgat\u00e1st.<\/span><\/p>\n<h2><strong>Ipari min\u0151s\u00e9g\u0171 hotend<\/strong><\/h2>\n<p><span style=\"font-weight: 400;\">A CR-5060 Pro olyan forr\u00f3fejes kialak\u00edt\u00e1ssal rendelkezik, amely cs\u00f6kkenti a f\u00fav\u00f3ka elt\u00f6m\u0151d\u00e9s\u00e9t, mik\u00f6zben gyorsan el\u00e9ri a 300\u00b0C-os maxim\u00e1lis \u00fczemi h\u0151m\u00e9rs\u00e9kletet.<\/span><\/p>\n<h2><strong>Carborundum \u00fcveg munkaasztal<\/strong><\/h2>\n<p><span style=\"font-weight: 400;\">A nyomtat\u00f3asztal fel\u00fclete karborundum\u00fcveggel van bevonva, ami jav\u00edtja a kezdeti nyomtat\u00e1si r\u00e9tegek tapad\u00e1s\u00e1t \u00e9s megk\u00f6nny\u00edti a k\u00e9sz nyomatok k\u00f6nny\u0171 elt\u00e1vol\u00edt\u00e1s\u00e1t. A be\u00e9p\u00edtett BL-Touch \u00e9rz\u00e9kel\u0151 \u00e9s a platform alj\u00e1n tal\u00e1lhat\u00f3 felhaszn\u00e1l\u00f3bar\u00e1t gombok egyszer\u0171s\u00edtik az \u00e1gy kiegyenl\u00edt\u00e9s\u00e9t. A meleg\u00e1gy maxim\u00e1lis \u00fczemi h\u0151m\u00e9rs\u00e9klete 110\u00b0C.  <\/span><\/p>\n<h2><strong>Nagym\u00e9ret\u0171 modell nyomtat\u00e1si k\u00e9pess\u00e9g<\/strong><\/h2>\n<p><span style=\"font-weight: 400;\">Az 500x500x600 mm-es hatalmas munkater\u00fclettel a CR-5060 Pro lehet\u0151v\u00e9 teszi bonyolult, nagym\u00e9ret\u0171 3D modellek l\u00e9trehoz\u00e1s\u00e1t.<\/span><\/p>\n<h2><strong>M\u0171szaki r\u00e9szletek:<\/strong><\/h2>\n<ul>\n<li style=\"font-weight: 400;\" aria-level=\"1\"><span style=\"font-weight: 400;\">M\u00e9retek: m\u00e9ret: 905x800x1150mm<\/span><\/li>\n<li style=\"font-weight: 400;\" aria-level=\"1\"><span style=\"font-weight: 400;\">T\u00e1mogatott sz\u00e1lak: PLASZTIK, ABSZ, TPU, PETG<\/span><\/li>\n<li style=\"font-weight: 400;\" aria-level=\"1\"><span style=\"font-weight: 400;\">F\u00fav\u00f3ka \u00e1tm\u00e9r\u0151: 0,4mm (opci\u00f3k: 0,2 \/ 0,3 \/ 0,6 \/ 0,8mm)<\/span><\/li>\n<li style=\"font-weight: 400;\" aria-level=\"1\"><span style=\"font-weight: 400;\">K\u00f6zleked\u00e9si k\u00e9nyelem: Kerekekkel felszerelve a k\u00f6nny\u0171 mozgat\u00e1shoz<\/span><\/li>\n<li style=\"font-weight: 400;\" aria-level=\"1\"><span style=\"font-weight: 400;\">Automatikus nyomtat\u00f3 \u00fajraind\u00edt\u00e1s funkci\u00f3 \u00e1ramkimarad\u00e1s ut\u00e1n<\/span><\/li>\n<li style=\"font-weight: 400;\" aria-level=\"1\"><span style=\"font-weight: 400;\">Filc\u00e9rz\u00e9kel\u0151 az anyagmegszak\u00edt\u00e1sok vagy a kimer\u00fcl\u00e9s ellen\u0151rz\u00e9s\u00e9hez<\/span><\/li>\n<li style=\"font-weight: 400;\" aria-level=\"1\"><span style=\"font-weight: 400;\">Intelligens sz\u00e1lt\u00f6lt\u0151 rendszer az egyszer\u0171 \u00fajrat\u00f6lt\u00e9shez<\/span><\/li>\n<li style=\"font-weight: 400;\" aria-level=\"1\"><span style=\"font-weight: 400;\">Felhaszn\u00e1l\u00f3bar\u00e1t 7&#8243;-os \u00e9rint\u0151k\u00e9perny\u0151s kijelz\u0151<\/span><\/li>\n<li style=\"font-weight: 400;\" aria-level=\"1\"><span style=\"font-weight: 400;\">Sz\u0171r\u0151rendszer kett\u0151s ventil\u00e1torral a h\u00e1ts\u00f3 r\u00e9szen<\/span><\/li>\n<li style=\"font-weight: 400;\" aria-level=\"1\"><span style=\"font-weight: 400;\">Megvil\u00e1g\u00edtott munkakamra<\/span><\/li>\n<li style=\"font-weight: 400;\" aria-level=\"1\"><span style=\"font-weight: 400;\">Stabil g\u00f6rg\u0151k a nyomtat\u00f3 k\u00f6nnyed sz\u00e1ll\u00edt\u00e1s\u00e1hoz<\/span><\/li>\n<\/ul>\n","protected":false},"excerpt":{"rendered":"<p>A <strong>Creality CR-5060 Pro<\/strong> egy 3D nyomtat\u00f3, amely t\u00f6k\u00e9letesen alkalmas nagym\u00e9ret\u0171 3D modellek k\u00e9sz\u00edt\u00e9s\u00e9re m\u0171szaki sz\u00e1lakkal professzion\u00e1lis \u00e9s ipari felhaszn\u00e1l\u00e1sra.<\/p>\n","protected":false},"featured_media":59236,"comment_status":"closed","ping_status":"closed","template":"","meta":{"_acf_changed":false},"product_brand":[],"product_cat":[1677,2251,1678,1680,2245],"product_tag":[],"brand":[],"class_list":{"0":"post-59234","1":"product","2":"type-product","3":"status-publish","4":"has-post-thumbnail","6":"product_cat-3d-nyomtato","7":"product_cat-creality-hu","8":"product_cat-fdm-nyomtato","9":"product_cat-minden-3d-nyomtato","10":"product_cat-professzionalis-3d-nyomtatok","12":"first","13":"outofstock","14":"taxable","15":"shipping-taxable","16":"purchasable","17":"product-type-simple"},"acf":[],"_links":{"self":[{"href":"https:\/\/azurefilm.com\/hu\/wp-json\/wp\/v2\/product\/59234","targetHints":{"allow":["GET"]}}],"collection":[{"href":"https:\/\/azurefilm.com\/hu\/wp-json\/wp\/v2\/product"}],"about":[{"href":"https:\/\/azurefilm.com\/hu\/wp-json\/wp\/v2\/types\/product"}],"replies":[{"embeddable":true,"href":"https:\/\/azurefilm.com\/hu\/wp-json\/wp\/v2\/comments?post=59234"}],"wp:featuredmedia":[{"embeddable":true,"href":"https:\/\/azurefilm.com\/hu\/wp-json\/wp\/v2\/media\/59236"}],"wp:attachment":[{"href":"https:\/\/azurefilm.com\/hu\/wp-json\/wp\/v2\/media?parent=59234"}],"wp:term":[{"taxonomy":"product_brand","embeddable":true,"href":"https:\/\/azurefilm.com\/hu\/wp-json\/wp\/v2\/product_brand?post=59234"},{"taxonomy":"product_cat","embeddable":true,"href":"https:\/\/azurefilm.com\/hu\/wp-json\/wp\/v2\/product_cat?post=59234"},{"taxonomy":"product_tag","embeddable":true,"href":"https:\/\/azurefilm.com\/hu\/wp-json\/wp\/v2\/product_tag?post=59234"},{"taxonomy":"brand","embeddable":true,"href":"https:\/\/azurefilm.com\/hu\/wp-json\/wp\/v2\/brand?post=59234"}],"curies":[{"name":"wp","href":"https:\/\/api.w.org\/{rel}","templated":true}]}}