
{"id":59235,"date":"2023-10-29T14:14:48","date_gmt":"2023-10-29T14:14:48","guid":{"rendered":"https:\/\/azurefilm.com\/product\/netac-micro-sd-tf-usb-8gb-sd\/"},"modified":"2023-10-29T14:14:48","modified_gmt":"2023-10-29T14:14:48","slug":"netac-micro-sd-tf-usb-8gb-sd","status":"publish","type":"product","link":"https:\/\/azurefilm.com\/hu\/termek\/netac-micro-sd-tf-usb-8gb-sd\/","title":{"rendered":"Netac Micro SD TF USB (8GB SD)"},"content":{"rendered":"<h2>A Netac Micro SD TF USB kulcs specifik\u00e1ci\u00f3i:<\/h2>\n<ul>\n<li>Netac Micro SD\/TF<\/li>\n<li>USB kulcs<\/li>\n<li>8GB<\/li>\n<li>Micro SD mem\u00f3riak\u00e1rtya<\/li>\n<li>Creality nyomtat\u00f3khoz.<\/li>\n<\/ul>\n","protected":false},"excerpt":{"rendered":"<p>Netac Micro SD TF USB kulcs + 8GB micro SD mem\u00f3riak\u00e1rtya Creality nyomtat\u00f3khoz.<\/p>\n","protected":false},"featured_media":59241,"comment_status":"closed","ping_status":"closed","template":"","meta":{"_acf_changed":false},"product_brand":[],"product_cat":[2238,1679,2224,2221],"product_tag":[],"brand":[],"class_list":{"0":"post-59235","1":"product","2":"type-product","3":"status-publish","4":"has-post-thumbnail","6":"product_cat-egyeb-tetelek","7":"product_cat-elado","8":"product_cat-minden-potalkatresz","9":"product_cat-potalkatreszek","11":"first","12":"instock","13":"sale","14":"taxable","15":"shipping-taxable","16":"purchasable","17":"product-type-simple"},"acf":[],"_links":{"self":[{"href":"https:\/\/azurefilm.com\/hu\/wp-json\/wp\/v2\/product\/59235","targetHints":{"allow":["GET"]}}],"collection":[{"href":"https:\/\/azurefilm.com\/hu\/wp-json\/wp\/v2\/product"}],"about":[{"href":"https:\/\/azurefilm.com\/hu\/wp-json\/wp\/v2\/types\/product"}],"replies":[{"embeddable":true,"href":"https:\/\/azurefilm.com\/hu\/wp-json\/wp\/v2\/comments?post=59235"}],"wp:featuredmedia":[{"embeddable":true,"href":"https:\/\/azurefilm.com\/hu\/wp-json\/wp\/v2\/media\/59241"}],"wp:attachment":[{"href":"https:\/\/azurefilm.com\/hu\/wp-json\/wp\/v2\/media?parent=59235"}],"wp:term":[{"taxonomy":"product_brand","embeddable":true,"href":"https:\/\/azurefilm.com\/hu\/wp-json\/wp\/v2\/product_brand?post=59235"},{"taxonomy":"product_cat","embeddable":true,"href":"https:\/\/azurefilm.com\/hu\/wp-json\/wp\/v2\/product_cat?post=59235"},{"taxonomy":"product_tag","embeddable":true,"href":"https:\/\/azurefilm.com\/hu\/wp-json\/wp\/v2\/product_tag?post=59235"},{"taxonomy":"brand","embeddable":true,"href":"https:\/\/azurefilm.com\/hu\/wp-json\/wp\/v2\/brand?post=59235"}],"curies":[{"name":"wp","href":"https:\/\/api.w.org\/{rel}","templated":true}]}}