
{"id":59242,"date":"2023-10-29T14:14:48","date_gmt":"2023-10-29T14:14:48","guid":{"rendered":"https:\/\/azurefilm.com\/product\/3d-nyomtatas-befejezo-eszkozok\/"},"modified":"2023-10-29T14:14:48","modified_gmt":"2023-10-29T14:14:48","slug":"3d-nyomtatas-befejezo-eszkozok","status":"publish","type":"product","link":"https:\/\/azurefilm.com\/hu\/termek\/3d-nyomtatas-befejezo-eszkozok\/","title":{"rendered":"3D nyomtat\u00e1s befejez\u0151 eszk\u00f6z\u00f6k"},"content":{"rendered":"<h2>Jellemz\u0151k:<\/h2>\n<ul>\n<li>A 3D nyomtat\u00e1s befejez\u0151 eszk\u00f6zei elengedhetetlenek minden 3D nyomtat\u00e1si szakember \u00e9s hobbista sz\u00e1m\u00e1ra, hogy seg\u00edtsenek megoldani a modellen l\u00e9v\u0151 durva foltokat, \u00e9s sim\u00e1bb\u00e1 \u00e9s finomabb\u00e1 tegy\u00e9k a modellt.<\/li>\n<li>Az ergonomikus kialak\u00edt\u00e1s \u00fagy k\u00e9sz\u00fclt, hogy a pontos precizit\u00e1s \u00e9rdek\u00e9ben k\u00e9nyelmes legyen a k\u00e9zben.<\/li>\n<li>A 3D nyomtat\u00e1si retus\u00e1l\u00e1si feladatok sz\u00e9les sk\u00e1l\u00e1j\u00e1ra tervezt\u00e9k, t\u00f6bbek k\u00f6z\u00f6tt a hordoz\u00f3anyag elt\u00e1vol\u00edt\u00e1s\u00e1t\u00f3l \u00e9s a r\u00e9teghib\u00e1k finom\u00edt\u00e1s\u00e1t\u00f3l kezdve a nyomtat\u00e1si fel\u00fcletek \u00f6sszemos\u00e1s\u00e1n \u00e1t a h\u00e9zagok kit\u00f6lt\u00e9s\u00e9ig.<\/li>\n<\/ul>\n<h2>Csomaglista:<\/h2>\n<ul>\n<li>1x modell csiszol\u00f3 k\u00e9szlet<\/li>\n<li>1x Xacto k\u00e9s<\/li>\n<li>5x tartal\u00e9k penge<\/li>\n<li>2x Pol\u00edroz\u00f3 cs\u00edk<\/li>\n<li>3x Sarl\u00f3s k\u00e9s<\/li>\n<li>1x modell szepar\u00e1tor<\/li>\n<li>1x t\u0171toll<\/li>\n<li>2x csipesz<\/li>\n<li>1x Mini oll\u00f3<\/li>\n<li>1x vonalz\u00f3<\/li>\n<\/ul>\n","protected":false},"excerpt":{"rendered":"<p>3D nyomtat\u00e1s befejez\u0151 eszk\u00f6z\u00f6k, amelyek n\u00e9lk\u00fcl\u00f6zhetetlenek minden 3D nyomtat\u00e1ssal foglalkoz\u00f3 szakember \u00e9s hobbist\u00e1nak, hogy seg\u00edtsenek sima \u00e9s finom modelleket k\u00e9sz\u00edteni.<\/p>\n","protected":false},"featured_media":59243,"comment_status":"closed","ping_status":"closed","template":"","meta":{"_acf_changed":false},"product_brand":[],"product_cat":[1679,2224,2221,2237],"product_tag":[],"brand":[],"class_list":{"0":"post-59242","1":"product","2":"type-product","3":"status-publish","4":"has-post-thumbnail","6":"product_cat-elado","7":"product_cat-minden-potalkatresz","8":"product_cat-potalkatreszek","9":"product_cat-szerszerek","11":"first","12":"instock","13":"sale","14":"taxable","15":"shipping-taxable","16":"purchasable","17":"product-type-simple"},"acf":[],"_links":{"self":[{"href":"https:\/\/azurefilm.com\/hu\/wp-json\/wp\/v2\/product\/59242","targetHints":{"allow":["GET"]}}],"collection":[{"href":"https:\/\/azurefilm.com\/hu\/wp-json\/wp\/v2\/product"}],"about":[{"href":"https:\/\/azurefilm.com\/hu\/wp-json\/wp\/v2\/types\/product"}],"replies":[{"embeddable":true,"href":"https:\/\/azurefilm.com\/hu\/wp-json\/wp\/v2\/comments?post=59242"}],"wp:featuredmedia":[{"embeddable":true,"href":"https:\/\/azurefilm.com\/hu\/wp-json\/wp\/v2\/media\/59243"}],"wp:attachment":[{"href":"https:\/\/azurefilm.com\/hu\/wp-json\/wp\/v2\/media?parent=59242"}],"wp:term":[{"taxonomy":"product_brand","embeddable":true,"href":"https:\/\/azurefilm.com\/hu\/wp-json\/wp\/v2\/product_brand?post=59242"},{"taxonomy":"product_cat","embeddable":true,"href":"https:\/\/azurefilm.com\/hu\/wp-json\/wp\/v2\/product_cat?post=59242"},{"taxonomy":"product_tag","embeddable":true,"href":"https:\/\/azurefilm.com\/hu\/wp-json\/wp\/v2\/product_tag?post=59242"},{"taxonomy":"brand","embeddable":true,"href":"https:\/\/azurefilm.com\/hu\/wp-json\/wp\/v2\/brand?post=59242"}],"curies":[{"name":"wp","href":"https:\/\/api.w.org\/{rel}","templated":true}]}}