
{"id":59251,"date":"2023-10-29T14:17:44","date_gmt":"2023-10-29T14:17:44","guid":{"rendered":"https:\/\/azurefilm.com\/product\/creality-cr-scan-gyik\/"},"modified":"2023-10-29T14:17:44","modified_gmt":"2023-10-29T14:17:44","slug":"creality-cr-scan-gyik","status":"publish","type":"product","link":"https:\/\/azurefilm.com\/hu\/termek\/creality-cr-scan-gyik\/","title":{"rendered":"Creality CR-Scan gy\u00edk"},"content":{"rendered":"<h2 style=\"text-align: left;\"><strong>F\u0151bb jellemz\u0151k:  <\/strong><\/h2>\n<h3 style=\"text-align: left;\"><strong>1. Ultra-nagy pontoss\u00e1g<\/strong><\/h3>\n<p style=\"text-align: left;\">A Creality CR-Scan Lizard kis t\u00e1rgyak \u00e9s protot\u00edpusok m\u00e9ly, nehezen el\u00e9rhet\u0151 r\u00e9szleteket tartalmaz\u00f3 szkennel\u00e9s\u00e9re k\u00e9pes. A t\u00e1vcs\u0151vel tervezett 3D-szkenner a tov\u00e1bbfejlesztett prec\u00edzi\u00f3s kalibr\u00e1ci\u00f3s m\u00f3dszerrel megval\u00f3s\u00edtott, ak\u00e1r 0,05 mm-es professzion\u00e1lis pontoss\u00e1ggal rendelkezik. 3D pontt\u00e1vols\u00e1ga 0,1 mm \u00e9s 0,2 mm k\u00f6z\u00f6tt mozog, a szkennelt t\u00e1rgy minim\u00e1lis szkennel\u00e9si m\u00e9rete 15 mm.  <\/p>\n<h3 style=\"text-align: left;\"><strong>2. \u00daj szoftver<\/strong><\/h3>\n<p style=\"text-align: left;\">A Creality kifejlesztette a 3D teljes automatiz\u00e1l\u00e1si algoritmusok integr\u00e1ci\u00f3j\u00e1t, amely lehet\u0151v\u00e9 teszi a modell optimaliz\u00e1l\u00e1s\u00e1t egyetlen kattint\u00e1ssal. T\u00e1mogatja a t\u00f6bbpoz\u00edci\u00f3s automatikus igaz\u00edt\u00e1st, az automatikus zajelt\u00e1vol\u00edt\u00e1st, az automatikus modell egyszer\u0171s\u00edtett topol\u00f3gi\u00e1j\u00e1t, az automatikus lyukkit\u00f6lt\u00e9st, az automatikus text\u00fara lek\u00e9pez\u00e9st \u00e9s m\u00e9g sok m\u00e1st. A Creality rendszeresen ellen\u0151rzi a szoftvert \u00e9s kijav\u00edtja a hib\u00e1kat, r\u00e1ad\u00e1sul minden friss\u00edt\u00e9s ingyenes lesz.  <\/p>\n<h3 style=\"text-align: left;\"><strong>3. Feh\u00e9r vagy fekete szkennel\u00e9s<\/strong><\/h3>\n<p style=\"text-align: left;\">A beolvasott objektum &#8220;feket\u00e9je&#8221; vagy &#8220;f\u00e9nyess\u00e9ge&#8221; t\u00f6bb\u00e9 nem jelent probl\u00e9m\u00e1t. A Creality CR-Scan Lizard k\u00f6nnyed\u00e9n beolvassa a fekete t\u00e1rgyakat, \u00e9s m\u00e9g er\u0151s napf\u00e9nyben is kiv\u00e1l\u00f3an teljes\u00edt. A k\u00fcl\u00f6nbs\u00e9g a CR-Scan 01-hez k\u00e9pest az, hogy a 01-es verzi\u00f3 szab\u00e1lyozza a f\u00e9nyer\u0151t, \u00e9s a szkennel\u00e9st belt\u00e9rben kell v\u00e9gezni, speci\u00e1lis f\u00e9nyviszonyok mellett. A Lizard ezzel szemben egy nagy pontoss\u00e1g\u00fa binokul\u00e1ris kamerarendszerrel rendelkezik, saj\u00e1t fejleszt\u00e9s\u0171, t\u00f6bb spektrum\u00fa optikai rendszerrel, ami jelent\u0151sen jav\u00edtja a f\u00e9nyviszonyokhoz val\u00f3 alkalmazkod\u00f3k\u00e9pess\u00e9get, \u00edgy t\u00f6bb p\u00e1szt\u00e1z\u00e1si c\u00e9lpontot is k\u00e9pes letapogatni. \u00cdgy m\u00e9g a k\u00fclt\u00e9ri p\u00e1szt\u00e1z\u00e1s is k\u00f6nny\u0171 \u00e9s sz\u00f3rakoztat\u00f3 feladatt\u00e1 v\u00e1lik.    <\/p>\n<h3 style=\"text-align: left;\"><strong>4. T\u00f6bb \u00fczemm\u00f3d\u00fa p\u00e1szt\u00e1z\u00e1s<\/strong><\/h3>\n<p style=\"text-align: left;\">A CR-Scan 01-hez hasonl\u00f3an a Creality CR-Scan Lizard is k\u00fcl\u00f6nb\u00f6z\u0151 szkennel\u00e9si m\u00f3dokat k\u00edn\u00e1l, amelyek a k\u00fcl\u00f6nb\u00f6z\u0151 k\u00f6r\u00fclm\u00e9nyekt\u0151l f\u00fcggnek. A CR-Scan Lizard 15 mm &#8211; 1500 mm-es t\u00e1rgyak beolvas\u00e1s\u00e1ra alkalmas h\u00e1rom beolvas\u00e1si m\u00f3ddal: forg\u00f3asztalos beolvas\u00e1s, k\u00e9zi beolvas\u00e1s \u00e9s k\u00e9zi plusz forg\u00f3asztalos beolvas\u00e1s. Fontos jellemz\u0151je, hogy a k\u00e9zi szkennel\u00e9sr\u0151l gond n\u00e9lk\u00fcl \u00e1t lehet v\u00e1ltani a forg\u00f3asztalos szkennel\u00e9sre. A kombin\u00e1lt \u00fczemm\u00f3d t\u00f6k\u00e9letes 300 mm \u00e9s 500 mm k\u00f6z\u00f6tti t\u00e1rgyak, p\u00e9ld\u00e1ul szobrok, kisebb t\u00e1rgyak, p\u00e9ld\u00e1ul v\u00e1z\u00e1k beolvas\u00e1s\u00e1hoz, a k\u00e9zi rugalmass\u00e1got az intelligens forg\u00f3asztalos beolvas\u00e1shoz hozz\u00e1adva. Ha nagyobb t\u00e1rgyakat kell szkennelnie, p\u00e9ld\u00e1ul motorh\u00e1ztet\u0151t \u00e9s b\u00fatorokat, akkor az 500 mm \u00e9s 1500 mm k\u00f6z\u00f6tti t\u00e1rgyak szkennel\u00e9s\u00e9re alkalmas k\u00e9zi \u00fczemm\u00f3d a legjobb v\u00e1laszt\u00e1s, mivel elegend\u0151 szabads\u00e1got \u00e9s kreat\u00edv lehet\u0151s\u00e9geket biztos\u00edt.    <\/p>\n<h3 style=\"text-align: left;\"><strong>5. Csatlakoz\u00e1si lehet\u0151s\u00e9gek<\/strong><\/h3>\n<p style=\"text-align: left;\">A Creality 3D szkenner \u00e9s 3D nyomtat\u00f3 el\u0151nye a <strong>Creality Cloud<\/strong>, mivel a 3D modell felt\u00f6lthet\u0151 az adatb\u00e1zisba (Creality Cloud), a szeletel\u00e9s \u00e9s a 3D nyomtat\u00e1s pedig egyetlen kattint\u00e1ssal elv\u00e9gezhet\u0151. Megoszthatja a 3D modellj\u00e9t a Creality APP-on is. \u00cdgy interakci\u00f3ba l\u00e9phet \u00e9s megoszthatja a 3D-s sz\u00f3rakoz\u00e1st bar\u00e1taival \u00e9s m\u00e1s k\u00e9sz\u00edt\u0151kkel.  <\/p>\n<h3 style=\"text-align: left;\"><strong>6. HD sz\u00ednrestaur\u00e1l\u00e1s<\/strong><\/h3>\n<p style=\"text-align: left;\">A VR, a 3D renderel\u00e9s, a j\u00e1t\u00e9kok \u00e9s a j\u00f6v\u0151ben megval\u00f3sul\u00f3 sz\u00ednes 3D nyomtat\u00e1s ig\u00e9nyeinek kiel\u00e9g\u00edt\u00e9s\u00e9re a Creality CR-Scan Lizard p\u00e1ros\u00edthat\u00f3 a sz\u00ednk\u00e9szlettel, \u00e9s t\u00e1mogatja a sz\u00ednes text\u00far\u00e1k mobiltelefonokkal vagy DSLR kamer\u00e1kkal t\u00f6rt\u00e9n\u0151 felv\u00e9tel\u00e9t. Ezt k\u00f6vet\u0151en az automatiz\u00e1l\u00e1si szoftveren kereszt\u00fcl egyetlen kattint\u00e1ssal automatikusan hozz\u00e1rendeli a sz\u00edneket a modellekhez a teljes sz\u00ednhelyre\u00e1ll\u00edt\u00e1shoz. A f\u00e1jl OBJ form\u00e1tumban export\u00e1l\u00f3dik, \u00e9l\u00e9nk 3D modelleket hozva. A felhaszn\u00e1l\u00f3k sz\u00e1m\u00e1ra lehet\u0151s\u00e9get biztos\u00edt arra, hogy sz\u00ednnel vagy an\u00e9lk\u00fcl, \u00e9s a j\u00f6v\u0151ben a Creality elmondta, hogy ezt a funkci\u00f3t tov\u00e1bbfejlesztik, hogy t\u00f6bb szkennel\u00e9si m\u00e9retre is k\u00e9pes legyen.   <\/p>\n<h3 style=\"text-align: left;\"><strong>7. Hordozhat\u00f3 \u00e9s k\u00f6nnyen szkennelhet\u0151 a szabadban<\/strong><\/h3>\n<p style=\"text-align: left;\">Az USB-s t\u00f6lt\u00e9s mellett a Crealitys Lizard kompatibilis egy k\u00fcl\u00f6n megv\u00e1s\u00e1rolhat\u00f3 hordozhat\u00f3 t\u00f6lt\u0151vel, amely lehet\u0151v\u00e9 teszi a k\u00e9sz\u00edt\u0151k sz\u00e1m\u00e1ra, hogy kivigy\u00e9k a szabadba, \u00e9s b\u00e1rhol megpr\u00f3b\u00e1ljanak csod\u00e1latos t\u00e1rgyakat r\u00f6gz\u00edteni. Ez a funkci\u00f3 teszi igaz\u00e1n \u00e9l\u0151v\u00e9 \u00e9s akt\u00edvv\u00e1 a hordozhat\u00f3s\u00e1g funkci\u00f3j\u00e1t.<\/p>\n","protected":false},"excerpt":{"rendered":"<p style=\"text-align: left;\">A <strong>Creality CR-Scan Lizard<\/strong> ak\u00e1r 0,05 mm pontoss\u00e1g\u00fa. Egyszer\u0171 haszn\u00e1lat\u00e1nak k\u00f6sz\u00f6nhet\u0151en a 3D szkenner kezd\u0151k sz\u00e1m\u00e1ra is alkalmas. <\/p>\n","protected":false},"featured_media":59266,"comment_status":"closed","ping_status":"closed","template":"","meta":{"_acf_changed":false},"product_brand":[],"product_cat":[2262,1679,2224,2221],"product_tag":[],"brand":[],"class_list":{"0":"post-59251","1":"product","2":"type-product","3":"status-publish","4":"has-post-thumbnail","6":"product_cat-3d-szkenner","7":"product_cat-elado","8":"product_cat-minden-potalkatresz","9":"product_cat-potalkatreszek","11":"first","12":"onbackorder","13":"sale","14":"taxable","15":"shipping-taxable","16":"purchasable","17":"product-type-simple"},"acf":[],"_links":{"self":[{"href":"https:\/\/azurefilm.com\/hu\/wp-json\/wp\/v2\/product\/59251","targetHints":{"allow":["GET"]}}],"collection":[{"href":"https:\/\/azurefilm.com\/hu\/wp-json\/wp\/v2\/product"}],"about":[{"href":"https:\/\/azurefilm.com\/hu\/wp-json\/wp\/v2\/types\/product"}],"replies":[{"embeddable":true,"href":"https:\/\/azurefilm.com\/hu\/wp-json\/wp\/v2\/comments?post=59251"}],"wp:featuredmedia":[{"embeddable":true,"href":"https:\/\/azurefilm.com\/hu\/wp-json\/wp\/v2\/media\/59266"}],"wp:attachment":[{"href":"https:\/\/azurefilm.com\/hu\/wp-json\/wp\/v2\/media?parent=59251"}],"wp:term":[{"taxonomy":"product_brand","embeddable":true,"href":"https:\/\/azurefilm.com\/hu\/wp-json\/wp\/v2\/product_brand?post=59251"},{"taxonomy":"product_cat","embeddable":true,"href":"https:\/\/azurefilm.com\/hu\/wp-json\/wp\/v2\/product_cat?post=59251"},{"taxonomy":"product_tag","embeddable":true,"href":"https:\/\/azurefilm.com\/hu\/wp-json\/wp\/v2\/product_tag?post=59251"},{"taxonomy":"brand","embeddable":true,"href":"https:\/\/azurefilm.com\/hu\/wp-json\/wp\/v2\/brand?post=59251"}],"curies":[{"name":"wp","href":"https:\/\/api.w.org\/{rel}","templated":true}]}}