
{"id":59271,"date":"2023-10-29T14:17:44","date_gmt":"2023-10-29T14:17:44","guid":{"rendered":"https:\/\/azurefilm.com\/product\/fagyasztott-sonic-xl-4k\/"},"modified":"2023-10-29T14:17:44","modified_gmt":"2023-10-29T14:17:44","slug":"fagyasztott-sonic-xl-4k","status":"publish","type":"product","link":"https:\/\/azurefilm.com\/hu\/termek\/fagyasztott-sonic-xl-4k\/","title":{"rendered":"Fagyasztott Sonic XL 4K"},"content":{"rendered":"<p><span style=\"font-weight: 400;\">A Phrozen Sonic XL 4K kifejezetten a fogorvosok sz\u00e1m\u00e1ra k\u00e9sz\u00fclt, t\u00e1gas \u00e9p\u00edt\u0151lemezt \u00e9s 4K felbont\u00e1st k\u00edn\u00e1l a prec\u00edz fog\u00e1szati modellek hat\u00e9kony el\u0151\u00e1ll\u00edt\u00e1s\u00e1hoz.<\/span><\/p>\n<h2><strong>\u00c1tfog\u00f3 fog\u00e1szati megold\u00e1s<\/strong><\/h2>\n<p><span style=\"font-weight: 400;\">Ez a fog\u00e1szati 3D nyomtat\u00f3 tartalmazza a Phrozen Dental Synergy Slicer szoftvert, amely intuit\u00edv kezel\u0151fel\u00fclettel biztos\u00edtja a z\u00f6kken\u0151mentes integr\u00e1ci\u00f3t.<\/span><\/p>\n<h2><strong>H\u0151m\u00e9rs\u00e9klet-szab\u00e1lyoz\u00e1s a k\u00f6vetkezetess\u00e9g \u00e9rdek\u00e9ben<\/strong><\/h2>\n<p><span style=\"font-weight: 400;\">A bels\u0151 f\u0171t\u0151berendez\u00e9ssel felszerelt Sonic XL 4K a teljes nyomtat\u00e1si ter\u00fclet felmeleg\u00edt\u00e9s\u00e9vel biztos\u00edtja az egyenletes nyomtat\u00e1si k\u00f6rnyezetet, megel\u0151zve a nyomtat\u00e1si hib\u00e1kat alacsony k\u00f6rnyezeti h\u0151m\u00e9rs\u00e9kleten. V\u00e1lasszon a 30\u00b0C vagy 35\u00b0C-os be\u00e1ll\u00edt\u00e1sok k\u00f6z\u00fcl a megb\u00edzhat\u00f3, kiv\u00e1l\u00f3 min\u0151s\u00e9g\u0171 3D modellekhez. <\/span><\/p>\n<h2><strong>Gyantaf\u00fcst kezel\u00e9se<\/strong><\/h2>\n<p><span style=\"font-weight: 400;\">A nyomtat\u00f3 innovat\u00edv l\u00e9gtiszt\u00edt\u00f3 rendszerrel rendelkezik, amely hat\u00e9konyan t\u00e1vol\u00edtja el a gyantaf\u00fcst\u00f6t, jav\u00edtva a 3D nyomtat\u00e1s \u00e1ltal\u00e1nos \u00e9lm\u00e9ny\u00e9t.<\/span><\/p>\n<h2><strong>Eszk\u00f6zt\u00e1r a be\u00e1ll\u00edt\u00e1shoz \u00e9s karbantart\u00e1shoz<\/strong><\/h2>\n<p><span style=\"font-weight: 400;\">A csomagban tal\u00e1lhat\u00f3 egy szersz\u00e1mk\u00e9szlet, amely tartalmazza a Phrozen Sonic XL 4K kezdeti be\u00e1ll\u00edt\u00e1s\u00e1hoz sz\u00fcks\u00e9ges eszk\u00f6z\u00f6ket, valamint a k\u00e9sz\u00fcl\u00e9k folyamatos karbantart\u00e1s\u00e1hoz sz\u00fcks\u00e9ges eszk\u00f6z\u00f6ket.<\/span><\/p>\n<h2><strong>M\u0171szaki r\u00e9szletek:<\/strong><\/h2>\n<ul>\n<li style=\"font-weight: 400;\" aria-level=\"1\"><span style=\"font-weight: 400;\">Csatlakoztathat\u00f3s\u00e1g: USB, Ethernet, WIFI<\/span><\/li>\n<li style=\"font-weight: 400;\" aria-level=\"1\"><span style=\"font-weight: 400;\">Megjelen\u00edt\u00e9s: Sz\u00ednes \u00e9rint\u0151k\u00e9perny\u0151<\/span><\/li>\n<li style=\"font-weight: 400;\" aria-level=\"1\"><span style=\"font-weight: 400;\">Gy\u00e1rt\u00f3: Phrozen<\/span><\/li>\n<li style=\"font-weight: 400;\" aria-level=\"1\"><span style=\"font-weight: 400;\">Gy\u00e1rt\u00f3 orsz\u00e1g: Taiwan<\/span><\/li>\n<li style=\"font-weight: 400;\" aria-level=\"1\"><span style=\"font-weight: 400;\">Oper\u00e1ci\u00f3s rendszer(ek): Windows, Mac<\/span><\/li>\n<li style=\"font-weight: 400;\" aria-level=\"1\"><span style=\"font-weight: 400;\">K\u00fcls\u0151 m\u00e9retek: 290x330x470mm<\/span><\/li>\n<li style=\"font-weight: 400;\" aria-level=\"1\"><span style=\"font-weight: 400;\">Nyomtat\u00e1si sebess\u00e9g: 90mm\/h<\/span><\/li>\n<li style=\"font-weight: 400;\" aria-level=\"1\"><span style=\"font-weight: 400;\">Nyomtathat\u00f3 anyag(ok): 405 nm-es foly\u00e9kony gyanta<\/span><\/li>\n<li style=\"font-weight: 400;\" aria-level=\"1\"><span style=\"font-weight: 400;\">Szeletel\u00e9s: Phrozen 3D, Phrozen Dental Synergy szeletel\u0151 (DS Slicer)<\/span><\/li>\n<li style=\"font-weight: 400;\" aria-level=\"1\"><span style=\"font-weight: 400;\">S\u00faly: 17,2 kg<\/span><\/li>\n<li style=\"font-weight: 400;\" aria-level=\"1\"><span style=\"font-weight: 400;\">\u00c9p\u00edt\u00e9si t\u00e9rfogat: 125x200x200mm<\/span><\/li>\n<li style=\"font-weight: 400;\" aria-level=\"1\"><span style=\"font-weight: 400;\">Minim\u00e1lis r\u00e9tegmagass\u00e1g: 10 mikron<\/span><\/li>\n<li style=\"font-weight: 400;\" aria-level=\"1\"><span style=\"font-weight: 400;\">Technol\u00f3gia: LCD<\/span><\/li>\n<\/ul>\n","protected":false},"excerpt":{"rendered":"<p>A <strong>Phrozen Sonic XL 4K<\/strong> t\u00e1gas \u00e9p\u00edt\u0151lemezzel rendelkezik, \u00e9s nagy mennyis\u00e9g\u0171, prec\u00edz fog\u00e1szati modell 4K felbont\u00e1sban t\u00f6rt\u00e9n\u0151 kinyomtat\u00e1s\u00e1ra alkalmas.<\/p>\n","protected":false},"featured_media":59272,"comment_status":"closed","ping_status":"closed","template":"","meta":{"_acf_changed":false},"product_brand":[],"product_cat":[1677,2355,1680,2354],"product_tag":[],"brand":[],"class_list":{"0":"post-59271","1":"product","2":"type-product","3":"status-publish","4":"has-post-thumbnail","6":"product_cat-3d-nyomtato","7":"product_cat-fagyasztott-gyanta-nyomtatok","8":"product_cat-minden-3d-nyomtato","9":"product_cat-resin-nyomtato","11":"first","12":"outofstock","13":"taxable","14":"shipping-taxable","15":"purchasable","16":"product-type-simple"},"acf":[],"_links":{"self":[{"href":"https:\/\/azurefilm.com\/hu\/wp-json\/wp\/v2\/product\/59271","targetHints":{"allow":["GET"]}}],"collection":[{"href":"https:\/\/azurefilm.com\/hu\/wp-json\/wp\/v2\/product"}],"about":[{"href":"https:\/\/azurefilm.com\/hu\/wp-json\/wp\/v2\/types\/product"}],"replies":[{"embeddable":true,"href":"https:\/\/azurefilm.com\/hu\/wp-json\/wp\/v2\/comments?post=59271"}],"wp:featuredmedia":[{"embeddable":true,"href":"https:\/\/azurefilm.com\/hu\/wp-json\/wp\/v2\/media\/59272"}],"wp:attachment":[{"href":"https:\/\/azurefilm.com\/hu\/wp-json\/wp\/v2\/media?parent=59271"}],"wp:term":[{"taxonomy":"product_brand","embeddable":true,"href":"https:\/\/azurefilm.com\/hu\/wp-json\/wp\/v2\/product_brand?post=59271"},{"taxonomy":"product_cat","embeddable":true,"href":"https:\/\/azurefilm.com\/hu\/wp-json\/wp\/v2\/product_cat?post=59271"},{"taxonomy":"product_tag","embeddable":true,"href":"https:\/\/azurefilm.com\/hu\/wp-json\/wp\/v2\/product_tag?post=59271"},{"taxonomy":"brand","embeddable":true,"href":"https:\/\/azurefilm.com\/hu\/wp-json\/wp\/v2\/brand?post=59271"}],"curies":[{"name":"wp","href":"https:\/\/api.w.org\/{rel}","templated":true}]}}