
{"id":59290,"date":"2023-10-29T14:20:10","date_gmt":"2023-10-29T14:20:10","guid":{"rendered":"https:\/\/azurefilm.com\/product\/szenszalas-paht-szal\/"},"modified":"2025-08-22T11:22:15","modified_gmt":"2025-08-22T11:22:15","slug":"szenszalas-paht-szal","status":"publish","type":"product","link":"https:\/\/azurefilm.com\/hu\/termek\/szenszalas-paht-szal\/","title":{"rendered":"Sz\u00e9nsz\u00e1las PAHT sz\u00e1l"},"content":{"rendered":"<h2><b>Sz\u00e9nsz\u00e1las PAHT sz\u00e1lak<\/b><\/h2>\n<p><span style=\"font-weight: 400;\">A sz\u00e9nsz\u00e1las PAHT sz\u00e1lak olyan nejlon- \u00e9s sz\u00e9nsz\u00e1lakat tartalmaznak, amelyek 3D nyomtat\u00e1sra alkalmasak. Ezek a sz\u00e1lak mechanikai tulajdons\u00e1gaik miatt n\u00e9pszer\u0171ek, mint p\u00e9ld\u00e1ul <\/span><b>kiv\u00e1l\u00f3 kop\u00e1s\u00e1ll\u00f3s\u00e1g, j\u00f3 k\u00e9miai \u00e9s \u00fct\u00e9s\u00e1ll\u00f3s\u00e1g, nagy szil\u00e1rds\u00e1g \u00e9s merevs\u00e9g<\/b><span style=\"font-weight: 400;\">. Carbon Fiber PAHT allows <\/span><b>folyamatos haszn\u00e1lat 160\u00b0C-ig <\/b><span style=\"font-weight: 400;\">(max. 200 \u00f3ra). <\/span><\/p>\n<p><span style=\"font-weight: 400;\">Tulajdons\u00e1gainak k\u00f6sz\u00f6nhet\u0151en a sz\u00e9nsz\u00e1las PAHT sz\u00e1mos k\u00fcl\u00f6nb\u00f6z\u0151 alkalmaz\u00e1sban haszn\u00e1lhat\u00f3, mint p\u00e9ld\u00e1ul funkcion\u00e1lis protot\u00edpusok, r\u00f6gz\u00edt\u00e9sek \u00e9s szersz\u00e1mok, kompozit \u00f6nt\u0151form\u00e1k, k\u00f6nny\u0171 alkatr\u00e9szek, magas h\u0151m\u00e9rs\u00e9klet\u0171 k\u00f6rnyezetben \u00e9s stressznek kitett alkatr\u00e9szek.<\/span><\/p>\n<p><span style=\"font-weight: 400;\">Mivel a sz\u00e1lak vastags\u00e1ga 0,4 mm \u00e9s 0,6 mm k\u00f6z\u00f6tt v\u00e1ltozik, javasoljuk, hogy haszn\u00e1ljon egy <\/span><b>kop\u00e1s\u00e1ll\u00f3 0,6 mm-es f\u00fav\u00f3k\u00e1t aj\u00e1nlunk.<\/b><span style=\"font-weight: 400;\">. Carbon Fiber PAHT can be printed without an enclosed printer but we <\/span><b>a jobb eredm\u00e9nyek \u00e9rdek\u00e9ben javasoljuk, hogy haszn\u00e1ljon burkolatot vagy z\u00e1rt 3D nyomtat\u00f3t.<\/b><span style=\"font-weight: 400;\">.<\/span><\/p>\n<h3><strong>Sz\u00e9nsz\u00e1las PAHT sz\u00e1l<\/strong><\/h3>\n<p>Pr\u00f3b\u00e1lja ki a nagy teljes\u00edtm\u00e9ny\u0171 nyomtat\u00e1shoz \u00e9s vonz\u00f3 matt fekete mint\u00e1k l\u00e9trehoz\u00e1s\u00e1hoz tervezett sz\u00e9nsz\u00e1las PAHT sz\u00e1lunkat.<\/p>\n<p><span style=\"font-weight: 400;\">Ha t\u00f6bbet szeretne megtudni a sz\u00e9nsz\u00e1las PAHT sz\u00e1lakr\u00f3l, olvassa el <a href=\"https:\/\/azurefilm.com\/hu\/2023\/07\/26\/szenszalas-szalak-minden-amit-tudnia-kell\/\">blogunkat<\/a>. <\/span><span style=\"font-weight: 400;\"><br \/>\n<\/span><\/p>\n<p><span style=\"font-weight: 400;\">Hozz\u00e1f\u00e9rhet a <\/span><b>M\u0171szaki adatlap<\/b><span style=\"font-weight: 400;\"><a href=\"https:\/\/azurefilm.com\/hu\/technical-data-sheets\/\"> itt<\/a>.<\/span><\/p>\n<h3><strong>Nyomtat\u00e1si aj\u00e1nl\u00e1sok:<\/strong><\/h3>\n<ul>\n<li style=\"font-weight: 400;\" aria-level=\"1\"><span style=\"font-weight: 400;\">A legjobb eredm\u00e9nyt 270-290\u00b0C-on nyomtatva \u00e9rheti el. <\/span><\/li>\n<li style=\"font-weight: 400;\" aria-level=\"1\"><span style=\"font-weight: 400;\">A nyomtat\u00f3asztal aj\u00e1nlott h\u0151m\u00e9rs\u00e9klete 90-120 \u00b0C. <\/span><\/li>\n<li style=\"font-weight: 400;\" aria-level=\"1\"><span style=\"font-weight: 400;\">Haszn\u00e1ljon \u00fcveg\u00e1gyat, Kapton vagy k\u00e9k szalagot az \u00e9p\u00edt\u00e9si platformhoz Dimafix spray-vel.<\/span><\/li>\n<li style=\"font-weight: 400;\" aria-level=\"1\"><span style=\"font-weight: 400;\">Javasoljuk, hogy legal\u00e1bb 0,6 mm-es kop\u00e1s\u00e1ll\u00f3 f\u00fav\u00f3k\u00e1t haszn\u00e1ljon.<\/span><\/li>\n<\/ul>\n<p><i><span style=\"font-weight: 400;\">*A k\u00fcl\u00f6nb\u00f6z\u0151 nyomtat\u00f3k haszn\u00e1lata eset\u00e9n az ide\u00e1lis h\u0151m\u00e9rs\u00e9klet elt\u00e9r\u0151 lehet.<\/span><\/i><\/p>\n<h3><strong>Tov\u00e1bbi k\u00f6vetelm\u00e9nyek a sz\u00e9nsz\u00e1las PAHT sz\u00e1lakkal val\u00f3 munk\u00e1hoz:<\/strong><\/h3>\n<ul>\n<li style=\"font-weight: 400;\" aria-level=\"1\"><span style=\"font-weight: 400;\">F\u0171t\u00f6tt nyomtat\u00f3\u00e1gy<\/span><\/li>\n<li style=\"font-weight: 400;\" aria-level=\"1\"><span style=\"font-weight: 400;\">Edzett f\u00fav\u00f3ka &#8211; A koptat\u00f3szerkezet miatt az izz\u00f3sz\u00e1l r\u00f6vid id\u0151 alatt elhaszn\u00e1lja a szabv\u00e1nyos s\u00e1rgar\u00e9z f\u00fav\u00f3k\u00e1t. Ehhez a t\u00edpus\u00fa sz\u00e1lhoz kop\u00e1s\u00e1ll\u00f3 f\u00fav\u00f3k\u00e1ra van sz\u00fcks\u00e9g. Mivel az ilyen t\u00edpus\u00fa f\u00fav\u00f3k\u00e1k \u00e1ltal\u00e1ban kev\u00e9sb\u00e9 vezet\u0151k\u00e9pesek, mint a standard f\u00fav\u00f3k\u00e1k, \u00e1ltal\u00e1ban magasabb extruderi h\u0151m\u00e9rs\u00e9klet aj\u00e1nlott. <\/span><\/li>\n<li style=\"font-weight: 400;\" aria-level=\"1\"><span style=\"font-weight: 400;\">A f\u0171t\u00f6tt sz\u00e1lak kamr\u00e1ja opcion\u00e1lis, de a legjobb term\u00e9kmin\u0151s\u00e9g \u00e9rdek\u00e9ben javasoljuk, hogy a sz\u00e1lakat mindig sz\u00e1raz helyen tartsa.<\/span><\/li>\n<li style=\"font-weight: 400;\" aria-level=\"1\"><span style=\"font-weight: 400;\">Z\u00e1rt k\u00f6rnyezet &#8211; A k\u00f6vetkezetesen ellen\u0151rz\u00f6tt k\u00f6rnyezet biztos\u00edt\u00e1sa nem k\u00f6telez\u0151, de er\u0151sen aj\u00e1nlott. <\/span><\/li>\n<\/ul>\n","protected":false},"excerpt":{"rendered":"<p>Pr\u00f3b\u00e1lja ki a nagy teljes\u00edtm\u00e9ny\u0171 nyomtat\u00e1shoz \u00e9s vonz\u00f3 matt fekete mint\u00e1k l\u00e9trehoz\u00e1s\u00e1hoz tervezett sz\u00e9nsz\u00e1las PAHT sz\u00e1lunkat.<\/p>\n","protected":false},"featured_media":59291,"comment_status":"closed","ping_status":"closed","template":"","meta":{"_acf_changed":false},"product_brand":[],"product_cat":[1686,1679,1688,2551,2391],"product_tag":[],"brand":[267],"class_list":{"0":"post-59290","1":"product","2":"type-product","3":"status-publish","4":"has-post-thumbnail","6":"product_cat-3d-filmek","7":"product_cat-elado","8":"product_cat-minden-film","9":"product_cat-szenszalas-paht","10":"product_cat-szenszalas-szalak","11":"pa_colour-black","12":"pa_filament-diameter-1-75mm","13":"pa_filament-diameter-2-85mm","14":"pa_filament-weight-500g","15":"pa_filament-weight-750g","16":"brand-azurefilm","18":"first","19":"instock","20":"sale","21":"taxable","22":"shipping-taxable","23":"purchasable","24":"product-type-variable","25":"has-default-attributes"},"acf":[],"_links":{"self":[{"href":"https:\/\/azurefilm.com\/hu\/wp-json\/wp\/v2\/product\/59290","targetHints":{"allow":["GET"]}}],"collection":[{"href":"https:\/\/azurefilm.com\/hu\/wp-json\/wp\/v2\/product"}],"about":[{"href":"https:\/\/azurefilm.com\/hu\/wp-json\/wp\/v2\/types\/product"}],"replies":[{"embeddable":true,"href":"https:\/\/azurefilm.com\/hu\/wp-json\/wp\/v2\/comments?post=59290"}],"wp:featuredmedia":[{"embeddable":true,"href":"https:\/\/azurefilm.com\/hu\/wp-json\/wp\/v2\/media\/59291"}],"wp:attachment":[{"href":"https:\/\/azurefilm.com\/hu\/wp-json\/wp\/v2\/media?parent=59290"}],"wp:term":[{"taxonomy":"product_brand","embeddable":true,"href":"https:\/\/azurefilm.com\/hu\/wp-json\/wp\/v2\/product_brand?post=59290"},{"taxonomy":"product_cat","embeddable":true,"href":"https:\/\/azurefilm.com\/hu\/wp-json\/wp\/v2\/product_cat?post=59290"},{"taxonomy":"product_tag","embeddable":true,"href":"https:\/\/azurefilm.com\/hu\/wp-json\/wp\/v2\/product_tag?post=59290"},{"taxonomy":"brand","embeddable":true,"href":"https:\/\/azurefilm.com\/hu\/wp-json\/wp\/v2\/brand?post=59290"}],"curies":[{"name":"wp","href":"https:\/\/api.w.org\/{rel}","templated":true}]}}