
{"id":59325,"date":"2023-10-29T14:09:41","date_gmt":"2023-10-29T14:09:41","guid":{"rendered":"https:\/\/azurefilm.com\/product\/pla-pearl-filament-lila\/"},"modified":"2025-08-22T11:22:39","modified_gmt":"2025-08-22T11:22:39","slug":"pla-pearl-filament-lila","status":"publish","type":"product","link":"https:\/\/azurefilm.com\/hu\/termek\/pla-pearl-filament-lila\/","title":{"rendered":"PLA Pearl filament lila"},"content":{"rendered":"<h2><b>PLA Pearl<\/b><\/h2>\n<p><span style=\"font-weight: 400;\">A PLA Pearl sz\u00e1lak ugyanolyanok, mint a PLA Original sz\u00e1lak, csak tov\u00e1bbfejlesztve egy <\/span><b>egyedi, kifinomult csill\u00e1mok kever\u00e9k\u00e9vel <\/b> <span style=\"font-weight: 400;\">amelyek gy\u00f6ny\u00f6r\u0171 gy\u00f6ngyh\u00e1zf\u00e9ny\u0171v\u00e9 teszik a nyomatokat. Ez az anyag nagyon <\/span><b>k\u00f6nny\u0171 vele dolgozni<\/b><span style=\"font-weight: 400;\"> ami nagyszer\u0171v\u00e9 teszi a kezd\u0151k sz\u00e1m\u00e1ra, \u00e9s <\/span><b>konzisztens eredm\u00e9nyeket<\/b><span style=\"font-weight: 400;\">. <\/span><\/p>\n<h2><strong>PLA Pearl filament lila<\/strong><\/h2>\n<p>Emelje fel 3D nyomatainak sz\u00ednvonal\u00e1t, \u00e9s adjon nekik egyfajta kir\u00e1lyi, hatalmi \u00e9s ambici\u00f3zus \u00e9rz\u00e9st a PLA Pearl filamentummal Purple.<\/p>\n<p><span style=\"font-weight: 400;\">Ha t\u00f6bbet szeretne megtudni a PLA sz\u00e1lakr\u00f3l, olvassa el <a href=\"https:\/\/azurefilm.com\/hu\/2023\/07\/04\/pla-szalak-minden-amit-tudnia-kell\/\" target=\"_blank\" rel=\"noopener\">blogunkat<\/a>. <\/span><\/p>\n<p><span style=\"font-weight: 400;\">Hozz\u00e1f\u00e9rhet a <\/span><b>M\u0171szaki adatlap<\/b><span style=\"font-weight: 400;\"><a href=\"https:\/\/azurefilm.com\/hu\/technical-data-sheets\/\" target=\"_blank\" rel=\"noopener\"> itt<\/a>.<\/span><\/p>\n<p><span style=\"font-weight: 400;\">Nyomtat\u00e1si aj\u00e1nl\u00e1sok:<\/span><\/p>\n<ul>\n<li style=\"font-weight: 400;\" aria-level=\"1\"><span style=\"font-weight: 400;\">A legjobb eredm\u00e9ny \u00e9rdek\u00e9ben 200-230\u00b0C-on nyomtasson. <\/span><\/li>\n<li style=\"font-weight: 400;\" aria-level=\"1\"><span style=\"font-weight: 400;\">A nyomtat\u00f3asztal aj\u00e1nlott h\u0151m\u00e9rs\u00e9klete 60\u00b0C.<\/span><\/li>\n<li style=\"font-weight: 400;\" aria-level=\"1\"><span style=\"font-weight: 400;\">Haszn\u00e1ljon \u00fcveg\u00e1gyat, PEI lapot, Kapton vagy k\u00e9k szalagot az \u00e9p\u00edt\u00e9si platformhoz 3Dlac spray-vel.<\/span><\/li>\n<\/ul>\n<p><i><span style=\"font-weight: 400;\">*A k\u00fcl\u00f6nb\u00f6z\u0151 nyomtat\u00f3k haszn\u00e1lata eset\u00e9n az ide\u00e1lis h\u0151m\u00e9rs\u00e9klet elt\u00e9r\u0151 lehet.<\/span><\/i><\/p>\n","protected":false},"excerpt":{"rendered":"<p>Emelje fel 3D nyomatainak sz\u00ednvonal\u00e1t, \u00e9s adjon nekik egyfajta kir\u00e1lyi, hatalmi \u00e9s ambici\u00f3zus \u00e9rz\u00e9st a PLA Pearl filamentummal Purple.<\/p>\n","protected":false},"featured_media":113808,"comment_status":"closed","ping_status":"closed","template":"","meta":{"_acf_changed":false},"product_brand":[],"product_cat":[2406,1686,1688,1687],"product_tag":[],"brand":[],"class_list":{"0":"post-59325","1":"product","2":"type-product","3":"status-publish","4":"has-post-thumbnail","6":"product_cat-pla-pearl-hu","7":"product_cat-3d-filmek","8":"product_cat-minden-film","9":"product_cat-pla-szalak","10":"pa_colour-purple","11":"pa_filament-diameter-1-75mm","12":"pa_filament-weight-1000g","14":"first","15":"instock","16":"taxable","17":"shipping-taxable","18":"purchasable","19":"product-type-variable","20":"has-default-attributes"},"acf":[],"_links":{"self":[{"href":"https:\/\/azurefilm.com\/hu\/wp-json\/wp\/v2\/product\/59325","targetHints":{"allow":["GET"]}}],"collection":[{"href":"https:\/\/azurefilm.com\/hu\/wp-json\/wp\/v2\/product"}],"about":[{"href":"https:\/\/azurefilm.com\/hu\/wp-json\/wp\/v2\/types\/product"}],"replies":[{"embeddable":true,"href":"https:\/\/azurefilm.com\/hu\/wp-json\/wp\/v2\/comments?post=59325"}],"wp:featuredmedia":[{"embeddable":true,"href":"https:\/\/azurefilm.com\/hu\/wp-json\/wp\/v2\/media\/113808"}],"wp:attachment":[{"href":"https:\/\/azurefilm.com\/hu\/wp-json\/wp\/v2\/media?parent=59325"}],"wp:term":[{"taxonomy":"product_brand","embeddable":true,"href":"https:\/\/azurefilm.com\/hu\/wp-json\/wp\/v2\/product_brand?post=59325"},{"taxonomy":"product_cat","embeddable":true,"href":"https:\/\/azurefilm.com\/hu\/wp-json\/wp\/v2\/product_cat?post=59325"},{"taxonomy":"product_tag","embeddable":true,"href":"https:\/\/azurefilm.com\/hu\/wp-json\/wp\/v2\/product_tag?post=59325"},{"taxonomy":"brand","embeddable":true,"href":"https:\/\/azurefilm.com\/hu\/wp-json\/wp\/v2\/brand?post=59325"}],"curies":[{"name":"wp","href":"https:\/\/api.w.org\/{rel}","templated":true}]}}