
{"id":59338,"date":"2023-11-18T12:05:42","date_gmt":"2023-11-18T12:05:42","guid":{"rendered":"https:\/\/azurefilm.com\/product\/teflon-cso\/"},"modified":"2025-05-03T05:58:24","modified_gmt":"2025-05-03T05:58:24","slug":"teflon-cso","status":"publish","type":"product","link":"https:\/\/azurefilm.com\/hu\/termek\/teflon-cso\/","title":{"rendered":"Teflon cs\u0151"},"content":{"rendered":"<h4>Teflon cs\u0151<\/h4>\n<h3><strong>Kulcsfontoss\u00e1g\u00fa jellemz\u0151k:<\/strong><\/h3>\n<ul>\n<li><strong>Tefloncs\u0151<\/strong> a motor \u00e9s az extruder k\u00f6z\u00f6tti sz\u00e1lak \u00f6sszek\u00f6t\u00e9s\u00e9re, valamint az eredeti ac\u00e9lcella a forr\u00f3 v\u00e9gblokkban.<\/li>\n<li><strong>Jav\u00edtsa a nyomatokat:<\/strong> A rendszeres Bowden-cs\u0151 tiszt\u00edt\u00e1s kop\u00e1st okozhat, \u00e9s az extruder csiszol\u00e1sa cs\u00f6kkenti a nyomtat\u00e1s min\u0151s\u00e9g\u00e9t.<\/li>\n<li><strong>Rugalmas cs\u00f6vek: <\/strong>A PTFE Bowden-cs\u00f6vek leny\u0171g\u00f6z\u0151 rugalmass\u00e1got biztos\u00edtanak.<\/li>\n<li><strong>Anyag: <\/strong>PTFE-b\u0151l k\u00e9sz\u00fclt: strapab\u00edr\u00f3, tart\u00f3s \u00e9s rugalmas PTFE.<\/li>\n<li><strong><span style=\"font-size: 14.4px;\">4 k\u00fcl\u00f6nb\u00f6z\u0151 m\u00e9ret\u0171 csatlakoz\u00f3cs\u0151vel rendelkez\u00fcnk: <\/span><\/strong><span style=\"font-size: 14.4px;\">2\/4mm, 2\/3mm, 3\/4mm, 4\/6mm.<\/span><\/li>\n<li><strong>1db = 1 m\u00e9ter  <\/strong><\/li>\n<\/ul>\n<p><iframe loading=\"lazy\" title=\"Service tutorial Ender 3 Max teflon tube replacement\" width=\"1020\" height=\"574\" src=\"https:\/\/www.youtube.com\/embed\/ALkpqM85sWc?feature=oembed\" frameborder=\"0\" allow=\"accelerometer; autoplay; clipboard-write; encrypted-media; gyroscope; picture-in-picture; web-share\" referrerpolicy=\"strict-origin-when-cross-origin\" allowfullscreen><\/iframe><\/p>\n","protected":false},"excerpt":{"rendered":"<p><span style=\"vertical-align: inherit;\">Tefloncs\u0151: jav\u00edtsa a nyomatok min\u0151s\u00e9g\u00e9t a filamentcs\u00f6vek cser\u00e9j\u00e9vel. A kiv\u00e1l\u00f3 min\u0151s\u00e9g\u0171, tart\u00f3s PTFE anyagb\u00f3l k\u00e9sz\u00fclt teflon bowdencs\u00f6v\u00fcnk lehet\u0151v\u00e9 teszi a filament z\u00f6kken\u0151mentes \u00e1raml\u00e1s\u00e1t, ami kiv\u00e1l\u00f3 min\u0151s\u00e9g\u0171 nyomatokat eredm\u00e9nyez. Ezt a tefloncs\u00f6vet \u00fagy tervezt\u00e9k, hogy \u00f6sszekapcsolja a motorb\u00f3l az extruderhez \u00e9s a forr\u00f3v\u00e9gblokkban l\u00e9v\u0151 eredeti ac\u00e9lcell\u00e1khoz a filamenteket, \u00edgy biztos\u00edtva az optim\u00e1lis h\u0151stabilit\u00e1st \u00e9s hossz\u00fa \u00e9lettartamot. K\u00fcl\u00f6nb\u00f6z\u0151 \u00e1tm\u00e9r\u0151kben kaphat\u00f3: 2\/4mm, 2\/3mm, 3\/4mm, 4\/6mm, \u00edgy a 3D nyomtat\u00f3j\u00e1hoz igaz\u00edthatja. Jav\u00edtsa nyomtat\u00e1si teljes\u00edtm\u00e9ny\u00e9t a tefloncs\u00f6v\u00fcnkkel, \u00e9s \u00e9rjen el hib\u00e1tlan eredm\u00e9nyeket.    <\/span><\/p>\n","protected":false},"featured_media":59342,"comment_status":"closed","ping_status":"closed","template":"","meta":{"_acf_changed":false},"product_brand":[],"product_cat":[2221,2429,1679,2224],"product_tag":[],"brand":[],"class_list":{"0":"post-59338","1":"product","2":"type-product","3":"status-publish","4":"has-post-thumbnail","6":"product_cat-potalkatreszek","7":"product_cat-bowden-csovek","8":"product_cat-elado","9":"product_cat-minden-potalkatresz","11":"first","12":"instock","13":"sale","14":"taxable","15":"shipping-taxable","16":"purchasable","17":"product-type-variable"},"acf":[],"_links":{"self":[{"href":"https:\/\/azurefilm.com\/hu\/wp-json\/wp\/v2\/product\/59338","targetHints":{"allow":["GET"]}}],"collection":[{"href":"https:\/\/azurefilm.com\/hu\/wp-json\/wp\/v2\/product"}],"about":[{"href":"https:\/\/azurefilm.com\/hu\/wp-json\/wp\/v2\/types\/product"}],"replies":[{"embeddable":true,"href":"https:\/\/azurefilm.com\/hu\/wp-json\/wp\/v2\/comments?post=59338"}],"wp:featuredmedia":[{"embeddable":true,"href":"https:\/\/azurefilm.com\/hu\/wp-json\/wp\/v2\/media\/59342"}],"wp:attachment":[{"href":"https:\/\/azurefilm.com\/hu\/wp-json\/wp\/v2\/media?parent=59338"}],"wp:term":[{"taxonomy":"product_brand","embeddable":true,"href":"https:\/\/azurefilm.com\/hu\/wp-json\/wp\/v2\/product_brand?post=59338"},{"taxonomy":"product_cat","embeddable":true,"href":"https:\/\/azurefilm.com\/hu\/wp-json\/wp\/v2\/product_cat?post=59338"},{"taxonomy":"product_tag","embeddable":true,"href":"https:\/\/azurefilm.com\/hu\/wp-json\/wp\/v2\/product_tag?post=59338"},{"taxonomy":"brand","embeddable":true,"href":"https:\/\/azurefilm.com\/hu\/wp-json\/wp\/v2\/brand?post=59338"}],"curies":[{"name":"wp","href":"https:\/\/api.w.org\/{rel}","templated":true}]}}