
{"id":59350,"date":"2023-11-24T11:03:04","date_gmt":"2023-11-24T11:03:04","guid":{"rendered":"https:\/\/azurefilm.com\/product\/mix-flexibilis-98a\/"},"modified":"2025-08-22T11:22:33","modified_gmt":"2025-08-22T11:22:33","slug":"mix-flexibilis-98a","status":"publish","type":"product","link":"https:\/\/azurefilm.com\/hu\/termek\/mix-flexibilis-98a\/","title":{"rendered":"Mix Flexibilis 98A"},"content":{"rendered":"<h2><b>Rugalmas 98A<\/b><\/h2>\n<p><span style=\"font-weight: 400\">A 98A hajl\u00e9kony sz\u00e1lak a k\u00f6vetkez\u0151kb\u0151l k\u00e9sz\u00fclnek <\/span><b>TPU<\/b><span style=\"font-weight: 400\"> (termoplasztikus poliuret\u00e1n)<\/span> <span style=\"font-weight: 400\">\u00e9s <\/span><b>gumiszer\u0171 tulajdons\u00e1gokkal rendelkeznek<\/b><span style=\"font-weight: 400\">. This means, that the material is extremely <\/span><b>Rugalmas <\/b><span style=\"font-weight: 400\">de nagyon <\/span><b>tart\u00f3s<\/b><span style=\"font-weight: 400\">. Flexible filaments are commonly used to produce household appliances, toys, phone cases, wristbands, automotive parts, and medical supplies. If you need something that is supposed to bend, stretch, or compress, this filament should be up for the task. <\/span><\/p>\n<p><span style=\"font-weight: 400\">Vannak <\/span><b>a kem\u00e9nys\u00e9g k\u00fcl\u00f6nb\u00f6z\u0151 t\u00edpusai<\/b><span style=\"font-weight: 400\"> a Rugalmas sz\u00e1lak eset\u00e9ben, amelyeket 0 \u00e9s 100 k\u00f6z\u00f6tti sz\u00e1mokkal \u00e9s A-t\u00f3l D-ig terjed\u0151 bet\u0171kkel jel\u00f6lnek. Az anyag a sz\u00e1m vagy a bet\u0171 n\u00f6veked\u00e9s\u00e9vel egyre merevebb \u00e9s kem\u00e9nyebb lesz. <\/span><b>98A shore<\/b><span style=\"font-weight: 400\"> azt jelenti, hogy a sz\u00e1l nagyon kem\u00e9ny, \u00e9s egy bev\u00e1s\u00e1rl\u00f3kocsi kerek\u00e9nek kem\u00e9nys\u00e9g\u00e9hez hasonl\u00edthat\u00f3.<\/span><\/p>\n<p><b>Felel\u0151ss\u00e9gi nyilatkozat:<\/b><span style=\"font-weight: 400\"> Ha 3D nyomtat\u00e1s k\u00f6zben hallja, hogy a sz\u00e1l recseg, az azt jelenti, hogy a sz\u00e1l nedves, \u00e9s a jobb eredm\u00e9ny \u00e9rdek\u00e9ben meg kell sz\u00e1r\u00edtani. Haszn\u00e1ljon filamentsz\u00e1r\u00edt\u00f3t, p\u00e9ld\u00e1ul <a target=\"\" rel=\"noopener\"><strong>Creality Dry Box<\/strong><\/a>. <\/span><\/p>\n<p>&nbsp;<\/p>\n<p><img decoding=\"async\" class=\"alignnone size-medium wp-image-17898\" src=\"https:\/\/azurefilm.com\/wp-content\/uploads\/2023\/10\/Flexible-filament-table.jpg\" alt=\" Sz\u00e9less\u00e9g...\" height=\"400\" title=\"\"><\/p>\n<h2><strong>Mix Flexibilis 98A<\/strong><\/h2>\n<p><b>Hogyan k\u00e9sz\u00fclnek a Mix sz\u00e1lak?<\/b><span style=\"font-weight: 400\"> A gy\u00e1rt\u00e1s sor\u00e1n a gy\u00e1rt\u00e1si folyamat le\u00e1ll\u00edt\u00e1sa n\u00e9lk\u00fcl v\u00e1ltunk \u00e1t a sz\u00ednek k\u00f6z\u00f6tt, hogy <\/span><b>id\u0151t, er\u0151forr\u00e1sokat \u00e9s energi\u00e1t takar\u00edtunk meg<\/b><span style=\"font-weight: 400\">. Consequently, when we change the colour, there is a gradual transition in the filament string from one colour to another. Instead of throwing away the filament where transition happen, we decided to create the Mix filaments. <\/span><b>Elk\u00f6telezettek vagyunk a k\u00f6rnyezettudatoss\u00e1g \u00e9s a hullad\u00e9k minimaliz\u00e1l\u00e1sa mellett.<\/b><span style=\"font-weight: 400\">.<\/span> <span style=\"font-weight: 400\">A Mix Flexible 98A egy <\/span><b>k\u00fcl\u00f6nb\u00f6z\u0151 Flexible sz\u00ednek kever\u00e9ke<\/b><span style=\"font-weight: 400\"> k\u00edn\u00e1latunkb\u00f3l. <\/span><b>A Mix Flexible 98A sz\u00edn\u00f6ssze\u00e1ll\u00edt\u00e1sunkban szerepl\u0151 sz\u00ednek \u00e9s a sz\u00ednek sz\u00e1ma teljesen v\u00e9letlenszer\u0171, \u00e9s minden megrendel\u00e9ssel v\u00e1ltozik. <\/b><span style=\"font-weight: 400\">AzureFilm<\/span><\/p>\n<p><span style=\"font-weight: 400\">A Mix Flexible 98A t\u00f6k\u00e9letes mindazok sz\u00e1m\u00e1ra, akiknek nincs sz\u00fcks\u00e9g\u00fck egy adott sz\u00edn\u0171 filamentre, vagy akik a v\u00e9gterm\u00e9ket festeni fogj\u00e1k. A term\u00e9k megv\u00e1s\u00e1rl\u00e1s\u00e1val \u00d6n beleegyezik, hogy egy \u00e1ltalunk kiv\u00e1lasztott v\u00e9letlenszer\u0171 ors\u00f3t kap. <\/span><\/p>\n<p><span style=\"font-weight: 400\">Ha t\u00f6bbet szeretne megtudni a hajl\u00e9kony sz\u00e1lakr\u00f3l, olvassa el a <a href=\"https:\/\/azurefilm.com\/hu\/2023\/08\/09\/hogyan-nyomtassunk-rugalmas-szalakat\/\" target=\"_blank\" rel=\"noopener\"><strong>blogot.<\/strong><\/a>. <\/span><\/p>\n<p><span style=\"font-weight: 400\">Hozz\u00e1f\u00e9rhet a <\/span><b>M\u0171szaki adatlap<\/b><span style=\"font-weight: 400\"><a href=\"https:\/\/azurefilm.com\/hu\/technical-data-sheets\/\" target=\"_blank\" rel=\"noopener\"><strong> itt<\/strong><\/a>.<\/span><\/p>\n<h3><strong>Nyomtat\u00e1si aj\u00e1nl\u00e1sok:<\/strong><\/h3>\n<ul>\n<li><span style=\"font-weight: 400\">A legjobb eredm\u00e9ny \u00e9rdek\u00e9ben 220-240\u00b0C-on nyomtasson. <\/span><\/li>\n<li><span style=\"font-weight: 400\">A nyomtat\u00f3asztal aj\u00e1nlott h\u0151m\u00e9rs\u00e9klete 80\u00b0C.<\/span><\/li>\n<li><b>Nyomtasson lass\u00fa, 10-30 mm\/s sebess\u00e9ggel.<\/b><\/li>\n<li><span style=\"font-weight: 400\">Haszn\u00e1ljon \u00fcveg\u00e1gyat, PEI lapot, Kapton vagy k\u00e9k szalagot a 3Dlac spray-vel ell\u00e1tott \u00e9p\u00edt\u00e9si platformhoz.<\/span><i><span style=\"font-weight: 400\">.<\/span><\/i><\/li>\n<\/ul>\n<p><i><span style=\"font-weight: 400\">*A k\u00fcl\u00f6nb\u00f6z\u0151 nyomtat\u00f3k haszn\u00e1lata eset\u00e9n az ide\u00e1lis h\u0151m\u00e9rs\u00e9klet elt\u00e9r\u0151 lehet.<\/span><\/i><\/p>\n","protected":false},"excerpt":{"rendered":"<p><span style=\"font-weight: 400\">Jav\u00edtsa 3D nyomtat\u00e1si j\u00e1t\u00e9k\u00e1t, \u00e9s haszn\u00e1lja a Mix Flexible 98A anyagunkat, amely a sokoldal\u00fas\u00e1g, az er\u0151 \u00e9s a rugalmass\u00e1g t\u00f6k\u00e9letes kever\u00e9ke. <\/span><\/p>\n<p>&nbsp;<\/p>\n","protected":false},"featured_media":59352,"comment_status":"closed","ping_status":"closed","template":"","meta":{"_acf_changed":false},"product_brand":[],"product_cat":[2414,1686,2285,2398,1688,2559,2413],"product_tag":[2212,2286],"brand":[267],"class_list":{"0":"post-59350","1":"product","2":"type-product","3":"status-publish","4":"has-post-thumbnail","6":"product_cat-rugalmas-98a","7":"product_cat-3d-filmek","8":"product_cat-eco-filamentek","9":"product_cat-keverjuk-ossze-a-szalakat","10":"product_cat-minden-film","11":"product_cat-mix-flexibilis-98a","12":"product_cat-rugalmas-szalak","13":"product_tag-oko-hu","14":"product_tag-veletlenszeru","15":"pa_colour-random","16":"pa_filament-diameter-1-75mm","17":"pa_filament-weight-300g","18":"brand-azurefilm","20":"first","21":"instock","22":"taxable","23":"shipping-taxable","24":"product-type-simple"},"acf":[],"_links":{"self":[{"href":"https:\/\/azurefilm.com\/hu\/wp-json\/wp\/v2\/product\/59350","targetHints":{"allow":["GET"]}}],"collection":[{"href":"https:\/\/azurefilm.com\/hu\/wp-json\/wp\/v2\/product"}],"about":[{"href":"https:\/\/azurefilm.com\/hu\/wp-json\/wp\/v2\/types\/product"}],"replies":[{"embeddable":true,"href":"https:\/\/azurefilm.com\/hu\/wp-json\/wp\/v2\/comments?post=59350"}],"wp:featuredmedia":[{"embeddable":true,"href":"https:\/\/azurefilm.com\/hu\/wp-json\/wp\/v2\/media\/59352"}],"wp:attachment":[{"href":"https:\/\/azurefilm.com\/hu\/wp-json\/wp\/v2\/media?parent=59350"}],"wp:term":[{"taxonomy":"product_brand","embeddable":true,"href":"https:\/\/azurefilm.com\/hu\/wp-json\/wp\/v2\/product_brand?post=59350"},{"taxonomy":"product_cat","embeddable":true,"href":"https:\/\/azurefilm.com\/hu\/wp-json\/wp\/v2\/product_cat?post=59350"},{"taxonomy":"product_tag","embeddable":true,"href":"https:\/\/azurefilm.com\/hu\/wp-json\/wp\/v2\/product_tag?post=59350"},{"taxonomy":"brand","embeddable":true,"href":"https:\/\/azurefilm.com\/hu\/wp-json\/wp\/v2\/brand?post=59350"}],"curies":[{"name":"wp","href":"https:\/\/api.w.org\/{rel}","templated":true}]}}