
{"id":59455,"date":"2023-10-29T14:17:05","date_gmt":"2023-10-29T14:17:05","guid":{"rendered":"https:\/\/azurefilm.com\/product\/flashforge-creator-4s-4a\/"},"modified":"2023-10-29T14:17:05","modified_gmt":"2023-10-29T14:17:05","slug":"flashforge-creator-4s-4a","status":"publish","type":"product","link":"https:\/\/azurefilm.com\/hu\/termek\/flashforge-creator-4s-4a\/","title":{"rendered":"Flashforge Creator 4S\/4A"},"content":{"rendered":"<p><span style=\"font-weight: 400;\">A Flashforge Creator 4S\/4A 3D nyomtat\u00f3 leny\u0171g\u00f6z\u0151 \u00e9s t\u00e1gas \u00e9p\u00edt\u00e9si t\u00e9rfogattal rendelkezik, amelynek m\u00e9retei 400mmx350mmx500mm. Ez a jelent\u0151s \u00e9p\u00edt\u00e9si ter\u00fclet lehet\u0151v\u00e9 teszi nagym\u00e9ret\u0171 \u00e9s bonyolultan r\u00e9szletes 3D modellek l\u00e9trehoz\u00e1s\u00e1t, ami a kreat\u00edv projektek sz\u00e9les sk\u00e1l\u00e1j\u00e1t szolg\u00e1lja ki. <\/span><\/p>\n<h2><strong>Fejlett extruder opci\u00f3k<\/strong><\/h2>\n<p><span style=\"font-weight: 400;\">A Creator 4S \u00e9s Creator 4A modellek fejlett extruder opci\u00f3kat k\u00edn\u00e1lnak a k\u00fcl\u00f6nb\u00f6z\u0151 nyomtat\u00e1si ig\u00e9nyek kiel\u00e9g\u00edt\u00e9s\u00e9re:<\/span><\/p>\n<ul>\n<li style=\"font-weight: 400;\" aria-level=\"1\"><b>Creator 4S:<\/b><span style=\"font-weight: 400;\"> HT egys\u00e9ggel, k\u00e9t 0,6 mm-es f\u00fav\u00f3kaszerelv\u00e9ny HS egys\u00e9ggel \u00e9s egy x1 rug\u00f3s lemezzel van felszerelve.<\/span><\/li>\n<li style=\"font-weight: 400;\" aria-level=\"1\"><b>Alkot\u00f3 4A: <\/b><span style=\"font-weight: 400;\">El\u0151re telep\u00edtett 0,4 mm-es HT extruderrel \u00e9rkezik.<\/span><\/li>\n<\/ul>\n<p><span style=\"font-weight: 400;\">Ezek a sokoldal\u00fa extruderek lehet\u0151v\u00e9 teszik k\u00fcl\u00f6nb\u00f6z\u0151 m\u0171szaki sz\u00e1lak nyomtat\u00e1s\u00e1t, bele\u00e9rtve a PC, PA, PP, PETG, ASA, ABS, PLA, PC-ABS \u00e9s PAHT sz\u00e1lakat, az extrud\u00e1l\u00e1si h\u0151m\u00e9rs\u00e9klet pedig ak\u00e1r 360\u00b0C is lehet.<\/span><\/p>\n<p><span style=\"font-weight: 400;\">A Flashforge Creator 4S\/4A sz\u00e1mos olyan kulcsfontoss\u00e1g\u00fa funkci\u00f3t tartalmaz, amelyek n\u00f6velik a teljes\u00edtm\u00e9ny\u00e9t \u00e9s a haszn\u00e1lhat\u00f3s\u00e1g\u00e1t:<\/span><\/p>\n<h2><strong>Magas extruder h\u0151m\u00e9rs\u00e9klet  <\/strong><\/h2>\n<p><span style=\"font-weight: 400;\">A nyomtat\u00f3 az \u00fajonnan tervezett f\u00fav\u00f3k\u00e1nak k\u00f6sz\u00f6nhet\u0151en ak\u00e1r 360\u00b0C-os extruder-h\u0151m\u00e9rs\u00e9kletet is el\u00e9rhet. Ez a kib\u0151v\u00edtett h\u0151m\u00e9rs\u00e9klettartom\u00e1ny nagyobb rugalmass\u00e1got tesz lehet\u0151v\u00e9 a k\u00fcl\u00f6nb\u00f6z\u0151 t\u00edpus\u00fa modellek h\u0151m\u00e9rs\u00e9kletkorl\u00e1toz\u00e1s n\u00e9lk\u00fcli nyomtat\u00e1s\u00e1ban. <\/span><\/p>\n<h2><strong>Bisz\u00edn\u0171 \u00e9s bifilamentumos t\u00e1mogat\u00e1s  <\/strong><\/h2>\n<p><span style=\"font-weight: 400;\">A nyomtat\u00f3 t\u00e1mogatja a k\u00e9tsz\u00edn\u0171 \u00e9s a k\u00e9tsz\u00e1las nyomtat\u00e1st, jelent\u0151sen n\u00f6velve a nyomtat\u00e1s hat\u00e9konys\u00e1g\u00e1t \u00e9s b\u0151v\u00edtve a kreat\u00edv lehet\u0151s\u00e9geket.<\/span><\/p>\n<h2><strong>Be\u00e9p\u00edtett HD kamera<\/strong><\/h2>\n<p><span style=\"font-weight: 400;\">A be\u00e9p\u00edtett HD-kamer\u00e1val a felhaszn\u00e1l\u00f3k t\u00e1volr\u00f3l, val\u00f3s id\u0151ben nyomon k\u00f6vethetik a nyomtat\u00e1s \u00e1llapot\u00e1t. Ez a funkci\u00f3 k\u00e9nyelmes fel\u00fcgyeletet biztos\u00edt, \u00e9s lehet\u0151v\u00e9 teszi az el\u0151rehalad\u00e1s menet k\u00f6zbeni ellen\u0151rz\u00e9s\u00e9t. <\/span><\/p>\n<h2><strong>Rugalmas \u00e9s elt\u00e1vol\u00edthat\u00f3 \u00e9p\u00edt\u0151lemez<\/strong><\/h2>\n<p><span style=\"font-weight: 400;\">A nyomtat\u00f3 rugalmas \u00e9p\u00edt\u0151lemezzel rendelkezik, amely megk\u00f6nny\u00edti a prec\u00edz modellek elt\u00e1vol\u00edt\u00e1s\u00e1t. Ez a nagyobb \u00e9s hajl\u00edthat\u00f3 \u00e9p\u00edt\u0151lemez n\u00f6veli a felhaszn\u00e1l\u00f3i k\u00e9nyelmet, \u00e9s minim\u00e1lisra cs\u00f6kkenti a nyomatok s\u00e9r\u00fcl\u00e9s\u00e9nek kock\u00e1zat\u00e1t elt\u00e1vol\u00edt\u00e1s k\u00f6zben. <\/span><\/p>\n<h2><strong>Sz\u00e1lak vizsg\u00e1lata<\/strong><\/h2>\n<p><span style=\"font-weight: 400;\">A rendszerbe egy sz\u00e1lvizsg\u00e1l\u00f3 mechanizmust \u00e9p\u00edtettek be, amely automatikusan sz\u00fcnetelteti a nyomtat\u00e1st, ha rendellenes sz\u00e1ladagol\u00e1st \u00e9szlel. Ez a funkci\u00f3 magasabb nyomtat\u00e1si sikeress\u00e9gi ar\u00e1nyt biztos\u00edt a sz\u00e1lbet\u00e1pl\u00e1l\u00e1s megszakad\u00e1s\u00e1val kapcsolatos probl\u00e9m\u00e1k megel\u0151z\u00e9s\u00e9vel. <\/span><\/p>\n<h2><strong>M\u0171szaki r\u00e9szletek:<\/strong><\/h2>\n<ul>\n<li style=\"font-weight: 400;\" aria-level=\"1\"><span style=\"font-weight: 400;\">Nyomtat\u00e1si technol\u00f3gia: FFF (Fused Filament Fabrication)<\/span><\/li>\n<li style=\"font-weight: 400;\" aria-level=\"1\"><span style=\"font-weight: 400;\">\u00c9p\u00edt\u00e9si t\u00e9rfogat: 400mmx350mmx500mm (LxSxH)<\/span><\/li>\n<li style=\"font-weight: 400;\" aria-level=\"1\"><span style=\"font-weight: 400;\">T\u00e1mogat\u00f3sz\u00e1l: PLA, ABS, PC, PVA, HIPS, PETG, W.P.C., Nylon.<\/span><\/li>\n<li style=\"font-weight: 400;\" aria-level=\"1\"><span style=\"font-weight: 400;\">Sz\u00e1l \u00e1tm\u00e9r\u0151: 1.75mm<\/span><\/li>\n<li style=\"font-weight: 400;\" aria-level=\"1\"><span style=\"font-weight: 400;\">Szoftver: Flashprint<\/span><\/li>\n<li style=\"font-weight: 400;\" aria-level=\"1\"><span style=\"font-weight: 400;\">Csatlakoztathat\u00f3s\u00e1g: Felh\u0151: USB\/WiFi\/Ethernet\/3D Cloud<\/span><\/li>\n<li style=\"font-weight: 400;\" aria-level=\"1\"><span style=\"font-weight: 400;\">Oper\u00e1ci\u00f3s rendszer: Linux Mac OS Linux<\/span><\/li>\n<li style=\"font-weight: 400;\" aria-level=\"1\"><span style=\"font-weight: 400;\">F\u00e1jlt\u00edpusok: Bemenet: Kimenet: 3MF\/STL\/OBJ\/FPP\/BMP\/PNG\/JPG\/JPEG: GX\/G<\/span><\/li>\n<li style=\"font-weight: 400;\" aria-level=\"1\"><span style=\"font-weight: 400;\">Bemenet: 47-63HZ<\/span><\/li>\n<li style=\"font-weight: 400;\" aria-level=\"1\"><span style=\"font-weight: 400;\">Extruder mennyis\u00e9g: K\u00e9t<\/span><\/li>\n<li style=\"font-weight: 400;\" aria-level=\"1\"><span style=\"font-weight: 400;\">F\u00fav\u00f3ka \u00e1tm\u00e9r\u0151: 0.4\/0.6mm<\/span><\/li>\n<li style=\"font-weight: 400;\" aria-level=\"1\"><span style=\"font-weight: 400;\">Helymeghat\u00e1roz\u00e1si pontoss\u00e1g: X\/Y tengely 0,011mm, Z tengely 0,0025mm<\/span><\/li>\n<li style=\"font-weight: 400;\" aria-level=\"1\"><span style=\"font-weight: 400;\">R\u00e9tegmagass\u00e1g: 0.05-0.4mm<\/span><\/li>\n<li style=\"font-weight: 400;\" aria-level=\"1\"><span style=\"font-weight: 400;\">Maxim\u00e1lis f\u00fav\u00f3ka-h\u0151m\u00e9rs\u00e9klet: 360\u00b0C<\/span><\/li>\n<li style=\"font-weight: 400;\" aria-level=\"1\"><span style=\"font-weight: 400;\">F\u0171thet\u0151 platformh\u0151m\u00e9rs\u00e9klet: 120\u00b0C<\/span><\/li>\n<li style=\"font-weight: 400;\" aria-level=\"1\"><span style=\"font-weight: 400;\">S\u00faly: 80kg<\/span><\/li>\n<\/ul>\n<table>\n<tbody>\n<tr>\n<td><span style=\"font-weight: 400;\">T\u00edpus<\/span><\/td>\n<td><span style=\"font-weight: 400;\">\/<\/span><\/td>\n<td><span style=\"font-weight: 400;\">Alkot\u00f3 4-A<\/span><\/td>\n<td><span style=\"font-weight: 400;\">Alkot\u00f3 4-S<\/span><\/td>\n<\/tr>\n<tr>\n<td><span style=\"font-weight: 400;\">Extruder<\/span><\/td>\n<td><span style=\"font-weight: 400;\">Extruder-F (opcion\u00e1lis)<\/span><\/td>\n<td><span style=\"font-weight: 400;\">Extruder-HT<\/span><\/td>\n<td><span style=\"font-weight: 400;\">Extruder-HS<\/span><\/td>\n<\/tr>\n<tr>\n<td><span style=\"font-weight: 400;\">Sz\u00e1l<\/span><\/td>\n<td><span style=\"font-weight: 400;\">TPU85A \/ TPE \/ TPB \/ TPC<\/span><\/td>\n<td><span style=\"font-weight: 400;\">PLA \/ PETG \/ PC-ABS \/ PAHT \/ ABS \/ASA \/ PP \/ PA \/ PC<\/span><\/td>\n<td><span style=\"font-weight: 400;\">PACF \/ PET-CF \/ PP-CF \/ PA-GF \/ PC-ABS \/ PP-GF \/ PPS-CF \/ PPS<\/span><\/td>\n<\/tr>\n<tr>\n<td><span style=\"font-weight: 400;\">Extruder t\u00edpusa<\/span><\/td>\n<td><span style=\"font-weight: 400;\">IDEX<\/span><\/td>\n<td><span style=\"font-weight: 400;\">IDEX<\/span><\/td>\n<td><span style=\"font-weight: 400;\">IDEX<\/span><\/td>\n<\/tr>\n<tr>\n<td><span style=\"font-weight: 400;\">F\u00fav\u00f3ka \u00e1tm\u00e9r\u0151je<\/span><\/td>\n<td><span style=\"font-weight: 400;\">0.4mm<\/span><\/td>\n<td><span style=\"font-weight: 400;\">0.4(0.6\/0.8)mm<\/span><\/td>\n<td><span style=\"font-weight: 400;\">0,4(0,6\/0,8)mm<\/span><\/td>\n<\/tr>\n<tr>\n<td><span style=\"font-weight: 400;\">Extruder h\u0151m\u00e9rs\u00e9klet<\/span><\/td>\n<td><span style=\"font-weight: 400;\">265\u00b0C<\/span><\/td>\n<td><span style=\"font-weight: 400;\">320\u00b0C<\/span><\/td>\n<td><span style=\"font-weight: 400;\">360\u00b0C<\/span><\/td>\n<\/tr>\n<tr>\n<td><span style=\"font-weight: 400;\">Maxim\u00e1lis kamraf\u0171t\u00e9si h\u0151m\u00e9rs\u00e9klet<\/span><\/td>\n<td><span style=\"font-weight: 400;\">65\u00b0C<\/span><\/td>\n<td><span style=\"font-weight: 400;\">65\u00b0C<\/span><\/td>\n<td><span style=\"font-weight: 400;\">65\u00b0C<\/span><\/td>\n<\/tr>\n<tr>\n<td><span style=\"font-weight: 400;\">Nyomtat\u00e1si mennyis\u00e9g<\/span><\/td>\n<td><span style=\"font-weight: 400;\">400*350*500mm<\/span><\/td>\n<td><span style=\"font-weight: 400;\">400*350*500mm<\/span><\/td>\n<td><span style=\"font-weight: 400;\">400*350*500mm<\/span><\/td>\n<\/tr>\n<tr>\n<td><span style=\"font-weight: 400;\">Nyomtat\u00e1si sebess\u00e9g<\/span><\/td>\n<td><span style=\"font-weight: 400;\">100mm\/s<\/span><\/td>\n<td><span style=\"font-weight: 400;\">200mm\/s<\/span><\/td>\n<td><span style=\"font-weight: 400;\">150mm\/s<\/span><\/td>\n<\/tr>\n<tr>\n<td><span style=\"font-weight: 400;\">Maxim\u00e1lis platformf\u0171t\u00e9si h\u0151m\u00e9rs\u00e9klet<\/span><\/td>\n<td><span style=\"font-weight: 400;\">130\u00b0C<\/span><\/td>\n<td><span style=\"font-weight: 400;\">130\u00b0C<\/span><\/td>\n<td><span style=\"font-weight: 400;\">130\u00b0C<\/span><\/td>\n<\/tr>\n<tr>\n<td><span style=\"font-weight: 400;\">\u00c9rint\u0151k\u00e9perny\u0151 m\u00e9rete<\/span><\/td>\n<td><span style=\"font-weight: 400;\">7 h\u00fcvelykes<\/span><\/td>\n<td><span style=\"font-weight: 400;\">7 h\u00fcvelykes<\/span><\/td>\n<td><span style=\"font-weight: 400;\">7 h\u00fcvelykes<\/span><\/td>\n<\/tr>\n<\/tbody>\n<\/table>\n<p><iframe loading=\"lazy\" class=\"allowed-iframe\" src=\"https:\/\/www.youtube.com\/embed\/MZgq8Q0Ffyo\" width=\"900\" height=\"500\"><\/iframe><\/p>\n<p><iframe loading=\"lazy\" class=\"allowed-iframe\" src=\"https:\/\/www.youtube.com\/embed\/38PhlWz-Y9s\" width=\"900\" height=\"500\"><\/iframe><\/p>\n","protected":false},"excerpt":{"rendered":"<p><b>Flashforge Creator 4S\/4A<\/b><span style=\"font-weight: 400;\">  3D nyomtat\u00f3 kett\u0151s extruderrel. K\u00f6nnyen nyomtathat\u00f3 ABS, ASA \u00e9s sz\u00e9nsz\u00e1las anyagokkal. A nyomtat\u00e1si m\u00e9retek 400x350x500mm.  <\/span><\/p>\n","protected":false},"featured_media":59456,"comment_status":"closed","ping_status":"closed","template":"","meta":{"_acf_changed":false},"product_brand":[],"product_cat":[1677,1678,2244,1680,2245],"product_tag":[],"brand":[],"class_list":{"0":"post-59455","1":"product","2":"type-product","3":"status-publish","4":"has-post-thumbnail","6":"product_cat-3d-nyomtato","7":"product_cat-fdm-nyomtato","8":"product_cat-flashforge-fdm-nyomtatok","9":"product_cat-minden-3d-nyomtato","10":"product_cat-professzionalis-3d-nyomtatok","12":"first","13":"outofstock","14":"taxable","15":"shipping-taxable","16":"purchasable","17":"product-type-simple"},"acf":[],"_links":{"self":[{"href":"https:\/\/azurefilm.com\/hu\/wp-json\/wp\/v2\/product\/59455","targetHints":{"allow":["GET"]}}],"collection":[{"href":"https:\/\/azurefilm.com\/hu\/wp-json\/wp\/v2\/product"}],"about":[{"href":"https:\/\/azurefilm.com\/hu\/wp-json\/wp\/v2\/types\/product"}],"replies":[{"embeddable":true,"href":"https:\/\/azurefilm.com\/hu\/wp-json\/wp\/v2\/comments?post=59455"}],"wp:featuredmedia":[{"embeddable":true,"href":"https:\/\/azurefilm.com\/hu\/wp-json\/wp\/v2\/media\/59456"}],"wp:attachment":[{"href":"https:\/\/azurefilm.com\/hu\/wp-json\/wp\/v2\/media?parent=59455"}],"wp:term":[{"taxonomy":"product_brand","embeddable":true,"href":"https:\/\/azurefilm.com\/hu\/wp-json\/wp\/v2\/product_brand?post=59455"},{"taxonomy":"product_cat","embeddable":true,"href":"https:\/\/azurefilm.com\/hu\/wp-json\/wp\/v2\/product_cat?post=59455"},{"taxonomy":"product_tag","embeddable":true,"href":"https:\/\/azurefilm.com\/hu\/wp-json\/wp\/v2\/product_tag?post=59455"},{"taxonomy":"brand","embeddable":true,"href":"https:\/\/azurefilm.com\/hu\/wp-json\/wp\/v2\/brand?post=59455"}],"curies":[{"name":"wp","href":"https:\/\/api.w.org\/{rel}","templated":true}]}}