
{"id":59471,"date":"2023-10-29T14:16:34","date_gmt":"2023-10-29T14:16:34","guid":{"rendered":"https:\/\/azurefilm.com\/product\/uv-feny-sla-nyomtatohoz\/"},"modified":"2023-10-29T14:16:34","modified_gmt":"2023-10-29T14:16:34","slug":"uv-feny-sla-nyomtatohoz","status":"publish","type":"product","link":"https:\/\/azurefilm.com\/hu\/termek\/uv-feny-sla-nyomtatohoz\/","title":{"rendered":"UV f\u00e9ny SLA nyomtat\u00f3hoz"},"content":{"rendered":"<h2><strong>Kulcsfontoss\u00e1g\u00fa jellemz\u0151k:<\/strong><\/h2>\n<ul>\n<li>Ez az UV f\u00e9ny SLA nyomtat\u00f3khoz 6 nagy teljes\u00edtm\u00e9ny\u0171 405 nm-es UV LED-del, gyorsan gy\u00f3gy\u00edtja a 405 nm-es UV gyant\u00e1val nyomtatott t\u00e1rgyakat.<\/li>\n<li>A f\u00e9nyt\u0151l sz\u00e1m\u00edtott 5 cm-en bel\u00fcl a gyanta 10-15 m\u00e1sodpercen bel\u00fcl kikem\u00e9nyedhet, de a vastagabb r\u00e9szeknek t\u00f6bb id\u0151re van sz\u00fcks\u00e9g\u00fck.<\/li>\n<li>Nagy szil\u00e1rds\u00e1g\u00fa anyag, biztons\u00e1gos, k\u00f6rnyezetbar\u00e1t, er\u0151s.<\/li>\n<li>Ez a f\u00e9ny alkalmazhat\u00f3 a DIY gy\u00f3gy\u00edt\u00f3 burkolathoz vagy k\u00e9zi m\u00f3don haszn\u00e1lhat\u00f3.<\/li>\n<li>A nagy intenzit\u00e1s\u00fa LED UV izz\u00f3k er\u0151s, egyenletes \u00e9s megb\u00edzhat\u00f3 gy\u00f3gy\u00edt\u00f3 f\u00e9nyt biztos\u00edtanak.<\/li>\n<li>T\u00e1pkapcsol\u00f3 az egyszer\u0171 haszn\u00e1lathoz \u00e9s vez\u00e9rl\u00e9shez, energiatakar\u00e9koss\u00e1g.<\/li>\n<li>J\u00f3 f\u00e9nyer\u0151 \u00e9s r\u00f6vid kikem\u00e9nyed\u00e9si id\u0151. Alkalmas UV-kem\u00e9ny\u00edt\u00e9shez, gyantakem\u00e9ny\u00edt\u00e9shez.A foganty\u00fa r\u00f6gz\u00edt\u0151furatokat tartalmaz b\u00e1rmilyen fel\u00fcletre t\u00f6rt\u00e9n\u0151 r\u00f6gz\u00edt\u00e9shez. <\/li>\n<\/ul>\n<h2><strong>Specifik\u00e1ci\u00f3k:<\/strong><\/h2>\n<ul>\n<li>T\u00e9tel t\u00edpusa: UV gyanta gy\u00f3gy\u00edt\u00f3 f\u00e9ny<\/li>\n<li>Bemeneti fesz\u00fclts\u00e9g: 110-260V<\/li>\n<li>F\u00e9nykibocs\u00e1t\u00e1si hull\u00e1mhossz: 405nm<\/li>\n<li>F\u00e9nykibocs\u00e1t\u00e1s: UV-hat\u00e1s: 6W teljes\u00edtm\u00e9ny \u00e9s 60W UV-hat\u00e1s<\/li>\n<li>L\u00e1mpa t\u00edpusa: nagy f\u00e9nyerej\u0171 l\u00e1b UV-l\u00e1mpa<\/li>\n<li>M\u00e9ret: 115x85x75mm<\/li>\n<li>Csomagol\u00e1si lista\uff1a1db<\/li>\n<\/ul>\n","protected":false},"excerpt":{"rendered":"<p><strong>Az SLA nyomtat\u00f3k UV-f\u00e9nye<\/strong> 10-15 m\u00e1sodperc alatt k\u00e9pes a gyant\u00e1t a f\u00e9nyt\u0151l sz\u00e1m\u00edtott 5 cm-en bel\u00fcl kikem\u00e9ny\u00edteni.<\/p>\n","protected":false},"featured_media":59478,"comment_status":"closed","ping_status":"closed","template":"","meta":{"_acf_changed":false},"product_brand":[],"product_cat":[2238,1679,2224,2221],"product_tag":[],"brand":[],"class_list":{"0":"post-59471","1":"product","2":"type-product","3":"status-publish","4":"has-post-thumbnail","6":"product_cat-egyeb-tetelek","7":"product_cat-elado","8":"product_cat-minden-potalkatresz","9":"product_cat-potalkatreszek","11":"first","12":"instock","13":"sale","14":"taxable","15":"shipping-taxable","16":"purchasable","17":"product-type-simple"},"acf":[],"_links":{"self":[{"href":"https:\/\/azurefilm.com\/hu\/wp-json\/wp\/v2\/product\/59471","targetHints":{"allow":["GET"]}}],"collection":[{"href":"https:\/\/azurefilm.com\/hu\/wp-json\/wp\/v2\/product"}],"about":[{"href":"https:\/\/azurefilm.com\/hu\/wp-json\/wp\/v2\/types\/product"}],"replies":[{"embeddable":true,"href":"https:\/\/azurefilm.com\/hu\/wp-json\/wp\/v2\/comments?post=59471"}],"wp:featuredmedia":[{"embeddable":true,"href":"https:\/\/azurefilm.com\/hu\/wp-json\/wp\/v2\/media\/59478"}],"wp:attachment":[{"href":"https:\/\/azurefilm.com\/hu\/wp-json\/wp\/v2\/media?parent=59471"}],"wp:term":[{"taxonomy":"product_brand","embeddable":true,"href":"https:\/\/azurefilm.com\/hu\/wp-json\/wp\/v2\/product_brand?post=59471"},{"taxonomy":"product_cat","embeddable":true,"href":"https:\/\/azurefilm.com\/hu\/wp-json\/wp\/v2\/product_cat?post=59471"},{"taxonomy":"product_tag","embeddable":true,"href":"https:\/\/azurefilm.com\/hu\/wp-json\/wp\/v2\/product_tag?post=59471"},{"taxonomy":"brand","embeddable":true,"href":"https:\/\/azurefilm.com\/hu\/wp-json\/wp\/v2\/brand?post=59471"}],"curies":[{"name":"wp","href":"https:\/\/api.w.org\/{rel}","templated":true}]}}