
{"id":59510,"date":"2023-10-29T14:18:08","date_gmt":"2023-10-29T14:18:08","guid":{"rendered":"https:\/\/azurefilm.com\/product\/creality-cr-m4\/"},"modified":"2023-10-29T14:18:08","modified_gmt":"2023-10-29T14:18:08","slug":"creality-cr-m4","status":"publish","type":"product","link":"https:\/\/azurefilm.com\/hu\/termek\/creality-cr-m4\/","title":{"rendered":"Creality CR-M4"},"content":{"rendered":"<p><span style=\"font-weight: 400;\">A Creality CR-M4 3D nyomtat\u00f3 hatalmas, 450 x 450 x 470 mm-es \u00e9p\u00edt\u00e9si t\u00e9rfogattal b\u00fcszk\u00e9lkedhet. Ez egy igazi munkag\u00e9p nagy modellek k\u00e9sz\u00edt\u00e9s\u00e9hez kevesebb vagy semmilyen ut\u00f3munk\u00e1val, vagy t\u00f6bb alkatr\u00e9sz egy menetben t\u00f6rt\u00e9n\u0151 k\u00f6tegelt nyomtat\u00e1s\u00e1hoz. Itt az ideje, hogy maximaliz\u00e1lja a kreativit\u00e1st \u00e9s szabadj\u00e1ra engedje a gondolatokat.  <\/span><\/p>\n<h2><strong>Pontos \u00e9s megb\u00edzhat\u00f3<\/strong><\/h2>\n<p><b>Kett\u0151s Y-tengely\u0171 line\u00e1ris s\u00ednek:<\/b><span style=\"font-weight: 400;\">  A 2 CNC-megmunk\u00e1lt prec\u00edzi\u00f3s line\u00e1ris s\u00edn optimaliz\u00e1lja az Y-tengely \u00e1tvitel\u00e9t, amely egy er\u0151s \u00e9s prec\u00edz motor \u00e1ltal meghajtva pontosan \u00e9s sim\u00e1n m\u0171k\u00f6dik. A csap\u00e1gyazott ac\u00e9lb\u00f3l k\u00e9sz\u00fclt s\u00ednek ellen\u00e1llnak a kop\u00e1snak, a holtj\u00e1t\u00e9knak \u00e9s a nagy terhel\u00e9snek. Sokkal megb\u00edzhat\u00f3bb \u00e9s tart\u00f3sabb, mint a V-ny\u00edl\u00e1s\u00fa s\u00ednek.  <\/span><\/p>\n<p><b>Y-tengelyes kett\u0151s line\u00e1ris s\u00ednek:<\/b><span style=\"font-weight: 400;\"> 30kg+ teherb\u00edr\u00e1s<\/span> <b>Er\u0151s \u00e9s prec\u00edz motor:<\/b><span style=\"font-weight: 400;\"> 720h (30 nap) folyamatosan egyenletes nyomtat\u00e1s<\/span><\/p>\n<h2><strong>Mindig praktikus m\u00f3dja a nyomtat\u00e1snak<\/strong><\/h2>\n<p><span style=\"font-weight: 400;\">K\u00e9pes USB-meghajt\u00f3n, USB-C k\u00e1belen, RJ45 k\u00e1belen vagy WiFi-n kereszt\u00fcl nyomtatni. LAN-kapcsolat eset\u00e9n a felhaszn\u00e1l\u00f3k a Creality Print seg\u00edts\u00e9g\u00e9vel a LAN-on l\u00e9v\u0151 b\u00e1rmely PC-r\u0151l nyomtathatnak. Internetkapcsolattal a felhaszn\u00e1l\u00f3k t\u00e1volr\u00f3l nyomtathatnak \u00e9s fel\u00fcgyelhetnek a Creality Cloud APP-r\u0151l vagy a webr\u0151l.  <\/span><\/p>\n<h2><strong>Nyomtat\u00f3farm ind\u00edt\u00e1sa t\u00f6bb nyomtat\u00f3 vez\u00e9rl\u00e9s\u00e9vel<\/strong><\/h2>\n<p><span style=\"font-weight: 400;\">Ha sok CR-M4 nyomtat\u00f3 van online, k\u00f6nnyen elind\u00edthat\u00f3 egy 3D nyomtat\u00f3farm a sorozatgy\u00e1rt\u00e1shoz, ahol a nyomtat\u00f3k egyetlen parancsra, a Creality Print vagy a Creality Cloud Web seg\u00edts\u00e9g\u00e9vel gy\u00e1rtj\u00e1k ugyanazt a modellt.<\/span><\/p>\n<h2><strong>Emelje az extruder specifik\u00e1ci\u00f3inak sz\u00ednvonal\u00e1t<\/strong><\/h2>\n<p><span style=\"font-weight: 400;\">Teljesen f\u00e9mb\u0151l k\u00e9sz\u00fclt &#8220;Sprite&#8221; k\u00f6zvetlen extruder kett\u0151s fogasker\u00e9k-kialak\u00edt\u00e1ssal, amely er\u0151s \u00e9s egyenletes 80N extrud\u00e1l\u00e1si er\u0151t biztos\u00edt. Kiv\u00e1l\u00f3an alkalmas rugalmas sz\u00e1lak, p\u00e9ld\u00e1ul TPU extrud\u00e1l\u00e1s\u00e1hoz. <\/span><\/p>\n<h2><strong>Nagy \u00e1raml\u00e1s\u00fa hotend<\/strong><\/h2>\n<p><span style=\"font-weight: 400;\">Tov\u00e1bbfejlesztett nagy \u00e1raml\u00e1si teljes\u00edtm\u00e9ny\u0171 f\u00fav\u00f3ka \u00e9s 50 W-os f\u0171t\u0151bet\u00e9t, teljesen megolvasztja a magas h\u0151m\u00e9rs\u00e9klet\u0171 izz\u00f3sz\u00e1lat 300 \u00b0C-on a foly\u00e9kony adagol\u00e1shoz. Cser\u00e9lhet\u0151 0,6 vagy 0,8 mm-es f\u00fav\u00f3k\u00e1val. <\/span><\/p>\n<h2><strong>Dedik\u00e1lt modellh\u0171t\u00e9s<\/strong><\/h2>\n<p><span style=\"font-weight: 400;\">Egy \u00f6n\u00e1ll\u00f3 4020-as ventil\u00e1tor er\u0151s szelet vezet a frissen nyomtatott r\u00e9sz h\u0171t\u00e9s\u00e9re. Hagyja, hogy a modell gyorsabban megszil\u00e1rduljon, \u00e9s kev\u00e9sb\u00e9 cs\u00fcngj\u00f6n vagy vetemedjen. <\/span><\/p>\n<h2><strong>K\u00fcl\u00f6nb\u00f6z\u0151 sz\u00e1lak a mer\u00e9sz \u00f6tletek megval\u00f3s\u00edt\u00e1s\u00e1hoz<\/strong><\/h2>\n<p><span style=\"font-weight: 400;\">A kiv\u00e1l\u00f3 multifunkci\u00f3s nyomtat\u00f3fej lehet\u0151v\u00e9 teszi a PLA, PA (nejlon), h\u0151\u00e1ll\u00f3 ABS, PLA-Wood, PLA-CF, rugalmas TPU \u00e9s PETG nyomtat\u00e1s\u00e1t.<\/span><\/p>\n<h2><strong>Val\u00f3di 25 pontos automatikus szintez\u00e9s<\/strong><\/h2>\n<p><span style=\"font-weight: 400;\">Teljesen automatikus szintez\u00e9s a CR Touch seg\u00edts\u00e9g\u00e9vel 25 pont szond\u00e1z\u00e1s\u00e1val, valamint 0,05 mm pontoss\u00e1g\u00fa Z eltol\u00e1s a f\u00fav\u00f3ka \u00e9s az \u00e9p\u00edt\u00e9si fel\u00fclet k\u00f6z\u00f6tti t\u00e1vols\u00e1g gyors kalibr\u00e1l\u00e1s\u00e1hoz.<\/span><\/p>\n<h2><strong>Rugalmas PC fel\u00fclet \u00e9s gyorsan felmeleged\u0151 \u00e1gy<\/strong><\/h2>\n<p><span style=\"font-weight: 400;\">4 r\u00e9teg\u0171 \u00e9p\u00edt\u00e9si platform. A PC bevonat er\u0151s tapad\u00e1st biztos\u00edt. A hajl\u00edthat\u00f3 rug\u00f3ac\u00e9l lemez k\u00f6nnyen elt\u00e1vol\u00edthat\u00f3 a nagy modellekben, \u00e9s nem deform\u00e1l\u00f3dik hossz\u00fa t\u00e1v\u00fa haszn\u00e1lat ut\u00e1n sem. A m\u00e1gneses alap \u00e9s a k\u00e9t csap lehet\u0151v\u00e9 teszi a gyors bepattint\u00e1st. A 470&#215;470 mm-es alum\u00ednium h\u0151\u00e1gy pedig 160 m\u00e1sodperc alatt 60\u00b0C-ra melegszik fel*.    <\/span><\/p>\n<h2><strong>Kevesebb imbolyg\u00e1s merev Z-tengellyel<\/strong><\/h2>\n<p><span style=\"font-weight: 400;\">A kett\u0151s Z-tengely megf\u00e9kezi a port\u00e1l megereszked\u00e9s\u00e9t \u00e9s a Z-ingadoz\u00e1st. A 2 t\u00e1maszt\u00f3 r\u00faddal egy\u00fctt egy merev h\u00e1romsz\u00f6get alkotnak a fels\u0151 keret stabiliz\u00e1l\u00e1s\u00e1ra. Mindegyik Z-tengelyt egy-egy \u00f6n\u00e1ll\u00f3 motor hajtja a tiszta mozg\u00e1s \u00e9rdek\u00e9ben. Mostant\u00f3l a magas modellek min\u0151s\u00e9ge alulr\u00f3l felfel\u00e9 biztos\u00edtott.   <\/span><\/p>\n<h2><strong>Sz\u00ednes k\u00e9perny\u0151 egyszer\u0171s\u00edtett felhaszn\u00e1l\u00f3i fel\u00fclettel<\/strong><\/h2>\n<p><span style=\"font-weight: 400;\">A 4,3 h\u00fcvelykes sz\u00ednes k\u00e9perny\u0151 egyszer\u0171 \u00e9s \u00e9rz\u00e9keny \u00e9rint\u00e9svez\u00e9rl\u00e9ssel rendelkezik, t\u00e1mogatja a modell el\u0151n\u00e9zet\u00e9t \u00e9s a h\u0151m\u00e9rs\u00e9klet PID-hangol\u00e1s\u00e1t. A k\u00e9sz\u00fcl\u00e9k 5 perc tov\u00e1bbi aktivit\u00e1s n\u00e9lk\u00fcl t\u00f6rt\u00e9n\u0151 m\u0171k\u00f6d\u00e9s ut\u00e1n kikapcsol. M\u00e9g jobb, ha bekapcsolja az energiatakar\u00e9kos alv\u00f3 \u00fczemm\u00f3dot.  <\/span><\/p>\n<h2><strong>800W Ipari vez\u00e9rl\u0151 t\u00e1pegys\u00e9g<\/strong><\/h2>\n<p><span style=\"font-weight: 400;\">A vil\u00e1gszerte 100-240 fesz\u00fclts\u00e9ghez igazod\u00f3 800 W-os adapter t\u00f6bb mint 90%-os hat\u00e1sfokot \u00e9s kis h\u0151termel\u00e9st biztos\u00edt. Sz\u0171ri a fesz\u00fclts\u00e9gingadoz\u00e1sokat \u00e9s az elektrom\u00e1gneses interferenci\u00e1t, \u00e9s v\u00e9d a r\u00f6vidz\u00e1rlat, a t\u00falterhel\u00e9s, a t\u00falfesz\u00fclts\u00e9g \u00e9s a t\u00falmeleged\u00e9s ellen. Nyugodt lehet a biztons\u00e1gos \u00e9s egyenletes cs\u00facsteljes\u00edtm\u00e9ny miatt.  <\/span><\/p>\n<h2><strong>Fokozott nyomtat\u00e1si megb\u00edzhat\u00f3s\u00e1g<\/strong><\/h2>\n<p><span style=\"font-weight: 400;\">A Creality CR-M4 k\u00e9t kulcsfontoss\u00e1g\u00fa funkci\u00f3val fokozza a nyomtat\u00e1s megb\u00edzhat\u00f3s\u00e1g\u00e1t. El\u0151sz\u00f6r is, az \u00e1ramkimarad\u00e1s ut\u00e1ni helyre\u00e1ll\u00edt\u00e1si k\u00e9pess\u00e9g biztos\u00edtja, hogy \u00e1ramsz\u00fcnet eset\u00e9n a nyomtat\u00f3 pontosan onnan tudja folytatni a nyomtat\u00e1st, ahol abbahagyta. M\u00e1sodszor, a filament kifut\u00e1s\u00e9rz\u00e9kel\u0151t \u00fagy tervezt\u00e9k, hogy meg\u00e1ll\u00edtsa a nyomtat\u00e1si folyamatot, \u00e9s figyelmeztesse a felhaszn\u00e1l\u00f3kat a filament \u00fajrat\u00f6lt\u00e9s\u00e9re, ha az fogy\u00f3ban van.  <\/span><\/p>\n<h2><strong>M\u0171szaki r\u00e9szletek:<\/strong><\/h2>\n<ul>\n<li style=\"font-weight: 400;\" aria-level=\"1\"><span style=\"font-weight: 400;\">Nyomtat\u00e1si technol\u00f3gia: FDM<\/span><\/li>\n<li style=\"font-weight: 400;\" aria-level=\"1\"><span style=\"font-weight: 400;\">\u00c9p\u00edt\u00e9si t\u00e9rfogat: 450x450x470mm<\/span><\/li>\n<li style=\"font-weight: 400;\" aria-level=\"1\"><span style=\"font-weight: 400;\">A term\u00e9k m\u00e9retei: 655x700x865mm<\/span><\/li>\n<li style=\"font-weight: 400;\" aria-level=\"1\"><span style=\"font-weight: 400;\">Csomagol\u00e1si m\u00e9retek: 790x760x300mm<\/span><\/li>\n<li style=\"font-weight: 400;\" aria-level=\"1\"><span style=\"font-weight: 400;\">Nett\u00f3 s\u00faly: 22.48KG<\/span><\/li>\n<li style=\"font-weight: 400;\" aria-level=\"1\"><span style=\"font-weight: 400;\">Brutt\u00f3 s\u00faly: 28.3KG<\/span><\/li>\n<li style=\"font-weight: 400;\" aria-level=\"1\"><span style=\"font-weight: 400;\">Nyomtat\u00e1si sebess\u00e9g: \u2264120mm\/s<\/span><\/li>\n<li style=\"font-weight: 400;\" aria-level=\"1\"><span style=\"font-weight: 400;\">Nyomtat\u00e1si pontoss\u00e1g: \u00b10,1 mm<\/span><\/li>\n<li style=\"font-weight: 400;\" aria-level=\"1\"><span style=\"font-weight: 400;\">R\u00e9tegmagass\u00e1g: 0.05-0.35mm<\/span><\/li>\n<li style=\"font-weight: 400;\" aria-level=\"1\"><span style=\"font-weight: 400;\">Extruder t\u00edpusa: &#8220;Sprite&#8221; kett\u0151s fogasker\u00e9kkel hajtott, k\u00f6zvetlen meghajt\u00e1s\u00fa extruder<\/span><\/li>\n<li style=\"font-weight: 400;\" aria-level=\"1\"><span style=\"font-weight: 400;\">Extruder anyaga: F\u00e9m<\/span><\/li>\n<li style=\"font-weight: 400;\" aria-level=\"1\"><span style=\"font-weight: 400;\">Sz\u00e1l \u00e1tm\u00e9r\u0151: 1.75mm<\/span><\/li>\n<li style=\"font-weight: 400;\" aria-level=\"1\"><span style=\"font-weight: 400;\">Z tengelysz\u00e1ml\u00e1l\u00e1s: 2<\/span><\/li>\n<li style=\"font-weight: 400;\" aria-level=\"1\"><span style=\"font-weight: 400;\">F\u00fav\u00f3ka t\u00edpusa: F\u00fav\u00f3ka: s\u00e1rgar\u00e9z f\u00fav\u00f3ka<\/span><\/li>\n<li style=\"font-weight: 400;\" aria-level=\"1\"><span style=\"font-weight: 400;\">F\u00fav\u00f3ka \u00e1tm\u00e9r\u0151je: (kompatibilis a 0,6\/0,8 mm-esekkel).<\/span><\/li>\n<li style=\"font-weight: 400;\" aria-level=\"1\"><span style=\"font-weight: 400;\">F\u00fav\u00f3ka h\u0151m\u00e9rs\u00e9klete: \u2264300\u00b0C<\/span><\/li>\n<li style=\"font-weight: 400;\" aria-level=\"1\"><span style=\"font-weight: 400;\">H\u0151\u00e1gy h\u0151m\u00e9rs\u00e9klete: \u2264100\u00b0C<\/span><\/li>\n<li style=\"font-weight: 400;\" aria-level=\"1\"><span style=\"font-weight: 400;\">\u00c9p\u00edt\u00e9si fel\u00fclet: PC rug\u00f3ac\u00e9llemez<\/span><\/li>\n<li style=\"font-weight: 400;\" aria-level=\"1\"><span style=\"font-weight: 400;\">K\u00e9perny\u0151: 4,3 h\u00fcvelykes sz\u00ednes \u00e9rint\u0151k\u00e9perny\u0151<\/span><\/li>\n<li style=\"font-weight: 400;\" aria-level=\"1\"><span style=\"font-weight: 400;\">Alaplap: Integr\u00e1lt 32 bites csendes alaplap: Integr\u00e1lt 32 bites csendes alaplap<\/span><\/li>\n<li style=\"font-weight: 400;\" aria-level=\"1\"><span style=\"font-weight: 400;\">Teljes\u00edtm\u00e9nyvesztes\u00e9g helyre\u00e1ll\u00edt\u00e1sa: Yes<\/span><\/li>\n<li style=\"font-weight: 400;\" aria-level=\"1\"><span style=\"font-weight: 400;\">Sz\u00e1l kifut\u00e1s\u00e9rz\u00e9kel\u0151: Igen<\/span><\/li>\n<li style=\"font-weight: 400;\" aria-level=\"1\"><span style=\"font-weight: 400;\">T\u00f6bb nyomtat\u00f3 vez\u00e9rl\u00e9se: Igen<\/span><\/li>\n<li style=\"font-weight: 400;\" aria-level=\"1\"><span style=\"font-weight: 400;\">Alv\u00f3 \u00fczemm\u00f3d: Igen<\/span><\/li>\n<li style=\"font-weight: 400;\" aria-level=\"1\"><span style=\"font-weight: 400;\">N\u00e9vleges fesz\u00fclts\u00e9g: 100-240V~, 50\/60Hz<\/span><\/li>\n<li style=\"font-weight: 400;\" aria-level=\"1\"><span style=\"font-weight: 400;\">N\u00e9vleges teljes\u00edtm\u00e9ny: 800W<\/span><\/li>\n<li style=\"font-weight: 400;\" aria-level=\"1\"><span style=\"font-weight: 400;\">Szeletel\u0151 szoftver: Creality Print, Creality Slicer, Cura<\/span><\/li>\n<li style=\"font-weight: 400;\" aria-level=\"1\"><span style=\"font-weight: 400;\">F\u00e1jlform\u00e1tumok: STL, OBJ, AMF<\/span><\/li>\n<li style=\"font-weight: 400;\" aria-level=\"1\"><span style=\"font-weight: 400;\">T\u00e1mogatott sz\u00e1lak: PLA, PETG, TPU, ABS, PLA Wood, PA, PLA CF.<\/span><\/li>\n<li style=\"font-weight: 400;\" aria-level=\"1\"><span style=\"font-weight: 400;\">UI nyelvek: Angol, spanyol, n\u00e9met, francia, orosz, portug\u00e1l, olasz, t\u00f6r\u00f6k, k\u00ednai<\/span><\/li>\n<\/ul>\n<p><strong><iframe loading=\"lazy\" class=\"allowed-iframe\" src=\"https:\/\/www.youtube.com\/embed\/R5S7jWPEbm0\" width=\"900\" height=\"500\"><\/iframe><\/strong><\/p>\n","protected":false},"excerpt":{"rendered":"<p>A <strong>Creality CR-M4 3D nyomtat\u00f3<\/strong> hatalmas, <strong>450 x 450 x 470 mm-es<\/strong> \u00e9p\u00edt\u00e9si t\u00e9rfogattal b\u00fcszk\u00e9lkedhet. Ez egy igazi munkag\u00e9p nagy modellek k\u00e9sz\u00edt\u00e9s\u00e9hez kevesebb vagy semmilyen ut\u00f3munk\u00e1val, vagy t\u00f6bb alkatr\u00e9sz egy menetben t\u00f6rt\u00e9n\u0151 k\u00f6tegelt nyomtat\u00e1s\u00e1hoz. <\/p>\n","protected":false},"featured_media":59511,"comment_status":"closed","ping_status":"closed","template":"","meta":{"_acf_changed":false},"product_brand":[],"product_cat":[1677,2251,1679,1678,1680],"product_tag":[],"brand":[],"class_list":{"0":"post-59510","1":"product","2":"type-product","3":"status-publish","4":"has-post-thumbnail","6":"product_cat-3d-nyomtato","7":"product_cat-creality-hu","8":"product_cat-elado","9":"product_cat-fdm-nyomtato","10":"product_cat-minden-3d-nyomtato","12":"first","13":"outofstock","14":"sale","15":"taxable","16":"shipping-taxable","17":"purchasable","18":"product-type-simple"},"acf":[],"_links":{"self":[{"href":"https:\/\/azurefilm.com\/hu\/wp-json\/wp\/v2\/product\/59510","targetHints":{"allow":["GET"]}}],"collection":[{"href":"https:\/\/azurefilm.com\/hu\/wp-json\/wp\/v2\/product"}],"about":[{"href":"https:\/\/azurefilm.com\/hu\/wp-json\/wp\/v2\/types\/product"}],"replies":[{"embeddable":true,"href":"https:\/\/azurefilm.com\/hu\/wp-json\/wp\/v2\/comments?post=59510"}],"wp:featuredmedia":[{"embeddable":true,"href":"https:\/\/azurefilm.com\/hu\/wp-json\/wp\/v2\/media\/59511"}],"wp:attachment":[{"href":"https:\/\/azurefilm.com\/hu\/wp-json\/wp\/v2\/media?parent=59510"}],"wp:term":[{"taxonomy":"product_brand","embeddable":true,"href":"https:\/\/azurefilm.com\/hu\/wp-json\/wp\/v2\/product_brand?post=59510"},{"taxonomy":"product_cat","embeddable":true,"href":"https:\/\/azurefilm.com\/hu\/wp-json\/wp\/v2\/product_cat?post=59510"},{"taxonomy":"product_tag","embeddable":true,"href":"https:\/\/azurefilm.com\/hu\/wp-json\/wp\/v2\/product_tag?post=59510"},{"taxonomy":"brand","embeddable":true,"href":"https:\/\/azurefilm.com\/hu\/wp-json\/wp\/v2\/brand?post=59510"}],"curies":[{"name":"wp","href":"https:\/\/api.w.org\/{rel}","templated":true}]}}