
{"id":59524,"date":"2023-10-29T14:18:08","date_gmt":"2023-10-29T14:18:08","guid":{"rendered":"https:\/\/azurefilm.com\/product\/flsun-v400\/"},"modified":"2023-10-29T14:18:08","modified_gmt":"2023-10-29T14:18:08","slug":"flsun-v400","status":"publish","type":"product","link":"https:\/\/azurefilm.com\/hu\/termek\/flsun-v400\/","title":{"rendered":"FLSUN V400"},"content":{"rendered":"<p><span style=\"font-weight: 400;\">Fedezze fel a gyors 3D nyomtat\u00e1s erej\u00e9t a Klipper firmware-rel el\u0151re felszerelt FLSUN V400-zal. Tapasztalja meg a 400 mm\/s sebess\u00e9g\u0171 nyomtat\u00e1st bonyolult konfigur\u00e1ci\u00f3k n\u00e9lk\u00fcl.   <\/span><\/p>\n<h2><strong>Ultrak\u00f6nny\u0171, r\u00f6vid hat\u00f3t\u00e1vols\u00e1g\u00fa extruder a sokoldal\u00fas\u00e1g\u00e9rt<\/strong><\/h2>\n<p><span style=\"font-weight: 400;\">Az FLSUN V400 egy ultrak\u00f6nny\u0171, r\u00f6vid hat\u00f3t\u00e1vols\u00e1g\u00fa extruderrel rendelkezik, amely 70 N extrud\u00e1l\u00e1si er\u0151 kifejt\u00e9s\u00e9re k\u00e9pes. Ez az extruder ide\u00e1lis a nagy sebess\u00e9g\u0171, 400 mm\/s sebess\u00e9g\u0171 nyomtat\u00e1shoz, \u00edgy alkalmas a rugalmas \u00e9s kem\u00e9ny fogy\u00f3anyagok, p\u00e9ld\u00e1ul a PLA sz\u00e1m\u00e1ra. Bif\u00e9m torokcs\u00f6ve lehet\u0151v\u00e9 teszi a magas h\u0151m\u00e9rs\u00e9klet\u0171, ak\u00e1r 300 fokos nyomtat\u00e1st.  <\/span><\/p>\n<h2><strong>Felhaszn\u00e1l\u00f3bar\u00e1t kezel\u0151fel\u00fclet sz\u00e9les l\u00e1t\u00f3sz\u00f6g\u0171 IPS k\u00e9perny\u0151vel<\/strong><\/h2>\n<p><span style=\"font-weight: 400;\">Ir\u00e1ny\u00edtsa k\u00f6nnyed\u00e9n FLSUN V400 k\u00e9sz\u00fcl\u00e9k\u00e9t a 7 h\u00fcvelykes, sz\u00e9les l\u00e1t\u00f3sz\u00f6g\u0171, ultra-nagy felbont\u00e1s\u00fa IPS interakt\u00edv k\u00e9perny\u0151 seg\u00edts\u00e9g\u00e9vel. Az Apple mobiltelefonokhoz hasonl\u00f3 multi-touch fel\u00fclettel \u00e9s az optimaliz\u00e1lt KlipperScreen fel\u00fclettel a 3D nyomtat\u00e1si m\u0171velet egyszer\u0171bb\u00e9 \u00e9s k\u00e9nyelmesebb\u00e9 v\u00e1lik. <\/span><\/p>\n<h2><strong>Nagy pontoss\u00e1g\u00fa nyomtat\u00e1s b\u0151s\u00e9ges \u00e9p\u00edt\u00e9si t\u00e9rfogattal<\/strong><\/h2>\n<p><span style=\"font-weight: 400;\">Nagy pontoss\u00e1g\u00fa nyomtat\u00e1s 300 mm-es maxim\u00e1lis t\u00e1rgy\u00e1tm\u00e9r\u0151vel \u00e9s 410 mm-es magass\u00e1ggal. Az FLSUN V400 k\u00e9ttengelyes huzalm\u00e9r\u0151t alkalmaz a kiv\u00e1l\u00f3 pontoss\u00e1g \u00e9rdek\u00e9ben, m\u00e9g a nagy sebess\u00e9g\u0171 nyomtat\u00e1s sor\u00e1n is. <\/span><\/p>\n<h2><strong>Sz\u00e1lt\u00f6r\u00e9s-\u00e9rz\u00e9kel\u00e9s \u00e9s \u00f6nnivell\u00e1l\u00e1s<\/strong><\/h2>\n<p><span style=\"font-weight: 400;\">\u00c9lvezze a probl\u00e9mamentes nyomtat\u00e1st az olyan funkci\u00f3kkal, mint a sz\u00e1lszakad\u00e1s-\u00e9rz\u00e9kel\u00e9s, az automatikus sz\u00fcnet \u00e9s a fogy\u00f3anyag-csere ut\u00e1ni folytat\u00e1s. Az FLSUN V400 saj\u00e1t fejleszt\u00e9s\u0171 szintez\u0151 algoritmusa 25 ponton kereszt\u00fcl kompenz\u00e1lja a megmunk\u00e1l\u00e1si hib\u00e1kat, \u00edgy biztos\u00edtva a kifog\u00e1stalan els\u0151 r\u00e9teget. <\/span><\/p>\n<h2><strong>Egyed\u00fcl\u00e1ll\u00f3 mechanikus kar kialak\u00edt\u00e1s<\/strong><\/h2>\n<p><span style=\"font-weight: 400;\">Az FLSUN V400 mechanikus karj\u00e1nak kialak\u00edt\u00e1sa nagy szil\u00e1rds\u00e1g\u00fa sz\u00e9nsz\u00e1las rudakat, rep\u00fcl\u00e9si alum\u00ednium h\u00e9jakat \u00e9s kop\u00e1s\u00e1ll\u00f3 POM csap\u00e1gyakat tartalmaz. Ez az innovat\u00edv konstrukci\u00f3 szerkezeti merevs\u00e9get \u00e9s pontos pozicion\u00e1l\u00e1st biztos\u00edt. <\/span><\/p>\n<h2><strong>M\u0171szaki r\u00e9szletek:<\/strong><\/h2>\n<ul>\n<li style=\"font-weight: 400;\" aria-level=\"1\"><span style=\"font-weight: 400;\">Modell: Flsun V400<\/span><\/li>\n<li style=\"font-weight: 400;\" aria-level=\"1\"><span style=\"font-weight: 400;\">Nyomtat\u00e1si m\u00e9ret: 300x410mm (legmagasabb pont)<\/span><\/li>\n<li style=\"font-weight: 400;\" aria-level=\"1\"><span style=\"font-weight: 400;\">Form\u00e1z\u00e1si technol\u00f3gia: FDM<\/span><\/li>\n<li style=\"font-weight: 400;\" aria-level=\"1\"><span style=\"font-weight: 400;\">F\u00fav\u00f3ka \u00e1tm\u00e9r\u0151: 0.4mm<\/span><\/li>\n<li style=\"font-weight: 400;\" aria-level=\"1\"><span style=\"font-weight: 400;\">R\u00e9tegmagass\u00e1g: 0.05-0.3mm<\/span><\/li>\n<li style=\"font-weight: 400;\" aria-level=\"1\"><span style=\"font-weight: 400;\">Pontoss\u00e1g: \u00b10,15 mm<\/span><\/li>\n<li style=\"font-weight: 400;\" aria-level=\"1\"><span style=\"font-weight: 400;\">F\u00fav\u00f3ka h\u0151m\u00e9rs\u00e9klete: \u2264300\u00b0C<\/span><\/li>\n<li style=\"font-weight: 400;\" aria-level=\"1\"><span style=\"font-weight: 400;\">H\u0151\u00e1gy h\u0151m\u00e9rs\u00e9klete: \u2264110\u00b0C<\/span><\/li>\n<li style=\"font-weight: 400;\" aria-level=\"1\"><span style=\"font-weight: 400;\">Sz\u00e1ltart\u00f3: PLA\/PLA+\/ABS\/PETG\/WOOD\/TPU\/PC\/NYLON (sz\u00e1r\u00edtott)<\/span><\/li>\n<li style=\"font-weight: 400;\" aria-level=\"1\"><span style=\"font-weight: 400;\">Nyomtat\u00e1si sebess\u00e9g: \u2264400mm\/s<\/span><\/li>\n<li style=\"font-weight: 400;\" aria-level=\"1\"><span style=\"font-weight: 400;\">F\u00e1jlform\u00e1tum: STL, OBJ, AMF, 3DS<\/span><\/li>\n<li style=\"font-weight: 400;\" aria-level=\"1\"><span style=\"font-weight: 400;\">Slice szoftver: Cura(aj\u00e1nljuk), Simplify3D, Prusaslicer, Ideamaker<\/span><\/li>\n<li style=\"font-weight: 400;\" aria-level=\"1\"><span style=\"font-weight: 400;\">Nyomtathat\u00f3 f\u00e1jlform\u00e1tum: (el\u0151n\u00e9zeti modell)<\/span><\/li>\n<li style=\"font-weight: 400;\" aria-level=\"1\"><span style=\"font-weight: 400;\">Adat\u00e1tvitel: WIFI\/U lemez<\/span><\/li>\n<li style=\"font-weight: 400;\" aria-level=\"1\"><span style=\"font-weight: 400;\">Fesz\u00fclts\u00e9g: bemenet: AC11SV-230V Kimenet: AC11SV-230V V<\/span><\/li>\n<li style=\"font-weight: 400;\" aria-level=\"1\"><span style=\"font-weight: 400;\">Teljes\u00edtm\u00e9ny: 450W<\/span><\/li>\n<li style=\"font-weight: 400;\" aria-level=\"1\"><span style=\"font-weight: 400;\">Szintez\u00e9s t\u00edpusa: Automatikus szintbe\u00e1ll\u00edt\u00e1s:<\/span><\/li>\n<li style=\"font-weight: 400;\" aria-level=\"1\"><span style=\"font-weight: 400;\">Sz\u00e1l\u00e9rz\u00e9kel\u00e9s: Igen<\/span><\/li>\n<li style=\"font-weight: 400;\" aria-level=\"1\"><span style=\"font-weight: 400;\">Extruder: K\u00f6zvetlen<\/span><\/li>\n<li style=\"font-weight: 400;\" aria-level=\"1\"><span style=\"font-weight: 400;\">Rendszer<\/span><\/li>\n<\/ul>\n<p><iframe loading=\"lazy\" class=\"allowed-iframe\" src=\"https:\/\/www.youtube.com\/embed\/U7yA-k-2YYE\" width=\"900\" height=\"500\"><\/iframe><\/p>\n","protected":false},"excerpt":{"rendered":"<p>Az <strong>FLSUN V400<\/strong> egy FDM 3D nyomtat\u00f3, amely 400 mm\/s sebess\u00e9ggel k\u00e9pes nyomtatni.<\/p>\n","protected":false},"featured_media":59525,"comment_status":"closed","ping_status":"closed","template":"","meta":{"_acf_changed":false},"product_brand":[],"product_cat":[1677,1679,1678,2321,1680],"product_tag":[],"brand":[],"class_list":{"0":"post-59524","1":"product","2":"type-product","3":"status-publish","4":"has-post-thumbnail","6":"product_cat-3d-nyomtato","7":"product_cat-elado","8":"product_cat-fdm-nyomtato","9":"product_cat-flsun-fdm-nyomtatok","10":"product_cat-minden-3d-nyomtato","12":"first","13":"outofstock","14":"sale","15":"taxable","16":"shipping-taxable","17":"purchasable","18":"product-type-simple"},"acf":[],"_links":{"self":[{"href":"https:\/\/azurefilm.com\/hu\/wp-json\/wp\/v2\/product\/59524","targetHints":{"allow":["GET"]}}],"collection":[{"href":"https:\/\/azurefilm.com\/hu\/wp-json\/wp\/v2\/product"}],"about":[{"href":"https:\/\/azurefilm.com\/hu\/wp-json\/wp\/v2\/types\/product"}],"replies":[{"embeddable":true,"href":"https:\/\/azurefilm.com\/hu\/wp-json\/wp\/v2\/comments?post=59524"}],"wp:featuredmedia":[{"embeddable":true,"href":"https:\/\/azurefilm.com\/hu\/wp-json\/wp\/v2\/media\/59525"}],"wp:attachment":[{"href":"https:\/\/azurefilm.com\/hu\/wp-json\/wp\/v2\/media?parent=59524"}],"wp:term":[{"taxonomy":"product_brand","embeddable":true,"href":"https:\/\/azurefilm.com\/hu\/wp-json\/wp\/v2\/product_brand?post=59524"},{"taxonomy":"product_cat","embeddable":true,"href":"https:\/\/azurefilm.com\/hu\/wp-json\/wp\/v2\/product_cat?post=59524"},{"taxonomy":"product_tag","embeddable":true,"href":"https:\/\/azurefilm.com\/hu\/wp-json\/wp\/v2\/product_tag?post=59524"},{"taxonomy":"brand","embeddable":true,"href":"https:\/\/azurefilm.com\/hu\/wp-json\/wp\/v2\/brand?post=59524"}],"curies":[{"name":"wp","href":"https:\/\/api.w.org\/{rel}","templated":true}]}}