
{"id":59548,"date":"2023-10-29T14:42:00","date_gmt":"2023-10-29T14:42:00","guid":{"rendered":"https:\/\/azurefilm.com\/product\/creality-ekszer-atlatszo-zold-gyanta\/"},"modified":"2025-08-22T11:23:14","modified_gmt":"2025-08-22T11:23:14","slug":"creality-ekszer-atlatszo-zold-gyanta","status":"publish","type":"product","link":"https:\/\/azurefilm.com\/hu\/termek\/creality-ekszer-atlatszo-zold-gyanta\/","title":{"rendered":"Creality \u00c9kszer \u00e1tl\u00e1tsz\u00f3 z\u00f6ld gyanta"},"content":{"rendered":"<h2><b>Creality \u00c9kszer \u00e1tl\u00e1tsz\u00f3 z\u00f6ld gyanta  <\/b><\/h2>\n<p><span style=\"font-weight: 400;\">Creality \u00f6nthet\u0151 \u00e9kszerek \u00e1tl\u00e1tsz\u00f3 z\u00f6ld<\/span> <span style=\"font-weight: 400;\">A gyanta az LCD\/DLP 3D nyomtat\u00f3k sz\u00e9les sk\u00e1l\u00e1j\u00e1val val\u00f3 kompatibilit\u00e1s \u00e9rdek\u00e9ben k\u00e9sz\u00fclt, \u00edgy gyors \u00e9s pontos nyomtat\u00e1st biztos\u00edt bonyolult \u00f6nthet\u0151 \u00e9kszertervekhez.<\/span> <span style=\"font-weight: 400;\">Gyors \u00f6nt\u00e9s el\u00e9r\u00e9se <\/span><b>prec\u00edz r\u00e9szletgazdags\u00e1g a bonyolult \u00e9kszerdarabokhoz<\/b><\/p>\n<p><span style=\"font-weight: 400;\">. Ensure your jewellery pieces have a <\/span><b>  hib\u00e1tlan fel\u00fcletkezel\u00e9s<\/b><span style=\"font-weight: 400;\">  amely megfelel a legmagasabb min\u0151s\u00e9gi k\u00f6vetelm\u00e9nyeknek. K\u00e9zm\u0171veskedjen k\u00f6rnyezettudatosan, mivel ez a m\u0171gyanta   <\/span><b>k\u00f6rnyezetbar\u00e1t<\/b><span style=\"font-weight: 400;\">. Compatible with most LCD\/DLP 3D printers, making it a versatile choice for jewellery makers. <\/span><\/p>\n<h3><strong>Tulajdons\u00e1gok:<\/strong><\/h3>\n<ul>\n<li style=\"font-weight: 400;\" aria-level=\"1\"><span style=\"font-weight: 400;\">Sima fel\u00fclet<\/span><\/li>\n<li style=\"font-weight: 400;\" aria-level=\"1\"><span style=\"font-weight: 400;\">Alacsony zsugorod\u00e1s<\/span><\/li>\n<li style=\"font-weight: 400;\" aria-level=\"1\"><span style=\"font-weight: 400;\">K\u00f6rnyezetbar\u00e1t<\/span><\/li>\n<\/ul>\n<p><img decoding=\"async\" class=\"alignnone size-medium wp-image-18695\" src=\"https:\/\/azurefilm.com\/wp-content\/uploads\/2023\/10\/Jewelry_Cast_Resin_10-0.jpg\" alt=\"  Sz\u00e9less\u00e9g...\" height=\"400\" title=\"\"><\/p>\n","protected":false},"excerpt":{"rendered":"<p>Biztos\u00edtson hib\u00e1tlan fel\u00fcletet \u00e9kszereinek, \u00e9s legyen k\u00f6rnyezettudatos a Creality Jewelry \u00e1tl\u00e1tsz\u00f3 z\u00f6ld gyant\u00e1val (500g).<\/p>\n","protected":false},"featured_media":59549,"comment_status":"closed","ping_status":"closed","template":"","meta":{"_acf_changed":false},"product_brand":[],"product_cat":[1686,2563,1688,2370],"product_tag":[],"brand":[],"class_list":{"0":"post-59548","1":"product","2":"type-product","3":"status-publish","4":"has-post-thumbnail","6":"product_cat-3d-filmek","7":"product_cat-ekszer-gyanta","8":"product_cat-minden-film","9":"product_cat-resin-hu","10":"pa_colour-green","11":"pa_resin-technology-dlp","12":"pa_resin-technology-lcd-msla","13":"pa_resin-type-jewellery","14":"pa_resin-weight-500g","16":"first","17":"outofstock","18":"taxable","19":"shipping-taxable","20":"purchasable","21":"product-type-simple"},"acf":[],"_links":{"self":[{"href":"https:\/\/azurefilm.com\/hu\/wp-json\/wp\/v2\/product\/59548","targetHints":{"allow":["GET"]}}],"collection":[{"href":"https:\/\/azurefilm.com\/hu\/wp-json\/wp\/v2\/product"}],"about":[{"href":"https:\/\/azurefilm.com\/hu\/wp-json\/wp\/v2\/types\/product"}],"replies":[{"embeddable":true,"href":"https:\/\/azurefilm.com\/hu\/wp-json\/wp\/v2\/comments?post=59548"}],"wp:featuredmedia":[{"embeddable":true,"href":"https:\/\/azurefilm.com\/hu\/wp-json\/wp\/v2\/media\/59549"}],"wp:attachment":[{"href":"https:\/\/azurefilm.com\/hu\/wp-json\/wp\/v2\/media?parent=59548"}],"wp:term":[{"taxonomy":"product_brand","embeddable":true,"href":"https:\/\/azurefilm.com\/hu\/wp-json\/wp\/v2\/product_brand?post=59548"},{"taxonomy":"product_cat","embeddable":true,"href":"https:\/\/azurefilm.com\/hu\/wp-json\/wp\/v2\/product_cat?post=59548"},{"taxonomy":"product_tag","embeddable":true,"href":"https:\/\/azurefilm.com\/hu\/wp-json\/wp\/v2\/product_tag?post=59548"},{"taxonomy":"brand","embeddable":true,"href":"https:\/\/azurefilm.com\/hu\/wp-json\/wp\/v2\/brand?post=59548"}],"curies":[{"name":"wp","href":"https:\/\/api.w.org\/{rel}","templated":true}]}}