
{"id":59588,"date":"2023-10-29T14:44:31","date_gmt":"2023-10-29T14:44:31","guid":{"rendered":"https:\/\/azurefilm.com\/product\/bambu-lab-x1e-combo\/"},"modified":"2023-10-29T14:44:31","modified_gmt":"2023-10-29T14:44:31","slug":"bambu-lab-x1e-combo","status":"publish","type":"product","link":"https:\/\/azurefilm.com\/hu\/termek\/bambu-lab-x1e-combo\/","title":{"rendered":"Bambu Lab X1E Combo"},"content":{"rendered":"<p>Bambu Lab X1E Combo &#8211; A szakemberek \u00e9s a m\u00e9rn\u00f6ki alkalmaz\u00e1sok t\u00e1mogat\u00e1sa<\/p>\n<h2>Tov\u00e1bbfejlesztett csatlakoz\u00e1si lehet\u0151s\u00e9gek<\/h2>\n<p>A Bambu Lab X1E sz\u00e1mos tov\u00e1bbfejlesztett csatlakoz\u00e1si lehet\u0151s\u00e9get k\u00edn\u00e1l. A stabil Ethernet-kapcsolattal \u00e9s a WPA2-Enterprise Authentication Wi-Fi-kapcsolattal ez a 3D nyomtat\u00f3 a szakemberek ig\u00e9nyeit el\u00e9g\u00edti ki. Az \u00fajonnan hozz\u00e1adott Ethernet-port robusztus h\u00e1l\u00f3zati kommunik\u00e1ci\u00f3t biztos\u00edt \u00f6sszetett k\u00f6rnyezetben is, \u00edgy ide\u00e1lis a zs\u00fafolt jel\u0171 ter\u00fcleteken. Emellett az X1E a WPA2-Enterprise Wi-Fi r\u00e9v\u00e9n er\u0151s biztons\u00e1got is ny\u00fajt. A Wi-Fi \u00e9s az Ethernet k\u00fcl\u00f6n-k\u00fcl\u00f6n kikapcsolhat\u00f3 kapcsol\u00f3kkal rendelkezik. Ez\u00e1ltal a h\u00e1l\u00f3zat nagyon biztons\u00e1gos marad.     <\/p>\n<h2>H\u00e1l\u00f3zatt\u00f3l f\u00fcggetlen m\u0171k\u00f6d\u00e9s<\/h2>\n<p>Az X1E a f\u00fcggetlens\u00e9gre \u00e9p\u00fclt. Z\u00f6kken\u0151mentesen m\u0171k\u00f6dik a helyi h\u00e1l\u00f3zaton bel\u00fcl, m\u00e9g akkor is, ha nem csatlakozik a Bambu Cloud szolg\u00e1ltat\u00e1shoz. Ez a funkci\u00f3 lehet\u0151v\u00e9 teszi az \u00fcgyfelek sz\u00e1m\u00e1ra, hogy az X1E-t t\u00e1volr\u00f3l, LAN-kommunik\u00e1ci\u00f3n kereszt\u00fcl kezelj\u00e9k, m\u00e9g internetkapcsolat hi\u00e1ny\u00e1ban is.  <\/p>\n<h2>Ipari min\u0151s\u00e9g\u0171 leveg\u0151sz\u0171r\u00e9s<\/h2>\n<p>A G3 el\u0151sz\u0171r\u0151vel, H12 HEPA sz\u0171r\u0151vel \u00e9s pr\u00e9mium k\u00f3kuszdi\u00f3h\u00e9jjal aktiv\u00e1lt sz\u00e9nsz\u0171r\u0151vel felszerelt Bambu Lab X1E optim\u00e1lis l\u00e9gsz\u0171r\u00e9st biztos\u00edt. Ez a sz\u0171r\u0151rendszer cs\u00f6kkenti a nyomtat\u00e1si folyamat sor\u00e1n keletkez\u0151 szagokat \u00e9s r\u00e9szecsk\u00e9ket. Ez\u00e1ltal kiv\u00e1l\u00f3an alkalmas kev\u00e9sb\u00e9 szell\u0151ztetett k\u00f6rnyezetekbe.  <\/p>\n<h2>Akt\u00edv f\u0171t\u00e9s \u00e9s szab\u00e1lyozott kamrah\u0151m\u00e9rs\u00e9klet<\/h2>\n<p>Az X1E akt\u00edvan szab\u00e1lyozza a kamra h\u0151m\u00e9rs\u00e9klet\u00e9t, ami biztos\u00edtja a h\u0151m\u00e9rs\u00e9klet pontos szab\u00e1lyoz\u00e1s\u00e1t 60\u00b0C-ig (140\u00b0F). Ez a funkci\u00f3 jelent\u0151sen jav\u00edtja a nyomtat\u00e1si min\u0151s\u00e9get, k\u00fcl\u00f6n\u00f6sen a vetemed\u00e9sre hajlamos anyagok, p\u00e9ld\u00e1ul az ABS \u00e9s a PC eset\u00e9ben. <\/p>\n<h2>Magas f\u00fav\u00f3ka h\u0151m\u00e9rs\u00e9klet<\/h2>\n<p>A 320\u00b0C (608\u00b0F) f\u00fav\u00f3ka-h\u0151m\u00e9rs\u00e9klet\u0171 X1E megnyitja az utat a nagy teljes\u00edtm\u00e9ny\u0171 anyagok, p\u00e9ld\u00e1ul a PPA-CF\/GF, PPS \u00e9s PPS-CF nyomtat\u00e1s\u00e1hoz. Ezek a fejlett anyagok kiv\u00e1l\u00f3 m\u00e9retstabilit\u00e1st, h\u0151\u00e1ll\u00f3s\u00e1got \u00e9s mechanikai teljes\u00edtm\u00e9nyt ny\u00fajtanak. <\/p>\n<h2>Robusztus nagy sebess\u00e9g\u0171 CoreXY<\/h2>\n<p>A kiv\u00e1l\u00f3 sz\u00e9nsz\u00e1las rudakkal meger\u0151s\u00edtett CoreXY mozg\u00e1sszerkezet lehet\u0151v\u00e9 teszi, hogy az X1E el\u00e9rje a 20 000 mm\/s\u00b2 szersz\u00e1mfej gyorsul\u00e1st. Ez a figyelemre m\u00e9lt\u00f3 gyorsul\u00e1s lehet\u0151v\u00e9 teszi, hogy az X1E hosszabb ideig tartsa az 500 mm\/s maxim\u00e1lis halad\u00e1si sebess\u00e9get, ami jelent\u0151sen cs\u00f6kkentett teljes nyomtat\u00e1si id\u0151t eredm\u00e9nyez. <\/p>\n<h2>R\u00e1zk\u00f3d\u00e1s- \u00e9s extrud\u00e1l\u00e1si kompenz\u00e1ci\u00f3<\/h2>\n<p>Az X1E akt\u00edvan kompenz\u00e1lja az XY-tengely rezg\u00e9seit \u00e9s az extrud\u00e1l\u00e1si inkonzisztenci\u00e1kat, kiv\u00e9telesen egyenletes nyomtat\u00e1si min\u0151s\u00e9get garant\u00e1lva. Minden be\u00e1ll\u00edt\u00e1s automatikus, ami kik\u00fcsz\u00f6b\u00f6li a k\u00e9zi finomhangol\u00e1s sz\u00fcks\u00e9gess\u00e9g\u00e9t. <\/p>\n<h2>AI hiba\u00e9rz\u00e9kel\u00e9s<\/h2>\n<p>Ez a 3D nyomtat\u00f3 egy Lidarral \u00e9s sz\u00e1m\u00edt\u00f3g\u00e9pes l\u00e1t\u00e1ssal p\u00e1ros\u00edtott mesters\u00e9ges intelligencia algoritmust alkalmaz az els\u0151 r\u00e9teg t\u00f6k\u00e9letlens\u00e9geinek \u00e9s a potenci\u00e1lis nyomtat\u00e1si hib\u00e1k felismer\u00e9s\u00e9re. Probl\u00e9ma eset\u00e9n automatikusan sz\u00fcnetelteti a nyomtat\u00e1si feladatot, megel\u0151zve a katasztrof\u00e1lis hib\u00e1kat. <\/p>\n<h2>Intelligens sz\u00e1lkezel\u00e9s<\/h2>\n<p>P\u00e1rhuzamosan ak\u00e1r n\u00e9gy Bambu <a href=\"https:\/\/azurefilm.com\/product\/bambu-lab-ams-hub\/\" target=\"_blank\" rel=\"noopener\"><strong>AMS rendszereket<\/strong><\/a>, ak\u00e1r 16 fonalas ors\u00f3 befogad\u00e1s\u00e1ra. Ez a be\u00e1ll\u00edt\u00e1s t\u00f6k\u00e9letes a dedik\u00e1lt hordoz\u00f3anyagok nyomtat\u00e1s\u00e1hoz, a fel\u00fcleti min\u0151s\u00e9g jav\u00edt\u00e1s\u00e1hoz \u00e9s a t\u00f6bbsz\u00edn\u0171 nyomtat\u00e1s lehet\u0151v\u00e9 t\u00e9tel\u00e9hez. Az AMS rendszer t\u00e1mogatja az automatikus filamentum \u00fajrat\u00f6lt\u00e9st is, ami z\u00f6kken\u0151mentes \u00e1tmenetet biztos\u00edt az ors\u00f3k k\u00f6z\u00f6tt.  <\/p>\n<h2>X1 &#8211; Carbon vs. X1E: Mik a f\u0151 k\u00fcl\u00f6nbs\u00e9gek?<\/h2>\n<p>Az X1E \u00e9s az X1E k\u00f6z\u00f6tti els\u0151dleges k\u00fcl\u00f6nbs\u00e9gek a k\u00f6vetkez\u0151k <a href=\"https:\/\/azurefilm.com\/product\/bambu-lab-x1-carbon\/\" target=\"_blank\" rel=\"noopener\"><strong>X1-Carbon<\/strong><\/a> modellek k\u00f6z\u00f6tt a h\u00e1l\u00f3zati k\u00e9pess\u00e9gek, az \u00e1ltaluk haszn\u00e1lhat\u00f3 anyagok, a f\u0171t\u00e9s, a l\u00e9gtiszt\u00edt\u00e1s, a h\u00e1l\u00f3zati vez\u00e9rl\u00e9s \u00e9s n\u00e9h\u00e1ny m\u0171szaki specifik\u00e1ci\u00f3. Az X1E tov\u00e1bbfejlesztett h\u00e1l\u00f3zati funkci\u00f3kkal rendelkezik, hozz\u00e1adott biztons\u00e1gi funkci\u00f3kkal, fejlett f\u0171t\u00e9ssel kamraf\u0171t\u00e9ssel, hat\u00e9kony l\u00e9gtiszt\u00edt\u00e1ssal HEPA-sz\u0171r\u0151kkel \u00e9s fejlett h\u00e1l\u00f3zati vez\u00e9rl\u00e9ssel Ethernet-kapcsolattal. Ezzel szemben az X1-Carbon ezeken a ter\u00fcleteken alapszint\u0171bb lehet\u0151s\u00e9geket k\u00edn\u00e1l. Mindk\u00e9t modell gyors szersz\u00e1mfejekkel, mikro Lidarral \u00e9s kamrafel\u00fcgyeleti kamer\u00e1kkal rendelkezik, biztos\u00edtva a robusztus 3D nyomtat\u00e1si \u00e9lm\u00e9nyt. Az X1E Combo modellre vonatkoz\u00f3 tov\u00e1bbi m\u0171szaki specifik\u00e1ci\u00f3k\u00e9rt l\u00e1togasson el az al\u00e1bbi weboldalra <a href=\"https:\/\/wiki.bambulab.com\/en\/x1\/manual\/x1e-faq\" target=\"_blank\" rel=\"noopener\"><strong>hivatalos Bambu Lab k\u00e9zik\u00f6nyv<\/strong><\/a>.<\/p>\n","protected":false},"excerpt":{"rendered":"<p><b>Bambu Lab X1E Combo: T\u00fal az elv\u00e1r\u00e1sokon<\/b><span style=\"font-weight: 400;\"> &#8211; Csatlakoz\u00e1si forradalom, f\u00fcggetlen LAN \u00fczemm\u00f3d, kiv\u00e1l\u00f3 leveg\u0151min\u0151s\u00e9g, h\u0151m\u00e9rs\u00e9kleti pontoss\u00e1g, magas h\u0151m\u00e9rs\u00e9klet\u0171 nyomtat\u00e1s \u00e9s a sebess\u00e9g mesters\u00e9ge egyetlen k\u00e9sz\u00fcl\u00e9kben.<\/span><\/p>\n","protected":false},"featured_media":59589,"comment_status":"closed","ping_status":"closed","template":"","meta":{"_acf_changed":false},"product_brand":[],"product_cat":[1677,1681,1678,1680],"product_tag":[],"brand":[],"class_list":{"0":"post-59588","1":"product","2":"type-product","3":"status-publish","4":"has-post-thumbnail","6":"product_cat-3d-nyomtato","7":"product_cat-bambu-lab-hu","8":"product_cat-fdm-nyomtato","9":"product_cat-minden-3d-nyomtato","11":"first","12":"outofstock","13":"taxable","14":"shipping-taxable","15":"purchasable","16":"product-type-simple"},"acf":[],"_links":{"self":[{"href":"https:\/\/azurefilm.com\/hu\/wp-json\/wp\/v2\/product\/59588","targetHints":{"allow":["GET"]}}],"collection":[{"href":"https:\/\/azurefilm.com\/hu\/wp-json\/wp\/v2\/product"}],"about":[{"href":"https:\/\/azurefilm.com\/hu\/wp-json\/wp\/v2\/types\/product"}],"replies":[{"embeddable":true,"href":"https:\/\/azurefilm.com\/hu\/wp-json\/wp\/v2\/comments?post=59588"}],"wp:featuredmedia":[{"embeddable":true,"href":"https:\/\/azurefilm.com\/hu\/wp-json\/wp\/v2\/media\/59589"}],"wp:attachment":[{"href":"https:\/\/azurefilm.com\/hu\/wp-json\/wp\/v2\/media?parent=59588"}],"wp:term":[{"taxonomy":"product_brand","embeddable":true,"href":"https:\/\/azurefilm.com\/hu\/wp-json\/wp\/v2\/product_brand?post=59588"},{"taxonomy":"product_cat","embeddable":true,"href":"https:\/\/azurefilm.com\/hu\/wp-json\/wp\/v2\/product_cat?post=59588"},{"taxonomy":"product_tag","embeddable":true,"href":"https:\/\/azurefilm.com\/hu\/wp-json\/wp\/v2\/product_tag?post=59588"},{"taxonomy":"brand","embeddable":true,"href":"https:\/\/azurefilm.com\/hu\/wp-json\/wp\/v2\/brand?post=59588"}],"curies":[{"name":"wp","href":"https:\/\/api.w.org\/{rel}","templated":true}]}}