
{"id":59635,"date":"2023-10-29T14:41:10","date_gmt":"2023-10-29T14:41:10","guid":{"rendered":"https:\/\/azurefilm.com\/product\/liqcreate-viasz-ontheto-kek-gyanta\/"},"modified":"2025-08-22T11:23:42","modified_gmt":"2025-08-22T11:23:42","slug":"liqcreate-viasz-ontheto-kek-gyanta","status":"publish","type":"product","link":"https:\/\/azurefilm.com\/hu\/termek\/liqcreate-viasz-ontheto-kek-gyanta\/","title":{"rendered":"Liqcreate viasz \u00f6nthet\u0151 k\u00e9k gyanta"},"content":{"rendered":"<h2><b>Liqcreate viasz \u00f6nthet\u0151 k\u00e9k<\/b><\/h2>\n<p><span style=\"font-weight: 400;\">A Liqcreate Wax Castable Blue egy <\/span><b>viasz alap\u00fa fotopolimer gyanta<\/b><span style=\"font-weight: 400;\">, t\u00f6k\u00e9letes \u00e9kszer-, fog\u00e1szati \u00e9s ipari alkatr\u00e9szek gy\u00e1rt\u00e1s\u00e1hoz.<\/span> <span style=\"font-weight: 400;\">Ez egy <\/span><b>felhaszn\u00e1l\u00f3bar\u00e1t<\/b><\/p>\n<p><span style=\"font-weight: 400;\">  LCD\/MSLA, DLP \u00e9s l\u00e9zer alap\u00fa 3D nyomtat\u00f3khoz tervezett anyag (385-420 nm-es tartom\u00e1ny). Pontos 3D nyomatokat biztos\u00edt   <\/span><b>bonyolult funkci\u00f3k<\/b> <b>\u00e9s \u00e9les r\u00e9szletek<\/b><span style=\"font-weight: 400;\">. Moreover, it delivers   <\/span><b>sima fel\u00fcletek<\/b><span style=\"font-weight: 400;\"> \u00e9s <\/span><b>tiszta ki\u00e9get\u00e9s<\/b><span style=\"font-weight: 400;\">, biztos\u00edtva <\/span><b>megb\u00edzhat\u00f3 \u00f6nt\u00e9s<\/b><span style=\"font-weight: 400;\">. Craft elegant custom organic geometries, complete with positive and negative engravings with confidence. <\/span><\/p>\n<h3><strong>Tulajdons\u00e1gok:<\/strong><\/h3>\n<ul>\n<li style=\"font-weight: 400;\" aria-level=\"1\"><span style=\"font-weight: 400;\">Tiszta \u00e9s hamu n\u00e9lk\u00fcli ki\u00e9get\u00e9s<\/span><\/li>\n<li style=\"font-weight: 400;\" aria-level=\"1\"><span style=\"font-weight: 400;\">Viaszalap\u00fa<\/span><\/li>\n<li style=\"font-weight: 400;\" aria-level=\"1\"><span style=\"font-weight: 400;\">Nagy pontoss\u00e1g<\/span><\/li>\n<\/ul>\n<p><img decoding=\"async\" class=\"alignnone size-medium wp-image-18441\" src=\"https:\/\/azurefilm.com\/wp-content\/uploads\/2023\/10\/Liqcreate_Wax_Castable_properties-Enhanced-SR.jpg\" alt=\"  Sz\u00e9less\u00e9g...\" height=\"204\" title=\"\"><\/p>\n","protected":false},"excerpt":{"rendered":"<p>Pr\u00f3b\u00e1lja ki ezt a viasz alap\u00fa Liqcreate Wax Castable Blue gyant\u00e1t (1000g), amely t\u00f6k\u00e9letes \u00e9kszerek, fog\u00e1szati \u00e9s ipari alkatr\u00e9szek gy\u00e1rt\u00e1s\u00e1hoz.<\/p>\n","protected":false},"featured_media":59637,"comment_status":"closed","ping_status":"closed","template":"","meta":{"_acf_changed":false},"product_brand":[],"product_cat":[1686,1688,2568,2370],"product_tag":[],"brand":[],"class_list":{"0":"post-59635","1":"product","2":"type-product","3":"status-publish","4":"has-post-thumbnail","6":"product_cat-3d-filmek","7":"product_cat-minden-film","8":"product_cat-ontheto-gyanta","9":"product_cat-resin-hu","10":"pa_colour-blue","11":"pa_resin-technology-dlp","12":"pa_resin-technology-laser-based","13":"pa_resin-technology-lcd-msla","14":"pa_resin-type-castable","15":"pa_resin-weight-1000g","17":"first","18":"outofstock","19":"taxable","20":"shipping-taxable","21":"purchasable","22":"product-type-simple"},"acf":[],"_links":{"self":[{"href":"https:\/\/azurefilm.com\/hu\/wp-json\/wp\/v2\/product\/59635","targetHints":{"allow":["GET"]}}],"collection":[{"href":"https:\/\/azurefilm.com\/hu\/wp-json\/wp\/v2\/product"}],"about":[{"href":"https:\/\/azurefilm.com\/hu\/wp-json\/wp\/v2\/types\/product"}],"replies":[{"embeddable":true,"href":"https:\/\/azurefilm.com\/hu\/wp-json\/wp\/v2\/comments?post=59635"}],"wp:featuredmedia":[{"embeddable":true,"href":"https:\/\/azurefilm.com\/hu\/wp-json\/wp\/v2\/media\/59637"}],"wp:attachment":[{"href":"https:\/\/azurefilm.com\/hu\/wp-json\/wp\/v2\/media?parent=59635"}],"wp:term":[{"taxonomy":"product_brand","embeddable":true,"href":"https:\/\/azurefilm.com\/hu\/wp-json\/wp\/v2\/product_brand?post=59635"},{"taxonomy":"product_cat","embeddable":true,"href":"https:\/\/azurefilm.com\/hu\/wp-json\/wp\/v2\/product_cat?post=59635"},{"taxonomy":"product_tag","embeddable":true,"href":"https:\/\/azurefilm.com\/hu\/wp-json\/wp\/v2\/product_tag?post=59635"},{"taxonomy":"brand","embeddable":true,"href":"https:\/\/azurefilm.com\/hu\/wp-json\/wp\/v2\/brand?post=59635"}],"curies":[{"name":"wp","href":"https:\/\/api.w.org\/{rel}","templated":true}]}}