
{"id":59641,"date":"2023-10-29T14:41:10","date_gmt":"2023-10-29T14:41:10","guid":{"rendered":"https:\/\/azurefilm.com\/product\/pva-fonal\/"},"modified":"2025-08-22T11:24:06","modified_gmt":"2025-08-22T11:24:06","slug":"pva-fonal","status":"publish","type":"product","link":"https:\/\/azurefilm.com\/hu\/termek\/pva-fonal\/","title":{"rendered":"PVA fonal"},"content":{"rendered":"<h2><b>PVA sz\u00e1lak<\/b><\/h2>\n<p><span style=\"font-weight: 400;\">A PVA (polivinil-alkohol) egy <\/span><b>oldhat\u00f3 tart\u00f3sz\u00e1l<\/b><span style=\"font-weight: 400;\"> amely fontos szerepet j\u00e1tszik a 3D nyomtat\u00e1sban. Nagyobb, ferde sz\u00f6g\u0171 t\u00e1rgyak nyomtat\u00e1sakor, <\/span><b>a tart\u00f3sz\u00e1lak t\u00e1maszt\u00e9kot ny\u00fajtanak \u00e9s megakad\u00e1lyozz\u00e1k a rossz t\u00falny\u00fal\u00e1sokat<\/b><span style=\"font-weight: 400;\">. PVA is a popular support filament which <\/span><b>24 \u00f3r\u00e1n bel\u00fcl teljesen felold\u00f3dik v\u00edzben<\/b><span style=\"font-weight: 400;\">, a nyomtatott t\u00e1rgy s\u00e9rtetlen\u00fcl \u00e9s s\u00e9r\u00fcl\u00e9smentesen marad. Ez az anyag hasonl\u00f3 nyomtat\u00e1si tulajdons\u00e1gokkal rendelkezik, mint a PLA, \u00edgy j\u00f3l illeszkednek egym\u00e1shoz. <\/span><\/p>\n<p><span style=\"font-weight: 400;\">A PVA-t leggyakrabban 3D nyomtat\u00f3kkal haszn\u00e1lj\u00e1k, amelyekben a <\/span><b>dupla extruderrel<\/b><span style=\"font-weight: 400;\">, ahol az egyik fej alapanyagot nyomtat (pl. PLA, PETG vagy ABS), m\u00edg a m\u00e1sik a PVA anyagot nyomtatja, hogy minden nagyobb sz\u00f6gben t\u00e1mogat\u00e1st ny\u00fajtson ott, ahol egy\u00e9bk\u00e9nt az alapanyag lenne. <\/span><b>Nyomtat\u00e1s ut\u00e1n helyezze a term\u00e9ket langyos v\u00edzbe, \u00e9s 12-24 \u00f3r\u00e1n bel\u00fcl a PVA anyag felold\u00f3dik, \u00edgy megmarad az alapanyag \u00e9s egy csod\u00e1latos term\u00e9k.<\/b><\/p>\n<h2><strong>PVA fonal<\/strong><\/h2>\n<p>Hagyja, hogy tervei \u00e1t\u00e1zzanak a PVA-filamentummal, \u00e9s figyelemre m\u00e9lt\u00f3 eredm\u00e9nyeket \u00e9rjen el.<\/p>\n<p><span style=\"font-weight: 400;\">Ha t\u00f6bbet szeretne megtudni a Support filamentekr\u0151l, olvassa el a k\u00f6vetkez\u0151 cikk\u00fcnket <a href=\"https:\/\/azurefilm.com\/hu\/2023\/10\/28\/tamogatoszalak-minden-amit-tudnia-kell\/\" target=\"_blank\" rel=\"noopener\"><strong>blogot.<\/strong><\/a>. <\/span><\/p>\n<p><span style=\"font-weight: 400;\">Hozz\u00e1f\u00e9rhet a <\/span><b>M\u0171szaki adatlap<\/b><span style=\"font-weight: 400;\"><a href=\"https:\/\/azurefilm.com\/hu\/technical-data-sheets\/\" target=\"_blank\" rel=\"noopener\"><strong> itt<\/strong><\/a>.<\/span><\/p>\n<h3><strong>Nyomtat\u00e1si aj\u00e1nl\u00e1sok:<\/strong><\/h3>\n<ul>\n<li style=\"font-weight: 400;\" aria-level=\"1\"><span style=\"font-weight: 400;\">A legjobb eredm\u00e9ny el\u00e9r\u00e9se \u00e9rdek\u00e9ben 190-210\u00b0C-on nyomtasson. <\/span><\/li>\n<li style=\"font-weight: 400;\" aria-level=\"1\"><span style=\"font-weight: 400;\">A nyomtat\u00f3asztal aj\u00e1nlott h\u0151m\u00e9rs\u00e9klete 50-160\u00b0C. <\/span><\/li>\n<li style=\"font-weight: 400;\" aria-level=\"1\"><span style=\"font-weight: 400;\">Haszn\u00e1ljon \u00fcveg\u00e1gyat, PEI lapot, Kapton vagy k\u00e9k szalagot az \u00e9p\u00edt\u00e9si platformhoz 3Dlac spray-vel.<\/span><\/li>\n<\/ul>\n<p><i><span style=\"font-weight: 400;\">*A k\u00fcl\u00f6nb\u00f6z\u0151 nyomtat\u00f3k haszn\u00e1lata eset\u00e9n az ide\u00e1lis h\u0151m\u00e9rs\u00e9klet elt\u00e9r\u0151 lehet.<\/span><\/i><\/p>\n","protected":false},"excerpt":{"rendered":"<p>Hagyja, hogy tervei \u00e1t\u00e1zzanak a PVA-filamentummal, \u00e9s figyelemre m\u00e9lt\u00f3 eredm\u00e9nyeket \u00e9rjen el.<\/p>\n","protected":false},"featured_media":55539,"comment_status":"closed","ping_status":"closed","template":"","meta":{"_acf_changed":false},"product_brand":[],"product_cat":[1686,1688,2570,2569],"product_tag":[],"brand":[267],"class_list":{"0":"post-59641","1":"product","2":"type-product","3":"status-publish","4":"has-post-thumbnail","6":"product_cat-3d-filmek","7":"product_cat-minden-film","8":"product_cat-pva-hu","9":"product_cat-support-szalak","10":"pa_colour-transparent","11":"pa_filament-diameter-1-75mm","12":"pa_filament-diameter-2-85mm","13":"pa_filament-weight-500g","14":"brand-azurefilm","16":"first","17":"instock","18":"taxable","19":"shipping-taxable","20":"purchasable","21":"product-type-variable"},"acf":[],"_links":{"self":[{"href":"https:\/\/azurefilm.com\/hu\/wp-json\/wp\/v2\/product\/59641","targetHints":{"allow":["GET"]}}],"collection":[{"href":"https:\/\/azurefilm.com\/hu\/wp-json\/wp\/v2\/product"}],"about":[{"href":"https:\/\/azurefilm.com\/hu\/wp-json\/wp\/v2\/types\/product"}],"replies":[{"embeddable":true,"href":"https:\/\/azurefilm.com\/hu\/wp-json\/wp\/v2\/comments?post=59641"}],"wp:featuredmedia":[{"embeddable":true,"href":"https:\/\/azurefilm.com\/hu\/wp-json\/wp\/v2\/media\/55539"}],"wp:attachment":[{"href":"https:\/\/azurefilm.com\/hu\/wp-json\/wp\/v2\/media?parent=59641"}],"wp:term":[{"taxonomy":"product_brand","embeddable":true,"href":"https:\/\/azurefilm.com\/hu\/wp-json\/wp\/v2\/product_brand?post=59641"},{"taxonomy":"product_cat","embeddable":true,"href":"https:\/\/azurefilm.com\/hu\/wp-json\/wp\/v2\/product_cat?post=59641"},{"taxonomy":"product_tag","embeddable":true,"href":"https:\/\/azurefilm.com\/hu\/wp-json\/wp\/v2\/product_tag?post=59641"},{"taxonomy":"brand","embeddable":true,"href":"https:\/\/azurefilm.com\/hu\/wp-json\/wp\/v2\/brand?post=59641"}],"curies":[{"name":"wp","href":"https:\/\/api.w.org\/{rel}","templated":true}]}}