
{"id":59653,"date":"2023-10-29T14:30:52","date_gmt":"2023-10-29T14:30:52","guid":{"rendered":"https:\/\/azurefilm.com\/product\/creality-motor-42-48\/"},"modified":"2023-10-29T14:30:52","modified_gmt":"2023-10-29T14:30:52","slug":"creality-motor-42-48","status":"publish","type":"product","link":"https:\/\/azurefilm.com\/hu\/termek\/creality-motor-42-48\/","title":{"rendered":"Creality Motor 42-48"},"content":{"rendered":"<h2><strong>Specifik\u00e1ci\u00f3k:<\/strong><\/h2>\n<ul>\n<li><strong>M\u00e1rka:<\/strong> Creality 3D<\/li>\n<li><strong>T\u00e9tel neve:<\/strong> 42 l\u00e9ptet\u0151motor (42-48)<\/li>\n<li><strong>M\u00e9ret:<\/strong> 42mm x 42mm x 48mm<\/li>\n<li><strong>L\u00e9pcs\u0151sz\u00f6g:<\/strong> 1,8 fok<\/li>\n<li><strong>K\u00f6rnyezeti h\u0151m\u00e9rs\u00e9klet:<\/strong> -20\u00b0C \u00e9s +50\u00b0C k\u00f6z\u00f6tt<\/li>\n<li><strong>Hossz:<\/strong> 48mm<\/li>\n<\/ul>\n<h2><strong>F\u0151bb jellemz\u0151k<br \/>\n<\/strong><\/h2>\n<ul>\n<li><strong>Nagy nyomat\u00e9k:<\/strong> F\u00e9lelmetes nyomat\u00e9kot biztos\u00edt a megb\u00edzhat\u00f3 \u00e9s egyenletes mozg\u00e1shoz a 3D nyomtat\u00e1sban.<\/li>\n<li><strong>Pontos vez\u00e9rl\u00e9s:<\/strong> 1,8 fokos l\u00e9p\u00e9ssz\u00f6get \u00e9s 200 l\u00e9p\u00e9s\/fordulatot k\u00edn\u00e1l a bonyolult \u00e9s \u00f6sszetett nyomatokhoz.<\/li>\n<li><strong>Hat\u00e9kony fesz\u00fclts\u00e9g:<\/strong> Optim\u00e1lisan m\u0171k\u00f6dik a n\u00e9vleges fesz\u00fclts\u00e9gen, maximaliz\u00e1lva a teljes\u00edtm\u00e9nyt, mik\u00f6zben kezeli az energiafogyaszt\u00e1st.<\/li>\n<li><strong>Sokoldal\u00fa \u00e1ramkezel\u00e9s:<\/strong> \u00cdgy sz\u00e1mos 3D nyomtat\u00e1si alkalmaz\u00e1shoz alkalmas.<\/li>\n<li><strong>Sokoldal\u00fa sebess\u00e9gtartom\u00e1ny:<\/strong> Sokoldal\u00fas\u00e1got biztos\u00edt a k\u00fcl\u00f6nb\u00f6z\u0151 nyomtat\u00e1si ig\u00e9nyekhez, a finom r\u00e9szletekt\u0151l a gyors protot\u00edpusgy\u00e1rt\u00e1sig.<\/li>\n<li><strong>H\u0151m\u00e9rs\u00e9kleti rugalmass\u00e1g:<\/strong> Megb\u00edzhat\u00f3s\u00e1got biztos\u00edt a k\u00fcl\u00f6nb\u00f6z\u0151 k\u00f6rnyezetekben.<\/li>\n<li><strong>Helytakar\u00e9kos tervez\u00e9s:<\/strong> Z\u00f6kken\u0151mentesen integr\u00e1l\u00f3dik a 3D nyomtat\u00f3ba, optimaliz\u00e1lva a helykihaszn\u00e1l\u00e1st.<\/li>\n<li><strong>Garant\u00e1lt megb\u00edzhat\u00f3s\u00e1g:<\/strong> A Creality k\u00f6vetkezetes teljes\u00edtm\u00e9ny \u00e9s min\u0151s\u00e9g h\u00edrneve.<\/li>\n<li><strong>K\u00f6nny\u0171 integr\u00e1ci\u00f3:<\/strong> K\u00f6nny\u0171 integr\u00e1ci\u00f3ra tervezt\u00e9k, sz\u00e1mos 3D nyomtat\u00f3val kompatibilis, \u00e9s k\u00f6nnyen telep\u00edthet\u0151.<\/li>\n<li><strong>Tart\u00f3s konstrukci\u00f3:<\/strong> Hossz\u00fa \u00e9lettartamot biztos\u00edtva a 3D nyomtat\u00e1ssal j\u00e1r\u00f3 megpr\u00f3b\u00e1ltat\u00e1soknak is ellen\u00e1ll.<\/li>\n<\/ul>\n<h2 style=\"text-align: left;\"><\/h2>\n<h2><strong> <\/strong><\/h2>\n","protected":false},"excerpt":{"rendered":"<p><strong>Creality Motor 42-48 <\/strong>42 x 42 x 48 mm-es m\u00e9retben.<\/p>\n","protected":false},"featured_media":59654,"comment_status":"closed","ping_status":"closed","template":"","meta":{"_acf_changed":false},"product_brand":[],"product_cat":[1679,2256,2224,2255,2221],"product_tag":[],"brand":[],"class_list":{"0":"post-59653","1":"product","2":"type-product","3":"status-publish","4":"has-post-thumbnail","6":"product_cat-elado","7":"product_cat-lepeses-motorok","8":"product_cat-minden-potalkatresz","9":"product_cat-motorok-es-meghajtok","10":"product_cat-potalkatreszek","12":"first","13":"instock","14":"sale","15":"taxable","16":"shipping-taxable","17":"purchasable","18":"product-type-simple"},"acf":[],"_links":{"self":[{"href":"https:\/\/azurefilm.com\/hu\/wp-json\/wp\/v2\/product\/59653","targetHints":{"allow":["GET"]}}],"collection":[{"href":"https:\/\/azurefilm.com\/hu\/wp-json\/wp\/v2\/product"}],"about":[{"href":"https:\/\/azurefilm.com\/hu\/wp-json\/wp\/v2\/types\/product"}],"replies":[{"embeddable":true,"href":"https:\/\/azurefilm.com\/hu\/wp-json\/wp\/v2\/comments?post=59653"}],"wp:featuredmedia":[{"embeddable":true,"href":"https:\/\/azurefilm.com\/hu\/wp-json\/wp\/v2\/media\/59654"}],"wp:attachment":[{"href":"https:\/\/azurefilm.com\/hu\/wp-json\/wp\/v2\/media?parent=59653"}],"wp:term":[{"taxonomy":"product_brand","embeddable":true,"href":"https:\/\/azurefilm.com\/hu\/wp-json\/wp\/v2\/product_brand?post=59653"},{"taxonomy":"product_cat","embeddable":true,"href":"https:\/\/azurefilm.com\/hu\/wp-json\/wp\/v2\/product_cat?post=59653"},{"taxonomy":"product_tag","embeddable":true,"href":"https:\/\/azurefilm.com\/hu\/wp-json\/wp\/v2\/product_tag?post=59653"},{"taxonomy":"brand","embeddable":true,"href":"https:\/\/azurefilm.com\/hu\/wp-json\/wp\/v2\/brand?post=59653"}],"curies":[{"name":"wp","href":"https:\/\/api.w.org\/{rel}","templated":true}]}}