
{"id":59662,"date":"2023-10-29T14:31:41","date_gmt":"2023-10-29T14:31:41","guid":{"rendered":"https:\/\/azurefilm.com\/product\/fuvoka-szerelveny-a-flashforge-hoz\/"},"modified":"2023-10-29T14:31:41","modified_gmt":"2023-10-29T14:31:41","slug":"fuvoka-szerelveny-a-flashforge-hoz","status":"publish","type":"product","link":"https:\/\/azurefilm.com\/hu\/termek\/fuvoka-szerelveny-a-flashforge-hoz\/","title":{"rendered":"F\u00fav\u00f3ka szerelv\u00e9ny a FlashForge-hoz"},"content":{"rendered":"<h2><strong>F\u0151bb jellemz\u0151k:<\/strong><\/h2>\n<p>Ez a f\u00fav\u00f3kaszerelv\u00e9ny fejlett v\u00e1ltozata a Adventurer sorozat\u00fa 3D nyomtat\u00f3khoz.<\/p>\n<ul>\n<li>Standard f\u00fav\u00f3kam\u00e9ret 0,4\/ 0,6 mm.<\/li>\n<li>M\u0171k\u00f6dik Adventurer 3, AD3C, Adventurer 3 Lite, Adventurer 4.<\/li>\n<li>Maxim\u00e1lis h\u0151m\u00e9rs\u00e9klet 240 \u2103.<\/li>\n<li>Csomagol\u00e1si el\u0151\u00edr\u00e1sok: 1db\/zs\u00e1k.<\/li>\n<\/ul>\n","protected":false},"excerpt":{"rendered":"<p>Ez a <strong>FlashForge<\/strong> 3D nyomtat\u00f3k Adventurer 3 \u00e9s 4 sorozat\u00e1hoz <strong>k\u00e9sz\u00fclt f\u00fav\u00f3ka szerelv\u00e9ny<\/strong> tov\u00e1bbfejlesztett v\u00e1ltozata.<\/p>\n","protected":false},"featured_media":59663,"comment_status":"closed","ping_status":"closed","template":"","meta":{"_acf_changed":false},"product_brand":[],"product_cat":[1679,2224,2221],"product_tag":[],"brand":[],"class_list":{"0":"post-59662","1":"product","2":"type-product","3":"status-publish","4":"has-post-thumbnail","6":"product_cat-elado","7":"product_cat-minden-potalkatresz","8":"product_cat-potalkatreszek","10":"first","11":"instock","12":"sale","13":"taxable","14":"shipping-taxable","15":"purchasable","16":"product-type-simple"},"acf":[],"_links":{"self":[{"href":"https:\/\/azurefilm.com\/hu\/wp-json\/wp\/v2\/product\/59662","targetHints":{"allow":["GET"]}}],"collection":[{"href":"https:\/\/azurefilm.com\/hu\/wp-json\/wp\/v2\/product"}],"about":[{"href":"https:\/\/azurefilm.com\/hu\/wp-json\/wp\/v2\/types\/product"}],"replies":[{"embeddable":true,"href":"https:\/\/azurefilm.com\/hu\/wp-json\/wp\/v2\/comments?post=59662"}],"wp:featuredmedia":[{"embeddable":true,"href":"https:\/\/azurefilm.com\/hu\/wp-json\/wp\/v2\/media\/59663"}],"wp:attachment":[{"href":"https:\/\/azurefilm.com\/hu\/wp-json\/wp\/v2\/media?parent=59662"}],"wp:term":[{"taxonomy":"product_brand","embeddable":true,"href":"https:\/\/azurefilm.com\/hu\/wp-json\/wp\/v2\/product_brand?post=59662"},{"taxonomy":"product_cat","embeddable":true,"href":"https:\/\/azurefilm.com\/hu\/wp-json\/wp\/v2\/product_cat?post=59662"},{"taxonomy":"product_tag","embeddable":true,"href":"https:\/\/azurefilm.com\/hu\/wp-json\/wp\/v2\/product_tag?post=59662"},{"taxonomy":"brand","embeddable":true,"href":"https:\/\/azurefilm.com\/hu\/wp-json\/wp\/v2\/brand?post=59662"}],"curies":[{"name":"wp","href":"https:\/\/api.w.org\/{rel}","templated":true}]}}