
{"id":59665,"date":"2023-10-29T14:32:13","date_gmt":"2023-10-29T14:32:13","guid":{"rendered":"https:\/\/azurefilm.com\/product\/creality-kibovitett-konzol\/"},"modified":"2023-10-29T14:32:13","modified_gmt":"2023-10-29T14:32:13","slug":"creality-kibovitett-konzol","status":"publish","type":"product","link":"https:\/\/azurefilm.com\/hu\/termek\/creality-kibovitett-konzol\/","title":{"rendered":"Creality kib\u0151v\u00edtett konzol"},"content":{"rendered":"<h2><strong>F\u0151bb jellemz\u0151k:<\/strong><\/h2>\n<ul>\n<li>Creality 3D CR-30 CR-30 nyomtat\u00f3malom kib\u0151v\u00edtett illeszt\u0151konzol g\u00f6rg\u0151k\u00e9szlet Eredeti csere OEM alkatr\u00e9szek Tartoz\u00e9kok Kieg\u00e9sz\u00edt\u0151k k\u00e9szlethez<\/li>\n<li>Pr\u00e9mium min\u0151s\u00e9g\u0171 304 rozsdamentes ac\u00e9l nyersanyagb\u00f3l k\u00e9sz\u00fclt meghosszabb\u00edtott konzol sima sima fel\u00fclettel \u00e9s stabil teljes\u00edtm\u00e9ny rozsdamentes \u00e9s kop\u00e1s\u00e1ll\u00f3<\/li>\n<li>Ellen\u00e1ll\u00f3 K\u00f6nnyen telep\u00edthet\u0151, tart\u00f3s szerkezet<\/li>\n<li>Kompatibilis a k\u00f6vetkez\u0151kkel: CR-30 nyomtat\u00f3malom<\/li>\n<li>Anyag: SUS 304 rozsdamentes ac\u00e9l<\/li>\n<li>Sz\u00edn: Ez\u00fcst<\/li>\n<li>G\u00f6rg\u0151k sz\u00e1ma: g\u00f6rg\u0151: 6 g\u00f6rg\u0151<\/li>\n<li>M\u00e9ret: 25&#215;320 mm<\/li>\n<li>Hosszabb\u00edtott konzol hossza: 650 mm<\/li>\n<li>Kiterjesztett konzol S\u00faly: 2540 gramm<\/li>\n<li>Csomag m\u00e9rete: 730x270x85 mm<\/li>\n<li>Csomag s\u00falya: 2880 gramm<\/li>\n<\/ul>\n<h2><strong>A csomag tartalmazza:<\/strong><\/h2>\n<ul>\n<li>01 x Bal oldali meghosszabb\u00edtott g\u00f6rg\u0151konzol<\/li>\n<li>01 x Jobb oldali meghosszabb\u00edtott g\u00f6rg\u0151konzol<\/li>\n<li>06 x 25x320mm rozsdamentes ac\u00e9l g\u00f6rg\u0151<\/li>\n<li>04 x M5x30 hatlapos csavarok<\/li>\n<li>04 x M5x14 hatlap\u00fa csavarok<\/li>\n<li>16 x M5x12 hatlapos csavar<\/li>\n<li>04 x konzollemez<\/li>\n<\/ul>\n","protected":false},"excerpt":{"rendered":"<p><strong>A Creality meghosszabb\u00edtott konzol<\/strong> pr\u00e9mium min\u0151s\u00e9g\u0171 rozsdamentes ac\u00e9lb\u00f3l k\u00e9sz\u00fclt, sima, sima fel\u00fclet\u0171 \u00e9s stabil teljes\u00edtm\u00e9ny\u0171.<\/p>\n","protected":false},"featured_media":59666,"comment_status":"closed","ping_status":"closed","template":"","meta":{"_acf_changed":false},"product_brand":[],"product_cat":[1679,2224,2221],"product_tag":[],"brand":[],"class_list":{"0":"post-59665","1":"product","2":"type-product","3":"status-publish","4":"has-post-thumbnail","6":"product_cat-elado","7":"product_cat-minden-potalkatresz","8":"product_cat-potalkatreszek","9":"pa_compatible-with-creality-fdm-3d-printers","10":"pa_fits-printer-creality-cr-30-printmill","12":"first","13":"instock","14":"sale","15":"taxable","16":"shipping-taxable","17":"purchasable","18":"product-type-simple"},"acf":[],"_links":{"self":[{"href":"https:\/\/azurefilm.com\/hu\/wp-json\/wp\/v2\/product\/59665","targetHints":{"allow":["GET"]}}],"collection":[{"href":"https:\/\/azurefilm.com\/hu\/wp-json\/wp\/v2\/product"}],"about":[{"href":"https:\/\/azurefilm.com\/hu\/wp-json\/wp\/v2\/types\/product"}],"replies":[{"embeddable":true,"href":"https:\/\/azurefilm.com\/hu\/wp-json\/wp\/v2\/comments?post=59665"}],"wp:featuredmedia":[{"embeddable":true,"href":"https:\/\/azurefilm.com\/hu\/wp-json\/wp\/v2\/media\/59666"}],"wp:attachment":[{"href":"https:\/\/azurefilm.com\/hu\/wp-json\/wp\/v2\/media?parent=59665"}],"wp:term":[{"taxonomy":"product_brand","embeddable":true,"href":"https:\/\/azurefilm.com\/hu\/wp-json\/wp\/v2\/product_brand?post=59665"},{"taxonomy":"product_cat","embeddable":true,"href":"https:\/\/azurefilm.com\/hu\/wp-json\/wp\/v2\/product_cat?post=59665"},{"taxonomy":"product_tag","embeddable":true,"href":"https:\/\/azurefilm.com\/hu\/wp-json\/wp\/v2\/product_tag?post=59665"},{"taxonomy":"brand","embeddable":true,"href":"https:\/\/azurefilm.com\/hu\/wp-json\/wp\/v2\/brand?post=59665"}],"curies":[{"name":"wp","href":"https:\/\/api.w.org\/{rel}","templated":true}]}}