
{"id":59671,"date":"2023-10-29T14:32:52","date_gmt":"2023-10-29T14:32:52","guid":{"rendered":"https:\/\/azurefilm.com\/product\/rugalmas-csatlakozo\/"},"modified":"2023-10-29T14:32:52","modified_gmt":"2023-10-29T14:32:52","slug":"rugalmas-csatlakozo","status":"publish","type":"product","link":"https:\/\/azurefilm.com\/hu\/termek\/rugalmas-csatlakozo\/","title":{"rendered":"Rugalmas csatlakoz\u00f3"},"content":{"rendered":"<h2><strong>F\u0151bb jellemz\u0151k:<\/strong><\/h2>\n<ul>\n<li>M\u00e9ret: 25 x 20mm &#8211; \u00c1tm\u00e9r\u0151: 5 mm \u00e9s 5 mm k\u00f6z\u00f6tt<\/li>\n<li>M\u00e9ret: 40 x 66mm &#8211; \u00c1tm\u00e9r\u0151: 19mm-19mm<\/li>\n<li>M\u00e9ret: 55 x 78mm &#8211; \u00c1tm\u00e9r\u0151: 25mm-25mm<\/li>\n<li>Anyag: alum\u00ednium \u00f6tv\u00f6zet, poliuret\u00e1n<\/li>\n<li>T\u00edpus: Szilva alak\u00fa<\/li>\n<li>A szuper nyomat\u00e9k k\u00e9pes elnyelni a rezg\u00e9seket, megfelel\u0151 nagy nyomat\u00e9k\u00e1tvitel.<\/li>\n<li>Nagy kem\u00e9nys\u00e9g\u0171, tart\u00f3s \u00e9s kiv\u00e1l\u00f3 v\u00e1lasz, nem k\u00f6nny\u0171 laz\u00edtani.<\/li>\n<li>A tengelykapcsol\u00f3 tengely rugalmass\u00e1ga megsz\u00fcnteti a fesz\u00fclts\u00e9get a motor \u00e9s a hajt\u00f3 alkatr\u00e9szek k\u00f6z\u00f6tt.<\/li>\n<li>A tengelykapcsol\u00f3kat els\u0151sorban 3D nyomtat\u00f3khoz, CNC g\u00e9pekhez, szervomotorokhoz, ors\u00f3khoz, l\u00e9ptet\u0151motorokhoz stb. haszn\u00e1lj\u00e1k.<\/li>\n<\/ul>\n","protected":false},"excerpt":{"rendered":"<p><strong>Rugalmas csatlakoz\u00f3<\/strong> 25mm x 20mm m\u00e9retben.<\/p>\n","protected":false},"featured_media":59673,"comment_status":"closed","ping_status":"closed","template":"","meta":{"_acf_changed":false},"product_brand":[],"product_cat":[2257,1679,2224,2221],"product_tag":[],"brand":[],"class_list":{"0":"post-59671","1":"product","2":"type-product","3":"status-publish","4":"has-post-thumbnail","6":"product_cat-csapagyak-es-vezetok","7":"product_cat-elado","8":"product_cat-minden-potalkatresz","9":"product_cat-potalkatreszek","11":"first","12":"instock","13":"sale","14":"taxable","15":"shipping-taxable","16":"purchasable","17":"product-type-variable"},"acf":[],"_links":{"self":[{"href":"https:\/\/azurefilm.com\/hu\/wp-json\/wp\/v2\/product\/59671","targetHints":{"allow":["GET"]}}],"collection":[{"href":"https:\/\/azurefilm.com\/hu\/wp-json\/wp\/v2\/product"}],"about":[{"href":"https:\/\/azurefilm.com\/hu\/wp-json\/wp\/v2\/types\/product"}],"replies":[{"embeddable":true,"href":"https:\/\/azurefilm.com\/hu\/wp-json\/wp\/v2\/comments?post=59671"}],"wp:featuredmedia":[{"embeddable":true,"href":"https:\/\/azurefilm.com\/hu\/wp-json\/wp\/v2\/media\/59673"}],"wp:attachment":[{"href":"https:\/\/azurefilm.com\/hu\/wp-json\/wp\/v2\/media?parent=59671"}],"wp:term":[{"taxonomy":"product_brand","embeddable":true,"href":"https:\/\/azurefilm.com\/hu\/wp-json\/wp\/v2\/product_brand?post=59671"},{"taxonomy":"product_cat","embeddable":true,"href":"https:\/\/azurefilm.com\/hu\/wp-json\/wp\/v2\/product_cat?post=59671"},{"taxonomy":"product_tag","embeddable":true,"href":"https:\/\/azurefilm.com\/hu\/wp-json\/wp\/v2\/product_tag?post=59671"},{"taxonomy":"brand","embeddable":true,"href":"https:\/\/azurefilm.com\/hu\/wp-json\/wp\/v2\/brand?post=59671"}],"curies":[{"name":"wp","href":"https:\/\/api.w.org\/{rel}","templated":true}]}}