
{"id":59684,"date":"2023-10-29T14:35:02","date_gmt":"2023-10-29T14:35:02","guid":{"rendered":"https:\/\/azurefilm.com\/product\/keverje-ossze-a-pla-strongman-szalakat\/"},"modified":"2025-08-22T11:24:06","modified_gmt":"2025-08-22T11:24:06","slug":"keverje-ossze-a-pla-strongman-szalakat","status":"publish","type":"product","link":"https:\/\/azurefilm.com\/hu\/termek\/keverje-ossze-a-pla-strongman-szalakat\/","title":{"rendered":"Keverje \u00f6ssze a PLA Strongman sz\u00e1lakat"},"content":{"rendered":"<h2><b>PLA Strongman<\/b><\/h2>\n<p><span style=\"font-weight: 400;\">Bemutatjuk a PLA Strongman filamentumot &#8211; egy <\/span><b>egyed\u00fcl\u00e1ll\u00f3 anyag<\/b><span style=\"font-weight: 400;\"> amit kifejlesztett\u00fcnk. A PLA Strongman el\u0151tt nem volt m\u00e1s olyan filament a piacon, amelyet olyan k\u00f6nny\u0171 lett volna nyomtatni, mint a PLA-t, mik\u00f6zben olyan er\u0151s tulajdons\u00e1gokkal rendelkezett volna, mint a jobb sz\u00edv\u00f3ss\u00e1g \u00e9s ellen\u00e1ll\u00e1s. Egyes\u00edtett\u00fck er\u0151inket a polimerek jellemz\u00e9s\u00e9vel foglalkoz\u00f3 egyik legjobb egyetemmel, \u00e9s l\u00e9trehoztuk ezt a <\/span><b>kem\u00e9ny, \u00fct\u00e9s\u00e1ll\u00f3<\/b><span style=\"font-weight: 400;\"> \u00e9s m\u00e9gis <\/span><b>nagyon k\u00f6nnyen nyomtathat\u00f3 filament<\/b><span style=\"font-weight: 400;\">. PLA Strongman is now used for printing drones, bearings, mechanical parts and all kinds of products that require greater strength. <\/span><\/p>\n<h2><b>Mix PLA Strongman <\/b><\/h2>\n<p><b>Hogyan k\u00e9sz\u00fclnek a Mix sz\u00e1lak?<\/b><span style=\"font-weight: 400;\"> A gy\u00e1rt\u00e1s sor\u00e1n a gy\u00e1rt\u00e1si folyamat le\u00e1ll\u00edt\u00e1sa n\u00e9lk\u00fcl v\u00e1ltunk \u00e1t a sz\u00ednek k\u00f6z\u00f6tt, hogy <\/span><b>id\u0151t, er\u0151forr\u00e1sokat \u00e9s energi\u00e1t takar\u00edtunk meg<\/b><span style=\"font-weight: 400;\">. Consequently, when we change the colour, there is a gradual transition in the filament string from one colour to another. Instead of throwing away the filament where transition happen, we decided to create the Mix filaments. <\/span><b>Elk\u00f6telezettek vagyunk a k\u00f6rnyezettudatoss\u00e1g \u00e9s a hullad\u00e9k minimaliz\u00e1l\u00e1sa mellett.<\/b><span style=\"font-weight: 400;\">.<\/span> <span style=\"font-weight: 400;\">A Mix PLA Strongman filament egy <\/span><b>k\u00fcl\u00f6nb\u00f6z\u0151 PLA Strongman sz\u00ednek kever\u00e9ke<\/b><span style=\"font-weight: 400;\"> k\u00edn\u00e1latunkb\u00f3l. <\/span><b>A Mix PLA Strongman sz\u00e1lainkban tal\u00e1lhat\u00f3 sz\u00ednek \u00e9s a sz\u00ednek sz\u00e1ma teljesen v\u00e9letlenszer\u0171 \u00e9s minden megrendel\u00e9ssel v\u00e1ltozik. <\/b><span style=\"font-weight: 400;\">AzureFilm<\/span> <span style=\"font-weight: 400;\">A Mix PLA Strongman t\u00f6k\u00e9letes mindenkinek, akinek nincs sz\u00fcks\u00e9ge egy adott sz\u00edn\u0171 filamentre, vagy aki a v\u00e9gterm\u00e9ket festeni fogja. <\/span><b>A term\u00e9k megv\u00e1s\u00e1rl\u00e1s\u00e1val \u00d6n beleegyezik, hogy egy \u00e1ltalunk kiv\u00e1lasztott v\u00e9letlenszer\u0171 ors\u00f3t kap.<\/b><\/p>\n<p><span style=\"font-weight: 400;\">Ha t\u00f6bbet szeretne megtudni a PLA sz\u00e1lakr\u00f3l, olvassa el a <a href=\"https:\/\/azurefilm.com\/hu\/2023\/07\/04\/pla-szalak-minden-amit-tudnia-kell\/\" target=\"_blank\" rel=\"noopener\"><strong>blogot.<\/strong><\/a>. <\/span><\/p>\n<p><span style=\"font-weight: 400;\">Hozz\u00e1f\u00e9rhet a <\/span><b>M\u0171szaki adatlap<\/b><span style=\"font-weight: 400;\"><a href=\"https:\/\/azurefilm.com\/hu\/technical-data-sheets\/\" target=\"_blank\" rel=\"noopener\"><strong> itt<\/strong><\/a>.<\/span><\/p>\n<h3><strong>Nyomtat\u00e1si aj\u00e1nl\u00e1sok:<\/strong><\/h3>\n<ul>\n<li style=\"font-weight: 400;\" aria-level=\"1\"><span style=\"font-weight: 400;\">A legjobb eredm\u00e9ny \u00e9rdek\u00e9ben 200-230\u00b0C-os h\u0151m\u00e9rs\u00e9kleten nyomtasson. <\/span><\/li>\n<li style=\"font-weight: 400;\" aria-level=\"1\"><span style=\"font-weight: 400;\">A nyomtat\u00e1si t\u00e1bl\u00e1zat aj\u00e1nlott h\u0151m\u00e9rs\u00e9klete 50-60 \u00b0C.<\/span><\/li>\n<li style=\"font-weight: 400;\" aria-level=\"1\"><span style=\"font-weight: 400;\">Haszn\u00e1ljon \u00fcveg\u00e1gyat, PEI lapot, Kapton vagy k\u00e9k szalagot az \u00e9p\u00edt\u00e9si platformhoz 3Dlac spray-vel.<\/span><\/li>\n<\/ul>\n<p><i><span style=\"font-weight: 400;\">*A k\u00fcl\u00f6nb\u00f6z\u0151 nyomtat\u00f3k haszn\u00e1lata eset\u00e9n az ide\u00e1lis h\u0151m\u00e9rs\u00e9klet elt\u00e9r\u0151 lehet.<\/span><\/i><\/p>\n","protected":false},"excerpt":{"rendered":"<p>A Mix PLA Strongman filamenttel kiv\u00e1l\u00f3 szil\u00e1rds\u00e1g\u00fa \u00e9s rugalmas formaterveket hozhat l\u00e9tre.<\/p>\n","protected":false},"featured_media":59686,"comment_status":"closed","ping_status":"closed","template":"","meta":{"_acf_changed":false},"product_brand":[],"product_cat":[2379,1686,2285,1679,2398,1688,2573,1687],"product_tag":[1691,2212,2286],"brand":[],"class_list":{"0":"post-59684","1":"product","2":"type-product","3":"status-publish","4":"has-post-thumbnail","6":"product_cat-pla-strongman-hu","7":"product_cat-3d-filmek","8":"product_cat-eco-filamentek","9":"product_cat-elado","10":"product_cat-keverjuk-ossze-a-szalakat","11":"product_cat-minden-film","12":"product_cat-mix-pla-strongman-hu","13":"product_cat-pla-szalak","14":"product_tag-high-speed","15":"product_tag-oko-hu","16":"product_tag-veletlenszeru","17":"pa_colour-veletlenszeru","18":"pa_filament-diameter-1-75mm-hu","19":"pa_filament-weight-1000g-hu","21":"first","22":"outofstock","23":"sale","24":"taxable","25":"shipping-taxable","26":"purchasable","27":"product-type-variable","28":"has-default-attributes"},"acf":[],"_links":{"self":[{"href":"https:\/\/azurefilm.com\/hu\/wp-json\/wp\/v2\/product\/59684","targetHints":{"allow":["GET"]}}],"collection":[{"href":"https:\/\/azurefilm.com\/hu\/wp-json\/wp\/v2\/product"}],"about":[{"href":"https:\/\/azurefilm.com\/hu\/wp-json\/wp\/v2\/types\/product"}],"replies":[{"embeddable":true,"href":"https:\/\/azurefilm.com\/hu\/wp-json\/wp\/v2\/comments?post=59684"}],"wp:featuredmedia":[{"embeddable":true,"href":"https:\/\/azurefilm.com\/hu\/wp-json\/wp\/v2\/media\/59686"}],"wp:attachment":[{"href":"https:\/\/azurefilm.com\/hu\/wp-json\/wp\/v2\/media?parent=59684"}],"wp:term":[{"taxonomy":"product_brand","embeddable":true,"href":"https:\/\/azurefilm.com\/hu\/wp-json\/wp\/v2\/product_brand?post=59684"},{"taxonomy":"product_cat","embeddable":true,"href":"https:\/\/azurefilm.com\/hu\/wp-json\/wp\/v2\/product_cat?post=59684"},{"taxonomy":"product_tag","embeddable":true,"href":"https:\/\/azurefilm.com\/hu\/wp-json\/wp\/v2\/product_tag?post=59684"},{"taxonomy":"brand","embeddable":true,"href":"https:\/\/azurefilm.com\/hu\/wp-json\/wp\/v2\/brand?post=59684"}],"curies":[{"name":"wp","href":"https:\/\/api.w.org\/{rel}","templated":true}]}}