
{"id":59685,"date":"2023-10-29T14:32:52","date_gmt":"2023-10-29T14:32:52","guid":{"rendered":"https:\/\/azurefilm.com\/product\/tapegyseg-a-creality-szamara\/"},"modified":"2023-10-29T14:32:52","modified_gmt":"2023-10-29T14:32:52","slug":"tapegyseg-a-creality-szamara","status":"publish","type":"product","link":"https:\/\/azurefilm.com\/hu\/termek\/tapegyseg-a-creality-szamara\/","title":{"rendered":"T\u00e1pegys\u00e9g a Creality sz\u00e1m\u00e1ra"},"content":{"rendered":"<h2><strong>F\u0151bb jellemz\u0151k:<\/strong><\/h2>\n<ul>\n<li>Biztons\u00e1gos m\u0171k\u00f6d\u00e9s, biztos\u00edt\u00e9kkal a v\u00e9delemhez, t\u00falterhel\u00e9sv\u00e9delemmel \u00e9s t\u00falfesz\u00fclts\u00e9gv\u00e9delemmel.<\/li>\n<li>A kiv\u00e1lasztott bemeneti fesz\u00fclts\u00e9g, \u00e1lland\u00f3 kimeneti fesz\u00fclts\u00e9g.<\/li>\n<li>Ide\u00e1lis h\u00e1l\u00f3zati transzform\u00e1tor a 3D nyomtat\u00f3hoz.<\/li>\n<li><strong>Alkalmas: Ender 3 V3 SE, <\/strong>Ender-3 V2, Ender 5 S1, CR-6 SE, Ender-3 S1, Ender-3 Pro, CR-5 PRO H<\/li>\n<\/ul>\n","protected":false},"excerpt":{"rendered":"<p><strong>T\u00e1pegys\u00e9g a Creality sz\u00e1m\u00e1ra, <\/strong>alkalmas Ender 3 V3 SE, Ender-3 V2, Ender 5 S1, CR-6 SE, Ender-3 S1, Ender-3 Pro, CR-5 PRO H.<\/p>\n","protected":false},"featured_media":47427,"comment_status":"closed","ping_status":"closed","template":"","meta":{"_acf_changed":false},"product_brand":[],"product_cat":[1679,2224,2221],"product_tag":[],"brand":[],"class_list":{"0":"post-59685","1":"product","2":"type-product","3":"status-publish","4":"has-post-thumbnail","6":"product_cat-elado","7":"product_cat-minden-potalkatresz","8":"product_cat-potalkatreszek","9":"pa_compatible-with-creality-fdm-3d-printers","10":"pa_fits-printer-creality-ender-3-v3-se","12":"first","13":"outofstock","14":"sale","15":"taxable","16":"shipping-taxable","17":"purchasable","18":"product-type-simple"},"acf":[],"_links":{"self":[{"href":"https:\/\/azurefilm.com\/hu\/wp-json\/wp\/v2\/product\/59685","targetHints":{"allow":["GET"]}}],"collection":[{"href":"https:\/\/azurefilm.com\/hu\/wp-json\/wp\/v2\/product"}],"about":[{"href":"https:\/\/azurefilm.com\/hu\/wp-json\/wp\/v2\/types\/product"}],"replies":[{"embeddable":true,"href":"https:\/\/azurefilm.com\/hu\/wp-json\/wp\/v2\/comments?post=59685"}],"wp:featuredmedia":[{"embeddable":true,"href":"https:\/\/azurefilm.com\/hu\/wp-json\/wp\/v2\/media\/47427"}],"wp:attachment":[{"href":"https:\/\/azurefilm.com\/hu\/wp-json\/wp\/v2\/media?parent=59685"}],"wp:term":[{"taxonomy":"product_brand","embeddable":true,"href":"https:\/\/azurefilm.com\/hu\/wp-json\/wp\/v2\/product_brand?post=59685"},{"taxonomy":"product_cat","embeddable":true,"href":"https:\/\/azurefilm.com\/hu\/wp-json\/wp\/v2\/product_cat?post=59685"},{"taxonomy":"product_tag","embeddable":true,"href":"https:\/\/azurefilm.com\/hu\/wp-json\/wp\/v2\/product_tag?post=59685"},{"taxonomy":"brand","embeddable":true,"href":"https:\/\/azurefilm.com\/hu\/wp-json\/wp\/v2\/brand?post=59685"}],"curies":[{"name":"wp","href":"https:\/\/api.w.org\/{rel}","templated":true}]}}