
{"id":59694,"date":"2023-10-29T14:33:26","date_gmt":"2023-10-29T14:33:26","guid":{"rendered":"https:\/\/azurefilm.com\/product\/flashforge-fuvokakeszlet\/"},"modified":"2023-10-29T14:33:26","modified_gmt":"2023-10-29T14:33:26","slug":"flashforge-fuvokakeszlet","status":"publish","type":"product","link":"https:\/\/azurefilm.com\/hu\/termek\/flashforge-fuvokakeszlet\/","title":{"rendered":"Flashforge f\u00fav\u00f3kak\u00e9szlet"},"content":{"rendered":"<h2><strong>A k\u00e9szlet tartalmazza:<\/strong><\/h2>\n<ul>\n<li>2 x 0,4 mm-es ac\u00e9l f\u00fav\u00f3k\u00e1k<\/li>\n<li>2 x 0,6 mm-es ac\u00e9l f\u00fav\u00f3k\u00e1k<\/li>\n<li>2 x 0,8 mm-es ac\u00e9l f\u00fav\u00f3k\u00e1k<\/li>\n<\/ul>\n<h2><strong>Alkalmas Flashforge 3D nyomtat\u00f3khoz:<\/strong><\/h2>\n<ul>\n<li>Creator 3 Pro<\/li>\n<li>Alkot\u00f3 4<\/li>\n<\/ul>\n","protected":false},"excerpt":{"rendered":"<p><strong>Flashforge f\u00fav\u00f3kak\u00e9szlet<\/strong> Creator 3 Pro \u00e9s Creator 4 3D nyomtat\u00f3hoz.<\/p>\n","protected":false},"featured_media":59695,"comment_status":"closed","ping_status":"closed","template":"","meta":{"_acf_changed":false},"product_brand":[],"product_cat":[1679,2226,2224,2221,2227],"product_tag":[],"brand":[],"class_list":{"0":"post-59694","1":"product","2":"type-product","3":"status-publish","4":"has-post-thumbnail","6":"product_cat-elado","7":"product_cat-fuvoszarnyak","8":"product_cat-minden-potalkatresz","9":"product_cat-potalkatreszek","10":"product_cat-rendszeres-fuvokak","12":"first","13":"instock","14":"sale","15":"taxable","16":"shipping-taxable","17":"purchasable","18":"product-type-simple"},"acf":[],"_links":{"self":[{"href":"https:\/\/azurefilm.com\/hu\/wp-json\/wp\/v2\/product\/59694","targetHints":{"allow":["GET"]}}],"collection":[{"href":"https:\/\/azurefilm.com\/hu\/wp-json\/wp\/v2\/product"}],"about":[{"href":"https:\/\/azurefilm.com\/hu\/wp-json\/wp\/v2\/types\/product"}],"replies":[{"embeddable":true,"href":"https:\/\/azurefilm.com\/hu\/wp-json\/wp\/v2\/comments?post=59694"}],"wp:featuredmedia":[{"embeddable":true,"href":"https:\/\/azurefilm.com\/hu\/wp-json\/wp\/v2\/media\/59695"}],"wp:attachment":[{"href":"https:\/\/azurefilm.com\/hu\/wp-json\/wp\/v2\/media?parent=59694"}],"wp:term":[{"taxonomy":"product_brand","embeddable":true,"href":"https:\/\/azurefilm.com\/hu\/wp-json\/wp\/v2\/product_brand?post=59694"},{"taxonomy":"product_cat","embeddable":true,"href":"https:\/\/azurefilm.com\/hu\/wp-json\/wp\/v2\/product_cat?post=59694"},{"taxonomy":"product_tag","embeddable":true,"href":"https:\/\/azurefilm.com\/hu\/wp-json\/wp\/v2\/product_tag?post=59694"},{"taxonomy":"brand","embeddable":true,"href":"https:\/\/azurefilm.com\/hu\/wp-json\/wp\/v2\/brand?post=59694"}],"curies":[{"name":"wp","href":"https:\/\/api.w.org\/{rel}","templated":true}]}}