
{"id":59699,"date":"2023-10-29T14:33:26","date_gmt":"2023-10-29T14:33:26","guid":{"rendered":"https:\/\/azurefilm.com\/product\/5x8x26-creality-cr-10-csatlakozo\/"},"modified":"2023-10-29T14:33:26","modified_gmt":"2023-10-29T14:33:26","slug":"5x8x26-creality-cr-10-csatlakozo","status":"publish","type":"product","link":"https:\/\/azurefilm.com\/hu\/termek\/5x8x26-creality-cr-10-csatlakozo\/","title":{"rendered":"5x8x26 Creality CR-10 csatlakoz\u00f3"},"content":{"rendered":"<p><strong>Kuplung 5x8x26 a Creality CR-100-hoz<\/strong><br \/>\nAlum\u00ednium rugalmas tengelykapcsol\u00f3 a Z tengely meghajt\u00e1s\u00e1hoz.<\/p>\n<ul>\n<li>T\u00f6k\u00e9letes Ender 3, Creality CR-10S sorozat\u00fa 3D nyomtat\u00f3hoz \u00e9s m\u00e1s NEMA 17 l\u00e9ptet\u0151motorokhoz (5 mm \u00e9s 8 mm k\u00f6z\u00f6tti tengely\u00e1tm\u00e9r\u0151h\u00f6z).<\/li>\n<li>Hasznos RepRap 3D nyomtat\u00f3kban \u00e9s kisebb CNC-g\u00e9pekben.<\/li>\n<li>Tart\u00f3s \u00e9s praktikus a haszn\u00e1lata.<\/li>\n<\/ul>\n","protected":false},"excerpt":{"rendered":"<p>Rugalmas alum\u00ednium tengelykapcsol\u00f3 a Z tengely meghajt\u00e1s\u00e1hoz.<\/p>\n","protected":false},"featured_media":59700,"comment_status":"closed","ping_status":"closed","template":"","meta":{"_acf_changed":false},"product_brand":[],"product_cat":[2221,2257,1679,2224],"product_tag":[],"brand":[],"class_list":{"0":"post-59699","1":"product","2":"type-product","3":"status-publish","4":"has-post-thumbnail","6":"product_cat-potalkatreszek","7":"product_cat-csapagyak-es-vezetok","8":"product_cat-elado","9":"product_cat-minden-potalkatresz","11":"first","12":"instock","13":"sale","14":"taxable","15":"shipping-taxable","16":"purchasable","17":"product-type-simple"},"acf":[],"_links":{"self":[{"href":"https:\/\/azurefilm.com\/hu\/wp-json\/wp\/v2\/product\/59699","targetHints":{"allow":["GET"]}}],"collection":[{"href":"https:\/\/azurefilm.com\/hu\/wp-json\/wp\/v2\/product"}],"about":[{"href":"https:\/\/azurefilm.com\/hu\/wp-json\/wp\/v2\/types\/product"}],"replies":[{"embeddable":true,"href":"https:\/\/azurefilm.com\/hu\/wp-json\/wp\/v2\/comments?post=59699"}],"wp:featuredmedia":[{"embeddable":true,"href":"https:\/\/azurefilm.com\/hu\/wp-json\/wp\/v2\/media\/59700"}],"wp:attachment":[{"href":"https:\/\/azurefilm.com\/hu\/wp-json\/wp\/v2\/media?parent=59699"}],"wp:term":[{"taxonomy":"product_brand","embeddable":true,"href":"https:\/\/azurefilm.com\/hu\/wp-json\/wp\/v2\/product_brand?post=59699"},{"taxonomy":"product_cat","embeddable":true,"href":"https:\/\/azurefilm.com\/hu\/wp-json\/wp\/v2\/product_cat?post=59699"},{"taxonomy":"product_tag","embeddable":true,"href":"https:\/\/azurefilm.com\/hu\/wp-json\/wp\/v2\/product_tag?post=59699"},{"taxonomy":"brand","embeddable":true,"href":"https:\/\/azurefilm.com\/hu\/wp-json\/wp\/v2\/brand?post=59699"}],"curies":[{"name":"wp","href":"https:\/\/api.w.org\/{rel}","templated":true}]}}