
{"id":59733,"date":"2023-10-29T14:10:16","date_gmt":"2023-10-29T14:10:16","guid":{"rendered":"https:\/\/azurefilm.com\/product\/pla-skin-szal-cappuccino\/"},"modified":"2025-08-22T11:24:25","modified_gmt":"2025-08-22T11:24:25","slug":"pla-skin-szal-cappuccino","status":"publish","type":"product","link":"https:\/\/azurefilm.com\/hu\/termek\/pla-skin-szal-cappuccino\/","title":{"rendered":"PLA Skin sz\u00e1l Cappuccino"},"content":{"rendered":"<h2><b>PLA b\u0151r<\/b><\/h2>\n<p><span style=\"font-weight: 400;\">Bemutatjuk a PLA Skin filamentumot, a PLA Original k\u00fcl\u00f6nleges kiad\u00e1s\u00e1t, amely a PLA Skin filamentumok k\u00e9sz\u00edt\u00e9s\u00e9hez k\u00e9sz\u00fclt. <\/span><b>\u00e9leth\u0171 nyomatok k\u00e9sz\u00edt\u00e9s\u00e9hez<\/b><span style=\"font-weight: 400;\">. We designed these colours to mimic the appearance and texture of human skin. This material will allow you to create lifelike products and enhance <\/span><b> a val\u00f3di b\u0151r kin\u00e9zete<\/b><span style=\"font-weight: 400;\">. You can use PLA Skin for cosplay props, human figures, prosthetics, and other artistic projects that demand lifelike skin textures. PLA Skin is a <\/span><b>biol\u00f3giailag leboml\u00f3 <\/b><span style=\"font-weight: 400;\">anyag \u00e9s nagyon <\/span><b>k\u00f6nnyen megmunk\u00e1lhat\u00f3<\/b><span style=\"font-weight: 400;\">. <\/span><\/p>\n<h2><strong>PLA Skin sz\u00e1l Cappuccino<\/strong><\/h2>\n<p>Term\u00e9szetes \u00e9s organikus megjelen\u00e9s\u0171 3D nyomatokat k\u00e9sz\u00edthetsz a PLA Skin Cappuccino filamenttel.<\/p>\n<p><span style=\"font-weight: 400;\">Ha t\u00f6bbet szeretne megtudni a PLA sz\u00e1lakr\u00f3l, olvassa el <a href=\"https:\/\/azurefilm.com\/hu\/2023\/07\/04\/pla-szalak-minden-amit-tudnia-kell\/\">blogunkat<\/a>. <\/span><\/p>\n<p><span style=\"font-weight: 400;\">Hozz\u00e1f\u00e9rhet a <\/span><b>M\u0171szaki adatlap<\/b><span style=\"font-weight: 400;\"><a href=\"https:\/\/azurefilm.com\/hu\/technical-data-sheets\/\"> itt<\/a>.<\/span><\/p>\n<p><span style=\"font-weight: 400;\">Nyomtat\u00e1si aj\u00e1nl\u00e1sok:<\/span><\/p>\n<ul>\n<li style=\"font-weight: 400;\" aria-level=\"1\"><span style=\"font-weight: 400;\">A legjobb eredm\u00e9ny \u00e9rdek\u00e9ben 200-230\u00b0C-on nyomtasson. <\/span><\/li>\n<li style=\"font-weight: 400;\" aria-level=\"1\"><span style=\"font-weight: 400;\">A nyomtat\u00f3asztal aj\u00e1nlott h\u0151m\u00e9rs\u00e9klete 60\u00b0C.<\/span><\/li>\n<li style=\"font-weight: 400;\" aria-level=\"1\"><span style=\"font-weight: 400;\">Haszn\u00e1ljon \u00fcveg\u00e1gyat, PEI lapot, Kapton vagy k\u00e9k szalagot az \u00e9p\u00edt\u00e9si platformhoz 3Dlac spray-vel.<\/span><\/li>\n<\/ul>\n<p><i><span style=\"font-weight: 400;\">*A k\u00fcl\u00f6nb\u00f6z\u0151 nyomtat\u00f3k haszn\u00e1lata eset\u00e9n az ide\u00e1lis h\u0151m\u00e9rs\u00e9klet elt\u00e9r\u0151 lehet.<\/span><\/i><\/p>\n","protected":false},"excerpt":{"rendered":"<p>Term\u00e9szetes \u00e9s organikus megjelen\u00e9s\u0171 3D nyomatokat k\u00e9sz\u00edthetsz a PLA Skin Cappuccino filamenttel.<\/p>\n","protected":false},"featured_media":114005,"comment_status":"closed","ping_status":"closed","template":"","meta":{"_acf_changed":false},"product_brand":[],"product_cat":[2560,1686,1688,1687],"product_tag":[],"brand":[],"class_list":{"0":"post-59733","1":"product","2":"type-product","3":"status-publish","4":"has-post-thumbnail","6":"product_cat-pla-bor","7":"product_cat-3d-filmek","8":"product_cat-minden-film","9":"product_cat-pla-szalak","10":"pa_colour-brown","11":"pa_colour-skin","12":"pa_filament-diameter-1-75mm","13":"pa_filament-weight-1000g","15":"first","16":"instock","17":"taxable","18":"shipping-taxable","19":"purchasable","20":"product-type-variable","21":"has-default-attributes"},"acf":[],"_links":{"self":[{"href":"https:\/\/azurefilm.com\/hu\/wp-json\/wp\/v2\/product\/59733","targetHints":{"allow":["GET"]}}],"collection":[{"href":"https:\/\/azurefilm.com\/hu\/wp-json\/wp\/v2\/product"}],"about":[{"href":"https:\/\/azurefilm.com\/hu\/wp-json\/wp\/v2\/types\/product"}],"replies":[{"embeddable":true,"href":"https:\/\/azurefilm.com\/hu\/wp-json\/wp\/v2\/comments?post=59733"}],"wp:featuredmedia":[{"embeddable":true,"href":"https:\/\/azurefilm.com\/hu\/wp-json\/wp\/v2\/media\/114005"}],"wp:attachment":[{"href":"https:\/\/azurefilm.com\/hu\/wp-json\/wp\/v2\/media?parent=59733"}],"wp:term":[{"taxonomy":"product_brand","embeddable":true,"href":"https:\/\/azurefilm.com\/hu\/wp-json\/wp\/v2\/product_brand?post=59733"},{"taxonomy":"product_cat","embeddable":true,"href":"https:\/\/azurefilm.com\/hu\/wp-json\/wp\/v2\/product_cat?post=59733"},{"taxonomy":"product_tag","embeddable":true,"href":"https:\/\/azurefilm.com\/hu\/wp-json\/wp\/v2\/product_tag?post=59733"},{"taxonomy":"brand","embeddable":true,"href":"https:\/\/azurefilm.com\/hu\/wp-json\/wp\/v2\/brand?post=59733"}],"curies":[{"name":"wp","href":"https:\/\/api.w.org\/{rel}","templated":true}]}}