
{"id":59754,"date":"2023-11-24T09:08:41","date_gmt":"2023-11-24T09:08:41","guid":{"rendered":"https:\/\/azurefilm.com\/product\/petg-eredeti-izzoszal-fukszia-rozsaszin\/"},"modified":"2025-08-22T11:24:26","modified_gmt":"2025-08-22T11:24:26","slug":"petg-eredeti-izzoszal-fukszia-rozsaszin","status":"publish","type":"product","link":"https:\/\/azurefilm.com\/hu\/termek\/petg-eredeti-izzoszal-fukszia-rozsaszin\/","title":{"rendered":"PETG Hyper Speed izz\u00f3sz\u00e1l Fukszia r\u00f3zsasz\u00edn"},"content":{"rendered":"<h2><b>PETG Eredeti<\/b><\/h2>\n<p><span style=\"font-weight: 400;\">A PETG Original kiv\u00e1l\u00f3 tulajdons\u00e1gokkal rendelkezik, \u00e9s a PLA mellett az egyik legn\u00e9pszer\u0171bb sz\u00e1l. Szerkezet\u00e9nek k\u00f6sz\u00f6nhet\u0151en a PETG anyag <\/span><b>szil\u00e1rd<\/b><span style=\"font-weight: 400;\">, <\/span><b>h\u0151m\u00e9rs\u00e9klet\u00e1ll\u00f3<\/b><span style=\"font-weight: 400;\"> (80\u00b0C-ig) \u00e9s <\/span><b>tart\u00f3s tulajdons\u00e1gok<\/b><span style=\"font-weight: 400;\">. Our PETG filaments are very easy to print which makes them <\/span><b>nagyszer\u0171 kezd\u0151knek<\/b><span style=\"font-weight: 400;\">. Because of its properties, PETG can be used for <\/span><b>sokf\u00e9le alkalmaz\u00e1s<\/b><span style=\"font-weight: 400;\"> a dekor\u00e1ci\u00f3kt\u00f3l, szersz\u00e1mokt\u00f3l \u00e9s prot\u00e9zisekt\u0151l kezdve a mechanikai term\u00e9kekig \u00e9s a robotik\u00e1ig. <\/span><\/p>\n<h2><strong><span style=\"font-weight: 400;\"><strong>PETG Eredeti izz\u00f3sz\u00e1l Fukszia r\u00f3zsasz\u00edn<\/strong> <\/span><\/strong><\/h2>\n<p><span style=\"font-weight: 400;\">K\u00e9sz\u00edtsen leny\u0171g\u00f6z\u0151 \u00e9s j\u00e1t\u00e9kos terveket a PETG Original Fuchsia Pink filamenttel. <\/span><\/p>\n<p><span style=\"font-weight: 400;\">Ha t\u00f6bbet szeretne megtudni a PETG sz\u00e1lakr\u00f3l, olvassa el <a href=\"https:\/\/azurefilm.com\/hu\/2023\/07\/10\/petg-szalak-minden-amit-tudnia-kell\/\" target=\"_blank\" rel=\"noopener\">blogunkat<\/a>. <\/span><\/p>\n<p><span style=\"font-weight: 400;\">Hozz\u00e1f\u00e9rhet a <\/span><b>M\u0171szaki adatlap<\/b><span style=\"font-weight: 400;\"><a href=\"https:\/\/azurefilm.com\/hu\/technical-data-sheets\/\" target=\"_blank\" rel=\"noopener\"> itt<\/a>.<\/span><\/p>\n<h3><strong>Nyomtat\u00e1si aj\u00e1nl\u00e1sok:<\/strong><\/h3>\n<ul>\n<li style=\"font-weight: 400;\" aria-level=\"1\"><span style=\"font-weight: 400;\">A legjobb eredm\u00e9ny \u00e9rdek\u00e9ben 220-240\u00b0C-on nyomtasson. <\/span><\/li>\n<li style=\"font-weight: 400;\" aria-level=\"1\"><span style=\"font-weight: 400;\">A nyomtat\u00f3asztal aj\u00e1nlott h\u0151m\u00e9rs\u00e9klete 80\u00b0C.<\/span><\/li>\n<li style=\"font-weight: 400;\" aria-level=\"1\"><span style=\"font-weight: 400;\">Haszn\u00e1ljon \u00fcveg\u00e1gyat, PEI lapot, Kapton vagy k\u00e9k szalagot az \u00e9p\u00edt\u00e9si platformhoz 3Dlac spray-vel.<\/span><\/li>\n<\/ul>\n<p><i><span style=\"font-weight: 400;\">*A k\u00fcl\u00f6nb\u00f6z\u0151 nyomtat\u00f3k haszn\u00e1lata eset\u00e9n az ide\u00e1lis h\u0151m\u00e9rs\u00e9klet elt\u00e9r\u0151 lehet.<\/span><\/i><\/p>\n","protected":false},"excerpt":{"rendered":"<p><span style=\"font-weight: 400;\">K\u00e9sz\u00edtsen leny\u0171g\u00f6z\u0151 \u00e9s j\u00e1t\u00e9kos terveket a PETG Hyper Speed izz\u00f3sz\u00e1l Fukszia r\u00f3zsasz\u00edn.<\/span><\/p>\n<p><b>Figyelem: <\/b><span style=\"font-weight: 400;\">Ez ugyanaz a megb\u00edzhat\u00f3 PETG Original formul\u00e1ci\u00f3, most <\/span><b>PETG Hyper Speed<\/b><span style=\"font-weight: 400;\"> n\u00e9vre \u00e1tnevezve, hogy jobban t\u00fckr\u00f6zze magas sebess\u00e9g\u0171 nyomtat\u00e1si teljes\u00edtm\u00e9ny\u00e9t. V\u00e1s\u00e1roljon \u00e9s tapasztalja meg a PETG k\u00f6vetkez\u0151 szintj\u00e9t!<\/span><\/p>\n","protected":false},"featured_media":109555,"comment_status":"closed","ping_status":"closed","template":"","meta":{"_acf_changed":false},"product_brand":[],"product_cat":[2182,1686,1679,1688,2177],"product_tag":[1691],"brand":[267],"class_list":{"0":"post-59754","1":"product","2":"type-product","3":"status-publish","4":"has-post-thumbnail","6":"product_cat-petg-eredeti","7":"product_cat-3d-filmek","8":"product_cat-elado","9":"product_cat-minden-film","10":"product_cat-petg-szalak","11":"product_tag-high-speed","12":"pa_colour-pink","13":"pa_filament-diameter-1-75mm","14":"pa_filament-weight-1000g","15":"brand-azurefilm","17":"first","18":"instock","19":"sale","20":"taxable","21":"shipping-taxable","22":"purchasable","23":"product-type-variable","24":"has-default-attributes"},"acf":[],"_links":{"self":[{"href":"https:\/\/azurefilm.com\/hu\/wp-json\/wp\/v2\/product\/59754","targetHints":{"allow":["GET"]}}],"collection":[{"href":"https:\/\/azurefilm.com\/hu\/wp-json\/wp\/v2\/product"}],"about":[{"href":"https:\/\/azurefilm.com\/hu\/wp-json\/wp\/v2\/types\/product"}],"replies":[{"embeddable":true,"href":"https:\/\/azurefilm.com\/hu\/wp-json\/wp\/v2\/comments?post=59754"}],"wp:featuredmedia":[{"embeddable":true,"href":"https:\/\/azurefilm.com\/hu\/wp-json\/wp\/v2\/media\/109555"}],"wp:attachment":[{"href":"https:\/\/azurefilm.com\/hu\/wp-json\/wp\/v2\/media?parent=59754"}],"wp:term":[{"taxonomy":"product_brand","embeddable":true,"href":"https:\/\/azurefilm.com\/hu\/wp-json\/wp\/v2\/product_brand?post=59754"},{"taxonomy":"product_cat","embeddable":true,"href":"https:\/\/azurefilm.com\/hu\/wp-json\/wp\/v2\/product_cat?post=59754"},{"taxonomy":"product_tag","embeddable":true,"href":"https:\/\/azurefilm.com\/hu\/wp-json\/wp\/v2\/product_tag?post=59754"},{"taxonomy":"brand","embeddable":true,"href":"https:\/\/azurefilm.com\/hu\/wp-json\/wp\/v2\/brand?post=59754"}],"curies":[{"name":"wp","href":"https:\/\/api.w.org\/{rel}","templated":true}]}}