
{"id":59779,"date":"2023-10-29T14:13:01","date_gmt":"2023-10-29T14:13:01","guid":{"rendered":"https:\/\/azurefilm.com\/?post_type=product&#038;p=59779"},"modified":"2025-04-10T06:41:00","modified_gmt":"2025-04-10T06:41:00","slug":"creality-ender-3-v2","status":"publish","type":"product","link":"https:\/\/azurefilm.com\/hu\/termek\/creality-ender-3-v2\/","title":{"rendered":"Creality Ender 3 V2"},"content":{"rendered":"<p><iframe loading=\"lazy\" title=\"Term\u00e9kbemutat\u00f3 | \u00daj friss\u00edt\u00e9si verzi\u00f3 Ender-3 V2 gazdas\u00e1gos \u00e9s integr\u00e1lt 3D nyomtat\u00f3\" src=\"https:\/\/www.youtube.com\/embed\/PbWo7ZCwiKE\" width=\"900\" height=\"500\" frameborder=\"0\" allowfullscreen=\"allowfullscreen\"><\/iframe><\/p>\n<p><span style=\"font-weight: 400;\">Az Ender 3 V2 az egyik legjobb kisebb \u00e9s megfizethet\u0151 3D nyomtat\u00f3. Nyomtat\u00e1si fel\u00fclete 220x220x250 mm, alum\u00ednium f\u0171t\u0151asztallal \u00e9s 100 mikronos maxim\u00e1lis nyomtat\u00e1si felbont\u00e1ssal rendelkezik. <\/span><\/p>\n<h2><strong>Hat\u00e9kony nyomtat\u00e1s az Ender 3 V2 seg\u00edts\u00e9g\u00e9vel<\/strong><\/h2>\n<p><span style=\"font-weight: 400;\">Az Ender 3 V2 egy Carbon \u00fcvegnyomtat\u00f3 asztallal van felszerelve, amely lehet\u0151v\u00e9 teszi a k\u00f6zvetlen nyomtat\u00e1st az \u00fcvegfel\u00fcletre. A jobb tapad\u00e1s \u00e9rdek\u00e9ben javasoljuk a 3DLac spray haszn\u00e1lat\u00e1t. <\/span><\/p>\n<h2><strong>Wi-Fi kapcsolat<\/strong><\/h2>\n<p><span style=\"font-weight: 400;\">A Creality Wi-Fi Box nemr\u00e9giben megjelent v\u00e1ltozat\u00e1val az Ender 3 V2 csatlakoztathat\u00f3 Wi-Fi-n kereszt\u00fcl. A telep\u00edt\u00e9s egyszer\u0171 &#8211; csatlakoztassa a Wi-Fi boxot a 3D nyomtat\u00f3hoz USB-n kereszt\u00fcl, \u00e9s k\u00f6sse \u00f6ssze a Creality felh\u0151vel. Ez lehet\u0151v\u00e9 teszi a t\u00e1vvez\u00e9rl\u00e9st \u00e9s a h\u0151m\u00e9rs\u00e9klet be\u00e1ll\u00edt\u00e1s\u00e1t webkamer\u00e1n kereszt\u00fcl. <\/span><\/p>\n<h2><strong>F\u0151bb jellemz\u0151k \u00e9s k\u00e9nyelem<\/strong><\/h2>\n<p><span style=\"font-weight: 400;\">Ez a m\u00e1sodik gener\u00e1ci\u00f3s 3D nyomtat\u00f3 nagy, 220x220x250 mm-es nyomtat\u00e1si ter\u00fcletet k\u00edn\u00e1l, \u00e9s egy speci\u00e1lisan kifejlesztett alaplapot tartalmaz TMC2208 l\u00e9ptet\u0151 vez\u00e9rl\u0151kkel. A nyomtat\u00f3 nagyobb kijelz\u0151vel \u00e9s \u00fajratervezett vez\u00e9rl\u0151kkel b\u00fcszk\u00e9lkedhet, \u00e9s megk\u00f6nny\u00edti a sz\u00e1lak egyszer\u0171 cser\u00e9j\u00e9t. Az indul\u00f3csomag mindent tartalmaz, amire sz\u00fcks\u00e9ge van, \u00e9s k\u00f6zvetlen\u00fcl a PC-r\u0151l vagy SD-k\u00e1rty\u00e1r\u00f3l nyomtathat. <\/span><\/p>\n<h2><strong>Telep\u00edt\u00e9s<\/strong><\/h2>\n<p><iframe loading=\"lazy\" title=\"Unboxing 1 | Ender 3 V2 kicsomagol\u00e1sa \u00e9s telep\u00edt\u00e9se\" src=\"https:\/\/www.youtube.com\/embed\/iYeXPmG429M\" width=\"900\" height=\"500\" frameborder=\"0\" allowfullscreen=\"allowfullscreen\"><\/iframe><\/p>\n","protected":false},"excerpt":{"rendered":"<p><span style=\"font-weight: 400;\">A Creality folyamatosan tesz l\u00e9p\u00e9seket el\u0151re, \u00e9s ezt ism\u00e9t megtette a<\/span><b> Ender 3 V2<\/b><span style=\"font-weight: 400;\"> modell. Ez a 3D nyomtat\u00f3 k\u00f6nnyen be\u00e1ll\u00edthat\u00f3, \u00e9s t\u00f6k\u00e9letes v\u00e1laszt\u00e1s kezd\u0151knek. <\/span><\/p>\n","protected":false},"featured_media":59780,"comment_status":"closed","ping_status":"closed","template":"","meta":{"_acf_changed":false},"product_brand":[],"product_cat":[1677,2251,1678,1680],"product_tag":[],"brand":[],"class_list":{"0":"post-59779","1":"product","2":"type-product","3":"status-publish","4":"has-post-thumbnail","6":"product_cat-3d-nyomtato","7":"product_cat-creality-hu","8":"product_cat-fdm-nyomtato","9":"product_cat-minden-3d-nyomtato","11":"first","12":"outofstock","13":"taxable","14":"shipping-taxable","15":"purchasable","16":"product-type-simple"},"acf":[],"_links":{"self":[{"href":"https:\/\/azurefilm.com\/hu\/wp-json\/wp\/v2\/product\/59779","targetHints":{"allow":["GET"]}}],"collection":[{"href":"https:\/\/azurefilm.com\/hu\/wp-json\/wp\/v2\/product"}],"about":[{"href":"https:\/\/azurefilm.com\/hu\/wp-json\/wp\/v2\/types\/product"}],"replies":[{"embeddable":true,"href":"https:\/\/azurefilm.com\/hu\/wp-json\/wp\/v2\/comments?post=59779"}],"wp:featuredmedia":[{"embeddable":true,"href":"https:\/\/azurefilm.com\/hu\/wp-json\/wp\/v2\/media\/59780"}],"wp:attachment":[{"href":"https:\/\/azurefilm.com\/hu\/wp-json\/wp\/v2\/media?parent=59779"}],"wp:term":[{"taxonomy":"product_brand","embeddable":true,"href":"https:\/\/azurefilm.com\/hu\/wp-json\/wp\/v2\/product_brand?post=59779"},{"taxonomy":"product_cat","embeddable":true,"href":"https:\/\/azurefilm.com\/hu\/wp-json\/wp\/v2\/product_cat?post=59779"},{"taxonomy":"product_tag","embeddable":true,"href":"https:\/\/azurefilm.com\/hu\/wp-json\/wp\/v2\/product_tag?post=59779"},{"taxonomy":"brand","embeddable":true,"href":"https:\/\/azurefilm.com\/hu\/wp-json\/wp\/v2\/brand?post=59779"}],"curies":[{"name":"wp","href":"https:\/\/api.w.org\/{rel}","templated":true}]}}