
{"id":59831,"date":"2023-10-29T14:33:26","date_gmt":"2023-10-29T14:33:26","guid":{"rendered":"https:\/\/azurefilm.com\/product\/ptfe-cso-vago-mini\/"},"modified":"2023-10-29T14:33:26","modified_gmt":"2023-10-29T14:33:26","slug":"ptfe-cso-vago-mini","status":"publish","type":"product","link":"https:\/\/azurefilm.com\/hu\/termek\/ptfe-cso-vago-mini\/","title":{"rendered":"PTFE cs\u0151 v\u00e1g\u00f3 Mini"},"content":{"rendered":"<p><strong>PTFE cs\u0151 v\u00e1g\u00f3 Mini<\/strong><\/p>\n<p>PTFE-cs\u0151 v\u00e1g\u00e1sakor \u00fcgyeljen arra, hogy a megfelel\u0151 m\u00f3don v\u00e1gja el. A rosszul v\u00e1gott Bowden-cs\u0151 elakad\u00e1sok oka lehet a forraszt\u00f3fejn\u00e9l. A PTFE cs\u0151v\u00e1g\u00f3 Mini lehet\u0151v\u00e9 teszi, hogy gyorsan \u00e9s hat\u00e9konyan igaz\u00edtson \u00e9s v\u00e1gjon el b\u00e1rmilyen PTFE cs\u00f6vet, tiszta \u00e9s t\u00f6k\u00e9letesen sz\u00f6gletes v\u00e1g\u00e1st el\u00e9rve.<br \/>\nEhhez csak ki kell nyitnia a szor\u00edt\u00f3t, behelyezni \u00e9s igaz\u00edtani a cs\u00f6vet, \u00f6sszenyomni \u00e9s hagyni, hogy az \u00e9les rozsdamentes ac\u00e9l penge elv\u00e9gezze a v\u00e1g\u00e1st.  <\/p>\n<p><img decoding=\"async\" style=\"height: 375px; width: 600px;\" src=\"https:\/\/azurefilm.com\/wp-content\/uploads\/2023\/10\/2Q\" alt=\"\" title=\"\"><br \/>\n\u2714\ufe0f Ez a PTFE cs\u0151v\u00e1g\u00f3 Mini k\u00f6nnyen \u00e9s biztons\u00e1gosan haszn\u00e1lhat\u00f3, tart\u00f3s, v\u00edz\u00e1ll\u00f3 kialak\u00edt\u00e1s\u00fa. \u2714\ufe0f Haszn\u00e1lhat\u00f3 a sz\u00e1lak k\u00fcl\u00f6nb\u00f6z\u0151 hossz\u00fas\u00e1g\u00fa v\u00e1g\u00e1s\u00e1ra is, att\u00f3l f\u00fcgg\u0151en, hogy milyen hossz\u00fara van sz\u00fcks\u00e9ge. \u2714\ufe0f Rozsdamentes ac\u00e9l peng\u00e9vel \u00e9s rug\u00f3val rendelkezik. A h\u00e1z kem\u00e9ny, tart\u00f3s m\u0171anyagb\u00f3l k\u00e9sz\u00fclt. \u2714\ufe0f 6 mm \u00e1tm\u00e9r\u0151j\u0171 cs\u00f6vekhez illeszkedik. Alkalmas PE vagy PU t\u00f6ml\u0151kh\u00f6z, Ig\u00e9ny szerint k\u00fcl\u00f6nb\u00f6z\u0151 hossz\u00fas\u00e1g\u00fa PE cs\u0151re \u00e9s PU l\u00e9gcs\u0151re v\u00e1ghat\u00f3. (Ne haszn\u00e1lja azonban dr\u00f3tv\u00e1g\u00f3k\u00e9nt, k\u00fcl\u00f6nben tomp\u00edtja a peng\u00e9t.) \u2714\ufe0f A Bowden-cs\u0151 megfelel\u0151 illeszt\u00e9s\u00e9hez elengedhetetlen a tiszta, sz\u00f6gletes v\u00e9g. E n\u00e9lk\u00fcl a forr\u00f3 v\u00e9g\u00e9n sziv\u00e1rg\u00e1st, vagy ami m\u00e9g rosszabb, elt\u00f6m\u0151d\u00e9st kock\u00e1ztat. \u2714\ufe0f Ez a szuper \u00e9les cs\u0151v\u00e1g\u00f3 t\u00f6k\u00e9letes eszk\u00f6z ahhoz, hogy minden alkalommal tiszta, n\u00e9gysz\u00f6gletes v\u00e1g\u00e1st \u00e9rjen el a cs\u00f6v\u00e9n.<\/p>\n<p>&nbsp;<\/p>\n<p>&nbsp;<\/p>\n","protected":false},"excerpt":{"rendered":"<p>A PTFE cs\u0151v\u00e1g\u00f3 Mini lehet\u0151v\u00e9 teszi, hogy gyorsan \u00e9s hat\u00e9konyan igaz\u00edtson \u00e9s v\u00e1gjon el b\u00e1rmilyen PTFE cs\u00f6vet, tiszta \u00e9s t\u00f6k\u00e9letesen sz\u00f6gletes v\u00e1g\u00e1st el\u00e9rve.<\/p>\n","protected":false},"featured_media":59832,"comment_status":"closed","ping_status":"closed","template":"","meta":{"_acf_changed":false},"product_brand":[],"product_cat":[1679,2429,2224,2221],"product_tag":[],"brand":[],"class_list":{"0":"post-59831","1":"product","2":"type-product","3":"status-publish","4":"has-post-thumbnail","6":"product_cat-elado","7":"product_cat-bowden-csovek","8":"product_cat-minden-potalkatresz","9":"product_cat-potalkatreszek","11":"first","12":"instock","13":"sale","14":"taxable","15":"shipping-taxable","16":"purchasable","17":"product-type-simple"},"acf":[],"_links":{"self":[{"href":"https:\/\/azurefilm.com\/hu\/wp-json\/wp\/v2\/product\/59831","targetHints":{"allow":["GET"]}}],"collection":[{"href":"https:\/\/azurefilm.com\/hu\/wp-json\/wp\/v2\/product"}],"about":[{"href":"https:\/\/azurefilm.com\/hu\/wp-json\/wp\/v2\/types\/product"}],"replies":[{"embeddable":true,"href":"https:\/\/azurefilm.com\/hu\/wp-json\/wp\/v2\/comments?post=59831"}],"wp:featuredmedia":[{"embeddable":true,"href":"https:\/\/azurefilm.com\/hu\/wp-json\/wp\/v2\/media\/59832"}],"wp:attachment":[{"href":"https:\/\/azurefilm.com\/hu\/wp-json\/wp\/v2\/media?parent=59831"}],"wp:term":[{"taxonomy":"product_brand","embeddable":true,"href":"https:\/\/azurefilm.com\/hu\/wp-json\/wp\/v2\/product_brand?post=59831"},{"taxonomy":"product_cat","embeddable":true,"href":"https:\/\/azurefilm.com\/hu\/wp-json\/wp\/v2\/product_cat?post=59831"},{"taxonomy":"product_tag","embeddable":true,"href":"https:\/\/azurefilm.com\/hu\/wp-json\/wp\/v2\/product_tag?post=59831"},{"taxonomy":"brand","embeddable":true,"href":"https:\/\/azurefilm.com\/hu\/wp-json\/wp\/v2\/brand?post=59831"}],"curies":[{"name":"wp","href":"https:\/\/api.w.org\/{rel}","templated":true}]}}