
{"id":59840,"date":"2023-10-29T14:35:02","date_gmt":"2023-10-29T14:35:02","guid":{"rendered":"https:\/\/azurefilm.com\/product\/mix-petg-eredeti-izzoszal\/"},"modified":"2025-08-22T11:24:43","modified_gmt":"2025-08-22T11:24:43","slug":"mix-petg-eredeti-izzoszal","status":"publish","type":"product","link":"https:\/\/azurefilm.com\/hu\/termek\/mix-petg-eredeti-izzoszal\/","title":{"rendered":"Mix PETG Eredeti izz\u00f3sz\u00e1l"},"content":{"rendered":"<h2><b>PETG Eredeti<\/b><\/h2>\n<p><span style=\"font-weight: 400;\">A PETG Original kiv\u00e1l\u00f3 tulajdons\u00e1gokkal rendelkezik, \u00e9s a PLA mellett az egyik legn\u00e9pszer\u0171bb sz\u00e1l. Szerkezet\u00e9nek k\u00f6sz\u00f6nhet\u0151en a PETG anyag <\/span><b>szil\u00e1rd<\/b><span style=\"font-weight: 400;\">, <\/span><b>h\u0151m\u00e9rs\u00e9klet\u00e1ll\u00f3<\/b><span style=\"font-weight: 400;\"> (80\u00b0C-ig) \u00e9s <\/span><b>tart\u00f3s tulajdons\u00e1gok<\/b><span style=\"font-weight: 400;\">. Our PETG filaments are very easy to print which makes them <\/span><b>nagyszer\u0171 kezd\u0151knek<\/b><span style=\"font-weight: 400;\">. Because of its properties, PETG can be used for <\/span><b>sokf\u00e9le alkalmaz\u00e1s<\/b><span style=\"font-weight: 400;\"> a dekor\u00e1ci\u00f3kt\u00f3l, szersz\u00e1mokt\u00f3l \u00e9s prot\u00e9zisekt\u0151l kezdve a mechanikai term\u00e9kekig \u00e9s a robotik\u00e1ig. <\/span><\/p>\n<h2><b>PETG kever\u00e9ke Eredeti<\/b><\/h2>\n<p><b>Hogyan k\u00e9sz\u00fclnek a Mix sz\u00e1lak?<\/b><span style=\"font-weight: 400;\"> A gy\u00e1rt\u00e1s sor\u00e1n a gy\u00e1rt\u00e1si folyamat le\u00e1ll\u00edt\u00e1sa n\u00e9lk\u00fcl v\u00e1ltunk \u00e1t a sz\u00ednek k\u00f6z\u00f6tt, hogy <\/span><b>id\u0151t, er\u0151forr\u00e1sokat \u00e9s energi\u00e1t takar\u00edtunk meg<\/b><span style=\"font-weight: 400;\">. Consequently, when we change the colour, there is a gradual transition in the filament string from one colour to another. Instead of throwing away the filament where transition happen, we decided to create the Mix filaments. <\/span><b>Elk\u00f6telezettek vagyunk a k\u00f6rnyezettudatoss\u00e1g \u00e9s a hullad\u00e9k minimaliz\u00e1l\u00e1sa mellett.<\/b><span style=\"font-weight: 400;\">.<\/span> <span style=\"font-weight: 400;\">A Mix PETG Original filament egy <\/span><b>k\u00fcl\u00f6nb\u00f6z\u0151 PETG Original sz\u00ednek kever\u00e9ke<\/b><span style=\"font-weight: 400;\"> k\u00edn\u00e1latunkb\u00f3l. <\/span><b>A Mix PETG Original sz\u00e1lainkban tal\u00e1lhat\u00f3 sz\u00ednek \u00e9s a sz\u00ednek sz\u00e1ma teljesen v\u00e9letlenszer\u0171, \u00e9s minden megrendel\u00e9ssel v\u00e1ltozik. <\/b><span style=\"font-weight: 400;\">AzureFilm<\/span> <span style=\"font-weight: 400;\">A Mix PETG Original t\u00f6k\u00e9letes mindenkinek, akinek nincs sz\u00fcks\u00e9ge egy adott sz\u00edn\u0171 filamentre, vagy aki a v\u00e9gterm\u00e9ket festeni fogja. <\/span><b>Ennek a term\u00e9knek a megv\u00e1s\u00e1rl\u00e1s\u00e1val \u00d6n beleegyezik, hogy egy v\u00e9letlenszer\u0171en kiv\u00e1lasztott ors\u00f3t kapjon.<\/b><\/p>\n<p><span style=\"font-weight: 400;\">Ha t\u00f6bbet szeretne megtudni a PETG sz\u00e1lakr\u00f3l, olvassa el a <a href=\"https:\/\/azurefilm.com\/hu\/2023\/07\/10\/petg-szalak-minden-amit-tudnia-kell\/\" target=\"_blank\" rel=\"noopener\"><strong>blogot.<\/strong><\/a>. <\/span><\/p>\n<p><span style=\"font-weight: 400;\">Hozz\u00e1f\u00e9rhet a <\/span><b>M\u0171szaki adatlap<\/b><span style=\"font-weight: 400;\"><a href=\"https:\/\/azurefilm.com\/hu\/technical-data-sheets\/\" target=\"_blank\" rel=\"noopener\"><strong> itt<\/strong><\/a>.<\/span><\/p>\n<h3><strong>Nyomtat\u00e1si aj\u00e1nl\u00e1sok:<\/strong><\/h3>\n<ul>\n<li style=\"font-weight: 400;\" aria-level=\"1\"><span style=\"font-weight: 400;\">A legjobb eredm\u00e9ny \u00e9rdek\u00e9ben 220-240\u00b0C-on nyomtasson. <\/span><\/li>\n<li style=\"font-weight: 400;\" aria-level=\"1\"><span style=\"font-weight: 400;\">A nyomtat\u00f3asztal aj\u00e1nlott h\u0151m\u00e9rs\u00e9klete 80\u00b0C.<\/span><\/li>\n<li style=\"font-weight: 400;\" aria-level=\"1\"><span style=\"font-weight: 400;\">Haszn\u00e1ljon \u00fcveg\u00e1gyat, PEI lapot, Kapton vagy k\u00e9k szalagot az \u00e9p\u00edt\u00e9si platformhoz 3Dlac spray-vel.<\/span><\/li>\n<\/ul>\n<p><i><span style=\"font-weight: 400;\">*A k\u00fcl\u00f6nb\u00f6z\u0151 nyomtat\u00f3k haszn\u00e1lata eset\u00e9n az ide\u00e1lis h\u0151m\u00e9rs\u00e9klet elt\u00e9r\u0151 lehet.<\/span><\/i><\/p>\n","protected":false},"excerpt":{"rendered":"<p>Pr\u00f3b\u00e1lja ki a k\u00fcl\u00f6nb\u00f6z\u0151 sz\u00ednek kombin\u00e1lt tulajdons\u00e1gait Mix PETG Original filament\u00fcnkkel.<\/p>\n","protected":false},"featured_media":59841,"comment_status":"closed","ping_status":"closed","template":"","meta":{"_acf_changed":false},"product_brand":[],"product_cat":[1686,2285,1679,2398,1688,2574,2182,2177],"product_tag":[2212,2286],"brand":[1682],"class_list":{"0":"post-59840","1":"product","2":"type-product","3":"status-publish","4":"has-post-thumbnail","6":"product_cat-3d-filmek","7":"product_cat-eco-filamentek","8":"product_cat-elado","9":"product_cat-keverjuk-ossze-a-szalakat","10":"product_cat-minden-film","11":"product_cat-petg-kevereke-eredeti","12":"product_cat-petg-eredeti","13":"product_cat-petg-szalak","14":"product_tag-oko-hu","15":"product_tag-veletlenszeru","16":"pa_colour-veletlenszeru","17":"pa_filament-diameter-1-75mm-hu","18":"pa_filament-diameter-2-85mm-hu","19":"pa_filament-weight-1000g-hu","20":"brand-azurefilm-hu","22":"first","23":"outofstock","24":"sale","25":"taxable","26":"shipping-taxable","27":"purchasable","28":"product-type-variable","29":"has-default-attributes"},"acf":[],"_links":{"self":[{"href":"https:\/\/azurefilm.com\/hu\/wp-json\/wp\/v2\/product\/59840","targetHints":{"allow":["GET"]}}],"collection":[{"href":"https:\/\/azurefilm.com\/hu\/wp-json\/wp\/v2\/product"}],"about":[{"href":"https:\/\/azurefilm.com\/hu\/wp-json\/wp\/v2\/types\/product"}],"replies":[{"embeddable":true,"href":"https:\/\/azurefilm.com\/hu\/wp-json\/wp\/v2\/comments?post=59840"}],"wp:featuredmedia":[{"embeddable":true,"href":"https:\/\/azurefilm.com\/hu\/wp-json\/wp\/v2\/media\/59841"}],"wp:attachment":[{"href":"https:\/\/azurefilm.com\/hu\/wp-json\/wp\/v2\/media?parent=59840"}],"wp:term":[{"taxonomy":"product_brand","embeddable":true,"href":"https:\/\/azurefilm.com\/hu\/wp-json\/wp\/v2\/product_brand?post=59840"},{"taxonomy":"product_cat","embeddable":true,"href":"https:\/\/azurefilm.com\/hu\/wp-json\/wp\/v2\/product_cat?post=59840"},{"taxonomy":"product_tag","embeddable":true,"href":"https:\/\/azurefilm.com\/hu\/wp-json\/wp\/v2\/product_tag?post=59840"},{"taxonomy":"brand","embeddable":true,"href":"https:\/\/azurefilm.com\/hu\/wp-json\/wp\/v2\/brand?post=59840"}],"curies":[{"name":"wp","href":"https:\/\/api.w.org\/{rel}","templated":true}]}}