
{"id":59909,"date":"2023-10-29T14:41:10","date_gmt":"2023-10-29T14:41:10","guid":{"rendered":"https:\/\/azurefilm.com\/product\/liqcreate-premium-model-skin-tonusu-gyanta\/"},"modified":"2025-08-22T11:25:12","modified_gmt":"2025-08-22T11:25:12","slug":"liqcreate-premium-model-skin-tonusu-gyanta","status":"publish","type":"product","link":"https:\/\/azurefilm.com\/hu\/termek\/liqcreate-premium-model-skin-tonusu-gyanta\/","title":{"rendered":"Liqcreate Premium Model Skin t\u00f3nus\u00fa gyanta"},"content":{"rendered":"<h2><b>Liqcreate Premium Model Skin t\u00f3nus<\/b><\/h2>\n<p><span style=\"font-weight: 400;\">Liqcreate Premium Model Skin t\u00f3nus<\/span> <span style=\"font-weight: 400;\">nagyszer\u0171 v\u00e1laszt\u00e1s a k\u00e9zm\u0171vess\u00e9ghez <\/span><b>fog\u00e1szati modellek<\/b><span style=\"font-weight: 400;\">. It features a matte, opaque skin tone that   <\/span><b>n\u00f6veli a m\u00e9lys\u00e9get \u00e9s a r\u00e9szleteket<\/b><span style=\"font-weight: 400;\">  a modellekben, \u00edgy j\u00f3l l\u00e1that\u00f3v\u00e1 v\u00e1lnak az alulv\u00e1g\u00e1sok. Er\u0151s h\u0151m\u00e9rs\u00e9klet-ellen\u00e1ll\u00f3s\u00e1ga t\u00e1mogatja az igaz\u00edt\u00f3 gy\u00e1rt\u00e1shoz sz\u00fcks\u00e9ges v\u00e1kuumform\u00e1z\u00e1st. <\/span><\/p>\n<p><span style=\"font-weight: 400;\">Ez a gyanta <\/span><b>kiv\u00e1l\u00f3 m\u00e9retstabilit\u00e1s<\/b><span style=\"font-weight: 400;\"> \u00e9s <\/span><b>minim\u00e1lis zsugorod\u00e1s <\/b> <span style=\"font-weight: 400;\">a nyomtat\u00e1s sor\u00e1n, ami biztos\u00edtja az anyag pontoss\u00e1g\u00e1t. M\u00edg a Premium modell   <\/span><b>nem alkalmas bels\u0151 karossz\u00e9ri\u00e1s alkalmaz\u00e1sokhoz<\/b><span style=\"font-weight: 400;\">, k\u00edn\u00e1l <\/span><b>gyors nyomtat\u00e1s<\/b><span style=\"font-weight: 400;\"> \u00e9s <\/span><b>felhaszn\u00e1l\u00f3bar\u00e1t<\/b><span style=\"font-weight: 400;\"> kezelhet\u0151s\u00e9get a nyitott MSLA\/LCD \u00e9s DLP 3D nyomtat\u00f3kon (385-420 nm-es tartom\u00e1ny).<\/span><\/p>\n<h3><strong>Tulajdons\u00e1gok:<\/strong><\/h3>\n<ul>\n<li style=\"font-weight: 400;\" aria-level=\"1\"><span style=\"font-weight: 400;\">Alacsony szag<\/span><\/li>\n<li style=\"font-weight: 400;\" aria-level=\"1\"><span style=\"font-weight: 400;\">Gyors LCD nyomtat\u00e1s<\/span><\/li>\n<li style=\"font-weight: 400;\" aria-level=\"1\"><span style=\"font-weight: 400;\">Nagy pontoss\u00e1g \u00e9s m\u00e9retstabilit\u00e1s<\/span><\/li>\n<li style=\"font-weight: 400;\" aria-level=\"1\"><span style=\"font-weight: 400;\">Alacsony zsugorod\u00e1s<\/span><\/li>\n<li style=\"font-weight: 400;\" aria-level=\"1\"><span style=\"font-weight: 400;\">Nem bels\u0151 testre val\u00f3 alkalmaz\u00e1shoz<\/span><\/li>\n<\/ul>\n<p><img decoding=\"async\" class=\"alignnone size-medium wp-image-18468\" src=\"https:\/\/azurefilm.com\/wp-content\/uploads\/2023\/10\/Liqcreate_Premium_Model_Properties-Enhanced-SR.jpg\" alt=\"  Sz\u00e9less\u00e9g...\" height=\"400\" title=\"\"><\/p>\n","protected":false},"excerpt":{"rendered":"<p>A Liqcreate Premium Model Skin tone gyant\u00e1val (1000g) matt, \u00e1tl\u00e1tszatlan b\u0151rt\u00f3nus\u00fa, fog\u00e1szati modellekhez t\u00f6k\u00e9letes b\u0151rsz\u00ednt ut\u00e1nozhat.<\/p>\n","protected":false},"featured_media":59910,"comment_status":"closed","ping_status":"closed","template":"","meta":{"_acf_changed":false},"product_brand":[],"product_cat":[1686,2577,1688,2370],"product_tag":[],"brand":[],"class_list":{"0":"post-59909","1":"product","2":"type-product","3":"status-publish","4":"has-post-thumbnail","6":"product_cat-3d-filmek","7":"product_cat-fogaszati-gyanta","8":"product_cat-minden-film","9":"product_cat-resin-hu","10":"pa_colour-brown","11":"pa_resin-technology-dlp","12":"pa_resin-technology-lcd-msla","13":"pa_resin-type-dental","14":"pa_resin-weight-1000g","16":"first","17":"instock","18":"taxable","19":"shipping-taxable","20":"purchasable","21":"product-type-simple"},"acf":[],"_links":{"self":[{"href":"https:\/\/azurefilm.com\/hu\/wp-json\/wp\/v2\/product\/59909","targetHints":{"allow":["GET"]}}],"collection":[{"href":"https:\/\/azurefilm.com\/hu\/wp-json\/wp\/v2\/product"}],"about":[{"href":"https:\/\/azurefilm.com\/hu\/wp-json\/wp\/v2\/types\/product"}],"replies":[{"embeddable":true,"href":"https:\/\/azurefilm.com\/hu\/wp-json\/wp\/v2\/comments?post=59909"}],"wp:featuredmedia":[{"embeddable":true,"href":"https:\/\/azurefilm.com\/hu\/wp-json\/wp\/v2\/media\/59910"}],"wp:attachment":[{"href":"https:\/\/azurefilm.com\/hu\/wp-json\/wp\/v2\/media?parent=59909"}],"wp:term":[{"taxonomy":"product_brand","embeddable":true,"href":"https:\/\/azurefilm.com\/hu\/wp-json\/wp\/v2\/product_brand?post=59909"},{"taxonomy":"product_cat","embeddable":true,"href":"https:\/\/azurefilm.com\/hu\/wp-json\/wp\/v2\/product_cat?post=59909"},{"taxonomy":"product_tag","embeddable":true,"href":"https:\/\/azurefilm.com\/hu\/wp-json\/wp\/v2\/product_tag?post=59909"},{"taxonomy":"brand","embeddable":true,"href":"https:\/\/azurefilm.com\/hu\/wp-json\/wp\/v2\/brand?post=59909"}],"curies":[{"name":"wp","href":"https:\/\/api.w.org\/{rel}","templated":true}]}}