
{"id":59915,"date":"2023-10-29T14:39:30","date_gmt":"2023-10-29T14:39:30","guid":{"rendered":"https:\/\/azurefilm.com\/product\/3d-toll-10-es-csomag-rainbow-5m-darab\/"},"modified":"2025-08-22T11:25:13","modified_gmt":"2025-08-22T11:25:13","slug":"3d-toll-10-es-csomag-rainbow-5m-darab","status":"publish","type":"product","link":"https:\/\/azurefilm.com\/hu\/termek\/3d-toll-10-es-csomag-rainbow-5m-darab\/","title":{"rendered":"3D toll 10-es csomag Rainbow 5m darab"},"content":{"rendered":"<h2><b>PLA Eredeti 5m darab<\/b><\/h2>\n<p><span style=\"font-weight: 400;\">Bemutatjuk a PLA Original, a mi<\/span> <span style=\"font-weight: 400;\">filament term\u00e9kcsal\u00e1dunk, amely <\/span><b>megb\u00edzhat\u00f3 teljes\u00edtm\u00e9nyt<\/b><span style=\"font-weight: 400;\"> \u00e9s <\/span><b>sz\u00e9les sz\u00ednv\u00e1laszt\u00e9kot<\/b><span style=\"font-weight: 400;\"> lehet\u0151s\u00e9gek. Ez a kiad\u00e1s minden hagyom\u00e1nyos PLA tulajdons\u00e1ggal rendelkezik, \u00edgy a k\u00f6vetkez\u0151kkel rendelkezik <\/span><b>k\u00f6vetkezetes \u00e9s megb\u00edzhat\u00f3 eredm\u00e9nyek<\/b><span style=\"font-weight: 400;\">. PLA Original is <\/span><b>k\u00f6nnyen nyomtathat\u00f3<\/b><span style=\"font-weight: 400;\"> \u00e9s nagyszer\u0171 kezd\u0151knek. Ak\u00e1r dekor\u00e1ci\u00f3kon, protot\u00edpusokon vagy m\u00e1s modelleken dolgozik, a PLA Original a legjobb v\u00e1laszt\u00e1s a sikeres \u00e9s kiel\u00e9g\u00edt\u0151 nyomtat\u00e1si \u00e9lm\u00e9nyhez. <\/span><\/p>\n<h2><strong>3D toll 10-es csomag Rainbow 5m darab<\/strong><\/h2>\n<p>A 3D nyomtat\u00e1s m\u00e9g sosem volt ilyen sz\u00f3rakoztat\u00f3 \u00e9s k\u00f6nnyed, mint a Rainbow 10-es csomagban kaphat\u00f3 3D tollal. Engedje szabadj\u00e1ra kreativit\u00e1s\u00e1t, \u00e9s kezdjen el nyomtatni fekete, lila, k\u00e9k, sz\u00fcrke, z\u00f6ld, s\u00e1rga, narancss\u00e1rga, piros, r\u00f3zsasz\u00edn \u00e9s feh\u00e9r filamenttel.<\/p>\n<p><span style=\"font-weight: 400;\">Ha t\u00f6bbet szeretne megtudni a PLA sz\u00e1lakr\u00f3l, olvassa el a <\/span><a href=\"https:\/\/azurefilm.com\/hu\/2023\/07\/04\/pla-szalak-minden-amit-tudnia-kell\/\" target=\"_blank\" rel=\"noopener\"><strong>blogot.<\/strong><\/a><span style=\"font-weight: 400;\">. <\/span><\/p>\n<p><span style=\"font-weight: 400;\">Hozz\u00e1f\u00e9rhet a <\/span><b>M\u0171szaki adatlap<\/b><span style=\"font-weight: 400;\"><a href=\"https:\/\/azurefilm.com\/hu\/technical-data-sheets\/\" target=\"_blank\" rel=\"noopener\"><strong> itt<\/strong><\/a>.<\/span><\/p>\n<h3><strong>Nyomtat\u00e1si aj\u00e1nl\u00e1sok:<\/strong><\/h3>\n<ul>\n<li style=\"font-weight: 400;\" aria-level=\"1\"><span style=\"font-weight: 400;\">A legjobb eredm\u00e9ny \u00e9rdek\u00e9ben 200-230\u00b0C h\u0151m\u00e9rs\u00e9kleten nyomtasson.* <\/span><\/li>\n<li style=\"font-weight: 400;\" aria-level=\"1\"><span style=\"font-weight: 400;\">Nincs sz\u00fcks\u00e9g f\u0171t\u00f6tt \u00e1gyra, azonban javasoljuk, hogy a nyomtat\u00f3asztalt 50-60\u00b0C-ra meleg\u00edtse el\u0151.<\/span><\/li>\n<li style=\"font-weight: 400;\" aria-level=\"1\"><span style=\"font-weight: 400;\">Haszn\u00e1ljon \u00fcveg\u00e1gyat, PEI lapot, Kapton vagy k\u00e9k szalagot az \u00e9p\u00edt\u00e9si platformhoz 3Dlac spray-vel.<\/span><\/li>\n<\/ul>\n<p><i><span style=\"font-weight: 400;\">*A k\u00fcl\u00f6nb\u00f6z\u0151 nyomtat\u00f3k haszn\u00e1lata eset\u00e9n az ide\u00e1lis h\u0151m\u00e9rs\u00e9klet elt\u00e9r\u0151 lehet.<\/span><\/i><\/p>\n","protected":false},"excerpt":{"rendered":"<p>A 3D nyomtat\u00e1s m\u00e9g sosem volt ilyen sz\u00f3rakoztat\u00f3 \u00e9s k\u00f6nnyed, mint a Rainbow 10-es csomagban kaphat\u00f3 3D tollal. Engedje szabadj\u00e1ra kreativit\u00e1s\u00e1t, \u00e9s kezdjen el nyomtatni fekete, lila, k\u00e9k, sz\u00fcrke, z\u00f6ld, s\u00e1rga, narancss\u00e1rga, piros, r\u00f3zsasz\u00edn \u00e9s feh\u00e9r filamenttel.<\/p>\n","protected":false},"featured_media":59917,"comment_status":"closed","ping_status":"closed","template":"","meta":{"_acf_changed":false},"product_brand":[],"product_cat":[2410,1686,1679,1688,2181],"product_tag":[],"brand":[],"class_list":{"0":"post-59915","1":"product","2":"type-product","3":"status-publish","4":"has-post-thumbnail","6":"product_cat-3d-pen-szalak","7":"product_cat-3d-filmek","8":"product_cat-elado","9":"product_cat-minden-film","10":"product_cat-packs-hu","12":"first","13":"outofstock","14":"sale","15":"taxable","16":"shipping-taxable","17":"purchasable","18":"product-type-simple"},"acf":[],"_links":{"self":[{"href":"https:\/\/azurefilm.com\/hu\/wp-json\/wp\/v2\/product\/59915","targetHints":{"allow":["GET"]}}],"collection":[{"href":"https:\/\/azurefilm.com\/hu\/wp-json\/wp\/v2\/product"}],"about":[{"href":"https:\/\/azurefilm.com\/hu\/wp-json\/wp\/v2\/types\/product"}],"replies":[{"embeddable":true,"href":"https:\/\/azurefilm.com\/hu\/wp-json\/wp\/v2\/comments?post=59915"}],"wp:featuredmedia":[{"embeddable":true,"href":"https:\/\/azurefilm.com\/hu\/wp-json\/wp\/v2\/media\/59917"}],"wp:attachment":[{"href":"https:\/\/azurefilm.com\/hu\/wp-json\/wp\/v2\/media?parent=59915"}],"wp:term":[{"taxonomy":"product_brand","embeddable":true,"href":"https:\/\/azurefilm.com\/hu\/wp-json\/wp\/v2\/product_brand?post=59915"},{"taxonomy":"product_cat","embeddable":true,"href":"https:\/\/azurefilm.com\/hu\/wp-json\/wp\/v2\/product_cat?post=59915"},{"taxonomy":"product_tag","embeddable":true,"href":"https:\/\/azurefilm.com\/hu\/wp-json\/wp\/v2\/product_tag?post=59915"},{"taxonomy":"brand","embeddable":true,"href":"https:\/\/azurefilm.com\/hu\/wp-json\/wp\/v2\/brand?post=59915"}],"curies":[{"name":"wp","href":"https:\/\/api.w.org\/{rel}","templated":true}]}}